{"id":103,"date":"2022-09-14T09:15:03","date_gmt":"2022-09-14T09:15:03","guid":{"rendered":"https:\/\/decubal.com\/is\/?post_type=product&#038;p=103"},"modified":"2025-08-15T10:39:24","modified_gmt":"2025-08-15T10:39:24","slug":"decubal-junior-cream","status":"publish","type":"product","link":"https:\/\/decubal.com\/is\/voru\/decubal-junior-cream\/","title":{"rendered":"Decubal junior cream"},"content":{"rendered":"\n<div class=\"wp-block-karopharma-accordions is-style-secondary\"><div class=\"container\">\n<details class=\"wp-block-karopharma-accordion\"><summary><h2 class=\"accordion-title\">Notkun<\/h2><\/summary><div class=\"accordion-content\">\n<ul class=\"is-style-icon wp-block-list\"><li>Hentar til daglegrar notkunar<\/li><li>Fyrirbyggjandi me\u00f0fer\u00f0 gegn \u00feurrki<\/li><li>M\u00e1 nota \u00e1 allan l\u00edkamann, l\u00edka andliti\u00f0<\/li><li>M\u00e1 nota t.d \u00e1 bleyjusv\u00e6\u00f0i, hendur og f\u00e6tur<\/li><\/ul>\n<\/div><\/details>\n\n\n\n<details class=\"wp-block-karopharma-accordion\"><summary><h2 class=\"accordion-title\">Innihaldsefni<\/h2><\/summary><div class=\"accordion-content\">\n<figure class=\"wp-block-table\"><table><tbody><tr><td><strong>Innihaldsefni<\/strong><\/td><\/tr><tr><td>Aqua<\/td><\/tr><tr><td>Petrolatum<\/td><\/tr><tr><td>Paraffinum Liquidum<\/td><\/tr><tr><td>Glycerin<\/td><\/tr><tr><td>Pentylene Glycol<\/td><\/tr><tr><td>Cetearyl Alcohol<\/td><\/tr><tr><td>Methyl Glucose Sesquistearate<\/td><\/tr><tr><td>PEG-20 Methyl Glucose Sesquistearate<\/td><\/tr><tr><td>Tocopherol<\/td><\/tr><tr><td>Ethylhexylglycerin<\/td><\/tr><tr><td>Acrylates\/C10-30 Alkyl Acrylate Crosspolymer<\/td><\/tr><tr><td>Sodium Gluconate<\/td><\/tr><tr><td>Sodium Hydroxide<\/td><\/tr><tr><td>Citric Acid<\/td><\/tr><\/tbody><\/table><\/figure>\n<\/div><\/details>\n<\/div><\/div>\n","protected":false},"excerpt":{"rendered":"<p>Alhli\u00f0a krem sem n\u00e6rir og verndar h\u00fa\u00f0 barna \u00e1 \u00f6llum aldri<\/p>\n","protected":false},"featured_media":104,"comment_status":"closed","ping_status":"closed","template":"","meta":{"_acf_changed":false,"footnotes":""},"product_brand":[],"product_cat":[20],"product_tag":[],"class_list":{"0":"post-103","1":"product","2":"type-product","3":"status-publish","4":"has-post-thumbnail","6":"product_cat-yngri","8":"first","9":"instock","10":"shipping-taxable","11":"product-type-simple"},"acf":[],"yoast_head":"<!-- This site is optimized with the Yoast SEO plugin v26.6 - https:\/\/yoast.com\/wordpress\/plugins\/seo\/ -->\n<title>Decubal junior cream - Decubal<\/title>\n<meta name=\"description\" content=\"Kremi\u00f0 vi\u00f0heldur raka h\u00fa\u00f0arinnar, m\u00fdkir hana og verndar og hj\u00e1lpar til a\u00f0 vi\u00f0halda varnarhj\u00fapi h\u00fa\u00f0arinnar heilbrig\u00f0um \u00e1samt \u00fev\u00ed a\u00f0 fyrirbyggja frekari \u00feurrk.\" \/>\n<meta name=\"robots\" content=\"index, follow, max-snippet:-1, max-image-preview:large, max-video-preview:-1\" \/>\n<link rel=\"canonical\" href=\"https:\/\/decubal.com\/is\/voru\/decubal-junior-cream\/\" \/>\n<meta property=\"og:locale\" content=\"is_IS\" \/>\n<meta property=\"og:type\" content=\"article\" \/>\n<meta property=\"og:title\" content=\"Decubal junior cream - Decubal\" \/>\n<meta property=\"og:description\" content=\"Kremi\u00f0 vi\u00f0heldur raka h\u00fa\u00f0arinnar, m\u00fdkir hana og verndar og hj\u00e1lpar til a\u00f0 vi\u00f0halda varnarhj\u00fapi h\u00fa\u00f0arinnar heilbrig\u00f0um \u00e1samt \u00fev\u00ed a\u00f0 fyrirbyggja frekari \u00feurrk.\" \/>\n<meta property=\"og:url\" content=\"https:\/\/decubal.com\/is\/voru\/decubal-junior-cream\/\" \/>\n<meta property=\"og:site_name\" content=\"Decubal\" \/>\n<meta property=\"article:modified_time\" content=\"2025-08-15T10:39:24+00:00\" \/>\n<meta property=\"og:image\" content=\"https:\/\/decubal.com\/app\/uploads\/sites\/6\/2022\/09\/decubal-junior-cream.png\" \/>\n\t<meta property=\"og:image:width\" content=\"600\" \/>\n\t<meta property=\"og:image:height\" content=\"600\" \/>\n\t<meta property=\"og:image:type\" content=\"image\/png\" \/>\n<meta name=\"twitter:card\" content=\"summary_large_image\" \/>\n<meta name=\"twitter:label1\" content=\"Est. reading time\" \/>\n\t<meta name=\"twitter:data1\" content=\"1 minute\" \/>\n<script type=\"application\/ld+json\" class=\"yoast-schema-graph\">{\"@context\":\"https:\/\/schema.org\",\"@graph\":[{\"@type\":\"WebPage\",\"@id\":\"https:\/\/decubal.com\/is\/voru\/decubal-junior-cream\/\",\"url\":\"https:\/\/decubal.com\/is\/voru\/decubal-junior-cream\/\",\"name\":\"Decubal junior cream - Decubal\",\"isPartOf\":{\"@id\":\"https:\/\/decubal.com\/is\/#website\"},\"primaryImageOfPage\":{\"@id\":\"https:\/\/decubal.com\/is\/voru\/decubal-junior-cream\/#primaryimage\"},\"image\":{\"@id\":\"https:\/\/decubal.com\/is\/voru\/decubal-junior-cream\/#primaryimage\"},\"thumbnailUrl\":\"https:\/\/decubal.com\/app\/uploads\/sites\/6\/2022\/09\/decubal-junior-cream.png\",\"datePublished\":\"2022-09-14T09:15:03+00:00\",\"dateModified\":\"2025-08-15T10:39:24+00:00\",\"description\":\"Kremi\u00f0 vi\u00f0heldur raka h\u00fa\u00f0arinnar, m\u00fdkir hana og verndar og hj\u00e1lpar til a\u00f0 vi\u00f0halda varnarhj\u00fapi h\u00fa\u00f0arinnar heilbrig\u00f0um \u00e1samt \u00fev\u00ed a\u00f0 fyrirbyggja frekari \u00feurrk.\",\"breadcrumb\":{\"@id\":\"https:\/\/decubal.com\/is\/voru\/decubal-junior-cream\/#breadcrumb\"},\"inLanguage\":\"is\",\"potentialAction\":[{\"@type\":\"ReadAction\",\"target\":[\"https:\/\/decubal.com\/is\/voru\/decubal-junior-cream\/\"]}]},{\"@type\":\"ImageObject\",\"inLanguage\":\"is\",\"@id\":\"https:\/\/decubal.com\/is\/voru\/decubal-junior-cream\/#primaryimage\",\"url\":\"https:\/\/decubal.com\/app\/uploads\/sites\/6\/2022\/09\/decubal-junior-cream.png\",\"contentUrl\":\"https:\/\/decubal.com\/app\/uploads\/sites\/6\/2022\/09\/decubal-junior-cream.png\",\"width\":600,\"height\":600,\"caption\":\"decubal-junior-cream\"},{\"@type\":\"BreadcrumbList\",\"@id\":\"https:\/\/decubal.com\/is\/voru\/decubal-junior-cream\/#breadcrumb\",\"itemListElement\":[{\"@type\":\"ListItem\",\"position\":1,\"name\":\"Home\",\"item\":\"https:\/\/decubal.com\/is\/\"},{\"@type\":\"ListItem\",\"position\":2,\"name\":\"V\u00f6rur\",\"item\":\"https:\/\/decubal.com\/is\/vorur\/\"},{\"@type\":\"ListItem\",\"position\":3,\"name\":\"Decubal junior cream\"}]},{\"@type\":\"WebSite\",\"@id\":\"https:\/\/decubal.com\/is\/#website\",\"url\":\"https:\/\/decubal.com\/is\/\",\"name\":\"Decubal\",\"description\":\"\",\"publisher\":{\"@id\":\"https:\/\/decubal.com\/is\/#organization\"},\"potentialAction\":[{\"@type\":\"SearchAction\",\"target\":{\"@type\":\"EntryPoint\",\"urlTemplate\":\"https:\/\/decubal.com\/is\/?s={search_term_string}\"},\"query-input\":{\"@type\":\"PropertyValueSpecification\",\"valueRequired\":true,\"valueName\":\"search_term_string\"}}],\"inLanguage\":\"is\"},{\"@type\":\"Organization\",\"@id\":\"https:\/\/decubal.com\/is\/#organization\",\"name\":\"Decubal\",\"url\":\"https:\/\/decubal.com\/is\/\",\"logo\":{\"@type\":\"ImageObject\",\"inLanguage\":\"is\",\"@id\":\"https:\/\/decubal.com\/is\/#\/schema\/logo\/image\/\",\"url\":\"https:\/\/decubal.com\/app\/uploads\/sites\/6\/2022\/09\/Decubal-logo.png\",\"contentUrl\":\"https:\/\/decubal.com\/app\/uploads\/sites\/6\/2022\/09\/Decubal-logo.png\",\"width\":138,\"height\":40,\"caption\":\"Decubal\"},\"image\":{\"@id\":\"https:\/\/decubal.com\/is\/#\/schema\/logo\/image\/\"}}]}<\/script>\n<!-- \/ Yoast SEO plugin. -->","yoast_head_json":{"title":"Decubal junior cream - Decubal","description":"Kremi\u00f0 vi\u00f0heldur raka h\u00fa\u00f0arinnar, m\u00fdkir hana og verndar og hj\u00e1lpar til a\u00f0 vi\u00f0halda varnarhj\u00fapi h\u00fa\u00f0arinnar heilbrig\u00f0um \u00e1samt \u00fev\u00ed a\u00f0 fyrirbyggja frekari \u00feurrk.","robots":{"index":"index","follow":"follow","max-snippet":"max-snippet:-1","max-image-preview":"max-image-preview:large","max-video-preview":"max-video-preview:-1"},"canonical":"https:\/\/decubal.com\/is\/voru\/decubal-junior-cream\/","og_locale":"is_IS","og_type":"article","og_title":"Decubal junior cream - Decubal","og_description":"Kremi\u00f0 vi\u00f0heldur raka h\u00fa\u00f0arinnar, m\u00fdkir hana og verndar og hj\u00e1lpar til a\u00f0 vi\u00f0halda varnarhj\u00fapi h\u00fa\u00f0arinnar heilbrig\u00f0um \u00e1samt \u00fev\u00ed a\u00f0 fyrirbyggja frekari \u00feurrk.","og_url":"https:\/\/decubal.com\/is\/voru\/decubal-junior-cream\/","og_site_name":"Decubal","article_modified_time":"2025-08-15T10:39:24+00:00","og_image":[{"width":600,"height":600,"url":"https:\/\/decubal.com\/app\/uploads\/sites\/6\/2022\/09\/decubal-junior-cream.png","type":"image\/png"}],"twitter_card":"summary_large_image","twitter_misc":{"Est. reading time":"1 minute"},"schema":{"@context":"https:\/\/schema.org","@graph":[{"@type":"WebPage","@id":"https:\/\/decubal.com\/is\/voru\/decubal-junior-cream\/","url":"https:\/\/decubal.com\/is\/voru\/decubal-junior-cream\/","name":"Decubal junior cream - Decubal","isPartOf":{"@id":"https:\/\/decubal.com\/is\/#website"},"primaryImageOfPage":{"@id":"https:\/\/decubal.com\/is\/voru\/decubal-junior-cream\/#primaryimage"},"image":{"@id":"https:\/\/decubal.com\/is\/voru\/decubal-junior-cream\/#primaryimage"},"thumbnailUrl":"https:\/\/decubal.com\/app\/uploads\/sites\/6\/2022\/09\/decubal-junior-cream.png","datePublished":"2022-09-14T09:15:03+00:00","dateModified":"2025-08-15T10:39:24+00:00","description":"Kremi\u00f0 vi\u00f0heldur raka h\u00fa\u00f0arinnar, m\u00fdkir hana og verndar og hj\u00e1lpar til a\u00f0 vi\u00f0halda varnarhj\u00fapi h\u00fa\u00f0arinnar heilbrig\u00f0um \u00e1samt \u00fev\u00ed a\u00f0 fyrirbyggja frekari \u00feurrk.","breadcrumb":{"@id":"https:\/\/decubal.com\/is\/voru\/decubal-junior-cream\/#breadcrumb"},"inLanguage":"is","potentialAction":[{"@type":"ReadAction","target":["https:\/\/decubal.com\/is\/voru\/decubal-junior-cream\/"]}]},{"@type":"ImageObject","inLanguage":"is","@id":"https:\/\/decubal.com\/is\/voru\/decubal-junior-cream\/#primaryimage","url":"https:\/\/decubal.com\/app\/uploads\/sites\/6\/2022\/09\/decubal-junior-cream.png","contentUrl":"https:\/\/decubal.com\/app\/uploads\/sites\/6\/2022\/09\/decubal-junior-cream.png","width":600,"height":600,"caption":"decubal-junior-cream"},{"@type":"BreadcrumbList","@id":"https:\/\/decubal.com\/is\/voru\/decubal-junior-cream\/#breadcrumb","itemListElement":[{"@type":"ListItem","position":1,"name":"Home","item":"https:\/\/decubal.com\/is\/"},{"@type":"ListItem","position":2,"name":"V\u00f6rur","item":"https:\/\/decubal.com\/is\/vorur\/"},{"@type":"ListItem","position":3,"name":"Decubal junior cream"}]},{"@type":"WebSite","@id":"https:\/\/decubal.com\/is\/#website","url":"https:\/\/decubal.com\/is\/","name":"Decubal","description":"","publisher":{"@id":"https:\/\/decubal.com\/is\/#organization"},"potentialAction":[{"@type":"SearchAction","target":{"@type":"EntryPoint","urlTemplate":"https:\/\/decubal.com\/is\/?s={search_term_string}"},"query-input":{"@type":"PropertyValueSpecification","valueRequired":true,"valueName":"search_term_string"}}],"inLanguage":"is"},{"@type":"Organization","@id":"https:\/\/decubal.com\/is\/#organization","name":"Decubal","url":"https:\/\/decubal.com\/is\/","logo":{"@type":"ImageObject","inLanguage":"is","@id":"https:\/\/decubal.com\/is\/#\/schema\/logo\/image\/","url":"https:\/\/decubal.com\/app\/uploads\/sites\/6\/2022\/09\/Decubal-logo.png","contentUrl":"https:\/\/decubal.com\/app\/uploads\/sites\/6\/2022\/09\/Decubal-logo.png","width":138,"height":40,"caption":"Decubal"},"image":{"@id":"https:\/\/decubal.com\/is\/#\/schema\/logo\/image\/"}}]}},"_links":{"self":[{"href":"https:\/\/decubal.com\/is\/wp-json\/wp\/v2\/product\/103","targetHints":{"allow":["GET"]}}],"collection":[{"href":"https:\/\/decubal.com\/is\/wp-json\/wp\/v2\/product"}],"about":[{"href":"https:\/\/decubal.com\/is\/wp-json\/wp\/v2\/types\/product"}],"replies":[{"embeddable":true,"href":"https:\/\/decubal.com\/is\/wp-json\/wp\/v2\/comments?post=103"}],"version-history":[{"count":10,"href":"https:\/\/decubal.com\/is\/wp-json\/wp\/v2\/product\/103\/revisions"}],"predecessor-version":[{"id":595,"href":"https:\/\/decubal.com\/is\/wp-json\/wp\/v2\/product\/103\/revisions\/595"}],"wp:featuredmedia":[{"embeddable":true,"href":"https:\/\/decubal.com\/is\/wp-json\/wp\/v2\/media\/104"}],"wp:attachment":[{"href":"https:\/\/decubal.com\/is\/wp-json\/wp\/v2\/media?parent=103"}],"wp:term":[{"taxonomy":"product_brand","embeddable":true,"href":"https:\/\/decubal.com\/is\/wp-json\/wp\/v2\/product_brand?post=103"},{"taxonomy":"product_cat","embeddable":true,"href":"https:\/\/decubal.com\/is\/wp-json\/wp\/v2\/product_cat?post=103"},{"taxonomy":"product_tag","embeddable":true,"href":"https:\/\/decubal.com\/is\/wp-json\/wp\/v2\/product_tag?post=103"}],"curies":[{"name":"wp","href":"https:\/\/api.w.org\/{rel}","templated":true}]}}