{"id":63,"date":"2022-09-14T08:03:14","date_gmt":"2022-09-14T08:03:14","guid":{"rendered":"https:\/\/decubal.com\/is\/?page_id=63"},"modified":"2022-12-07T14:47:00","modified_gmt":"2022-12-07T14:47:00","slug":"faq","status":"publish","type":"page","link":"https:\/\/decubal.com\/is\/faq\/","title":{"rendered":"FAQ"},"content":{"rendered":"\n<div class=\"wp-block-karopharma-background-image-with-text-v2 background-image-with-text-v2 undefined content-position-center fixed-height-layout\" datatest=\"root\"><div class=\"background-image-with-text-wrapper\"><picture class=\"background-image-with-text-image\"><source media=\"(max-width: 560px)\" srcset=\"https:\/\/decubal.com\/cdn-cgi\/image\/format=auto,width=560\/app\/uploads\/sites\/6\/2022\/09\/Faq-Desktop.png\"\/><source media=\"(max-width: 800px)\" srcset=\"https:\/\/decubal.com\/cdn-cgi\/image\/format=auto,width=800\/app\/uploads\/sites\/6\/2022\/09\/Faq-Desktop.png\"\/><source media=\"(max-width: 1920px)\" srcset=\"https:\/\/decubal.com\/cdn-cgi\/image\/format=auto,width=1920\/app\/uploads\/sites\/6\/2022\/09\/Faq-Desktop.png\"\/><img decoding=\"async\" width=\"2880\" height=\"1120\" datatest=\"background-image\" loading=\"lazy\" class=\"object-center object-cover\" src=\"https:\/\/decubal.com\/cdn-cgi\/image\/format=auto\/app\/uploads\/sites\/6\/2022\/09\/Faq-Desktop.png\" alt=\"Background image\"\/><\/picture><div datatest=\"content-wrapper\" class=\"background-image-with-text-content-wrapper container max-w-large text-alignment-left  pt-large pb-large\"><div class=\"content\"><h1 datatest=\"heading\" class=\"\">FAQ<\/h1>\n<div class=\"wp-block-buttons is-layout-flex wp-block-buttons-is-layout-flex\"><\/div>\n<\/div><\/div><\/div><\/div>\n\n\n\n<div class=\"wp-block-karopharma-free-text md:pt-20 lg:pt-32 md:pb-20 lg:pb-32 bg-center bg-contain bg-no-repeat\" style=\"background-image:url()\"><div class=\"free-text-wrapper container max-w-medium text-center\">\n<h5 class=\"is-style-heading-h3 wp-block-heading\">S\u00e9rfr\u00e6\u00f0i\u00feekking<\/h5>\n\n\n\n<h2 class=\"is-style-heading-h2 wp-block-heading\">Algengustu spurningar okkar og sv\u00f6r<\/h2>\n<\/div><\/div>\n\n\n\n<div class=\"wp-block-karopharma-accordions\"><div class=\"container\">\n<details class=\"wp-block-karopharma-accordion\"><summary><h2 class=\"accordion-title\">Exem<\/h2><\/summary><div class=\"accordion-content\">\n<p>Exem er algengt hugtak yfir nokkra h\u00fa\u00f0sj\u00fakd\u00f3ma. Til d\u00e6mis getur \u00fea\u00f0 veri\u00f0 ro\u00f0i, \u00feroti, \u00feurrkur, kl\u00e1\u00f0i, fl\u00f6gnun og bl\u00f6\u00f0rur. Exem \u00fe\u00fd\u00f0ir a\u00f0 h\u00fa\u00f0in er b\u00f3lgin. H\u00fa\u00f0in er oft einnig \u00feurr og vi\u00f0kv\u00e6m og hefur \u00fev\u00ed skerta getu til a\u00f0 verja sig fyrir utana\u00f0komandi \u00e1hrifum eins og s\u00fdkingum. Manni getur kl\u00e6ja\u00f0 oft vi\u00f0 exemi\u00f0, en ef \u00fe\u00fa kl\u00f3rar \u00fe\u00e9r dreifist b\u00f3lgan og \u00fatbrotin geta versna\u00f0.<\/p>\n\n\n\n<p><strong>Dagleg h\u00fa\u00f0umhir\u00f0a l\u00e9ttir.<\/strong><\/p>\n\n\n\n<p>Dagleg h\u00fa\u00f0umhir\u00f0a er mikilv\u00e6g til a\u00f0 veita h\u00fa\u00f0inni v\u00f6rn gegn utana\u00f0komandi \u00e1hrifum. Nota\u00f0u krem me\u00f0 fitur\u00edku innihaldi og \u00e1n ilmefna. Stundum getur veri\u00f0 nau\u00f0synlegt a\u00f0 me\u00f0h\u00f6ndla me\u00f0 l\u00e6knisfr\u00e6\u00f0ilegum kremum sem \u00fe\u00fa f\u00e6r\u00f0 eftir samkomulagi vi\u00f0 l\u00e6kninn \u00feinn e\u00f0a h\u00fa\u00f0sj\u00fakd\u00f3mal\u00e6kni.<\/p>\n\n\n\n<p>Hugsa\u00f0u l\u00edka um hversu oft \u00fe\u00fa \u00fev\u00e6r \u00feig \u2013 s\u00e1pa og vatn \u00feurrka l\u00edka h\u00fa\u00f0ina. Ef nau\u00f0syn krefur skaltu skipta s\u00e1punni \u00fat fyrir \u00fevottaol\u00edu, svo sem Decubal Shower &amp;Bath Oil.<\/p>\n<\/div><\/details>\n\n\n\n<details class=\"wp-block-karopharma-accordion\"><summary><h2 class=\"accordion-title\">Dagleg h\u00fa\u00f0umhir\u00f0a lettir<\/h2><\/summary><div class=\"accordion-content\">\n<p>Dagleg h\u00fa\u00f0umhir\u00f0a er mikilv\u00e6g til a\u00f0 veita h\u00fa\u00f0inni v\u00f6rn gegn utana\u00f0komandi \u00e1hrifum. Nota\u00f0u krem sem eru fitur\u00edk og \u00e1n ilmefna.<\/p>\n\n\n\n<p>Stundum getur veri\u00f0 nau\u00f0synlegt a\u00f0 me\u00f0h\u00f6ndla h\u00fa\u00f0ina me\u00f0 kremum sem \u00fe\u00fa f\u00e6r\u00f0 \u00ed samr\u00e1\u00f0i vi\u00f0 l\u00e6kni e\u00f0a h\u00fa\u00f0sj\u00fakd\u00f3mal\u00e6kni.<\/p>\n\n\n\n<p>Husag\u00f0u l\u00edka um hversu oft \u00fe\u00fa \u00fev\u00e6r\u00f0 \u00fe\u00e9r &#8211; s\u00e1pa og vatn geta \u00feurrka\u00f0 upp h\u00fa\u00f0ina. Ef nau\u00f0syn krefur skaltu skipta \u00fat s\u00e1punni fyrir sturtuol\u00edu eins og Decubal shower &amp; bath oil.<\/p>\n<\/div><\/details>\n\n\n\n<details class=\"wp-block-karopharma-accordion\"><summary><h2 class=\"accordion-title\">Ertingarexem<\/h2><\/summary><div class=\"accordion-content\">\n<p>Ef h\u00fa\u00f0in kemst oft \u00ed snertingu vi\u00f0 ertandi efni eins og sterk hreinsiefni e\u00f0a ef \u00fe\u00fa \u00fev\u00e6r\u00f0 \u00fe\u00e9r oft me\u00f0 s\u00e1pu og vatni getur h\u00fan brug\u00f0ist vi\u00f0 me\u00f0 \u00fev\u00ed a\u00f0 ver\u00f0a \u00feurr og sprungin. N\u00e1tt\u00faruleg v\u00f6rn h\u00fa\u00f0arinnar er brotin ni\u00f0ur og snertih\u00fa\u00f0b\u00f3lga sem ekki er ofn\u00e6missj\u00fakd\u00f3mur getur komi\u00f0 fram &#8211; einnig kalla\u00f0 ertingarexem. Hj\u00e1 b\u00f6rnum og ungmennum sem stunda \u00ed\u00fer\u00f3ttir er snertih\u00fa\u00f0b\u00f3lga venjulega undir hl\u00edf\u00f0arb\u00fana\u00f0i eins og legghl\u00edfum \u00ed \u00edshokk\u00ed og f\u00f3tbolta.<\/p>\n<\/div><\/details>\n\n\n\n<details class=\"wp-block-karopharma-accordion\"><summary><h2 class=\"accordion-title\">Ofn\u00e6mistengd snertih\u00fa\u00f0b\u00f3lga<\/h2><\/summary><div class=\"accordion-content\">\n<p>Ef h\u00fa\u00f0in ver\u00f0ur fyrir ofn\u00e6misvaldandi efni svo sem ilmefnum e\u00f0a nikkel geta ofn\u00e6misvi\u00f0br\u00f6g\u00f0 komi\u00f0 fram fr\u00e1 ofn\u00e6miskerfi l\u00edkamans. Oft ver\u00f0ur \u00f6ll h\u00fa\u00f0in undir \u00e1hrifum fr\u00e1 ofn\u00e6minu &#8211; ekki bara sv\u00e6\u00f0i\u00f0 \u00fear sem \u00fatbrotin komu fyrst fram. Ef \u00fe\u00fa hefur einu sinni fengi\u00f0 ofn\u00e6misvi\u00f0br\u00f6g\u00f0 vi\u00f0 \u00e1kve\u00f0nu efni getur \u00fe\u00fa fengi\u00f0 endurteki\u00f0 ofn\u00e6mi fyrir sama efni jafnvegl \u00fe\u00f3tt \u00fe\u00fa s\u00e9rt a\u00f0eins \u00ed snertingu vi\u00f0 efni\u00f0 \u00ed stuttan t\u00edma.<\/p>\n\n\n\n<p>Snertih\u00fa\u00f0b\u00f3lga kemur yfirleitt fram sem ro\u00f0i, kl\u00e1\u00f0i, hn\u00fa\u00f0ar og litlar bl\u00f6\u00f0rur og getur \u00fer\u00f3ast \u00ed s\u00e1r.<\/p>\n<\/div><\/details>\n\n\n\n<details class=\"wp-block-karopharma-accordion\"><summary><h2 class=\"accordion-title\">\u00c1fer\u00f0 og virkni h\u00fa\u00f0ar<\/h2><\/summary><div class=\"accordion-content\">\n<p>\u00dea\u00f0 er ekki eitthva\u00f0 sem vi\u00f0 hugsum um daglega en h\u00fa\u00f0in er lifandi, virkt l\u00edff\u00e6ri. \u00cd raun er h\u00fa\u00f0in st\u00e6rsta l\u00edff\u00e6ri\u00f0 og vegur um 3 kg hj\u00e1 fullor\u00f0num einstaklingi og yfirbor\u00f0 hennar eru u.\u00fe.b. 2 m<sup>2<\/sup>.<\/p>\n\n\n\n<p>H\u00fa\u00f0in hefur \u00fdmsan tilgang. H\u00fa\u00f0in verndar l\u00edkama okkar fyrir \u00e1hrifum \u00f6rvera, efna, \u00fer\u00fdstings og jafnvel gegn vatni og s\u00e1pu.<\/p>\n\n\n\n<p>H\u00fa\u00f0in samanstendur af nokkrum l\u00f6gum:<\/p>\n\n\n\n<ol class=\"is-style-icon wp-block-list\"><li>Yfirh\u00fa\u00f0\/Hornlag (epidermis)<\/li><li>Le\u00f0urh\u00fa\u00f0in (dermis)<\/li><li>Undirh\u00fa\u00f0in (subcutis)<\/li><\/ol>\n<\/div><\/details>\n\n\n\n<details class=\"wp-block-karopharma-accordion\"><summary><h2 class=\"accordion-title\">Venjuleg h\u00fa\u00f0 \/ \u00deurr h\u00fa\u00f0<\/h2><\/summary><div class=\"accordion-content\">\n<p><strong>Venjuleg h\u00fa\u00f0<\/strong><\/p>\n\n\n\n<p>Ysta lag h\u00fa\u00f0arinnar (hornlag) samanstendur af kerat\u00edneru\u00f0um, dau\u00f0um h\u00fa\u00f0frumum. H\u00fa\u00f0frumurnar eru bundnar saman af h\u00fa\u00f0fitu. \u00deannig heldur hornlagi\u00f0 raka \u00ed h\u00fa\u00f0inni og gefur h\u00fa\u00f0inni varnarlag sem verndar gegn utana\u00f0komandi \u00e1hrifum eins og \u00f6rverum, vatni og s\u00e1pu.<\/p>\n\n\n\n<p><strong>\u00deurr h\u00fa\u00f0<\/strong><\/p>\n\n\n\n<p>Ef h\u00fa\u00f0fitan hverfur t.d vegna s\u00e1pu e\u00f0a hreinsiefna, getur vatni\u00f0 gufa\u00f0 upp \u00far h\u00fa\u00f0inni &#8211; h\u00fa\u00f0v\u00f6rnin skemmist \u2013 sem lei\u00f0ir til \u00feurrks \u00ed h\u00fa\u00f0inni.<\/p>\n\n\n\n<p>Ef h\u00fa\u00f0v\u00f6rnin er skemmd geta utana\u00f0komandi efni \u00e1tt au\u00f0veldara me\u00f0 a\u00f0 komast beint inn \u00ed h\u00fa\u00f0ina sem getur leitt til b\u00f3lgu e\u00f0a ofn\u00e6mis.<\/p>\n\n\n\n<p><strong>Hvernig l\u00edtur \u00feurr h\u00fa\u00f0 \u00fat?<\/strong><\/p>\n\n\n\n<p>Kl\u00e1\u00f0i, sprungur og s\u00e1r geta valdi\u00f0 \u00f3\u00fe\u00e6gilegum einkennum h\u00fa\u00f0\u00feurrks.<\/p>\n\n\n\n<p>Flestir upplifa a\u00f0 h\u00fa\u00f0in ver\u00f0ur \u00feurrari \u00e1 veturna, s\u00e9rstaklega \u00e1 andliti og h\u00f6ndum \u00fear sem kuldi og vindur \u00feurrka h\u00fa\u00f0ina.<\/p>\n<\/div><\/details>\n\n\n\n<details class=\"wp-block-karopharma-accordion\"><summary><h2 class=\"accordion-title\">Um \u00feurra h\u00fa\u00f0<\/h2><\/summary><div class=\"accordion-content\">\n<p>R\u00e9tt eins og h\u00fas byggt \u00far m\u00farsteinum me\u00f0 steypubl\u00f6ndu \u00e1 milli samanstendur yfirbor\u00f0 h\u00fa\u00f0arinnar af hornfrumum. Milli \u00feessara frumna er fita, svok\u00f6llu\u00f0 l\u00edp\u00ed\u00f0. \u00cd heilbrig\u00f0ri h\u00fa\u00f0 binda fituefnin rakann \u00ed h\u00fa\u00f0inni og skapa verndandi fyrirst\u00f6\u00f0u sem kemur \u00ed veg fyrir a\u00f0 vatni\u00f0 gufi upp.<\/p>\n\n\n\n<p><strong>\u00deurra h\u00fa\u00f0 skortir vatn<\/strong><\/p>\n\n\n\n<p>R\u00e9tt eins og h\u00fas byggt \u00far m\u00farsteinum me\u00f0 steypubl\u00f6ndu \u00e1 milli samanstendur yfirbor\u00f0 h\u00fa\u00f0arinnar af hornfrumum. Milli \u00feessara frumna eru fita, svok\u00f6llu\u00f0 l\u00edp\u00ed\u00f0. \u00cd heilbrig\u00f0ri h\u00fa\u00f0 binda fituefni rakann \u00ed h\u00fa\u00f0inni og skapa verndandi fyrirst\u00f6\u00f0u sem kemur \u00ed veg fyrir a\u00f0 vatni\u00f0 gufi upp.<\/p>\n\n\n\n<p>\u00cd \u00feurri h\u00fa\u00f0 er of l\u00edti\u00f0 af \u00feessari \u201csteypubl\u00f6ndu\u201d\u00a0 sem gerir \u00fea\u00f0 a\u00f0 verkum a\u00f0 h\u00fan getur ekki bundi\u00f0 raka og vatn. Vatni\u00f0 gufar upp of h\u00fa\u00f0in ver\u00f0ur \u00feurr. \u00dev\u00ed eldri sem \u00fe\u00fa ver\u00f0ur \u00fev\u00ed algengara ver\u00f0ur vandam\u00e1li\u00f0. Geta h\u00fa\u00f0arinnar ti a\u00f0 binda raka minnkar me\u00f0 aldrinum.<\/p>\n\n\n\n<figure class=\"wp-block-image size-full\"><img loading=\"lazy\" decoding=\"async\" width=\"300\" height=\"111\" src=\"https:\/\/decubal.com\/app\/uploads\/sites\/6\/2022\/09\/IS.png\" alt=\"\" class=\"wp-image-65\"\/><\/figure>\n\n\n\n<p><strong>\u00c1hrif fr\u00e1 l\u00edfsst\u00edl og loftslagi<\/strong><\/p>\n\n\n\n<p>Genin \u00fe\u00edn og l\u00edfst\u00edllinn eru mikilv\u00e6gustu \u00fe\u00e6ttirnir \u00feegar kemur a\u00f0 h\u00fa\u00f0inni. Ytri \u00fe\u00e6ttir eins og streita, mengun, sterk s\u00f3l, reykingar og l\u00e9legt matar\u00e6\u00f0i skipta m\u00e1li. \u00c1rst\u00edminn er einnig \u00fe\u00fd\u00f0ingarmikill \u00fe\u00e1ttur. \u00c1 haustin og veturna ver\u00f0ur h\u00fa\u00f0in \u00feurr vegna kaldara og \u00feurrara lofts innandyra.<\/p>\n\n\n\n<p><strong>H\u00fa\u00f0sj\u00fakd\u00f3mar geta einnig haft veruleg \u00e1hrif<\/strong><\/p>\n\n\n\n<p>\u00deurr h\u00fa\u00f0 getur einnig stafa\u00f0 af einhverskonar h\u00fa\u00f0sj\u00fakd\u00f3mi svo sem psoriasis e\u00f0a exemi.<\/p>\n\n\n\n<p><strong>Sprungin h\u00fa\u00f0 getur valdi\u00f0 s\u00fdkingum<\/strong><\/p>\n\n\n\n<p>\u00de\u00deurr h\u00fa\u00f0 getur ekki a\u00f0eins veri\u00f0 \u00f3\u00fe\u00e6gileg \u2013 H\u00fan getur eibnig leitt til mikilla vandam\u00e1la. \u00deurr h\u00fa\u00f0 gerir yfirbor\u00f0 h\u00fa\u00f0arinnar \u00f3jafna sem \u00fe\u00fd\u00f0ir a\u00f0 h\u00fa\u00f0in er \u201copin\u201d og n\u00e6m fyrir bakter\u00edum.<\/p>\n\n\n\n<figure class=\"wp-block-image size-full\"><img decoding=\"async\" src=\"https:\/\/decubal.com\/app\/uploads\/sites\/2\/2022\/05\/hud-dk-300x156-1.png\" alt=\"Om t\u00f8r hud\" class=\"wp-image-111\"\/><\/figure>\n<\/div><\/details>\n<\/div><\/div>\n","protected":false},"excerpt":{"rendered":"","protected":false},"author":2,"featured_media":0,"parent":0,"menu_order":0,"comment_status":"closed","ping_status":"closed","template":"","meta":{"_acf_changed":false,"footnotes":""},"from-article-database":[],"class_list":["post-63","page","type-page","status-publish","hentry"],"acf":[],"yoast_head":"<!-- This site is optimized with the Yoast SEO plugin v26.6 - https:\/\/yoast.com\/wordpress\/plugins\/seo\/ -->\n<title>FAQ - Decubal<\/title>\n<meta name=\"description\" content=\"Algengustu spurningar okkar og sv\u00f6r. Exem, Ertingarexem, Ofn\u00e6mistengd snertih\u00fa\u00f0b\u00f3lga, \u00c1fer\u00f0 og virkni h\u00fa\u00f0ar.\" \/>\n<meta name=\"robots\" content=\"index, follow, max-snippet:-1, max-image-preview:large, max-video-preview:-1\" \/>\n<link rel=\"canonical\" href=\"https:\/\/decubal.com\/is\/faq\/\" \/>\n<meta property=\"og:locale\" content=\"is_IS\" \/>\n<meta property=\"og:type\" content=\"article\" \/>\n<meta property=\"og:title\" content=\"FAQ - Decubal\" \/>\n<meta property=\"og:description\" content=\"Algengustu spurningar okkar og sv\u00f6r. Exem, Ertingarexem, Ofn\u00e6mistengd snertih\u00fa\u00f0b\u00f3lga, \u00c1fer\u00f0 og virkni h\u00fa\u00f0ar.\" \/>\n<meta property=\"og:url\" content=\"https:\/\/decubal.com\/is\/faq\/\" \/>\n<meta property=\"og:site_name\" content=\"Decubal\" \/>\n<meta property=\"article:modified_time\" content=\"2022-12-07T14:47:00+00:00\" \/>\n<meta property=\"og:image\" content=\"https:\/\/decubal.com\/cdn-cgi\/image\/format=auto\/app\/uploads\/sites\/6\/2022\/09\/Faq-Desktop.png\" \/>\n<meta name=\"twitter:card\" content=\"summary_large_image\" \/>\n<meta name=\"twitter:label1\" content=\"Est. reading time\" \/>\n\t<meta name=\"twitter:data1\" content=\"6 minutes\" \/>\n<script type=\"application\/ld+json\" class=\"yoast-schema-graph\">{\"@context\":\"https:\/\/schema.org\",\"@graph\":[{\"@type\":\"WebPage\",\"@id\":\"https:\/\/decubal.com\/is\/faq\/\",\"url\":\"https:\/\/decubal.com\/is\/faq\/\",\"name\":\"FAQ - Decubal\",\"isPartOf\":{\"@id\":\"https:\/\/decubal.com\/is\/#website\"},\"primaryImageOfPage\":{\"@id\":\"https:\/\/decubal.com\/is\/faq\/#primaryimage\"},\"image\":{\"@id\":\"https:\/\/decubal.com\/is\/faq\/#primaryimage\"},\"thumbnailUrl\":\"https:\/\/decubal.com\/cdn-cgi\/image\/format=auto\/app\/uploads\/sites\/6\/2022\/09\/Faq-Desktop.png\",\"datePublished\":\"2022-09-14T08:03:14+00:00\",\"dateModified\":\"2022-12-07T14:47:00+00:00\",\"description\":\"Algengustu spurningar okkar og sv\u00f6r. Exem, Ertingarexem, Ofn\u00e6mistengd snertih\u00fa\u00f0b\u00f3lga, \u00c1fer\u00f0 og virkni h\u00fa\u00f0ar.\",\"breadcrumb\":{\"@id\":\"https:\/\/decubal.com\/is\/faq\/#breadcrumb\"},\"inLanguage\":\"is\",\"potentialAction\":[{\"@type\":\"ReadAction\",\"target\":[\"https:\/\/decubal.com\/is\/faq\/\"]}]},{\"@type\":\"ImageObject\",\"inLanguage\":\"is\",\"@id\":\"https:\/\/decubal.com\/is\/faq\/#primaryimage\",\"url\":\"https:\/\/decubal.com\/cdn-cgi\/image\/format=auto\/app\/uploads\/sites\/6\/2022\/09\/Faq-Desktop.png\",\"contentUrl\":\"https:\/\/decubal.com\/cdn-cgi\/image\/format=auto\/app\/uploads\/sites\/6\/2022\/09\/Faq-Desktop.png\"},{\"@type\":\"BreadcrumbList\",\"@id\":\"https:\/\/decubal.com\/is\/faq\/#breadcrumb\",\"itemListElement\":[{\"@type\":\"ListItem\",\"position\":1,\"name\":\"Home\",\"item\":\"https:\/\/decubal.com\/is\/\"},{\"@type\":\"ListItem\",\"position\":2,\"name\":\"FAQ\"}]},{\"@type\":\"WebSite\",\"@id\":\"https:\/\/decubal.com\/is\/#website\",\"url\":\"https:\/\/decubal.com\/is\/\",\"name\":\"Decubal\",\"description\":\"\",\"publisher\":{\"@id\":\"https:\/\/decubal.com\/is\/#organization\"},\"potentialAction\":[{\"@type\":\"SearchAction\",\"target\":{\"@type\":\"EntryPoint\",\"urlTemplate\":\"https:\/\/decubal.com\/is\/?s={search_term_string}\"},\"query-input\":{\"@type\":\"PropertyValueSpecification\",\"valueRequired\":true,\"valueName\":\"search_term_string\"}}],\"inLanguage\":\"is\"},{\"@type\":\"Organization\",\"@id\":\"https:\/\/decubal.com\/is\/#organization\",\"name\":\"Decubal\",\"url\":\"https:\/\/decubal.com\/is\/\",\"logo\":{\"@type\":\"ImageObject\",\"inLanguage\":\"is\",\"@id\":\"https:\/\/decubal.com\/is\/#\/schema\/logo\/image\/\",\"url\":\"https:\/\/decubal.com\/app\/uploads\/sites\/6\/2022\/09\/Decubal-logo.png\",\"contentUrl\":\"https:\/\/decubal.com\/app\/uploads\/sites\/6\/2022\/09\/Decubal-logo.png\",\"width\":138,\"height\":40,\"caption\":\"Decubal\"},\"image\":{\"@id\":\"https:\/\/decubal.com\/is\/#\/schema\/logo\/image\/\"}}]}<\/script>\n<!-- \/ Yoast SEO plugin. -->","yoast_head_json":{"title":"FAQ - Decubal","description":"Algengustu spurningar okkar og sv\u00f6r. Exem, Ertingarexem, Ofn\u00e6mistengd snertih\u00fa\u00f0b\u00f3lga, \u00c1fer\u00f0 og virkni h\u00fa\u00f0ar.","robots":{"index":"index","follow":"follow","max-snippet":"max-snippet:-1","max-image-preview":"max-image-preview:large","max-video-preview":"max-video-preview:-1"},"canonical":"https:\/\/decubal.com\/is\/faq\/","og_locale":"is_IS","og_type":"article","og_title":"FAQ - Decubal","og_description":"Algengustu spurningar okkar og sv\u00f6r. Exem, Ertingarexem, Ofn\u00e6mistengd snertih\u00fa\u00f0b\u00f3lga, \u00c1fer\u00f0 og virkni h\u00fa\u00f0ar.","og_url":"https:\/\/decubal.com\/is\/faq\/","og_site_name":"Decubal","article_modified_time":"2022-12-07T14:47:00+00:00","og_image":[{"url":"https:\/\/decubal.com\/cdn-cgi\/image\/format=auto\/app\/uploads\/sites\/6\/2022\/09\/Faq-Desktop.png","type":"","width":"","height":""}],"twitter_card":"summary_large_image","twitter_misc":{"Est. reading time":"6 minutes"},"schema":{"@context":"https:\/\/schema.org","@graph":[{"@type":"WebPage","@id":"https:\/\/decubal.com\/is\/faq\/","url":"https:\/\/decubal.com\/is\/faq\/","name":"FAQ - Decubal","isPartOf":{"@id":"https:\/\/decubal.com\/is\/#website"},"primaryImageOfPage":{"@id":"https:\/\/decubal.com\/is\/faq\/#primaryimage"},"image":{"@id":"https:\/\/decubal.com\/is\/faq\/#primaryimage"},"thumbnailUrl":"https:\/\/decubal.com\/cdn-cgi\/image\/format=auto\/app\/uploads\/sites\/6\/2022\/09\/Faq-Desktop.png","datePublished":"2022-09-14T08:03:14+00:00","dateModified":"2022-12-07T14:47:00+00:00","description":"Algengustu spurningar okkar og sv\u00f6r. Exem, Ertingarexem, Ofn\u00e6mistengd snertih\u00fa\u00f0b\u00f3lga, \u00c1fer\u00f0 og virkni h\u00fa\u00f0ar.","breadcrumb":{"@id":"https:\/\/decubal.com\/is\/faq\/#breadcrumb"},"inLanguage":"is","potentialAction":[{"@type":"ReadAction","target":["https:\/\/decubal.com\/is\/faq\/"]}]},{"@type":"ImageObject","inLanguage":"is","@id":"https:\/\/decubal.com\/is\/faq\/#primaryimage","url":"https:\/\/decubal.com\/cdn-cgi\/image\/format=auto\/app\/uploads\/sites\/6\/2022\/09\/Faq-Desktop.png","contentUrl":"https:\/\/decubal.com\/cdn-cgi\/image\/format=auto\/app\/uploads\/sites\/6\/2022\/09\/Faq-Desktop.png"},{"@type":"BreadcrumbList","@id":"https:\/\/decubal.com\/is\/faq\/#breadcrumb","itemListElement":[{"@type":"ListItem","position":1,"name":"Home","item":"https:\/\/decubal.com\/is\/"},{"@type":"ListItem","position":2,"name":"FAQ"}]},{"@type":"WebSite","@id":"https:\/\/decubal.com\/is\/#website","url":"https:\/\/decubal.com\/is\/","name":"Decubal","description":"","publisher":{"@id":"https:\/\/decubal.com\/is\/#organization"},"potentialAction":[{"@type":"SearchAction","target":{"@type":"EntryPoint","urlTemplate":"https:\/\/decubal.com\/is\/?s={search_term_string}"},"query-input":{"@type":"PropertyValueSpecification","valueRequired":true,"valueName":"search_term_string"}}],"inLanguage":"is"},{"@type":"Organization","@id":"https:\/\/decubal.com\/is\/#organization","name":"Decubal","url":"https:\/\/decubal.com\/is\/","logo":{"@type":"ImageObject","inLanguage":"is","@id":"https:\/\/decubal.com\/is\/#\/schema\/logo\/image\/","url":"https:\/\/decubal.com\/app\/uploads\/sites\/6\/2022\/09\/Decubal-logo.png","contentUrl":"https:\/\/decubal.com\/app\/uploads\/sites\/6\/2022\/09\/Decubal-logo.png","width":138,"height":40,"caption":"Decubal"},"image":{"@id":"https:\/\/decubal.com\/is\/#\/schema\/logo\/image\/"}}]}},"_links":{"self":[{"href":"https:\/\/decubal.com\/is\/wp-json\/wp\/v2\/pages\/63","targetHints":{"allow":["GET"]}}],"collection":[{"href":"https:\/\/decubal.com\/is\/wp-json\/wp\/v2\/pages"}],"about":[{"href":"https:\/\/decubal.com\/is\/wp-json\/wp\/v2\/types\/page"}],"author":[{"embeddable":true,"href":"https:\/\/decubal.com\/is\/wp-json\/wp\/v2\/users\/2"}],"replies":[{"embeddable":true,"href":"https:\/\/decubal.com\/is\/wp-json\/wp\/v2\/comments?post=63"}],"version-history":[{"count":6,"href":"https:\/\/decubal.com\/is\/wp-json\/wp\/v2\/pages\/63\/revisions"}],"predecessor-version":[{"id":375,"href":"https:\/\/decubal.com\/is\/wp-json\/wp\/v2\/pages\/63\/revisions\/375"}],"wp:attachment":[{"href":"https:\/\/decubal.com\/is\/wp-json\/wp\/v2\/media?parent=63"}],"wp:term":[{"taxonomy":"from-article-database","embeddable":true,"href":"https:\/\/decubal.com\/is\/wp-json\/wp\/v2\/from-article-database?post=63"}],"curies":[{"name":"wp","href":"https:\/\/api.w.org\/{rel}","templated":true}]}}