{"id":60,"date":"2022-09-14T07:44:40","date_gmt":"2022-09-14T07:44:40","guid":{"rendered":"https:\/\/decubal.com\/is\/?page_id=60"},"modified":"2023-08-28T12:03:38","modified_gmt":"2023-08-28T12:03:38","slug":"um-decubal","status":"publish","type":"page","link":"https:\/\/decubal.com\/is\/um-decubal\/","title":{"rendered":"Um Decubal"},"content":{"rendered":"\n<div class=\"wp-block-karopharma-background-image-with-text-v2 background-image-with-text-v2 undefined content-position-center fixed-height-layout\" datatest=\"root\"><div class=\"background-image-with-text-wrapper\"><picture class=\"background-image-with-text-image\"><source media=\"(max-width: 560px)\" srcset=\"https:\/\/decubal.com\/cdn-cgi\/image\/format=auto,width=560\/app\/uploads\/sites\/6\/2022\/09\/about.png\"\/><source media=\"(max-width: 800px)\" srcset=\"https:\/\/decubal.com\/cdn-cgi\/image\/format=auto,width=800\/app\/uploads\/sites\/6\/2022\/09\/about.png\"\/><source media=\"(max-width: 1920px)\" srcset=\"https:\/\/decubal.com\/cdn-cgi\/image\/format=auto,width=1920\/app\/uploads\/sites\/6\/2022\/09\/about.png\"\/><img decoding=\"async\" width=\"2880\" height=\"1120\" datatest=\"background-image\" loading=\"lazy\" class=\"object-center object-cover\" src=\"https:\/\/decubal.com\/cdn-cgi\/image\/format=auto\/app\/uploads\/sites\/6\/2022\/09\/about.png\" alt=\"Background image\"\/><\/picture><div datatest=\"content-wrapper\" class=\"background-image-with-text-content-wrapper container max-w-large text-alignment-left  pt-large pb-large\"><div class=\"content\"><h1 datatest=\"heading\" class=\"\">Um Decubal<\/h1>\n<div class=\"wp-block-buttons is-layout-flex wp-block-buttons-is-layout-flex\"><\/div>\n<\/div><\/div><\/div><\/div>\n\n\n\n<div class=\"wp-block-karopharma-free-text md:pt-20 lg:pt-32 md:pb-20 lg:pb-32 bg-center bg-contain bg-no-repeat  undefined is-style-transparent\" style=\"background-image:url()\"><div class=\"free-text-wrapper container max-w-medium text-center\">\n<p>Decubal eru n\u00e6randi og virkar h\u00fa\u00f0v\u00f6rur fyrir \u00fe\u00e1 sem eru me\u00f0 \u00feurra og vi\u00f0kv\u00e6ma h\u00fa\u00f0. Decubal er \u00fer\u00f3a\u00f0 til a\u00f0 vernda h\u00fa\u00f0ina \u00ed norr\u00e6nu loftslagi og me\u00f0 yfir 40 \u00e1ra reynslu skiljum vi\u00f0 hva\u00f0 \u00fea\u00f0 \u00fe\u00fd\u00f0ir a\u00f0 var\u00f0veita n\u00e1tt\u00farulegan raka og m\u00fdkt h\u00fa\u00f0arinnar. V\u00f6ru\u00farvali\u00f0 okkar er breytt og \u00fev\u00ed er h\u00e6gt a\u00f0 finna b\u00e6\u00f0i fyrirbyggjandi og rakagefandi h\u00fa\u00f0v\u00f6rur fyrir daglegt l\u00edf og svo v\u00f6rur fyrir \u00f6flugari h\u00fa\u00f0um\u00f6nnun fyrir s\u00e9stakar \u00fearfir. H\u00fa\u00f0sj\u00fakd\u00f3mal\u00e6knar og heilbrig\u00f0isstarfsf\u00f3lk \u00e1 nor\u00f0url\u00f6ndunum m\u00e6lir \u00fev\u00ed me\u00f0 Decubal, fyrir st\u00f3ra, sm\u00e1a og fr\u00e1 toppi til t\u00e1ar, allt \u00e1ri\u00f0 um kring.<\/p>\n<\/div><\/div>\n\n\n\n<section class=\"wp-block-karopharma-image-with-text image-with-text image-with-text__full-width is-style-primary\"><div class=\"image-with-text-container \"><div class=\"image-with-text-container-image-container\"><img decoding=\"async\" loading=\"lazy\" src=\"https:\/\/decubal.com\/cdn-cgi\/image\/format=auto\/app\/uploads\/sites\/6\/2022\/09\/Feature-1-om.jpeg\" alt=\"\"\/><\/div><div class=\"image-with-text-container-content\" style=\"text-align:left\" data-test=\"content\"><div class=\"content\"><h2>\u00der\u00f3a\u00f0 fyrir l\u00edfi\u00f0 \u00e1 Nor\u00f0url\u00f6ndum<\/h2><p class=\"body\" data-test=\"body\">Hr\u00e1a norr\u00e6na loftslagi\u00f0 getur veri\u00f0 mj\u00f6g krefjandi fyrir \u00feurra og vi\u00f0kv\u00e6ma h\u00fa\u00f0. Decubal er \u00fer\u00f3a\u00f0 til a\u00f0 vernda h\u00fa\u00f0ina fyrir norr\u00e6nu loftslagi \u00fear sem \u00e1rst\u00ed\u00f0ir, hitastig og raki er mj\u00f6g fj\u00f6lbreytilegt. \u00deetta er s\u00e9rstaklega erfitt fyrir \u00fe\u00e1 nor\u00f0urlandab\u00faa sem lifa virku l\u00edfi og ey\u00f0a miklum t\u00edma utandyra. Decubal undirb\u00fdr h\u00fa\u00f0ina fyrir l\u00edfi\u00f0 \u00e1 nor\u00f0url\u00f6ndunum svo a\u00f0 \u00fe\u00fa getir \u00f6rugglega noti\u00f0 l\u00f6ngu og bj\u00f6rtu sumardaganna vi\u00f0 str\u00f6ndina, vindas\u00f6mu haustg\u00f6ngut\u00faranna og k\u00f6ldu vetrardaganna \u00ed fj\u00f6llunum.<\/p>\n<div class=\"wp-block-buttons is-layout-flex wp-block-buttons-is-layout-flex\"><\/div>\n<\/div><\/div><\/div><\/section>\n\n\n\n<section class=\"wp-block-karopharma-image-with-text image-with-text image-with-text__full-width is-style-primary\"><div class=\"image-with-text-container image-with-text-container__align-right\"><div class=\"image-with-text-container-image-container\"><img decoding=\"async\" loading=\"lazy\" src=\"https:\/\/decubal.com\/cdn-cgi\/image\/format=auto\/app\/uploads\/sites\/6\/2022\/09\/feature-2-about.png\" alt=\"\"\/><\/div><div class=\"image-with-text-container-content\" style=\"text-align:left\" data-test=\"content\"><div class=\"content\"><h2>Skapa\u00f0 af umhyggju<\/h2><p class=\"body\" data-test=\"body\">Decubal notar a\u00f0eins mildustu innihaldsefnin. Allar v\u00f6rurnar eru \u00e1n ilmefna og meirihluti varanna er me\u00f0 h\u00e6stu m\u00f6gulegu ofn\u00e6misvottunina \u00e1 marka\u00f0num \u00fe.e Allergy-Certified. \u00deetta \u00fe\u00fd\u00f0ir a\u00f0 v\u00f6rurnar eru sam\u00feykktar af eiturefnas\u00e9rfr\u00e6\u00f0ingum og pr\u00f3fa\u00f0ar me\u00f0 tilliti til ofn\u00e6misvalda, mengandi efna, krabbameinsvaldandi efna og efna sem trufla horm\u00f3na. Decubal er \u00fev\u00ed \u00f6ruggt val fyrir \u00feig og fj\u00f6lskyldu \u00fe\u00edna.<\/p>\n<div class=\"wp-block-buttons is-layout-flex wp-block-buttons-is-layout-flex\">\n<div class=\"wp-block-button\"><a class=\"wp-block-button__link\" href=\"https:\/\/decubal.com\/is\/vorur\/\">Sko\u00f0i\u00f0 v\u00f6rurnar okkar<\/a><\/div>\n<\/div>\n<\/div><\/div><\/div><\/section>\n","protected":false},"excerpt":{"rendered":"","protected":false},"author":2,"featured_media":0,"parent":0,"menu_order":0,"comment_status":"closed","ping_status":"closed","template":"","meta":{"_acf_changed":false,"footnotes":""},"from-article-database":[],"class_list":["post-60","page","type-page","status-publish","hentry"],"acf":[],"yoast_head":"<!-- This site is optimized with the Yoast SEO plugin v26.6 - https:\/\/yoast.com\/wordpress\/plugins\/seo\/ -->\n<title>Um Decubal - Decubal<\/title>\n<meta name=\"description\" content=\"Decubal er \u00fer\u00f3a\u00f0 til a\u00f0 vernda h\u00fa\u00f0ina \u00ed norr\u00e6nu loftslagi og me\u00f0 yfir 40 \u00e1ra reynslu skiljum vi\u00f0 hva\u00f0 \u00fea\u00f0 \u00fe\u00fd\u00f0ir a\u00f0 var\u00f0veita n\u00e1tt\u00farulegan raka og mj\u00fakleika h\u00fa\u00f0arinnar.\" \/>\n<meta name=\"robots\" content=\"index, follow, max-snippet:-1, max-image-preview:large, max-video-preview:-1\" \/>\n<link rel=\"canonical\" href=\"https:\/\/decubal.com\/is\/um-decubal\/\" \/>\n<meta property=\"og:locale\" content=\"is_IS\" \/>\n<meta property=\"og:type\" content=\"article\" \/>\n<meta property=\"og:title\" content=\"Um Decubal - Decubal\" \/>\n<meta property=\"og:description\" content=\"Decubal er \u00fer\u00f3a\u00f0 til a\u00f0 vernda h\u00fa\u00f0ina \u00ed norr\u00e6nu loftslagi og me\u00f0 yfir 40 \u00e1ra reynslu skiljum vi\u00f0 hva\u00f0 \u00fea\u00f0 \u00fe\u00fd\u00f0ir a\u00f0 var\u00f0veita n\u00e1tt\u00farulegan raka og mj\u00fakleika h\u00fa\u00f0arinnar.\" \/>\n<meta property=\"og:url\" content=\"https:\/\/decubal.com\/is\/um-decubal\/\" \/>\n<meta property=\"og:site_name\" content=\"Decubal\" \/>\n<meta property=\"article:modified_time\" content=\"2023-08-28T12:03:38+00:00\" \/>\n<meta property=\"og:image\" content=\"https:\/\/decubal.com\/cdn-cgi\/image\/format=auto\/app\/uploads\/sites\/6\/2022\/09\/about.png\" \/>\n<meta name=\"twitter:card\" content=\"summary_large_image\" \/>\n<meta name=\"twitter:label1\" content=\"Est. reading time\" \/>\n\t<meta name=\"twitter:data1\" content=\"2 minutes\" \/>\n<script type=\"application\/ld+json\" class=\"yoast-schema-graph\">{\"@context\":\"https:\/\/schema.org\",\"@graph\":[{\"@type\":\"WebPage\",\"@id\":\"https:\/\/decubal.com\/is\/um-decubal\/\",\"url\":\"https:\/\/decubal.com\/is\/um-decubal\/\",\"name\":\"Um Decubal - Decubal\",\"isPartOf\":{\"@id\":\"https:\/\/decubal.com\/is\/#website\"},\"primaryImageOfPage\":{\"@id\":\"https:\/\/decubal.com\/is\/um-decubal\/#primaryimage\"},\"image\":{\"@id\":\"https:\/\/decubal.com\/is\/um-decubal\/#primaryimage\"},\"thumbnailUrl\":\"https:\/\/decubal.com\/cdn-cgi\/image\/format=auto\/app\/uploads\/sites\/6\/2022\/09\/about.png\",\"datePublished\":\"2022-09-14T07:44:40+00:00\",\"dateModified\":\"2023-08-28T12:03:38+00:00\",\"description\":\"Decubal er \u00fer\u00f3a\u00f0 til a\u00f0 vernda h\u00fa\u00f0ina \u00ed norr\u00e6nu loftslagi og me\u00f0 yfir 40 \u00e1ra reynslu skiljum vi\u00f0 hva\u00f0 \u00fea\u00f0 \u00fe\u00fd\u00f0ir a\u00f0 var\u00f0veita n\u00e1tt\u00farulegan raka og mj\u00fakleika h\u00fa\u00f0arinnar.\",\"breadcrumb\":{\"@id\":\"https:\/\/decubal.com\/is\/um-decubal\/#breadcrumb\"},\"inLanguage\":\"is\",\"potentialAction\":[{\"@type\":\"ReadAction\",\"target\":[\"https:\/\/decubal.com\/is\/um-decubal\/\"]}]},{\"@type\":\"ImageObject\",\"inLanguage\":\"is\",\"@id\":\"https:\/\/decubal.com\/is\/um-decubal\/#primaryimage\",\"url\":\"https:\/\/decubal.com\/cdn-cgi\/image\/format=auto\/app\/uploads\/sites\/6\/2022\/09\/about.png\",\"contentUrl\":\"https:\/\/decubal.com\/cdn-cgi\/image\/format=auto\/app\/uploads\/sites\/6\/2022\/09\/about.png\"},{\"@type\":\"BreadcrumbList\",\"@id\":\"https:\/\/decubal.com\/is\/um-decubal\/#breadcrumb\",\"itemListElement\":[{\"@type\":\"ListItem\",\"position\":1,\"name\":\"Home\",\"item\":\"https:\/\/decubal.com\/is\/\"},{\"@type\":\"ListItem\",\"position\":2,\"name\":\"Um Decubal\"}]},{\"@type\":\"WebSite\",\"@id\":\"https:\/\/decubal.com\/is\/#website\",\"url\":\"https:\/\/decubal.com\/is\/\",\"name\":\"Decubal\",\"description\":\"\",\"publisher\":{\"@id\":\"https:\/\/decubal.com\/is\/#organization\"},\"potentialAction\":[{\"@type\":\"SearchAction\",\"target\":{\"@type\":\"EntryPoint\",\"urlTemplate\":\"https:\/\/decubal.com\/is\/?s={search_term_string}\"},\"query-input\":{\"@type\":\"PropertyValueSpecification\",\"valueRequired\":true,\"valueName\":\"search_term_string\"}}],\"inLanguage\":\"is\"},{\"@type\":\"Organization\",\"@id\":\"https:\/\/decubal.com\/is\/#organization\",\"name\":\"Decubal\",\"url\":\"https:\/\/decubal.com\/is\/\",\"logo\":{\"@type\":\"ImageObject\",\"inLanguage\":\"is\",\"@id\":\"https:\/\/decubal.com\/is\/#\/schema\/logo\/image\/\",\"url\":\"https:\/\/decubal.com\/app\/uploads\/sites\/6\/2022\/09\/Decubal-logo.png\",\"contentUrl\":\"https:\/\/decubal.com\/app\/uploads\/sites\/6\/2022\/09\/Decubal-logo.png\",\"width\":138,\"height\":40,\"caption\":\"Decubal\"},\"image\":{\"@id\":\"https:\/\/decubal.com\/is\/#\/schema\/logo\/image\/\"}}]}<\/script>\n<!-- \/ Yoast SEO plugin. -->","yoast_head_json":{"title":"Um Decubal - Decubal","description":"Decubal er \u00fer\u00f3a\u00f0 til a\u00f0 vernda h\u00fa\u00f0ina \u00ed norr\u00e6nu loftslagi og me\u00f0 yfir 40 \u00e1ra reynslu skiljum vi\u00f0 hva\u00f0 \u00fea\u00f0 \u00fe\u00fd\u00f0ir a\u00f0 var\u00f0veita n\u00e1tt\u00farulegan raka og mj\u00fakleika h\u00fa\u00f0arinnar.","robots":{"index":"index","follow":"follow","max-snippet":"max-snippet:-1","max-image-preview":"max-image-preview:large","max-video-preview":"max-video-preview:-1"},"canonical":"https:\/\/decubal.com\/is\/um-decubal\/","og_locale":"is_IS","og_type":"article","og_title":"Um Decubal - Decubal","og_description":"Decubal er \u00fer\u00f3a\u00f0 til a\u00f0 vernda h\u00fa\u00f0ina \u00ed norr\u00e6nu loftslagi og me\u00f0 yfir 40 \u00e1ra reynslu skiljum vi\u00f0 hva\u00f0 \u00fea\u00f0 \u00fe\u00fd\u00f0ir a\u00f0 var\u00f0veita n\u00e1tt\u00farulegan raka og mj\u00fakleika h\u00fa\u00f0arinnar.","og_url":"https:\/\/decubal.com\/is\/um-decubal\/","og_site_name":"Decubal","article_modified_time":"2023-08-28T12:03:38+00:00","og_image":[{"url":"https:\/\/decubal.com\/cdn-cgi\/image\/format=auto\/app\/uploads\/sites\/6\/2022\/09\/about.png","type":"","width":"","height":""}],"twitter_card":"summary_large_image","twitter_misc":{"Est. reading time":"2 minutes"},"schema":{"@context":"https:\/\/schema.org","@graph":[{"@type":"WebPage","@id":"https:\/\/decubal.com\/is\/um-decubal\/","url":"https:\/\/decubal.com\/is\/um-decubal\/","name":"Um Decubal - Decubal","isPartOf":{"@id":"https:\/\/decubal.com\/is\/#website"},"primaryImageOfPage":{"@id":"https:\/\/decubal.com\/is\/um-decubal\/#primaryimage"},"image":{"@id":"https:\/\/decubal.com\/is\/um-decubal\/#primaryimage"},"thumbnailUrl":"https:\/\/decubal.com\/cdn-cgi\/image\/format=auto\/app\/uploads\/sites\/6\/2022\/09\/about.png","datePublished":"2022-09-14T07:44:40+00:00","dateModified":"2023-08-28T12:03:38+00:00","description":"Decubal er \u00fer\u00f3a\u00f0 til a\u00f0 vernda h\u00fa\u00f0ina \u00ed norr\u00e6nu loftslagi og me\u00f0 yfir 40 \u00e1ra reynslu skiljum vi\u00f0 hva\u00f0 \u00fea\u00f0 \u00fe\u00fd\u00f0ir a\u00f0 var\u00f0veita n\u00e1tt\u00farulegan raka og mj\u00fakleika h\u00fa\u00f0arinnar.","breadcrumb":{"@id":"https:\/\/decubal.com\/is\/um-decubal\/#breadcrumb"},"inLanguage":"is","potentialAction":[{"@type":"ReadAction","target":["https:\/\/decubal.com\/is\/um-decubal\/"]}]},{"@type":"ImageObject","inLanguage":"is","@id":"https:\/\/decubal.com\/is\/um-decubal\/#primaryimage","url":"https:\/\/decubal.com\/cdn-cgi\/image\/format=auto\/app\/uploads\/sites\/6\/2022\/09\/about.png","contentUrl":"https:\/\/decubal.com\/cdn-cgi\/image\/format=auto\/app\/uploads\/sites\/6\/2022\/09\/about.png"},{"@type":"BreadcrumbList","@id":"https:\/\/decubal.com\/is\/um-decubal\/#breadcrumb","itemListElement":[{"@type":"ListItem","position":1,"name":"Home","item":"https:\/\/decubal.com\/is\/"},{"@type":"ListItem","position":2,"name":"Um Decubal"}]},{"@type":"WebSite","@id":"https:\/\/decubal.com\/is\/#website","url":"https:\/\/decubal.com\/is\/","name":"Decubal","description":"","publisher":{"@id":"https:\/\/decubal.com\/is\/#organization"},"potentialAction":[{"@type":"SearchAction","target":{"@type":"EntryPoint","urlTemplate":"https:\/\/decubal.com\/is\/?s={search_term_string}"},"query-input":{"@type":"PropertyValueSpecification","valueRequired":true,"valueName":"search_term_string"}}],"inLanguage":"is"},{"@type":"Organization","@id":"https:\/\/decubal.com\/is\/#organization","name":"Decubal","url":"https:\/\/decubal.com\/is\/","logo":{"@type":"ImageObject","inLanguage":"is","@id":"https:\/\/decubal.com\/is\/#\/schema\/logo\/image\/","url":"https:\/\/decubal.com\/app\/uploads\/sites\/6\/2022\/09\/Decubal-logo.png","contentUrl":"https:\/\/decubal.com\/app\/uploads\/sites\/6\/2022\/09\/Decubal-logo.png","width":138,"height":40,"caption":"Decubal"},"image":{"@id":"https:\/\/decubal.com\/is\/#\/schema\/logo\/image\/"}}]}},"_links":{"self":[{"href":"https:\/\/decubal.com\/is\/wp-json\/wp\/v2\/pages\/60","targetHints":{"allow":["GET"]}}],"collection":[{"href":"https:\/\/decubal.com\/is\/wp-json\/wp\/v2\/pages"}],"about":[{"href":"https:\/\/decubal.com\/is\/wp-json\/wp\/v2\/types\/page"}],"author":[{"embeddable":true,"href":"https:\/\/decubal.com\/is\/wp-json\/wp\/v2\/users\/2"}],"replies":[{"embeddable":true,"href":"https:\/\/decubal.com\/is\/wp-json\/wp\/v2\/comments?post=60"}],"version-history":[{"count":6,"href":"https:\/\/decubal.com\/is\/wp-json\/wp\/v2\/pages\/60\/revisions"}],"predecessor-version":[{"id":469,"href":"https:\/\/decubal.com\/is\/wp-json\/wp\/v2\/pages\/60\/revisions\/469"}],"wp:attachment":[{"href":"https:\/\/decubal.com\/is\/wp-json\/wp\/v2\/media?parent=60"}],"wp:term":[{"taxonomy":"from-article-database","embeddable":true,"href":"https:\/\/decubal.com\/is\/wp-json\/wp\/v2\/from-article-database?post=60"}],"curies":[{"name":"wp","href":"https:\/\/api.w.org\/{rel}","templated":true}]}}