{"id":4,"date":"2022-09-13T05:31:23","date_gmt":"2022-09-13T05:31:23","guid":{"rendered":"https:\/\/decubal.com\/is\/?page_id=4"},"modified":"2022-09-14T07:37:14","modified_gmt":"2022-09-14T07:37:14","slug":"privacy-policy","status":"publish","type":"page","link":"https:\/\/decubal.com\/is\/privacy-policy\/","title":{"rendered":"Privacy Policy"},"content":{"rendered":"","protected":false},"excerpt":{"rendered":"","protected":false},"author":2,"featured_media":0,"parent":0,"menu_order":0,"comment_status":"closed","ping_status":"closed","template":"template-privacy-policy.blade.php","meta":{"_acf_changed":false,"footnotes":""},"from-article-database":[],"class_list":["post-4","page","type-page","status-publish","hentry"],"acf":[],"yoast_head":"<!-- This site is optimized with the Yoast SEO plugin v26.6 - https:\/\/yoast.com\/wordpress\/plugins\/seo\/ -->\n<title>Privacy Policy - Decubal<\/title>\n<meta name=\"description\" content=\"S\u00e9rstaklega \u00fer\u00f3a\u00f0 fyrir l\u00edfi\u00f0 \u00e1 Nor\u00f0url\u00f6ndum. Decubal er safn af n\u00e6randi h\u00fa\u00f0v\u00f6rum sem me\u00f0h\u00f6ndlar og verndar \u00feurra og vi\u00f0kv\u00e6ma h\u00fa\u00f0.\" \/>\n<meta name=\"robots\" content=\"index, follow, max-snippet:-1, max-image-preview:large, max-video-preview:-1\" \/>\n<link rel=\"canonical\" href=\"https:\/\/decubal.com\/is\/privacy-policy\/\" \/>\n<meta property=\"og:locale\" content=\"is_IS\" \/>\n<meta property=\"og:type\" content=\"article\" \/>\n<meta property=\"og:title\" content=\"Privacy Policy - Decubal\" \/>\n<meta property=\"og:description\" content=\"S\u00e9rstaklega \u00fer\u00f3a\u00f0 fyrir l\u00edfi\u00f0 \u00e1 Nor\u00f0url\u00f6ndum. Decubal er safn af n\u00e6randi h\u00fa\u00f0v\u00f6rum sem me\u00f0h\u00f6ndlar og verndar \u00feurra og vi\u00f0kv\u00e6ma h\u00fa\u00f0.\" \/>\n<meta property=\"og:url\" content=\"https:\/\/decubal.com\/is\/privacy-policy\/\" \/>\n<meta property=\"og:site_name\" content=\"Decubal\" \/>\n<meta property=\"article:modified_time\" content=\"2022-09-14T07:37:14+00:00\" \/>\n<meta name=\"twitter:card\" content=\"summary_large_image\" \/>\n<script type=\"application\/ld+json\" class=\"yoast-schema-graph\">{\"@context\":\"https:\/\/schema.org\",\"@graph\":[{\"@type\":\"WebPage\",\"@id\":\"https:\/\/decubal.com\/is\/privacy-policy\/\",\"url\":\"https:\/\/decubal.com\/is\/privacy-policy\/\",\"name\":\"Privacy Policy - Decubal\",\"isPartOf\":{\"@id\":\"https:\/\/decubal.com\/is\/#website\"},\"datePublished\":\"2022-09-13T05:31:23+00:00\",\"dateModified\":\"2022-09-14T07:37:14+00:00\",\"description\":\"S\u00e9rstaklega \u00fer\u00f3a\u00f0 fyrir l\u00edfi\u00f0 \u00e1 Nor\u00f0url\u00f6ndum. Decubal er safn af n\u00e6randi h\u00fa\u00f0v\u00f6rum sem me\u00f0h\u00f6ndlar og verndar \u00feurra og vi\u00f0kv\u00e6ma h\u00fa\u00f0.\",\"breadcrumb\":{\"@id\":\"https:\/\/decubal.com\/is\/privacy-policy\/#breadcrumb\"},\"inLanguage\":\"is\",\"potentialAction\":[{\"@type\":\"ReadAction\",\"target\":[\"https:\/\/decubal.com\/is\/privacy-policy\/\"]}]},{\"@type\":\"BreadcrumbList\",\"@id\":\"https:\/\/decubal.com\/is\/privacy-policy\/#breadcrumb\",\"itemListElement\":[{\"@type\":\"ListItem\",\"position\":1,\"name\":\"Home\",\"item\":\"https:\/\/decubal.com\/is\/\"},{\"@type\":\"ListItem\",\"position\":2,\"name\":\"Privacy Policy\"}]},{\"@type\":\"WebSite\",\"@id\":\"https:\/\/decubal.com\/is\/#website\",\"url\":\"https:\/\/decubal.com\/is\/\",\"name\":\"Decubal\",\"description\":\"\",\"publisher\":{\"@id\":\"https:\/\/decubal.com\/is\/#organization\"},\"potentialAction\":[{\"@type\":\"SearchAction\",\"target\":{\"@type\":\"EntryPoint\",\"urlTemplate\":\"https:\/\/decubal.com\/is\/?s={search_term_string}\"},\"query-input\":{\"@type\":\"PropertyValueSpecification\",\"valueRequired\":true,\"valueName\":\"search_term_string\"}}],\"inLanguage\":\"is\"},{\"@type\":\"Organization\",\"@id\":\"https:\/\/decubal.com\/is\/#organization\",\"name\":\"Decubal\",\"url\":\"https:\/\/decubal.com\/is\/\",\"logo\":{\"@type\":\"ImageObject\",\"inLanguage\":\"is\",\"@id\":\"https:\/\/decubal.com\/is\/#\/schema\/logo\/image\/\",\"url\":\"https:\/\/decubal.com\/app\/uploads\/sites\/6\/2022\/09\/Decubal-logo.png\",\"contentUrl\":\"https:\/\/decubal.com\/app\/uploads\/sites\/6\/2022\/09\/Decubal-logo.png\",\"width\":138,\"height\":40,\"caption\":\"Decubal\"},\"image\":{\"@id\":\"https:\/\/decubal.com\/is\/#\/schema\/logo\/image\/\"}}]}<\/script>\n<!-- \/ Yoast SEO plugin. -->","yoast_head_json":{"title":"Privacy Policy - Decubal","description":"S\u00e9rstaklega \u00fer\u00f3a\u00f0 fyrir l\u00edfi\u00f0 \u00e1 Nor\u00f0url\u00f6ndum. Decubal er safn af n\u00e6randi h\u00fa\u00f0v\u00f6rum sem me\u00f0h\u00f6ndlar og verndar \u00feurra og vi\u00f0kv\u00e6ma h\u00fa\u00f0.","robots":{"index":"index","follow":"follow","max-snippet":"max-snippet:-1","max-image-preview":"max-image-preview:large","max-video-preview":"max-video-preview:-1"},"canonical":"https:\/\/decubal.com\/is\/privacy-policy\/","og_locale":"is_IS","og_type":"article","og_title":"Privacy Policy - Decubal","og_description":"S\u00e9rstaklega \u00fer\u00f3a\u00f0 fyrir l\u00edfi\u00f0 \u00e1 Nor\u00f0url\u00f6ndum. Decubal er safn af n\u00e6randi h\u00fa\u00f0v\u00f6rum sem me\u00f0h\u00f6ndlar og verndar \u00feurra og vi\u00f0kv\u00e6ma h\u00fa\u00f0.","og_url":"https:\/\/decubal.com\/is\/privacy-policy\/","og_site_name":"Decubal","article_modified_time":"2022-09-14T07:37:14+00:00","twitter_card":"summary_large_image","schema":{"@context":"https:\/\/schema.org","@graph":[{"@type":"WebPage","@id":"https:\/\/decubal.com\/is\/privacy-policy\/","url":"https:\/\/decubal.com\/is\/privacy-policy\/","name":"Privacy Policy - Decubal","isPartOf":{"@id":"https:\/\/decubal.com\/is\/#website"},"datePublished":"2022-09-13T05:31:23+00:00","dateModified":"2022-09-14T07:37:14+00:00","description":"S\u00e9rstaklega \u00fer\u00f3a\u00f0 fyrir l\u00edfi\u00f0 \u00e1 Nor\u00f0url\u00f6ndum. Decubal er safn af n\u00e6randi h\u00fa\u00f0v\u00f6rum sem me\u00f0h\u00f6ndlar og verndar \u00feurra og vi\u00f0kv\u00e6ma h\u00fa\u00f0.","breadcrumb":{"@id":"https:\/\/decubal.com\/is\/privacy-policy\/#breadcrumb"},"inLanguage":"is","potentialAction":[{"@type":"ReadAction","target":["https:\/\/decubal.com\/is\/privacy-policy\/"]}]},{"@type":"BreadcrumbList","@id":"https:\/\/decubal.com\/is\/privacy-policy\/#breadcrumb","itemListElement":[{"@type":"ListItem","position":1,"name":"Home","item":"https:\/\/decubal.com\/is\/"},{"@type":"ListItem","position":2,"name":"Privacy Policy"}]},{"@type":"WebSite","@id":"https:\/\/decubal.com\/is\/#website","url":"https:\/\/decubal.com\/is\/","name":"Decubal","description":"","publisher":{"@id":"https:\/\/decubal.com\/is\/#organization"},"potentialAction":[{"@type":"SearchAction","target":{"@type":"EntryPoint","urlTemplate":"https:\/\/decubal.com\/is\/?s={search_term_string}"},"query-input":{"@type":"PropertyValueSpecification","valueRequired":true,"valueName":"search_term_string"}}],"inLanguage":"is"},{"@type":"Organization","@id":"https:\/\/decubal.com\/is\/#organization","name":"Decubal","url":"https:\/\/decubal.com\/is\/","logo":{"@type":"ImageObject","inLanguage":"is","@id":"https:\/\/decubal.com\/is\/#\/schema\/logo\/image\/","url":"https:\/\/decubal.com\/app\/uploads\/sites\/6\/2022\/09\/Decubal-logo.png","contentUrl":"https:\/\/decubal.com\/app\/uploads\/sites\/6\/2022\/09\/Decubal-logo.png","width":138,"height":40,"caption":"Decubal"},"image":{"@id":"https:\/\/decubal.com\/is\/#\/schema\/logo\/image\/"}}]}},"_links":{"self":[{"href":"https:\/\/decubal.com\/is\/wp-json\/wp\/v2\/pages\/4","targetHints":{"allow":["GET"]}}],"collection":[{"href":"https:\/\/decubal.com\/is\/wp-json\/wp\/v2\/pages"}],"about":[{"href":"https:\/\/decubal.com\/is\/wp-json\/wp\/v2\/types\/page"}],"author":[{"embeddable":true,"href":"https:\/\/decubal.com\/is\/wp-json\/wp\/v2\/users\/2"}],"replies":[{"embeddable":true,"href":"https:\/\/decubal.com\/is\/wp-json\/wp\/v2\/comments?post=4"}],"version-history":[{"count":1,"href":"https:\/\/decubal.com\/is\/wp-json\/wp\/v2\/pages\/4\/revisions"}],"predecessor-version":[{"id":5,"href":"https:\/\/decubal.com\/is\/wp-json\/wp\/v2\/pages\/4\/revisions\/5"}],"wp:attachment":[{"href":"https:\/\/decubal.com\/is\/wp-json\/wp\/v2\/media?parent=4"}],"wp:term":[{"taxonomy":"from-article-database","embeddable":true,"href":"https:\/\/decubal.com\/is\/wp-json\/wp\/v2\/from-article-database?post=4"}],"curies":[{"name":"wp","href":"https:\/\/api.w.org\/{rel}","templated":true}]}}