{"id":943,"date":"2026-03-31T10:29:30","date_gmt":"2026-03-31T07:29:30","guid":{"rendered":"https:\/\/decubal.com\/fi\/?post_type=product&#038;p=943"},"modified":"2026-04-02T10:33:12","modified_gmt":"2026-04-02T07:33:12","slug":"decubal-sun-face-cream-spf-50","status":"publish","type":"product","link":"https:\/\/decubal.com\/fi\/tuote\/decubal-sun-face-cream-spf-50\/","title":{"rendered":"Decubal Sun face cream SPF 50+"},"content":{"rendered":"\n<div class=\"wp-block-karopharma-free-text pt-large pb-large bg-center bg-cover bg-no-repeat  redblock\" style=\"background-image:url()\"><div class=\"free-text-wrapper container max-w-medium text-left\">\n<p>Decubal Face Cream SPF50+ tarjoaa korkean, laajakirjoisen suojan UVA- ja UVB-s\u00e4teily\u00e4 vastaan ja auttaa ehk\u00e4isem\u00e4\u00e4n auringon aiheuttamaa ihon pigmentoitumista sek\u00e4 suojaa ihoa ulkoisilta rasituksilta. Erityisesti kasvojen herk\u00e4lle iholle kehitetty koostumus sis\u00e4lt\u00e4\u00e4 mm. hyaluronihappoa, E-vitamiinia ja skvalaania, jotka ravitsevat, kosteuttavat ja tukevat ihon luonnollista suojakerrosta.<\/p>\n\n\n\n<p>Kevyt ja ei-rasvainen koostumus imeytyy nopeasti ihoon eik\u00e4 j\u00e4t\u00e4 valkoista j\u00e4lke\u00e4. Kliinisesti todistettu 24 tunnin kosteuttava vaikutus j\u00e4tt\u00e4\u00e4 ihon pehme\u00e4ksi, sile\u00e4ksi ja miellytt\u00e4v\u00e4n tuntuiseksi. Decubal Face Cream SPF50+ on eritt\u00e4in vedenkest\u00e4v\u00e4 ja sopii k\u00e4ytett\u00e4v\u00e4ksi 3-vuotiaasta alkaen. Dermatologisesti testattu ja allergiasertifioitu koostumus on kehitetty erityisesti kuivalle ja herk\u00e4lle iholle. Ymp\u00e4rist\u00f6yst\u00e4v\u00e4lliset UV-suodattimet ovat EcoSun Pass -hyv\u00e4ksyttyj\u00e4 ja takaavat tehokkaan suojan mahdollisimman v\u00e4h\u00e4isell\u00e4 ymp\u00e4rist\u00f6vaikutuksella.<\/p>\n<\/div><\/div>\n\n\n\n<div class=\"wp-block-karopharma-product-promotion text-align-right pt-large pb-large bg-center bg-cover bg-no-repeat\" style=\"background-image:url()\"><div class=\"container max-w-large\">\n<div class=\"wp-block-group is-layout-flow wp-block-group-is-layout-flow\">\n<div class=\"wp-block-group hexagon is-layout-constrained wp-block-group-is-layout-constrained\">\n<h3 class=\"wp-block-heading has-text-align-center has-primary-color has-text-color has-link-color wp-elements-21faf9fa24e80ae2d169445fbfb32dcf\">K\u00e4ytt\u00f6<\/h3>\n\n\n\n<p class=\"has-text-align-center\">Levit\u00e4 runsaasti kasvoille ja kaulalle noin 20 minuuttia ennen auringolle altistumista. Lis\u00e4\u00e4 usein ja runsaasti riitt\u00e4v\u00e4n suojatason s\u00e4ilytt\u00e4miseksi, erityisesti hikoilun, uimisen ja pyyhekuivauksen j\u00e4lkeen. Liian v\u00e4h\u00e4inen m\u00e4\u00e4r\u00e4 aurinkosuojavoidetta alentaa suojaustasoa. V\u00e4lt\u00e4 liiallista auringonottoa, aurinkosuojatuotekaan ei tarjoa 100 % suojaa. Pid\u00e4 vauvat ja pienet lapset poissa suorasta auringonpaisteesta.<\/p>\n<\/div>\n<\/div>\n\n\n\n<div class=\"wp-block-group is-layout-flow wp-block-group-is-layout-flow\">\n<div class=\"wp-block-group hexagon is-layout-constrained wp-block-group-is-layout-constrained\">\n<h3 class=\"wp-block-heading has-text-align-center has-primary-color has-text-color has-link-color wp-elements-22a4a6e8551e5235a0ecd6e3b61001ed\">Ainesosat<\/h3>\n\n\n\n<p class=\"has-text-align-center mindretext2\">Aqua, Dibutyl Adipate, Diethylamino Hydroxybenzoyl Hexyl Benzoate, Phenoxyethyl Caprylate, C12-15 Alkyl Benzoate, Ethylhexyl Triazone, Bis-Ethylhexyloxyphenol Methoxyphenyl Triazine, Diethylhexyl Butamido Triazone, Tris-Biphenyl Triazine (nano), Glycerin, C12-13 Alkyl Lactate, Propanediol, Cetearyl Alcohol, Squalane, Sodium Hyaluronate, Hydroxyacetophenone, Tocopheryl Acetate, Caprylyl Glycol, Dimethicone, Glyceryl Stearate, Decyl Glucoside, Potassium Cetyl Phosphate, Xanthan Gum, PEG-100 Stearate, Acrylates\/C10-30 Alkyl Acrylate Crosspolymer, Ammonium Acryloyldimethyltaurate\/VP Copolymer, Butylene Glycol, Disodium Phosphate, Tapioca Starch, Sodium Hydroxide, Phenoxyethanol.<\/p>\n<\/div>\n<\/div>\n<\/div><\/div>\n\n\n\n<div class=\"wp-block-karopharma-free-text pt-large pb-large bg-center bg-cover bg-no-repeat  beigeblock\" style=\"background-image:url()\"><div class=\"free-text-wrapper container max-w-small text-center\">\n<figure class=\"wp-block-image aligncenter size-full\"><img decoding=\"async\" src=\"https:\/\/decubal.com\/app\/uploads\/sites\/2\/2022\/05\/allergy-certified.png\" alt=\"allergy-certified\" class=\"wp-image-929\"\/><\/figure>\n\n\n\n<h2 class=\"wp-block-heading is-style-heading-h2\">Decubal Face Cream SPF50+ on hajusteeton, ja dermatologisesti testattu kuivalla ja herk\u00e4ll\u00e4 iholla.<\/h2>\n\n\n\n<p>Tuote on Allergy Certified -hyv\u00e4ksytty, mik\u00e4 tarkoittaa, ett\u00e4 toksikologi tai farmaseutti on tehnyt riskinarvioinnin jokaisesta koostumuksen ainesosasta allergisen reaktion riskin minimoimiseksi.<\/p>\n<\/div><\/div>\n","protected":false},"excerpt":{"rendered":"<p>Kevyt ja kosteuttava kasvovoide eritt\u00e4in korkealla suojakertoimella SPF 50+ (UVA\/UVB). Suojaa ihoa tehokkaasti auringon UVA- ja UVB-s\u00e4teilylt\u00e4. Sopii normaalille, kuivalle ja herk\u00e4lle iholle. Imeytyy nopeasti, ei tahmaa eik\u00e4 j\u00e4t\u00e4 valkoista j\u00e4lke\u00e4 ja sopii k\u00e4ytett\u00e4v\u00e4ksi meikin alla.<\/p>\n","protected":false},"featured_media":944,"comment_status":"open","ping_status":"closed","template":"","meta":{"_acf_changed":false,"footnotes":""},"product_brand":[],"product_cat":[21],"product_tag":[],"class_list":{"0":"post-943","1":"product","2":"type-product","3":"status-publish","4":"has-post-thumbnail","6":"product_cat-sun","8":"first","9":"instock","10":"shipping-taxable","11":"product-type-simple"},"acf":[],"yoast_head":"<!-- This site is optimized with the Yoast SEO plugin v26.6 - https:\/\/yoast.com\/wordpress\/plugins\/seo\/ -->\n<title>Decubal Sun face cream SPF 50+ - Decubal<\/title>\n<meta name=\"description\" content=\"Kevyt ja kosteuttava kasvovoide eritt\u00e4in korkealla suojakertoimella SPF 50+ (UVA\/UVB). Suojaa ihoa tehokkaasti auringon UVA- ja UVB-s\u00e4teilylt\u00e4. Sopii normaalille, kuivalle ja herk\u00e4lle iholle. Imeytyy nopeasti, ei tahmaa eik\u00e4 j\u00e4t\u00e4 valkoista j\u00e4lke\u00e4 ja sopii k\u00e4ytett\u00e4v\u00e4ksi meikin alla.\" \/>\n<meta name=\"robots\" content=\"index, follow, max-snippet:-1, max-image-preview:large, max-video-preview:-1\" \/>\n<link rel=\"canonical\" href=\"https:\/\/decubal.com\/fi\/tuote\/decubal-sun-face-cream-spf-50\/\" \/>\n<meta property=\"og:locale\" content=\"fi_FI\" \/>\n<meta property=\"og:type\" content=\"article\" \/>\n<meta property=\"og:title\" content=\"Decubal Sun face cream SPF 50+ - Decubal\" \/>\n<meta property=\"og:description\" content=\"Kevyt ja kosteuttava kasvovoide eritt\u00e4in korkealla suojakertoimella SPF 50+ (UVA\/UVB). Suojaa ihoa tehokkaasti auringon UVA- ja UVB-s\u00e4teilylt\u00e4. Sopii normaalille, kuivalle ja herk\u00e4lle iholle. Imeytyy nopeasti, ei tahmaa eik\u00e4 j\u00e4t\u00e4 valkoista j\u00e4lke\u00e4 ja sopii k\u00e4ytett\u00e4v\u00e4ksi meikin alla.\" \/>\n<meta property=\"og:url\" content=\"https:\/\/decubal.com\/fi\/tuote\/decubal-sun-face-cream-spf-50\/\" \/>\n<meta property=\"og:site_name\" content=\"Decubal\" \/>\n<meta property=\"article:modified_time\" content=\"2026-04-02T07:33:12+00:00\" \/>\n<meta property=\"og:image\" content=\"https:\/\/decubal.com\/app\/uploads\/sites\/5\/2026\/03\/Decubal-Sun-face-cream.jpg\" \/>\n\t<meta property=\"og:image:width\" content=\"600\" \/>\n\t<meta property=\"og:image:height\" content=\"600\" \/>\n\t<meta property=\"og:image:type\" content=\"image\/jpeg\" \/>\n<meta name=\"twitter:card\" content=\"summary_large_image\" \/>\n<meta name=\"twitter:label1\" content=\"Est. reading time\" \/>\n\t<meta name=\"twitter:data1\" content=\"2 minutes\" \/>\n<script type=\"application\/ld+json\" class=\"yoast-schema-graph\">{\"@context\":\"https:\/\/schema.org\",\"@graph\":[{\"@type\":\"WebPage\",\"@id\":\"https:\/\/decubal.com\/fi\/tuote\/decubal-sun-face-cream-spf-50\/\",\"url\":\"https:\/\/decubal.com\/fi\/tuote\/decubal-sun-face-cream-spf-50\/\",\"name\":\"Decubal Sun face cream SPF 50+ - Decubal\",\"isPartOf\":{\"@id\":\"https:\/\/multisite.decubal.com\/fi\/#website\"},\"primaryImageOfPage\":{\"@id\":\"https:\/\/decubal.com\/fi\/tuote\/decubal-sun-face-cream-spf-50\/#primaryimage\"},\"image\":{\"@id\":\"https:\/\/decubal.com\/fi\/tuote\/decubal-sun-face-cream-spf-50\/#primaryimage\"},\"thumbnailUrl\":\"https:\/\/decubal.com\/app\/uploads\/sites\/5\/2026\/03\/Decubal-Sun-face-cream.jpg\",\"datePublished\":\"2026-03-31T07:29:30+00:00\",\"dateModified\":\"2026-04-02T07:33:12+00:00\",\"description\":\"Kevyt ja kosteuttava kasvovoide eritt\u00e4in korkealla suojakertoimella SPF 50+ (UVA\/UVB). Suojaa ihoa tehokkaasti auringon UVA- ja UVB-s\u00e4teilylt\u00e4. Sopii normaalille, kuivalle ja herk\u00e4lle iholle. Imeytyy nopeasti, ei tahmaa eik\u00e4 j\u00e4t\u00e4 valkoista j\u00e4lke\u00e4 ja sopii k\u00e4ytett\u00e4v\u00e4ksi meikin alla.\",\"breadcrumb\":{\"@id\":\"https:\/\/decubal.com\/fi\/tuote\/decubal-sun-face-cream-spf-50\/#breadcrumb\"},\"inLanguage\":\"fi-FI\",\"potentialAction\":[{\"@type\":\"ReadAction\",\"target\":[\"https:\/\/decubal.com\/fi\/tuote\/decubal-sun-face-cream-spf-50\/\"]}]},{\"@type\":\"ImageObject\",\"inLanguage\":\"fi-FI\",\"@id\":\"https:\/\/decubal.com\/fi\/tuote\/decubal-sun-face-cream-spf-50\/#primaryimage\",\"url\":\"https:\/\/decubal.com\/app\/uploads\/sites\/5\/2026\/03\/Decubal-Sun-face-cream.jpg\",\"contentUrl\":\"https:\/\/decubal.com\/app\/uploads\/sites\/5\/2026\/03\/Decubal-Sun-face-cream.jpg\",\"width\":600,\"height\":600,\"caption\":\"Decubal-Sun-face-cream\"},{\"@type\":\"BreadcrumbList\",\"@id\":\"https:\/\/decubal.com\/fi\/tuote\/decubal-sun-face-cream-spf-50\/#breadcrumb\",\"itemListElement\":[{\"@type\":\"ListItem\",\"position\":1,\"name\":\"Home\",\"item\":\"https:\/\/decubal.com\/fi\/\"},{\"@type\":\"ListItem\",\"position\":2,\"name\":\"Tuotteet\",\"item\":\"https:\/\/decubal.com\/fi\/tuotteet\/\"},{\"@type\":\"ListItem\",\"position\":3,\"name\":\"Decubal Sun face cream SPF 50+\"}]},{\"@type\":\"WebSite\",\"@id\":\"https:\/\/multisite.decubal.com\/fi\/#website\",\"url\":\"https:\/\/multisite.decubal.com\/fi\/\",\"name\":\"Decubal\",\"description\":\"\",\"publisher\":{\"@id\":\"https:\/\/multisite.decubal.com\/fi\/#organization\"},\"potentialAction\":[{\"@type\":\"SearchAction\",\"target\":{\"@type\":\"EntryPoint\",\"urlTemplate\":\"https:\/\/multisite.decubal.com\/fi\/?s={search_term_string}\"},\"query-input\":{\"@type\":\"PropertyValueSpecification\",\"valueRequired\":true,\"valueName\":\"search_term_string\"}}],\"inLanguage\":\"fi-FI\"},{\"@type\":\"Organization\",\"@id\":\"https:\/\/multisite.decubal.com\/fi\/#organization\",\"name\":\"Decubal\",\"url\":\"https:\/\/multisite.decubal.com\/fi\/\",\"logo\":{\"@type\":\"ImageObject\",\"inLanguage\":\"fi-FI\",\"@id\":\"https:\/\/multisite.decubal.com\/fi\/#\/schema\/logo\/image\/\",\"url\":\"https:\/\/decubal.com\/app\/uploads\/sites\/5\/2022\/05\/Decubal-logo.png\",\"contentUrl\":\"https:\/\/decubal.com\/app\/uploads\/sites\/5\/2022\/05\/Decubal-logo.png\",\"width\":138,\"height\":40,\"caption\":\"Decubal\"},\"image\":{\"@id\":\"https:\/\/multisite.decubal.com\/fi\/#\/schema\/logo\/image\/\"}}]}<\/script>\n<!-- \/ Yoast SEO plugin. -->","yoast_head_json":{"title":"Decubal Sun face cream SPF 50+ - Decubal","description":"Kevyt ja kosteuttava kasvovoide eritt\u00e4in korkealla suojakertoimella SPF 50+ (UVA\/UVB). Suojaa ihoa tehokkaasti auringon UVA- ja UVB-s\u00e4teilylt\u00e4. Sopii normaalille, kuivalle ja herk\u00e4lle iholle. Imeytyy nopeasti, ei tahmaa eik\u00e4 j\u00e4t\u00e4 valkoista j\u00e4lke\u00e4 ja sopii k\u00e4ytett\u00e4v\u00e4ksi meikin alla.","robots":{"index":"index","follow":"follow","max-snippet":"max-snippet:-1","max-image-preview":"max-image-preview:large","max-video-preview":"max-video-preview:-1"},"canonical":"https:\/\/decubal.com\/fi\/tuote\/decubal-sun-face-cream-spf-50\/","og_locale":"fi_FI","og_type":"article","og_title":"Decubal Sun face cream SPF 50+ - Decubal","og_description":"Kevyt ja kosteuttava kasvovoide eritt\u00e4in korkealla suojakertoimella SPF 50+ (UVA\/UVB). Suojaa ihoa tehokkaasti auringon UVA- ja UVB-s\u00e4teilylt\u00e4. Sopii normaalille, kuivalle ja herk\u00e4lle iholle. Imeytyy nopeasti, ei tahmaa eik\u00e4 j\u00e4t\u00e4 valkoista j\u00e4lke\u00e4 ja sopii k\u00e4ytett\u00e4v\u00e4ksi meikin alla.","og_url":"https:\/\/decubal.com\/fi\/tuote\/decubal-sun-face-cream-spf-50\/","og_site_name":"Decubal","article_modified_time":"2026-04-02T07:33:12+00:00","og_image":[{"width":600,"height":600,"url":"https:\/\/decubal.com\/app\/uploads\/sites\/5\/2026\/03\/Decubal-Sun-face-cream.jpg","type":"image\/jpeg"}],"twitter_card":"summary_large_image","twitter_misc":{"Est. reading time":"2 minutes"},"schema":{"@context":"https:\/\/schema.org","@graph":[{"@type":"WebPage","@id":"https:\/\/decubal.com\/fi\/tuote\/decubal-sun-face-cream-spf-50\/","url":"https:\/\/decubal.com\/fi\/tuote\/decubal-sun-face-cream-spf-50\/","name":"Decubal Sun face cream SPF 50+ - Decubal","isPartOf":{"@id":"https:\/\/multisite.decubal.com\/fi\/#website"},"primaryImageOfPage":{"@id":"https:\/\/decubal.com\/fi\/tuote\/decubal-sun-face-cream-spf-50\/#primaryimage"},"image":{"@id":"https:\/\/decubal.com\/fi\/tuote\/decubal-sun-face-cream-spf-50\/#primaryimage"},"thumbnailUrl":"https:\/\/decubal.com\/app\/uploads\/sites\/5\/2026\/03\/Decubal-Sun-face-cream.jpg","datePublished":"2026-03-31T07:29:30+00:00","dateModified":"2026-04-02T07:33:12+00:00","description":"Kevyt ja kosteuttava kasvovoide eritt\u00e4in korkealla suojakertoimella SPF 50+ (UVA\/UVB). Suojaa ihoa tehokkaasti auringon UVA- ja UVB-s\u00e4teilylt\u00e4. Sopii normaalille, kuivalle ja herk\u00e4lle iholle. Imeytyy nopeasti, ei tahmaa eik\u00e4 j\u00e4t\u00e4 valkoista j\u00e4lke\u00e4 ja sopii k\u00e4ytett\u00e4v\u00e4ksi meikin alla.","breadcrumb":{"@id":"https:\/\/decubal.com\/fi\/tuote\/decubal-sun-face-cream-spf-50\/#breadcrumb"},"inLanguage":"fi-FI","potentialAction":[{"@type":"ReadAction","target":["https:\/\/decubal.com\/fi\/tuote\/decubal-sun-face-cream-spf-50\/"]}]},{"@type":"ImageObject","inLanguage":"fi-FI","@id":"https:\/\/decubal.com\/fi\/tuote\/decubal-sun-face-cream-spf-50\/#primaryimage","url":"https:\/\/decubal.com\/app\/uploads\/sites\/5\/2026\/03\/Decubal-Sun-face-cream.jpg","contentUrl":"https:\/\/decubal.com\/app\/uploads\/sites\/5\/2026\/03\/Decubal-Sun-face-cream.jpg","width":600,"height":600,"caption":"Decubal-Sun-face-cream"},{"@type":"BreadcrumbList","@id":"https:\/\/decubal.com\/fi\/tuote\/decubal-sun-face-cream-spf-50\/#breadcrumb","itemListElement":[{"@type":"ListItem","position":1,"name":"Home","item":"https:\/\/decubal.com\/fi\/"},{"@type":"ListItem","position":2,"name":"Tuotteet","item":"https:\/\/decubal.com\/fi\/tuotteet\/"},{"@type":"ListItem","position":3,"name":"Decubal Sun face cream SPF 50+"}]},{"@type":"WebSite","@id":"https:\/\/multisite.decubal.com\/fi\/#website","url":"https:\/\/multisite.decubal.com\/fi\/","name":"Decubal","description":"","publisher":{"@id":"https:\/\/multisite.decubal.com\/fi\/#organization"},"potentialAction":[{"@type":"SearchAction","target":{"@type":"EntryPoint","urlTemplate":"https:\/\/multisite.decubal.com\/fi\/?s={search_term_string}"},"query-input":{"@type":"PropertyValueSpecification","valueRequired":true,"valueName":"search_term_string"}}],"inLanguage":"fi-FI"},{"@type":"Organization","@id":"https:\/\/multisite.decubal.com\/fi\/#organization","name":"Decubal","url":"https:\/\/multisite.decubal.com\/fi\/","logo":{"@type":"ImageObject","inLanguage":"fi-FI","@id":"https:\/\/multisite.decubal.com\/fi\/#\/schema\/logo\/image\/","url":"https:\/\/decubal.com\/app\/uploads\/sites\/5\/2022\/05\/Decubal-logo.png","contentUrl":"https:\/\/decubal.com\/app\/uploads\/sites\/5\/2022\/05\/Decubal-logo.png","width":138,"height":40,"caption":"Decubal"},"image":{"@id":"https:\/\/multisite.decubal.com\/fi\/#\/schema\/logo\/image\/"}}]}},"_links":{"self":[{"href":"https:\/\/decubal.com\/fi\/wp-json\/wp\/v2\/product\/943","targetHints":{"allow":["GET"]}}],"collection":[{"href":"https:\/\/decubal.com\/fi\/wp-json\/wp\/v2\/product"}],"about":[{"href":"https:\/\/decubal.com\/fi\/wp-json\/wp\/v2\/types\/product"}],"replies":[{"embeddable":true,"href":"https:\/\/decubal.com\/fi\/wp-json\/wp\/v2\/comments?post=943"}],"version-history":[{"count":3,"href":"https:\/\/decubal.com\/fi\/wp-json\/wp\/v2\/product\/943\/revisions"}],"predecessor-version":[{"id":949,"href":"https:\/\/decubal.com\/fi\/wp-json\/wp\/v2\/product\/943\/revisions\/949"}],"wp:featuredmedia":[{"embeddable":true,"href":"https:\/\/decubal.com\/fi\/wp-json\/wp\/v2\/media\/944"}],"wp:attachment":[{"href":"https:\/\/decubal.com\/fi\/wp-json\/wp\/v2\/media?parent=943"}],"wp:term":[{"taxonomy":"product_brand","embeddable":true,"href":"https:\/\/decubal.com\/fi\/wp-json\/wp\/v2\/product_brand?post=943"},{"taxonomy":"product_cat","embeddable":true,"href":"https:\/\/decubal.com\/fi\/wp-json\/wp\/v2\/product_cat?post=943"},{"taxonomy":"product_tag","embeddable":true,"href":"https:\/\/decubal.com\/fi\/wp-json\/wp\/v2\/product_tag?post=943"}],"curies":[{"name":"wp","href":"https:\/\/api.w.org\/{rel}","templated":true}]}}