{"id":939,"date":"2026-03-04T09:29:03","date_gmt":"2026-03-04T07:29:03","guid":{"rendered":"https:\/\/decubal.com\/fi\/?post_type=product&#038;p=939"},"modified":"2026-03-04T09:33:27","modified_gmt":"2026-03-04T07:33:27","slug":"decubal-restoring-tinted-lip-balm","status":"publish","type":"product","link":"https:\/\/decubal.com\/fi\/tuote\/decubal-restoring-tinted-lip-balm\/","title":{"rendered":"Decubal Restoring tinted lip balm"},"content":{"rendered":"\n<div class=\"wp-block-karopharma-free-text pt-large pb-large bg-center bg-cover bg-no-repeat  redblock\" style=\"background-image:url()\"><div class=\"free-text-wrapper container max-w-medium text-left\">\n<p>Decubal Restoring Tinted Lip Balm on t\u00e4ytel\u00e4inen ja hoitava huulivoide, joka auttaa palauttamaan, pehment\u00e4m\u00e4\u00e4n ja hoitamaan eritt\u00e4in kuivia ja halkeilevia huulia. Mehil\u00e4isvahaa, vaseliinia, risiini\u00f6ljy\u00e4 ja E-vitamiinia sis\u00e4lt\u00e4v\u00e4 koostumus kosteuttaa huulia v\u00e4litt\u00f6m\u00e4sti ja pitk\u00e4kestoisesti. Ainesosat toimivat yhdess\u00e4 muodostaen suojaavan kerroksen, joka lukitsee kosteuden huuliin ja vahvistaa ihon luonnollista kyky\u00e4 s\u00e4ilytt\u00e4\u00e4 kosteustasapaino, antaen samalla huulille kauniin, kevyen vaaleanpunaisen s\u00e4vyn. S\u00e4vytt\u00e4v\u00e4 huulivoide on hell\u00e4varainen kuiville ja herkille huulille.<\/p>\n<\/div><\/div>\n\n\n\n<div class=\"wp-block-karopharma-product-promotion text-align-right pt-large pb-large bg-center bg-cover bg-no-repeat\" style=\"background-image:url()\"><div class=\"container max-w-large\">\n<div class=\"wp-block-group is-layout-flow wp-block-group-is-layout-flow\">\n<div class=\"wp-block-group hexagon is-layout-constrained wp-block-group-is-layout-constrained\">\n<h3 class=\"wp-block-heading has-text-align-center has-primary-color has-text-color has-link-color wp-elements-21faf9fa24e80ae2d169445fbfb32dcf\">K\u00e4ytt\u00f6<\/h3>\n\n\n\n<p class=\"has-text-align-center\">Levit\u00e4 riitt\u00e4v\u00e4 m\u00e4\u00e4r\u00e4 kuiville tai rohtuneille huulille. Lis\u00e4\u00e4 tarvittaessa pit\u00e4\u00e4ksesi huulet pehmein\u00e4 ja kauniina.<\/p>\n<\/div>\n<\/div>\n\n\n\n<div class=\"wp-block-group is-layout-flow wp-block-group-is-layout-flow\">\n<div class=\"wp-block-group hexagon is-layout-constrained wp-block-group-is-layout-constrained\">\n<h3 class=\"wp-block-heading has-text-align-center has-primary-color has-text-color has-link-color wp-elements-22a4a6e8551e5235a0ecd6e3b61001ed\">Ainesosat<\/h3>\n\n\n\n<p class=\"has-text-align-center\">Petrolatum, Lanolin, Paraffinum Liquidum, Cera Alba, Distarch Phosphate, Ricinus Communis Seed Oil, Tocopherol, Citric Acid, Anthocyanins.<\/p>\n<\/div>\n<\/div>\n<\/div><\/div>\n","protected":false},"excerpt":{"rendered":"<p>Kosteuttaa ja hoitava s\u00e4vytt\u00e4v\u00e4 huulivoide kuiville, halkeileville ja herkille huulille. <\/p>\n","protected":false},"featured_media":940,"comment_status":"open","ping_status":"closed","template":"","meta":{"_acf_changed":false,"footnotes":""},"product_brand":[],"product_cat":[23],"product_tag":[],"class_list":{"0":"post-939","1":"product","2":"type-product","3":"status-publish","4":"has-post-thumbnail","6":"product_cat-restoring","8":"first","9":"instock","10":"shipping-taxable","11":"product-type-simple"},"acf":[],"yoast_head":"<!-- This site is optimized with the Yoast SEO plugin v26.6 - https:\/\/yoast.com\/wordpress\/plugins\/seo\/ -->\n<title>Decubal Restoring tinted lip balm - Decubal<\/title>\n<meta name=\"description\" content=\"Kosteuttaa ja hoitava s\u00e4vytt\u00e4v\u00e4 huulivoide kuiville, halkeileville ja herkille huulille.\" \/>\n<meta name=\"robots\" content=\"index, follow, max-snippet:-1, max-image-preview:large, max-video-preview:-1\" \/>\n<link rel=\"canonical\" href=\"https:\/\/decubal.com\/fi\/tuote\/decubal-restoring-tinted-lip-balm\/\" \/>\n<meta property=\"og:locale\" content=\"fi_FI\" \/>\n<meta property=\"og:type\" content=\"article\" \/>\n<meta property=\"og:title\" content=\"Decubal Restoring tinted lip balm - Decubal\" \/>\n<meta property=\"og:description\" content=\"Kosteuttaa ja hoitava s\u00e4vytt\u00e4v\u00e4 huulivoide kuiville, halkeileville ja herkille huulille.\" \/>\n<meta property=\"og:url\" content=\"https:\/\/decubal.com\/fi\/tuote\/decubal-restoring-tinted-lip-balm\/\" \/>\n<meta property=\"og:site_name\" content=\"Decubal\" \/>\n<meta property=\"article:modified_time\" content=\"2026-03-04T07:33:27+00:00\" \/>\n<meta property=\"og:image\" content=\"https:\/\/decubal.com\/app\/uploads\/sites\/5\/2026\/03\/Decubal-Restoring-tinted-lip-balm.png\" \/>\n\t<meta property=\"og:image:width\" content=\"600\" \/>\n\t<meta property=\"og:image:height\" content=\"600\" \/>\n\t<meta property=\"og:image:type\" content=\"image\/png\" \/>\n<meta name=\"twitter:card\" content=\"summary_large_image\" \/>\n<meta name=\"twitter:label1\" content=\"Est. reading time\" \/>\n\t<meta name=\"twitter:data1\" content=\"1 minute\" \/>\n<script type=\"application\/ld+json\" class=\"yoast-schema-graph\">{\"@context\":\"https:\/\/schema.org\",\"@graph\":[{\"@type\":\"WebPage\",\"@id\":\"https:\/\/decubal.com\/fi\/tuote\/decubal-restoring-tinted-lip-balm\/\",\"url\":\"https:\/\/decubal.com\/fi\/tuote\/decubal-restoring-tinted-lip-balm\/\",\"name\":\"Decubal Restoring tinted lip balm - Decubal\",\"isPartOf\":{\"@id\":\"https:\/\/multisite.decubal.com\/fi\/#website\"},\"primaryImageOfPage\":{\"@id\":\"https:\/\/decubal.com\/fi\/tuote\/decubal-restoring-tinted-lip-balm\/#primaryimage\"},\"image\":{\"@id\":\"https:\/\/decubal.com\/fi\/tuote\/decubal-restoring-tinted-lip-balm\/#primaryimage\"},\"thumbnailUrl\":\"https:\/\/decubal.com\/app\/uploads\/sites\/5\/2026\/03\/Decubal-Restoring-tinted-lip-balm.png\",\"datePublished\":\"2026-03-04T07:29:03+00:00\",\"dateModified\":\"2026-03-04T07:33:27+00:00\",\"description\":\"Kosteuttaa ja hoitava s\u00e4vytt\u00e4v\u00e4 huulivoide kuiville, halkeileville ja herkille huulille.\",\"breadcrumb\":{\"@id\":\"https:\/\/decubal.com\/fi\/tuote\/decubal-restoring-tinted-lip-balm\/#breadcrumb\"},\"inLanguage\":\"fi-FI\",\"potentialAction\":[{\"@type\":\"ReadAction\",\"target\":[\"https:\/\/decubal.com\/fi\/tuote\/decubal-restoring-tinted-lip-balm\/\"]}]},{\"@type\":\"ImageObject\",\"inLanguage\":\"fi-FI\",\"@id\":\"https:\/\/decubal.com\/fi\/tuote\/decubal-restoring-tinted-lip-balm\/#primaryimage\",\"url\":\"https:\/\/decubal.com\/app\/uploads\/sites\/5\/2026\/03\/Decubal-Restoring-tinted-lip-balm.png\",\"contentUrl\":\"https:\/\/decubal.com\/app\/uploads\/sites\/5\/2026\/03\/Decubal-Restoring-tinted-lip-balm.png\",\"width\":600,\"height\":600,\"caption\":\"Decubal-Restoring-tinted-lip-balm\"},{\"@type\":\"BreadcrumbList\",\"@id\":\"https:\/\/decubal.com\/fi\/tuote\/decubal-restoring-tinted-lip-balm\/#breadcrumb\",\"itemListElement\":[{\"@type\":\"ListItem\",\"position\":1,\"name\":\"Home\",\"item\":\"https:\/\/decubal.com\/fi\/\"},{\"@type\":\"ListItem\",\"position\":2,\"name\":\"Tuotteet\",\"item\":\"https:\/\/decubal.com\/fi\/tuotteet\/\"},{\"@type\":\"ListItem\",\"position\":3,\"name\":\"Decubal Restoring tinted lip balm\"}]},{\"@type\":\"WebSite\",\"@id\":\"https:\/\/multisite.decubal.com\/fi\/#website\",\"url\":\"https:\/\/multisite.decubal.com\/fi\/\",\"name\":\"Decubal\",\"description\":\"\",\"publisher\":{\"@id\":\"https:\/\/multisite.decubal.com\/fi\/#organization\"},\"potentialAction\":[{\"@type\":\"SearchAction\",\"target\":{\"@type\":\"EntryPoint\",\"urlTemplate\":\"https:\/\/multisite.decubal.com\/fi\/?s={search_term_string}\"},\"query-input\":{\"@type\":\"PropertyValueSpecification\",\"valueRequired\":true,\"valueName\":\"search_term_string\"}}],\"inLanguage\":\"fi-FI\"},{\"@type\":\"Organization\",\"@id\":\"https:\/\/multisite.decubal.com\/fi\/#organization\",\"name\":\"Decubal\",\"url\":\"https:\/\/multisite.decubal.com\/fi\/\",\"logo\":{\"@type\":\"ImageObject\",\"inLanguage\":\"fi-FI\",\"@id\":\"https:\/\/multisite.decubal.com\/fi\/#\/schema\/logo\/image\/\",\"url\":\"https:\/\/decubal.com\/app\/uploads\/sites\/5\/2022\/05\/Decubal-logo.png\",\"contentUrl\":\"https:\/\/decubal.com\/app\/uploads\/sites\/5\/2022\/05\/Decubal-logo.png\",\"width\":138,\"height\":40,\"caption\":\"Decubal\"},\"image\":{\"@id\":\"https:\/\/multisite.decubal.com\/fi\/#\/schema\/logo\/image\/\"}}]}<\/script>\n<!-- \/ Yoast SEO plugin. -->","yoast_head_json":{"title":"Decubal Restoring tinted lip balm - Decubal","description":"Kosteuttaa ja hoitava s\u00e4vytt\u00e4v\u00e4 huulivoide kuiville, halkeileville ja herkille huulille.","robots":{"index":"index","follow":"follow","max-snippet":"max-snippet:-1","max-image-preview":"max-image-preview:large","max-video-preview":"max-video-preview:-1"},"canonical":"https:\/\/decubal.com\/fi\/tuote\/decubal-restoring-tinted-lip-balm\/","og_locale":"fi_FI","og_type":"article","og_title":"Decubal Restoring tinted lip balm - Decubal","og_description":"Kosteuttaa ja hoitava s\u00e4vytt\u00e4v\u00e4 huulivoide kuiville, halkeileville ja herkille huulille.","og_url":"https:\/\/decubal.com\/fi\/tuote\/decubal-restoring-tinted-lip-balm\/","og_site_name":"Decubal","article_modified_time":"2026-03-04T07:33:27+00:00","og_image":[{"width":600,"height":600,"url":"https:\/\/decubal.com\/app\/uploads\/sites\/5\/2026\/03\/Decubal-Restoring-tinted-lip-balm.png","type":"image\/png"}],"twitter_card":"summary_large_image","twitter_misc":{"Est. reading time":"1 minute"},"schema":{"@context":"https:\/\/schema.org","@graph":[{"@type":"WebPage","@id":"https:\/\/decubal.com\/fi\/tuote\/decubal-restoring-tinted-lip-balm\/","url":"https:\/\/decubal.com\/fi\/tuote\/decubal-restoring-tinted-lip-balm\/","name":"Decubal Restoring tinted lip balm - Decubal","isPartOf":{"@id":"https:\/\/multisite.decubal.com\/fi\/#website"},"primaryImageOfPage":{"@id":"https:\/\/decubal.com\/fi\/tuote\/decubal-restoring-tinted-lip-balm\/#primaryimage"},"image":{"@id":"https:\/\/decubal.com\/fi\/tuote\/decubal-restoring-tinted-lip-balm\/#primaryimage"},"thumbnailUrl":"https:\/\/decubal.com\/app\/uploads\/sites\/5\/2026\/03\/Decubal-Restoring-tinted-lip-balm.png","datePublished":"2026-03-04T07:29:03+00:00","dateModified":"2026-03-04T07:33:27+00:00","description":"Kosteuttaa ja hoitava s\u00e4vytt\u00e4v\u00e4 huulivoide kuiville, halkeileville ja herkille huulille.","breadcrumb":{"@id":"https:\/\/decubal.com\/fi\/tuote\/decubal-restoring-tinted-lip-balm\/#breadcrumb"},"inLanguage":"fi-FI","potentialAction":[{"@type":"ReadAction","target":["https:\/\/decubal.com\/fi\/tuote\/decubal-restoring-tinted-lip-balm\/"]}]},{"@type":"ImageObject","inLanguage":"fi-FI","@id":"https:\/\/decubal.com\/fi\/tuote\/decubal-restoring-tinted-lip-balm\/#primaryimage","url":"https:\/\/decubal.com\/app\/uploads\/sites\/5\/2026\/03\/Decubal-Restoring-tinted-lip-balm.png","contentUrl":"https:\/\/decubal.com\/app\/uploads\/sites\/5\/2026\/03\/Decubal-Restoring-tinted-lip-balm.png","width":600,"height":600,"caption":"Decubal-Restoring-tinted-lip-balm"},{"@type":"BreadcrumbList","@id":"https:\/\/decubal.com\/fi\/tuote\/decubal-restoring-tinted-lip-balm\/#breadcrumb","itemListElement":[{"@type":"ListItem","position":1,"name":"Home","item":"https:\/\/decubal.com\/fi\/"},{"@type":"ListItem","position":2,"name":"Tuotteet","item":"https:\/\/decubal.com\/fi\/tuotteet\/"},{"@type":"ListItem","position":3,"name":"Decubal Restoring tinted lip balm"}]},{"@type":"WebSite","@id":"https:\/\/multisite.decubal.com\/fi\/#website","url":"https:\/\/multisite.decubal.com\/fi\/","name":"Decubal","description":"","publisher":{"@id":"https:\/\/multisite.decubal.com\/fi\/#organization"},"potentialAction":[{"@type":"SearchAction","target":{"@type":"EntryPoint","urlTemplate":"https:\/\/multisite.decubal.com\/fi\/?s={search_term_string}"},"query-input":{"@type":"PropertyValueSpecification","valueRequired":true,"valueName":"search_term_string"}}],"inLanguage":"fi-FI"},{"@type":"Organization","@id":"https:\/\/multisite.decubal.com\/fi\/#organization","name":"Decubal","url":"https:\/\/multisite.decubal.com\/fi\/","logo":{"@type":"ImageObject","inLanguage":"fi-FI","@id":"https:\/\/multisite.decubal.com\/fi\/#\/schema\/logo\/image\/","url":"https:\/\/decubal.com\/app\/uploads\/sites\/5\/2022\/05\/Decubal-logo.png","contentUrl":"https:\/\/decubal.com\/app\/uploads\/sites\/5\/2022\/05\/Decubal-logo.png","width":138,"height":40,"caption":"Decubal"},"image":{"@id":"https:\/\/multisite.decubal.com\/fi\/#\/schema\/logo\/image\/"}}]}},"_links":{"self":[{"href":"https:\/\/decubal.com\/fi\/wp-json\/wp\/v2\/product\/939","targetHints":{"allow":["GET"]}}],"collection":[{"href":"https:\/\/decubal.com\/fi\/wp-json\/wp\/v2\/product"}],"about":[{"href":"https:\/\/decubal.com\/fi\/wp-json\/wp\/v2\/types\/product"}],"replies":[{"embeddable":true,"href":"https:\/\/decubal.com\/fi\/wp-json\/wp\/v2\/comments?post=939"}],"version-history":[{"count":1,"href":"https:\/\/decubal.com\/fi\/wp-json\/wp\/v2\/product\/939\/revisions"}],"predecessor-version":[{"id":941,"href":"https:\/\/decubal.com\/fi\/wp-json\/wp\/v2\/product\/939\/revisions\/941"}],"wp:featuredmedia":[{"embeddable":true,"href":"https:\/\/decubal.com\/fi\/wp-json\/wp\/v2\/media\/940"}],"wp:attachment":[{"href":"https:\/\/decubal.com\/fi\/wp-json\/wp\/v2\/media?parent=939"}],"wp:term":[{"taxonomy":"product_brand","embeddable":true,"href":"https:\/\/decubal.com\/fi\/wp-json\/wp\/v2\/product_brand?post=939"},{"taxonomy":"product_cat","embeddable":true,"href":"https:\/\/decubal.com\/fi\/wp-json\/wp\/v2\/product_cat?post=939"},{"taxonomy":"product_tag","embeddable":true,"href":"https:\/\/decubal.com\/fi\/wp-json\/wp\/v2\/product_tag?post=939"}],"curies":[{"name":"wp","href":"https:\/\/api.w.org\/{rel}","templated":true}]}}