{"id":896,"date":"2026-01-14T10:13:09","date_gmt":"2026-01-14T08:13:09","guid":{"rendered":"https:\/\/decubal.com\/fi\/?post_type=product&#038;p=896"},"modified":"2026-01-14T10:13:12","modified_gmt":"2026-01-14T08:13:12","slug":"decubal-enriching-face-cleanser","status":"publish","type":"product","link":"https:\/\/decubal.com\/fi\/tuote\/decubal-enriching-face-cleanser\/","title":{"rendered":"Decubal Enriching Face Cleanser"},"content":{"rendered":"\n<div class=\"wp-block-karopharma-free-text pt-large pb-large bg-center bg-cover bg-no-repeat  redblock\" style=\"background-image:url()\"><div class=\"free-text-wrapper container max-w-medium text-left\">\n<p>Decubal Enriching Face Cleanser on tehokas mutta hell\u00e4varainen kasvojen puhdistusaine, joka on kehitetty erityisesti kuivalle, eritt\u00e4in kuivalle ja herk\u00e4lle iholle. Mm. keramideja sek\u00e4 E- ja C-vitamiinia ja punalev\u00e4\u00e4 sis\u00e4lt\u00e4v\u00e4 hell\u00e4varainen koostumus, poistaa lian ja ep\u00e4puhtaudet samalla kun se hoitaa ja elvytt\u00e4\u00e4 ihoa. Kliinisesti todistettu koostumus auttaa vahvistamaan ihon luonnollista suojakerrosta ja kosteuttaa ihoa jopa 8 tunnin ajan, j\u00e4tt\u00e4en ihon pehme\u00e4n, puhtaan ja kosteutetun tuntuiseksi koko p\u00e4iv\u00e4n ajaksi.<\/p>\n<\/div><\/div>\n\n\n\n<div class=\"wp-block-karopharma-product-promotion text-align-right pt-large pb-large bg-center bg-cover bg-no-repeat\" style=\"background-image:url()\"><div class=\"container max-w-large\">\n<div class=\"wp-block-group is-layout-flow wp-block-group-is-layout-flow\">\n<div class=\"wp-block-group hexagon is-layout-constrained wp-block-group-is-layout-constrained\">\n<h3 class=\"wp-block-heading has-text-align-center has-primary-color has-text-color has-link-color wp-elements-21faf9fa24e80ae2d169445fbfb32dcf\">K\u00e4ytt\u00f6<\/h3>\n\n\n\n<p class=\"has-text-align-center\">Hiero kosteutetulle iholle ja huuhtele vedell\u00e4. K\u00e4yt\u00e4 aamuin ja illoin.<br>Puhdistuksen j\u00e4lkeen k\u00e4yt\u00e4 Decubalin kosteuttavaa seerumia ja p\u00e4iv\u00e4voidetta. Anna seerumin imeyty\u00e4 ihoon ennen p\u00e4iv\u00e4voiteen levitt\u00e4mist\u00e4.<\/p>\n<\/div>\n<\/div>\n\n\n\n<div class=\"wp-block-group is-layout-flow wp-block-group-is-layout-flow\">\n<div class=\"wp-block-group hexagon is-layout-constrained wp-block-group-is-layout-constrained\">\n<h3 class=\"wp-block-heading has-text-align-center has-primary-color has-text-color has-link-color wp-elements-22a4a6e8551e5235a0ecd6e3b61001ed\">Ainesosat<\/h3>\n\n\n\n<p class=\"has-text-align-center\">Aqua, Glycerin, Cocamidopropyl Betaine, PEG-7 Glyceryl Cocoate, Betaine, Panthenol, Caprylyl Glycol, Citric Acid, Sodium Gluconate.<\/p>\n<\/div>\n<\/div>\n<\/div><\/div>\n\n\n\n<div class=\"wp-block-karopharma-free-text pt-large pb-large bg-center bg-cover bg-no-repeat  beigeblock\" style=\"background-image:url()\"><div class=\"free-text-wrapper container max-w-small text-center\">\n<figure class=\"wp-block-image aligncenter size-full\"><img loading=\"lazy\" decoding=\"async\" width=\"200\" height=\"204\" src=\"https:\/\/decubal.com\/app\/uploads\/sites\/5\/2022\/05\/allergy-certified.png\" alt=\"allergy-certified\" class=\"wp-image-567\"\/><\/figure>\n\n\n\n<p>Decubal Enriching Face Cleanser on Allergy Certified -hyv\u00e4ksytty, mik\u00e4 tarkoittaa, ett\u00e4 jokaisen ainesosan riski allergisen reaktion aiheuttamiseen on arvioitu toksikologin tai farmaseutin toimesta, ja riski on minimoitu.<\/p>\n<\/div><\/div>\n","protected":false},"excerpt":{"rendered":"<p>Ravitseva ja hell\u00e4varainen kasvojen puhdistusaine, joka vahvistaa ihon suojakerrosta ja kosteuttaa ihoa jopa 8 tunnin ajan. Kuivalle, eritt\u00e4in kuivalle ja herk\u00e4lle iholle.<\/p>\n","protected":false},"featured_media":897,"comment_status":"open","ping_status":"closed","template":"","meta":{"_acf_changed":false,"footnotes":""},"product_brand":[],"product_cat":[24],"product_tag":[],"class_list":{"0":"post-896","1":"product","2":"type-product","3":"status-publish","4":"has-post-thumbnail","6":"product_cat-enriching","8":"first","9":"instock","10":"shipping-taxable","11":"product-type-simple"},"acf":[],"yoast_head":"<!-- This site is optimized with the Yoast SEO plugin v26.6 - https:\/\/yoast.com\/wordpress\/plugins\/seo\/ -->\n<title>Decubal Enriching Face Cleanser - Decubal<\/title>\n<meta name=\"description\" content=\"Ravitseva ja hell\u00e4varainen kasvojen puhdistusaine, joka vahvistaa ihon suojakerrosta ja kosteuttaa ihoa jopa 8 tunnin ajan. Kuivalle, eritt\u00e4in kuivalle ja herk\u00e4lle iholle.\" \/>\n<meta name=\"robots\" content=\"index, follow, max-snippet:-1, max-image-preview:large, max-video-preview:-1\" \/>\n<link rel=\"canonical\" href=\"https:\/\/decubal.com\/fi\/tuote\/decubal-enriching-face-cleanser\/\" \/>\n<meta property=\"og:locale\" content=\"fi_FI\" \/>\n<meta property=\"og:type\" content=\"article\" \/>\n<meta property=\"og:title\" content=\"Decubal Enriching Face Cleanser - Decubal\" \/>\n<meta property=\"og:description\" content=\"Ravitseva ja hell\u00e4varainen kasvojen puhdistusaine, joka vahvistaa ihon suojakerrosta ja kosteuttaa ihoa jopa 8 tunnin ajan. Kuivalle, eritt\u00e4in kuivalle ja herk\u00e4lle iholle.\" \/>\n<meta property=\"og:url\" content=\"https:\/\/decubal.com\/fi\/tuote\/decubal-enriching-face-cleanser\/\" \/>\n<meta property=\"og:site_name\" content=\"Decubal\" \/>\n<meta property=\"article:modified_time\" content=\"2026-01-14T08:13:12+00:00\" \/>\n<meta property=\"og:image\" content=\"https:\/\/decubal.com\/app\/uploads\/sites\/5\/2026\/01\/Decubal-Enriching-face-cleanser.png\" \/>\n\t<meta property=\"og:image:width\" content=\"600\" \/>\n\t<meta property=\"og:image:height\" content=\"600\" \/>\n\t<meta property=\"og:image:type\" content=\"image\/png\" \/>\n<meta name=\"twitter:card\" content=\"summary_large_image\" \/>\n<meta name=\"twitter:label1\" content=\"Est. reading time\" \/>\n\t<meta name=\"twitter:data1\" content=\"2 minutes\" \/>\n<script type=\"application\/ld+json\" class=\"yoast-schema-graph\">{\"@context\":\"https:\/\/schema.org\",\"@graph\":[{\"@type\":\"WebPage\",\"@id\":\"https:\/\/decubal.com\/fi\/tuote\/decubal-enriching-face-cleanser\/\",\"url\":\"https:\/\/decubal.com\/fi\/tuote\/decubal-enriching-face-cleanser\/\",\"name\":\"Decubal Enriching Face Cleanser - Decubal\",\"isPartOf\":{\"@id\":\"https:\/\/multisite.decubal.com\/fi\/#website\"},\"primaryImageOfPage\":{\"@id\":\"https:\/\/decubal.com\/fi\/tuote\/decubal-enriching-face-cleanser\/#primaryimage\"},\"image\":{\"@id\":\"https:\/\/decubal.com\/fi\/tuote\/decubal-enriching-face-cleanser\/#primaryimage\"},\"thumbnailUrl\":\"https:\/\/decubal.com\/app\/uploads\/sites\/5\/2026\/01\/Decubal-Enriching-face-cleanser.png\",\"datePublished\":\"2026-01-14T08:13:09+00:00\",\"dateModified\":\"2026-01-14T08:13:12+00:00\",\"description\":\"Ravitseva ja hell\u00e4varainen kasvojen puhdistusaine, joka vahvistaa ihon suojakerrosta ja kosteuttaa ihoa jopa 8 tunnin ajan. Kuivalle, eritt\u00e4in kuivalle ja herk\u00e4lle iholle.\",\"breadcrumb\":{\"@id\":\"https:\/\/decubal.com\/fi\/tuote\/decubal-enriching-face-cleanser\/#breadcrumb\"},\"inLanguage\":\"fi-FI\",\"potentialAction\":[{\"@type\":\"ReadAction\",\"target\":[\"https:\/\/decubal.com\/fi\/tuote\/decubal-enriching-face-cleanser\/\"]}]},{\"@type\":\"ImageObject\",\"inLanguage\":\"fi-FI\",\"@id\":\"https:\/\/decubal.com\/fi\/tuote\/decubal-enriching-face-cleanser\/#primaryimage\",\"url\":\"https:\/\/decubal.com\/app\/uploads\/sites\/5\/2026\/01\/Decubal-Enriching-face-cleanser.png\",\"contentUrl\":\"https:\/\/decubal.com\/app\/uploads\/sites\/5\/2026\/01\/Decubal-Enriching-face-cleanser.png\",\"width\":600,\"height\":600,\"caption\":\"Decubal-Enriching-face-cleanser\"},{\"@type\":\"BreadcrumbList\",\"@id\":\"https:\/\/decubal.com\/fi\/tuote\/decubal-enriching-face-cleanser\/#breadcrumb\",\"itemListElement\":[{\"@type\":\"ListItem\",\"position\":1,\"name\":\"Home\",\"item\":\"https:\/\/decubal.com\/fi\/\"},{\"@type\":\"ListItem\",\"position\":2,\"name\":\"Tuotteet\",\"item\":\"https:\/\/decubal.com\/fi\/tuotteet\/\"},{\"@type\":\"ListItem\",\"position\":3,\"name\":\"Decubal Enriching Face Cleanser\"}]},{\"@type\":\"WebSite\",\"@id\":\"https:\/\/multisite.decubal.com\/fi\/#website\",\"url\":\"https:\/\/multisite.decubal.com\/fi\/\",\"name\":\"Decubal\",\"description\":\"\",\"publisher\":{\"@id\":\"https:\/\/multisite.decubal.com\/fi\/#organization\"},\"potentialAction\":[{\"@type\":\"SearchAction\",\"target\":{\"@type\":\"EntryPoint\",\"urlTemplate\":\"https:\/\/multisite.decubal.com\/fi\/?s={search_term_string}\"},\"query-input\":{\"@type\":\"PropertyValueSpecification\",\"valueRequired\":true,\"valueName\":\"search_term_string\"}}],\"inLanguage\":\"fi-FI\"},{\"@type\":\"Organization\",\"@id\":\"https:\/\/multisite.decubal.com\/fi\/#organization\",\"name\":\"Decubal\",\"url\":\"https:\/\/multisite.decubal.com\/fi\/\",\"logo\":{\"@type\":\"ImageObject\",\"inLanguage\":\"fi-FI\",\"@id\":\"https:\/\/multisite.decubal.com\/fi\/#\/schema\/logo\/image\/\",\"url\":\"https:\/\/decubal.com\/app\/uploads\/sites\/5\/2022\/05\/Decubal-logo.png\",\"contentUrl\":\"https:\/\/decubal.com\/app\/uploads\/sites\/5\/2022\/05\/Decubal-logo.png\",\"width\":138,\"height\":40,\"caption\":\"Decubal\"},\"image\":{\"@id\":\"https:\/\/multisite.decubal.com\/fi\/#\/schema\/logo\/image\/\"}}]}<\/script>\n<!-- \/ Yoast SEO plugin. -->","yoast_head_json":{"title":"Decubal Enriching Face Cleanser - Decubal","description":"Ravitseva ja hell\u00e4varainen kasvojen puhdistusaine, joka vahvistaa ihon suojakerrosta ja kosteuttaa ihoa jopa 8 tunnin ajan. Kuivalle, eritt\u00e4in kuivalle ja herk\u00e4lle iholle.","robots":{"index":"index","follow":"follow","max-snippet":"max-snippet:-1","max-image-preview":"max-image-preview:large","max-video-preview":"max-video-preview:-1"},"canonical":"https:\/\/decubal.com\/fi\/tuote\/decubal-enriching-face-cleanser\/","og_locale":"fi_FI","og_type":"article","og_title":"Decubal Enriching Face Cleanser - Decubal","og_description":"Ravitseva ja hell\u00e4varainen kasvojen puhdistusaine, joka vahvistaa ihon suojakerrosta ja kosteuttaa ihoa jopa 8 tunnin ajan. Kuivalle, eritt\u00e4in kuivalle ja herk\u00e4lle iholle.","og_url":"https:\/\/decubal.com\/fi\/tuote\/decubal-enriching-face-cleanser\/","og_site_name":"Decubal","article_modified_time":"2026-01-14T08:13:12+00:00","og_image":[{"width":600,"height":600,"url":"https:\/\/decubal.com\/app\/uploads\/sites\/5\/2026\/01\/Decubal-Enriching-face-cleanser.png","type":"image\/png"}],"twitter_card":"summary_large_image","twitter_misc":{"Est. reading time":"2 minutes"},"schema":{"@context":"https:\/\/schema.org","@graph":[{"@type":"WebPage","@id":"https:\/\/decubal.com\/fi\/tuote\/decubal-enriching-face-cleanser\/","url":"https:\/\/decubal.com\/fi\/tuote\/decubal-enriching-face-cleanser\/","name":"Decubal Enriching Face Cleanser - Decubal","isPartOf":{"@id":"https:\/\/multisite.decubal.com\/fi\/#website"},"primaryImageOfPage":{"@id":"https:\/\/decubal.com\/fi\/tuote\/decubal-enriching-face-cleanser\/#primaryimage"},"image":{"@id":"https:\/\/decubal.com\/fi\/tuote\/decubal-enriching-face-cleanser\/#primaryimage"},"thumbnailUrl":"https:\/\/decubal.com\/app\/uploads\/sites\/5\/2026\/01\/Decubal-Enriching-face-cleanser.png","datePublished":"2026-01-14T08:13:09+00:00","dateModified":"2026-01-14T08:13:12+00:00","description":"Ravitseva ja hell\u00e4varainen kasvojen puhdistusaine, joka vahvistaa ihon suojakerrosta ja kosteuttaa ihoa jopa 8 tunnin ajan. Kuivalle, eritt\u00e4in kuivalle ja herk\u00e4lle iholle.","breadcrumb":{"@id":"https:\/\/decubal.com\/fi\/tuote\/decubal-enriching-face-cleanser\/#breadcrumb"},"inLanguage":"fi-FI","potentialAction":[{"@type":"ReadAction","target":["https:\/\/decubal.com\/fi\/tuote\/decubal-enriching-face-cleanser\/"]}]},{"@type":"ImageObject","inLanguage":"fi-FI","@id":"https:\/\/decubal.com\/fi\/tuote\/decubal-enriching-face-cleanser\/#primaryimage","url":"https:\/\/decubal.com\/app\/uploads\/sites\/5\/2026\/01\/Decubal-Enriching-face-cleanser.png","contentUrl":"https:\/\/decubal.com\/app\/uploads\/sites\/5\/2026\/01\/Decubal-Enriching-face-cleanser.png","width":600,"height":600,"caption":"Decubal-Enriching-face-cleanser"},{"@type":"BreadcrumbList","@id":"https:\/\/decubal.com\/fi\/tuote\/decubal-enriching-face-cleanser\/#breadcrumb","itemListElement":[{"@type":"ListItem","position":1,"name":"Home","item":"https:\/\/decubal.com\/fi\/"},{"@type":"ListItem","position":2,"name":"Tuotteet","item":"https:\/\/decubal.com\/fi\/tuotteet\/"},{"@type":"ListItem","position":3,"name":"Decubal Enriching Face Cleanser"}]},{"@type":"WebSite","@id":"https:\/\/multisite.decubal.com\/fi\/#website","url":"https:\/\/multisite.decubal.com\/fi\/","name":"Decubal","description":"","publisher":{"@id":"https:\/\/multisite.decubal.com\/fi\/#organization"},"potentialAction":[{"@type":"SearchAction","target":{"@type":"EntryPoint","urlTemplate":"https:\/\/multisite.decubal.com\/fi\/?s={search_term_string}"},"query-input":{"@type":"PropertyValueSpecification","valueRequired":true,"valueName":"search_term_string"}}],"inLanguage":"fi-FI"},{"@type":"Organization","@id":"https:\/\/multisite.decubal.com\/fi\/#organization","name":"Decubal","url":"https:\/\/multisite.decubal.com\/fi\/","logo":{"@type":"ImageObject","inLanguage":"fi-FI","@id":"https:\/\/multisite.decubal.com\/fi\/#\/schema\/logo\/image\/","url":"https:\/\/decubal.com\/app\/uploads\/sites\/5\/2022\/05\/Decubal-logo.png","contentUrl":"https:\/\/decubal.com\/app\/uploads\/sites\/5\/2022\/05\/Decubal-logo.png","width":138,"height":40,"caption":"Decubal"},"image":{"@id":"https:\/\/multisite.decubal.com\/fi\/#\/schema\/logo\/image\/"}}]}},"_links":{"self":[{"href":"https:\/\/decubal.com\/fi\/wp-json\/wp\/v2\/product\/896","targetHints":{"allow":["GET"]}}],"collection":[{"href":"https:\/\/decubal.com\/fi\/wp-json\/wp\/v2\/product"}],"about":[{"href":"https:\/\/decubal.com\/fi\/wp-json\/wp\/v2\/types\/product"}],"replies":[{"embeddable":true,"href":"https:\/\/decubal.com\/fi\/wp-json\/wp\/v2\/comments?post=896"}],"version-history":[{"count":1,"href":"https:\/\/decubal.com\/fi\/wp-json\/wp\/v2\/product\/896\/revisions"}],"predecessor-version":[{"id":898,"href":"https:\/\/decubal.com\/fi\/wp-json\/wp\/v2\/product\/896\/revisions\/898"}],"wp:featuredmedia":[{"embeddable":true,"href":"https:\/\/decubal.com\/fi\/wp-json\/wp\/v2\/media\/897"}],"wp:attachment":[{"href":"https:\/\/decubal.com\/fi\/wp-json\/wp\/v2\/media?parent=896"}],"wp:term":[{"taxonomy":"product_brand","embeddable":true,"href":"https:\/\/decubal.com\/fi\/wp-json\/wp\/v2\/product_brand?post=896"},{"taxonomy":"product_cat","embeddable":true,"href":"https:\/\/decubal.com\/fi\/wp-json\/wp\/v2\/product_cat?post=896"},{"taxonomy":"product_tag","embeddable":true,"href":"https:\/\/decubal.com\/fi\/wp-json\/wp\/v2\/product_tag?post=896"}],"curies":[{"name":"wp","href":"https:\/\/api.w.org\/{rel}","templated":true}]}}