{"id":891,"date":"2026-01-12T10:32:45","date_gmt":"2026-01-12T08:32:45","guid":{"rendered":"https:\/\/decubal.com\/fi\/?post_type=product&#038;p=891"},"modified":"2026-02-20T13:56:33","modified_gmt":"2026-02-20T11:56:33","slug":"decubal-sun-lip-balm-spf30","status":"publish","type":"product","link":"https:\/\/decubal.com\/fi\/tuote\/decubal-sun-lip-balm-spf30\/","title":{"rendered":"Decubal Sun lip balm SPF30"},"content":{"rendered":"\n<div class=\"wp-block-karopharma-free-text pt-large pb-large bg-center bg-cover bg-no-repeat  redblock\" style=\"background-image:url()\"><div class=\"free-text-wrapper container max-w-medium text-left\">\n<p>Decubal Lip Balm SPF30 on kehitetty suojaamaan eritt\u00e4in kuivia, halkeilevia ja herkki\u00e4 huulia. Se tarjoaa korkean suojan UVA- ja UVB-s\u00e4teit\u00e4 vastaan samalla kun se hoitaa ja ravitsee huulia. Pitk\u00e4kestoisesti, jopa 48 tunnin ajan, kosteuttava koostumus on rikastettu mehil\u00e4isvahalla ja E-vitamiinilla, jotta huulet pysyv\u00e4t pehmein\u00e4 ja suojattuina. Dermatologisesti testattu, hypoallergeeninen, hajusteeton ja vedet\u00f6n. EcoSun Pass -hyv\u00e4ksytty tarjoten ymp\u00e4rist\u00f6yst\u00e4v\u00e4llisen, turvallisen ja tehokkaan suojan.<\/p>\n<\/div><\/div>\n\n\n\n<div class=\"wp-block-karopharma-product-promotion text-align-right pt-large pb-large bg-center bg-cover bg-no-repeat\" style=\"background-image:url()\"><div class=\"container max-w-large\">\n<div class=\"wp-block-group is-layout-flow wp-block-group-is-layout-flow\">\n<div class=\"wp-block-group hexagon is-layout-constrained wp-block-group-is-layout-constrained\">\n<h3 class=\"wp-block-heading has-text-align-center has-primary-color has-text-color has-link-color wp-elements-21faf9fa24e80ae2d169445fbfb32dcf\">K\u00e4ytt\u00f6<\/h3>\n\n\n\n<p class=\"has-text-align-center\">Levit\u00e4 runsaasti ennen auringolle altistumista ja lis\u00e4\u00e4 usein suojaustehon yll\u00e4pit\u00e4miseksi. V\u00e4lt\u00e4 liiallista auringonottoa, sill\u00e4 tuote ei tarjoa 100 % suojaa. Pid\u00e4 vauvat ja pienet lapset poissa suorasta auringonpaisteesta.<\/p>\n<\/div>\n<\/div>\n\n\n\n<div class=\"wp-block-group is-layout-flow wp-block-group-is-layout-flow\">\n<div class=\"wp-block-group hexagon is-layout-constrained wp-block-group-is-layout-constrained\">\n<h3 class=\"wp-block-heading has-text-align-center has-primary-color has-text-color has-link-color wp-elements-22a4a6e8551e5235a0ecd6e3b61001ed\">Ainesosat<\/h3>\n\n\n\n<p class=\"has-text-align-center\">Cera Alba, C12-15 Alkyl Benzoate, Dibutyl Adipate, Lanolin, Petrolatum, Shea Butter Ethyl Esters, Diethylamino Hydroxybenzoyl Hexyl Benzoate, Bis-Ethylhexyloxyphenol Methoxyphenyl Triazine, Ethylhexyl Triazone, Synthetic Fluorphlogopite, Glycine Soja Oil, Lauroyl Lysine, Tocopherol, Beta-Sitosterol, Squalene.<\/p>\n<\/div>\n<\/div>\n<\/div><\/div>\n","protected":false},"excerpt":{"rendered":"<p>Ravitseva ja hoitava huulivoide SPF30 UVA- ja UVB-suojalla. Kosteuttaa ja suojaa kuivia, halkeilevia huulia.<\/p>\n","protected":false},"featured_media":892,"comment_status":"open","ping_status":"closed","template":"","meta":{"_acf_changed":false,"footnotes":""},"product_brand":[],"product_cat":[21],"product_tag":[],"class_list":{"0":"post-891","1":"product","2":"type-product","3":"status-publish","4":"has-post-thumbnail","6":"product_cat-sun","8":"first","9":"instock","10":"shipping-taxable","11":"product-type-simple"},"acf":[],"yoast_head":"<!-- This site is optimized with the Yoast SEO plugin v26.6 - https:\/\/yoast.com\/wordpress\/plugins\/seo\/ -->\n<title>Decubal Sun lip balm SPF30 - Decubal<\/title>\n<meta name=\"description\" content=\"Ravitseva ja hoitava huulivoide SPF30 UVA- ja UVB-suojalla. Kosteuttaa ja suojaa kuivia, halkeilevia huulia.\" \/>\n<meta name=\"robots\" content=\"index, follow, max-snippet:-1, max-image-preview:large, max-video-preview:-1\" \/>\n<link rel=\"canonical\" href=\"https:\/\/decubal.com\/fi\/tuote\/decubal-sun-lip-balm-spf30\/\" \/>\n<meta property=\"og:locale\" content=\"fi_FI\" \/>\n<meta property=\"og:type\" content=\"article\" \/>\n<meta property=\"og:title\" content=\"Decubal Sun lip balm SPF30 - Decubal\" \/>\n<meta property=\"og:description\" content=\"Ravitseva ja hoitava huulivoide SPF30 UVA- ja UVB-suojalla. Kosteuttaa ja suojaa kuivia, halkeilevia huulia.\" \/>\n<meta property=\"og:url\" content=\"https:\/\/decubal.com\/fi\/tuote\/decubal-sun-lip-balm-spf30\/\" \/>\n<meta property=\"og:site_name\" content=\"Decubal\" \/>\n<meta property=\"article:modified_time\" content=\"2026-02-20T11:56:33+00:00\" \/>\n<meta property=\"og:image\" content=\"https:\/\/decubal.com\/app\/uploads\/sites\/5\/2026\/01\/Decubal-Sun-lip-balm.png\" \/>\n\t<meta property=\"og:image:width\" content=\"600\" \/>\n\t<meta property=\"og:image:height\" content=\"600\" \/>\n\t<meta property=\"og:image:type\" content=\"image\/png\" \/>\n<meta name=\"twitter:card\" content=\"summary_large_image\" \/>\n<meta name=\"twitter:label1\" content=\"Est. reading time\" \/>\n\t<meta name=\"twitter:data1\" content=\"1 minute\" \/>\n<script type=\"application\/ld+json\" class=\"yoast-schema-graph\">{\"@context\":\"https:\/\/schema.org\",\"@graph\":[{\"@type\":\"WebPage\",\"@id\":\"https:\/\/decubal.com\/fi\/tuote\/decubal-sun-lip-balm-spf30\/\",\"url\":\"https:\/\/decubal.com\/fi\/tuote\/decubal-sun-lip-balm-spf30\/\",\"name\":\"Decubal Sun lip balm SPF30 - Decubal\",\"isPartOf\":{\"@id\":\"https:\/\/multisite.decubal.com\/fi\/#website\"},\"primaryImageOfPage\":{\"@id\":\"https:\/\/decubal.com\/fi\/tuote\/decubal-sun-lip-balm-spf30\/#primaryimage\"},\"image\":{\"@id\":\"https:\/\/decubal.com\/fi\/tuote\/decubal-sun-lip-balm-spf30\/#primaryimage\"},\"thumbnailUrl\":\"https:\/\/decubal.com\/app\/uploads\/sites\/5\/2026\/01\/Decubal-Sun-lip-balm.png\",\"datePublished\":\"2026-01-12T08:32:45+00:00\",\"dateModified\":\"2026-02-20T11:56:33+00:00\",\"description\":\"Ravitseva ja hoitava huulivoide SPF30 UVA- ja UVB-suojalla. Kosteuttaa ja suojaa kuivia, halkeilevia huulia.\",\"breadcrumb\":{\"@id\":\"https:\/\/decubal.com\/fi\/tuote\/decubal-sun-lip-balm-spf30\/#breadcrumb\"},\"inLanguage\":\"fi-FI\",\"potentialAction\":[{\"@type\":\"ReadAction\",\"target\":[\"https:\/\/decubal.com\/fi\/tuote\/decubal-sun-lip-balm-spf30\/\"]}]},{\"@type\":\"ImageObject\",\"inLanguage\":\"fi-FI\",\"@id\":\"https:\/\/decubal.com\/fi\/tuote\/decubal-sun-lip-balm-spf30\/#primaryimage\",\"url\":\"https:\/\/decubal.com\/app\/uploads\/sites\/5\/2026\/01\/Decubal-Sun-lip-balm.png\",\"contentUrl\":\"https:\/\/decubal.com\/app\/uploads\/sites\/5\/2026\/01\/Decubal-Sun-lip-balm.png\",\"width\":600,\"height\":600,\"caption\":\"Decubal-Sun-lip-balm\"},{\"@type\":\"BreadcrumbList\",\"@id\":\"https:\/\/decubal.com\/fi\/tuote\/decubal-sun-lip-balm-spf30\/#breadcrumb\",\"itemListElement\":[{\"@type\":\"ListItem\",\"position\":1,\"name\":\"Home\",\"item\":\"https:\/\/decubal.com\/fi\/\"},{\"@type\":\"ListItem\",\"position\":2,\"name\":\"Tuotteet\",\"item\":\"https:\/\/decubal.com\/fi\/tuotteet\/\"},{\"@type\":\"ListItem\",\"position\":3,\"name\":\"Decubal Sun lip balm SPF30\"}]},{\"@type\":\"WebSite\",\"@id\":\"https:\/\/multisite.decubal.com\/fi\/#website\",\"url\":\"https:\/\/multisite.decubal.com\/fi\/\",\"name\":\"Decubal\",\"description\":\"\",\"publisher\":{\"@id\":\"https:\/\/multisite.decubal.com\/fi\/#organization\"},\"potentialAction\":[{\"@type\":\"SearchAction\",\"target\":{\"@type\":\"EntryPoint\",\"urlTemplate\":\"https:\/\/multisite.decubal.com\/fi\/?s={search_term_string}\"},\"query-input\":{\"@type\":\"PropertyValueSpecification\",\"valueRequired\":true,\"valueName\":\"search_term_string\"}}],\"inLanguage\":\"fi-FI\"},{\"@type\":\"Organization\",\"@id\":\"https:\/\/multisite.decubal.com\/fi\/#organization\",\"name\":\"Decubal\",\"url\":\"https:\/\/multisite.decubal.com\/fi\/\",\"logo\":{\"@type\":\"ImageObject\",\"inLanguage\":\"fi-FI\",\"@id\":\"https:\/\/multisite.decubal.com\/fi\/#\/schema\/logo\/image\/\",\"url\":\"https:\/\/decubal.com\/app\/uploads\/sites\/5\/2022\/05\/Decubal-logo.png\",\"contentUrl\":\"https:\/\/decubal.com\/app\/uploads\/sites\/5\/2022\/05\/Decubal-logo.png\",\"width\":138,\"height\":40,\"caption\":\"Decubal\"},\"image\":{\"@id\":\"https:\/\/multisite.decubal.com\/fi\/#\/schema\/logo\/image\/\"}}]}<\/script>\n<!-- \/ Yoast SEO plugin. -->","yoast_head_json":{"title":"Decubal Sun lip balm SPF30 - Decubal","description":"Ravitseva ja hoitava huulivoide SPF30 UVA- ja UVB-suojalla. Kosteuttaa ja suojaa kuivia, halkeilevia huulia.","robots":{"index":"index","follow":"follow","max-snippet":"max-snippet:-1","max-image-preview":"max-image-preview:large","max-video-preview":"max-video-preview:-1"},"canonical":"https:\/\/decubal.com\/fi\/tuote\/decubal-sun-lip-balm-spf30\/","og_locale":"fi_FI","og_type":"article","og_title":"Decubal Sun lip balm SPF30 - Decubal","og_description":"Ravitseva ja hoitava huulivoide SPF30 UVA- ja UVB-suojalla. Kosteuttaa ja suojaa kuivia, halkeilevia huulia.","og_url":"https:\/\/decubal.com\/fi\/tuote\/decubal-sun-lip-balm-spf30\/","og_site_name":"Decubal","article_modified_time":"2026-02-20T11:56:33+00:00","og_image":[{"width":600,"height":600,"url":"https:\/\/decubal.com\/app\/uploads\/sites\/5\/2026\/01\/Decubal-Sun-lip-balm.png","type":"image\/png"}],"twitter_card":"summary_large_image","twitter_misc":{"Est. reading time":"1 minute"},"schema":{"@context":"https:\/\/schema.org","@graph":[{"@type":"WebPage","@id":"https:\/\/decubal.com\/fi\/tuote\/decubal-sun-lip-balm-spf30\/","url":"https:\/\/decubal.com\/fi\/tuote\/decubal-sun-lip-balm-spf30\/","name":"Decubal Sun lip balm SPF30 - Decubal","isPartOf":{"@id":"https:\/\/multisite.decubal.com\/fi\/#website"},"primaryImageOfPage":{"@id":"https:\/\/decubal.com\/fi\/tuote\/decubal-sun-lip-balm-spf30\/#primaryimage"},"image":{"@id":"https:\/\/decubal.com\/fi\/tuote\/decubal-sun-lip-balm-spf30\/#primaryimage"},"thumbnailUrl":"https:\/\/decubal.com\/app\/uploads\/sites\/5\/2026\/01\/Decubal-Sun-lip-balm.png","datePublished":"2026-01-12T08:32:45+00:00","dateModified":"2026-02-20T11:56:33+00:00","description":"Ravitseva ja hoitava huulivoide SPF30 UVA- ja UVB-suojalla. Kosteuttaa ja suojaa kuivia, halkeilevia huulia.","breadcrumb":{"@id":"https:\/\/decubal.com\/fi\/tuote\/decubal-sun-lip-balm-spf30\/#breadcrumb"},"inLanguage":"fi-FI","potentialAction":[{"@type":"ReadAction","target":["https:\/\/decubal.com\/fi\/tuote\/decubal-sun-lip-balm-spf30\/"]}]},{"@type":"ImageObject","inLanguage":"fi-FI","@id":"https:\/\/decubal.com\/fi\/tuote\/decubal-sun-lip-balm-spf30\/#primaryimage","url":"https:\/\/decubal.com\/app\/uploads\/sites\/5\/2026\/01\/Decubal-Sun-lip-balm.png","contentUrl":"https:\/\/decubal.com\/app\/uploads\/sites\/5\/2026\/01\/Decubal-Sun-lip-balm.png","width":600,"height":600,"caption":"Decubal-Sun-lip-balm"},{"@type":"BreadcrumbList","@id":"https:\/\/decubal.com\/fi\/tuote\/decubal-sun-lip-balm-spf30\/#breadcrumb","itemListElement":[{"@type":"ListItem","position":1,"name":"Home","item":"https:\/\/decubal.com\/fi\/"},{"@type":"ListItem","position":2,"name":"Tuotteet","item":"https:\/\/decubal.com\/fi\/tuotteet\/"},{"@type":"ListItem","position":3,"name":"Decubal Sun lip balm SPF30"}]},{"@type":"WebSite","@id":"https:\/\/multisite.decubal.com\/fi\/#website","url":"https:\/\/multisite.decubal.com\/fi\/","name":"Decubal","description":"","publisher":{"@id":"https:\/\/multisite.decubal.com\/fi\/#organization"},"potentialAction":[{"@type":"SearchAction","target":{"@type":"EntryPoint","urlTemplate":"https:\/\/multisite.decubal.com\/fi\/?s={search_term_string}"},"query-input":{"@type":"PropertyValueSpecification","valueRequired":true,"valueName":"search_term_string"}}],"inLanguage":"fi-FI"},{"@type":"Organization","@id":"https:\/\/multisite.decubal.com\/fi\/#organization","name":"Decubal","url":"https:\/\/multisite.decubal.com\/fi\/","logo":{"@type":"ImageObject","inLanguage":"fi-FI","@id":"https:\/\/multisite.decubal.com\/fi\/#\/schema\/logo\/image\/","url":"https:\/\/decubal.com\/app\/uploads\/sites\/5\/2022\/05\/Decubal-logo.png","contentUrl":"https:\/\/decubal.com\/app\/uploads\/sites\/5\/2022\/05\/Decubal-logo.png","width":138,"height":40,"caption":"Decubal"},"image":{"@id":"https:\/\/multisite.decubal.com\/fi\/#\/schema\/logo\/image\/"}}]}},"_links":{"self":[{"href":"https:\/\/decubal.com\/fi\/wp-json\/wp\/v2\/product\/891","targetHints":{"allow":["GET"]}}],"collection":[{"href":"https:\/\/decubal.com\/fi\/wp-json\/wp\/v2\/product"}],"about":[{"href":"https:\/\/decubal.com\/fi\/wp-json\/wp\/v2\/types\/product"}],"replies":[{"embeddable":true,"href":"https:\/\/decubal.com\/fi\/wp-json\/wp\/v2\/comments?post=891"}],"version-history":[{"count":4,"href":"https:\/\/decubal.com\/fi\/wp-json\/wp\/v2\/product\/891\/revisions"}],"predecessor-version":[{"id":935,"href":"https:\/\/decubal.com\/fi\/wp-json\/wp\/v2\/product\/891\/revisions\/935"}],"wp:featuredmedia":[{"embeddable":true,"href":"https:\/\/decubal.com\/fi\/wp-json\/wp\/v2\/media\/892"}],"wp:attachment":[{"href":"https:\/\/decubal.com\/fi\/wp-json\/wp\/v2\/media?parent=891"}],"wp:term":[{"taxonomy":"product_brand","embeddable":true,"href":"https:\/\/decubal.com\/fi\/wp-json\/wp\/v2\/product_brand?post=891"},{"taxonomy":"product_cat","embeddable":true,"href":"https:\/\/decubal.com\/fi\/wp-json\/wp\/v2\/product_cat?post=891"},{"taxonomy":"product_tag","embeddable":true,"href":"https:\/\/decubal.com\/fi\/wp-json\/wp\/v2\/product_tag?post=891"}],"curies":[{"name":"wp","href":"https:\/\/api.w.org\/{rel}","templated":true}]}}