{"id":813,"date":"2025-08-08T16:02:05","date_gmt":"2025-08-08T13:02:05","guid":{"rendered":"https:\/\/decubal.com\/fi\/?post_type=product&#038;p=813"},"modified":"2026-02-20T13:58:27","modified_gmt":"2026-02-20T11:58:27","slug":"decubal-enriching-serum","status":"publish","type":"product","link":"https:\/\/decubal.com\/fi\/tuote\/decubal-enriching-serum\/","title":{"rendered":"Decubal Enriching Serum"},"content":{"rendered":"\n<div class=\"wp-block-karopharma-free-text pt-large pb-large bg-center bg-cover bg-no-repeat  redblock\" style=\"background-image:url()\"><div class=\"free-text-wrapper container max-w-medium text-left\">\n<p>Decubal Enriching Serum on kehitetty pit\u00e4m\u00e4\u00e4n eritt\u00e4in kuiva ja herkk\u00e4 iho nuorekkaana ja hyvinvoivana. Innovatiivinen ihon tarpeisiin mukautuva teknologia auttaa tuotetta sopeutumaan eri ymp\u00e4rist\u00f6ihin ja toimimaan ihon tarpeiden mukaan eri vuodenaikoina ja l\u00e4mp\u00f6tiloissa, tarjoten intensiivist\u00e4, pitk\u00e4kestoista kosteutusta. Samalla se lis\u00e4\u00e4 ihon kimmoisuutta ja vahvistaa ihon luonnollista suojamuuria. Tehokas mutta hell\u00e4varainen koostumus sis\u00e4lt\u00e4\u00e4 ainutlaatuisen yhdistelm\u00e4n kollageenia, keramideja, antioksidantteja, niasiiniamidia ja pohjoismaista punalev\u00e4\u00e4, jotka ravitsevat ihoa syv\u00e4lt\u00e4.<\/p>\n<\/div><\/div>\n\n\n\n<div class=\"wp-block-karopharma-product-promotion text-align-right pt-large pb-large bg-center bg-cover bg-no-repeat\" style=\"background-image:url()\"><div class=\"container max-w-large\">\n<div class=\"wp-block-group is-layout-flow wp-block-group-is-layout-flow\">\n<div class=\"wp-block-group hexagon is-layout-constrained wp-block-group-is-layout-constrained\">\n<h3 class=\"wp-block-heading has-text-align-center has-primary-color has-text-color has-link-color wp-elements-21faf9fa24e80ae2d169445fbfb32dcf\">K\u00e4ytt\u00f6<\/h3>\n\n\n\n<p class=\"has-text-align-center\">Levit\u00e4 puhtaalle kasvojen ja dekolteen iholle 3-4 tippaa ja hiero hell\u00e4varaisesti ihoon.<\/p>\n<\/div>\n<\/div>\n\n\n\n<div class=\"wp-block-group is-layout-flow wp-block-group-is-layout-flow\">\n<div class=\"wp-block-group hexagon is-layout-constrained wp-block-group-is-layout-constrained\">\n<h3 class=\"wp-block-heading has-text-align-center has-primary-color has-text-color has-link-color wp-elements-22a4a6e8551e5235a0ecd6e3b61001ed\">Ainesosat<\/h3>\n\n\n\n<p class=\"has-text-align-center mindretext2\">Aqua, Glycerin, Caprylic\/Capric Triglyceride, Caprylyl Methicone, Glyceryl Stearate, Niacinamide, Glyceryl Stearate Citrate, Sodium Ascorbyl Phosphate, TocopherylAcetate, Olive Oil Decyl Esters, Polyglyceryl-3 Stearate, Propanediol, Maltodextrin, Hydrogenated Lecithin, Caprylyl Glycol, Hydrolyzed Collagen, Sclerotium Gum,Sodium Hyaluronate, Sodium Lauroyl Lactylate, Squalene, Glycine Soja Oil, Caprylhydroxamic Acid, Phenoxyethanol, Tocopherol, Ceramide NP, Sodium Citrate, Beta-Sitosterol, Sodium Carrageenan, Ceramide AP, Phytosphingosine, Cholesterol, Xanthan Gum, Citric Acid, Carbomer, Ethylhexylglycerin, Sea Salt, Cyanocobalamin,Ceramide EOP.<\/p>\n<\/div>\n<\/div>\n<\/div><\/div>\n\n\n\n<div class=\"wp-block-karopharma-free-text pt-large pb-large bg-center bg-cover bg-no-repeat  beigeblock\" style=\"background-image:url()\"><div class=\"free-text-wrapper container max-w-small text-center\">\n<figure class=\"wp-block-image aligncenter size-full\"><img loading=\"lazy\" decoding=\"async\" width=\"200\" height=\"204\" src=\"https:\/\/decubal.com\/app\/uploads\/sites\/5\/2022\/05\/allergy-certified.png\" alt=\"allergy-certified\" class=\"wp-image-567\"\/><\/figure>\n\n\n\n<h2 class=\"wp-block-heading is-style-heading-h2\">Decubal Enriching Serum on hajusteeton ja dermatologisesti testattu eritt\u00e4in kuivalla ja herk\u00e4ll\u00e4 iholla.<\/h2>\n\n\n\n<p>Tuote on Allergy Certified -hyv\u00e4ksytty, mik\u00e4 tarkoittaa, ett\u00e4 jokaisen ainesosan riski allergisen reaktion aiheuttamiseen on arvioitu toksikologin tai farmaseutin toimesta, ja riski on minimoitu.<\/p>\n<\/div><\/div>\n","protected":false},"excerpt":{"rendered":"<p>Eritt\u00e4in ravitseva kasvoseerumi, joka parantaa ihon kimmoisuutta ja elastisuutta. Kuivalle ja eritt\u00e4in kuivalle, herk\u00e4lle iholle.<\/p>\n","protected":false},"featured_media":814,"comment_status":"open","ping_status":"closed","template":"","meta":{"_acf_changed":false,"footnotes":""},"product_brand":[],"product_cat":[24],"product_tag":[],"class_list":{"0":"post-813","1":"product","2":"type-product","3":"status-publish","4":"has-post-thumbnail","6":"product_cat-enriching","8":"first","9":"instock","10":"shipping-taxable","11":"product-type-simple"},"acf":[],"yoast_head":"<!-- This site is optimized with the Yoast SEO plugin v26.6 - https:\/\/yoast.com\/wordpress\/plugins\/seo\/ -->\n<title>Decubal Enriching Serum - Decubal<\/title>\n<meta name=\"description\" content=\"Eritt\u00e4in ravitseva kasvoseerumi, joka parantaa ihon kimmoisuutta ja elastisuutta. Kuivalle ja eritt\u00e4in kuivalle, herk\u00e4lle iholle.\" \/>\n<meta name=\"robots\" content=\"index, follow, max-snippet:-1, max-image-preview:large, max-video-preview:-1\" \/>\n<link rel=\"canonical\" href=\"https:\/\/decubal.com\/fi\/tuote\/decubal-enriching-serum\/\" \/>\n<meta property=\"og:locale\" content=\"fi_FI\" \/>\n<meta property=\"og:type\" content=\"article\" \/>\n<meta property=\"og:title\" content=\"Decubal Enriching Serum - Decubal\" \/>\n<meta property=\"og:description\" content=\"Eritt\u00e4in ravitseva kasvoseerumi, joka parantaa ihon kimmoisuutta ja elastisuutta. Kuivalle ja eritt\u00e4in kuivalle, herk\u00e4lle iholle.\" \/>\n<meta property=\"og:url\" content=\"https:\/\/decubal.com\/fi\/tuote\/decubal-enriching-serum\/\" \/>\n<meta property=\"og:site_name\" content=\"Decubal\" \/>\n<meta property=\"article:modified_time\" content=\"2026-02-20T11:58:27+00:00\" \/>\n<meta property=\"og:image\" content=\"https:\/\/decubal.com\/app\/uploads\/sites\/5\/2025\/08\/Decubal-Enriching-face-serum.png\" \/>\n\t<meta property=\"og:image:width\" content=\"600\" \/>\n\t<meta property=\"og:image:height\" content=\"600\" \/>\n\t<meta property=\"og:image:type\" content=\"image\/png\" \/>\n<meta name=\"twitter:card\" content=\"summary_large_image\" \/>\n<meta name=\"twitter:label1\" content=\"Est. reading time\" \/>\n\t<meta name=\"twitter:data1\" content=\"2 minutes\" \/>\n<script type=\"application\/ld+json\" class=\"yoast-schema-graph\">{\"@context\":\"https:\/\/schema.org\",\"@graph\":[{\"@type\":\"WebPage\",\"@id\":\"https:\/\/decubal.com\/fi\/tuote\/decubal-enriching-serum\/\",\"url\":\"https:\/\/decubal.com\/fi\/tuote\/decubal-enriching-serum\/\",\"name\":\"Decubal Enriching Serum - Decubal\",\"isPartOf\":{\"@id\":\"https:\/\/multisite.decubal.com\/fi\/#website\"},\"primaryImageOfPage\":{\"@id\":\"https:\/\/decubal.com\/fi\/tuote\/decubal-enriching-serum\/#primaryimage\"},\"image\":{\"@id\":\"https:\/\/decubal.com\/fi\/tuote\/decubal-enriching-serum\/#primaryimage\"},\"thumbnailUrl\":\"https:\/\/decubal.com\/app\/uploads\/sites\/5\/2025\/08\/Decubal-Enriching-face-serum.png\",\"datePublished\":\"2025-08-08T13:02:05+00:00\",\"dateModified\":\"2026-02-20T11:58:27+00:00\",\"description\":\"Eritt\u00e4in ravitseva kasvoseerumi, joka parantaa ihon kimmoisuutta ja elastisuutta. Kuivalle ja eritt\u00e4in kuivalle, herk\u00e4lle iholle.\",\"breadcrumb\":{\"@id\":\"https:\/\/decubal.com\/fi\/tuote\/decubal-enriching-serum\/#breadcrumb\"},\"inLanguage\":\"fi-FI\",\"potentialAction\":[{\"@type\":\"ReadAction\",\"target\":[\"https:\/\/decubal.com\/fi\/tuote\/decubal-enriching-serum\/\"]}]},{\"@type\":\"ImageObject\",\"inLanguage\":\"fi-FI\",\"@id\":\"https:\/\/decubal.com\/fi\/tuote\/decubal-enriching-serum\/#primaryimage\",\"url\":\"https:\/\/decubal.com\/app\/uploads\/sites\/5\/2025\/08\/Decubal-Enriching-face-serum.png\",\"contentUrl\":\"https:\/\/decubal.com\/app\/uploads\/sites\/5\/2025\/08\/Decubal-Enriching-face-serum.png\",\"width\":600,\"height\":600,\"caption\":\"Decubal-Enriching-face-serum\"},{\"@type\":\"BreadcrumbList\",\"@id\":\"https:\/\/decubal.com\/fi\/tuote\/decubal-enriching-serum\/#breadcrumb\",\"itemListElement\":[{\"@type\":\"ListItem\",\"position\":1,\"name\":\"Home\",\"item\":\"https:\/\/decubal.com\/fi\/\"},{\"@type\":\"ListItem\",\"position\":2,\"name\":\"Tuotteet\",\"item\":\"https:\/\/decubal.com\/fi\/tuotteet\/\"},{\"@type\":\"ListItem\",\"position\":3,\"name\":\"Decubal Enriching Serum\"}]},{\"@type\":\"WebSite\",\"@id\":\"https:\/\/multisite.decubal.com\/fi\/#website\",\"url\":\"https:\/\/multisite.decubal.com\/fi\/\",\"name\":\"Decubal\",\"description\":\"\",\"publisher\":{\"@id\":\"https:\/\/multisite.decubal.com\/fi\/#organization\"},\"potentialAction\":[{\"@type\":\"SearchAction\",\"target\":{\"@type\":\"EntryPoint\",\"urlTemplate\":\"https:\/\/multisite.decubal.com\/fi\/?s={search_term_string}\"},\"query-input\":{\"@type\":\"PropertyValueSpecification\",\"valueRequired\":true,\"valueName\":\"search_term_string\"}}],\"inLanguage\":\"fi-FI\"},{\"@type\":\"Organization\",\"@id\":\"https:\/\/multisite.decubal.com\/fi\/#organization\",\"name\":\"Decubal\",\"url\":\"https:\/\/multisite.decubal.com\/fi\/\",\"logo\":{\"@type\":\"ImageObject\",\"inLanguage\":\"fi-FI\",\"@id\":\"https:\/\/multisite.decubal.com\/fi\/#\/schema\/logo\/image\/\",\"url\":\"https:\/\/decubal.com\/app\/uploads\/sites\/5\/2022\/05\/Decubal-logo.png\",\"contentUrl\":\"https:\/\/decubal.com\/app\/uploads\/sites\/5\/2022\/05\/Decubal-logo.png\",\"width\":138,\"height\":40,\"caption\":\"Decubal\"},\"image\":{\"@id\":\"https:\/\/multisite.decubal.com\/fi\/#\/schema\/logo\/image\/\"}}]}<\/script>\n<!-- \/ Yoast SEO plugin. -->","yoast_head_json":{"title":"Decubal Enriching Serum - Decubal","description":"Eritt\u00e4in ravitseva kasvoseerumi, joka parantaa ihon kimmoisuutta ja elastisuutta. Kuivalle ja eritt\u00e4in kuivalle, herk\u00e4lle iholle.","robots":{"index":"index","follow":"follow","max-snippet":"max-snippet:-1","max-image-preview":"max-image-preview:large","max-video-preview":"max-video-preview:-1"},"canonical":"https:\/\/decubal.com\/fi\/tuote\/decubal-enriching-serum\/","og_locale":"fi_FI","og_type":"article","og_title":"Decubal Enriching Serum - Decubal","og_description":"Eritt\u00e4in ravitseva kasvoseerumi, joka parantaa ihon kimmoisuutta ja elastisuutta. Kuivalle ja eritt\u00e4in kuivalle, herk\u00e4lle iholle.","og_url":"https:\/\/decubal.com\/fi\/tuote\/decubal-enriching-serum\/","og_site_name":"Decubal","article_modified_time":"2026-02-20T11:58:27+00:00","og_image":[{"width":600,"height":600,"url":"https:\/\/decubal.com\/app\/uploads\/sites\/5\/2025\/08\/Decubal-Enriching-face-serum.png","type":"image\/png"}],"twitter_card":"summary_large_image","twitter_misc":{"Est. reading time":"2 minutes"},"schema":{"@context":"https:\/\/schema.org","@graph":[{"@type":"WebPage","@id":"https:\/\/decubal.com\/fi\/tuote\/decubal-enriching-serum\/","url":"https:\/\/decubal.com\/fi\/tuote\/decubal-enriching-serum\/","name":"Decubal Enriching Serum - Decubal","isPartOf":{"@id":"https:\/\/multisite.decubal.com\/fi\/#website"},"primaryImageOfPage":{"@id":"https:\/\/decubal.com\/fi\/tuote\/decubal-enriching-serum\/#primaryimage"},"image":{"@id":"https:\/\/decubal.com\/fi\/tuote\/decubal-enriching-serum\/#primaryimage"},"thumbnailUrl":"https:\/\/decubal.com\/app\/uploads\/sites\/5\/2025\/08\/Decubal-Enriching-face-serum.png","datePublished":"2025-08-08T13:02:05+00:00","dateModified":"2026-02-20T11:58:27+00:00","description":"Eritt\u00e4in ravitseva kasvoseerumi, joka parantaa ihon kimmoisuutta ja elastisuutta. Kuivalle ja eritt\u00e4in kuivalle, herk\u00e4lle iholle.","breadcrumb":{"@id":"https:\/\/decubal.com\/fi\/tuote\/decubal-enriching-serum\/#breadcrumb"},"inLanguage":"fi-FI","potentialAction":[{"@type":"ReadAction","target":["https:\/\/decubal.com\/fi\/tuote\/decubal-enriching-serum\/"]}]},{"@type":"ImageObject","inLanguage":"fi-FI","@id":"https:\/\/decubal.com\/fi\/tuote\/decubal-enriching-serum\/#primaryimage","url":"https:\/\/decubal.com\/app\/uploads\/sites\/5\/2025\/08\/Decubal-Enriching-face-serum.png","contentUrl":"https:\/\/decubal.com\/app\/uploads\/sites\/5\/2025\/08\/Decubal-Enriching-face-serum.png","width":600,"height":600,"caption":"Decubal-Enriching-face-serum"},{"@type":"BreadcrumbList","@id":"https:\/\/decubal.com\/fi\/tuote\/decubal-enriching-serum\/#breadcrumb","itemListElement":[{"@type":"ListItem","position":1,"name":"Home","item":"https:\/\/decubal.com\/fi\/"},{"@type":"ListItem","position":2,"name":"Tuotteet","item":"https:\/\/decubal.com\/fi\/tuotteet\/"},{"@type":"ListItem","position":3,"name":"Decubal Enriching Serum"}]},{"@type":"WebSite","@id":"https:\/\/multisite.decubal.com\/fi\/#website","url":"https:\/\/multisite.decubal.com\/fi\/","name":"Decubal","description":"","publisher":{"@id":"https:\/\/multisite.decubal.com\/fi\/#organization"},"potentialAction":[{"@type":"SearchAction","target":{"@type":"EntryPoint","urlTemplate":"https:\/\/multisite.decubal.com\/fi\/?s={search_term_string}"},"query-input":{"@type":"PropertyValueSpecification","valueRequired":true,"valueName":"search_term_string"}}],"inLanguage":"fi-FI"},{"@type":"Organization","@id":"https:\/\/multisite.decubal.com\/fi\/#organization","name":"Decubal","url":"https:\/\/multisite.decubal.com\/fi\/","logo":{"@type":"ImageObject","inLanguage":"fi-FI","@id":"https:\/\/multisite.decubal.com\/fi\/#\/schema\/logo\/image\/","url":"https:\/\/decubal.com\/app\/uploads\/sites\/5\/2022\/05\/Decubal-logo.png","contentUrl":"https:\/\/decubal.com\/app\/uploads\/sites\/5\/2022\/05\/Decubal-logo.png","width":138,"height":40,"caption":"Decubal"},"image":{"@id":"https:\/\/multisite.decubal.com\/fi\/#\/schema\/logo\/image\/"}}]}},"_links":{"self":[{"href":"https:\/\/decubal.com\/fi\/wp-json\/wp\/v2\/product\/813","targetHints":{"allow":["GET"]}}],"collection":[{"href":"https:\/\/decubal.com\/fi\/wp-json\/wp\/v2\/product"}],"about":[{"href":"https:\/\/decubal.com\/fi\/wp-json\/wp\/v2\/types\/product"}],"replies":[{"embeddable":true,"href":"https:\/\/decubal.com\/fi\/wp-json\/wp\/v2\/comments?post=813"}],"version-history":[{"count":8,"href":"https:\/\/decubal.com\/fi\/wp-json\/wp\/v2\/product\/813\/revisions"}],"predecessor-version":[{"id":936,"href":"https:\/\/decubal.com\/fi\/wp-json\/wp\/v2\/product\/813\/revisions\/936"}],"wp:featuredmedia":[{"embeddable":true,"href":"https:\/\/decubal.com\/fi\/wp-json\/wp\/v2\/media\/814"}],"wp:attachment":[{"href":"https:\/\/decubal.com\/fi\/wp-json\/wp\/v2\/media?parent=813"}],"wp:term":[{"taxonomy":"product_brand","embeddable":true,"href":"https:\/\/decubal.com\/fi\/wp-json\/wp\/v2\/product_brand?post=813"},{"taxonomy":"product_cat","embeddable":true,"href":"https:\/\/decubal.com\/fi\/wp-json\/wp\/v2\/product_cat?post=813"},{"taxonomy":"product_tag","embeddable":true,"href":"https:\/\/decubal.com\/fi\/wp-json\/wp\/v2\/product_tag?post=813"}],"curies":[{"name":"wp","href":"https:\/\/api.w.org\/{rel}","templated":true}]}}