{"id":808,"date":"2025-08-08T15:45:28","date_gmt":"2025-08-08T12:45:28","guid":{"rendered":"https:\/\/decubal.com\/fi\/?post_type=product&#038;p=808"},"modified":"2025-10-27T11:45:11","modified_gmt":"2025-10-27T09:45:11","slug":"decubal-enriching-eye-cream","status":"publish","type":"product","link":"https:\/\/decubal.com\/fi\/tuote\/decubal-enriching-eye-cream\/","title":{"rendered":"Decubal Enriching eye cream"},"content":{"rendered":"\n<div class=\"wp-block-karopharma-free-text pt-large pb-large bg-center bg-cover bg-no-repeat  redblock\" style=\"background-image:url()\"><div class=\"free-text-wrapper container max-w-medium text-left\">\n<p>Decubal Enriching Eye Cream on kehitetty hoitamaan herkk\u00e4\u00e4 silm\u00e4nymp\u00e4rysihoa. Ravitseva koostumus sis\u00e4lt\u00e4\u00e4 runsaasti keramideja ja kollageenia, jotka tekev\u00e4t ihosta kiinte\u00e4mm\u00e4n, sek\u00e4 ravitsevaa hyaluronihappoa ja E-vitamiinia. Kliinisesti todistettu kosteuttava vaikutus jopa 72 tunnin ajan. Decubal Enriching Eye Cream-silm\u00e4nymp\u00e4rysvoide on kevyt, mutta tehokkaasti ravitseva ja se hoitaa sek\u00e4 kiinteytt\u00e4\u00e4 my\u00f6s kuivaa ja herkk\u00e4\u00e4 ihoa.<\/p>\n<\/div><\/div>\n\n\n\n<div class=\"wp-block-karopharma-product-promotion text-align-right pt-large pb-large bg-center bg-cover bg-no-repeat\" style=\"background-image:url()\"><div class=\"container max-w-large\">\n<div class=\"wp-block-group is-layout-flow wp-block-group-is-layout-flow\">\n<div class=\"wp-block-group hexagon is-layout-constrained wp-block-group-is-layout-constrained\">\n<h3 class=\"wp-block-heading has-text-align-center has-primary-color has-text-color has-link-color wp-elements-21faf9fa24e80ae2d169445fbfb32dcf\">K\u00e4ytt\u00f6<\/h3>\n\n\n\n<p class=\"has-text-align-center\">Levit\u00e4 ohut kerros puhtaalle silm\u00e4nymp\u00e4rysiholle, yl\u00e4- ja alaluomille, mutta v\u00e4lt\u00e4 levitt\u00e4m\u00e4st\u00e4 aivan ripsien tyveen. K\u00e4yt\u00e4 aamuin ja illoin parhaan tehon saavuttamiseksi.<\/p>\n<\/div>\n<\/div>\n\n\n\n<div class=\"wp-block-group is-layout-flow wp-block-group-is-layout-flow\">\n<div class=\"wp-block-group hexagon is-layout-constrained wp-block-group-is-layout-constrained\">\n<h3 class=\"wp-block-heading has-text-align-center has-primary-color has-text-color has-link-color wp-elements-22a4a6e8551e5235a0ecd6e3b61001ed\">Ainesosat<\/h3>\n\n\n\n<p class=\"has-text-align-center mindretext2\">Aqua, Dicaprylyl Carbonate, Pentylene Glycol, Glycerin, Octyldodecanol, Cetyl Alcohol, Diheptyl Succinate, Sodium PCA, Glyceryl Stearate, Distarch Phosphate, PEG-100 Stearate, Hydrolyzed Collagen, Butyrospermum Parkii Butter, Capryloyl Glycerin\/Sebacic Acid Copolymer, Creatine, Sodium Hyaluronate, Ceramide 3, Prunus Amygdalus Dulcis Oil, Tocopherol, Tocopheryl Acetate, Isocetyl Alcohol, Ethylhexylglycerin, Carbomer, Sodium Gluconate, Citric Acid, Sodium Hydroxide.<\/p>\n<\/div>\n<\/div>\n<\/div><\/div>\n\n\n\n<div class=\"wp-block-karopharma-free-text pt-large pb-large bg-center bg-cover bg-no-repeat  beigeblock\" style=\"background-image:url()\"><div class=\"free-text-wrapper container max-w-small text-center\">\n<figure class=\"wp-block-image aligncenter size-full\"><img loading=\"lazy\" decoding=\"async\" width=\"200\" height=\"204\" src=\"https:\/\/decubal.com\/app\/uploads\/sites\/5\/2022\/05\/allergy-certified.png\" alt=\"allergy-certified\" class=\"wp-image-567\"\/><\/figure>\n\n\n\n<p>Decubal Enriching Eye Cream on Allergy Certified -hyv\u00e4ksytty, mik\u00e4 tarkoittaa, ett\u00e4 jokaisen ainesosan riski allergisen reaktion aiheuttamiseen on arvioitu toksikologin tai farmaseutin toimesta, ja riski on minimoitu.<\/p>\n<\/div><\/div>\n","protected":false},"excerpt":{"rendered":"<p>Ravitseva ja kiinteytt\u00e4v\u00e4 silm\u00e4nymp\u00e4rysvoide, joka elvytt\u00e4\u00e4 ja vahvistaa kuivaa ja herkk\u00e4\u00e4 ihoa.<\/p>\n","protected":false},"featured_media":809,"comment_status":"open","ping_status":"closed","template":"","meta":{"_acf_changed":false,"footnotes":""},"product_brand":[],"product_cat":[24],"product_tag":[],"class_list":{"0":"post-808","1":"product","2":"type-product","3":"status-publish","4":"has-post-thumbnail","6":"product_cat-enriching","8":"first","9":"instock","10":"shipping-taxable","11":"product-type-simple"},"acf":[],"yoast_head":"<!-- This site is optimized with the Yoast SEO plugin v26.6 - https:\/\/yoast.com\/wordpress\/plugins\/seo\/ -->\n<title>Decubal Enriching eye cream - Decubal<\/title>\n<meta name=\"description\" content=\"Decubal Enriching Eye Cream-silm\u00e4nymp\u00e4rysvoide on kevyt, mutta tehokkaasti ravitseva ja se hoitaa sek\u00e4 kiinteytt\u00e4\u00e4 my\u00f6s kuivaa ja herkk\u00e4\u00e4 ihoa.\" \/>\n<meta name=\"robots\" content=\"index, follow, max-snippet:-1, max-image-preview:large, max-video-preview:-1\" \/>\n<link rel=\"canonical\" href=\"https:\/\/decubal.com\/fi\/tuote\/decubal-enriching-eye-cream\/\" \/>\n<meta property=\"og:locale\" content=\"fi_FI\" \/>\n<meta property=\"og:type\" content=\"article\" \/>\n<meta property=\"og:title\" content=\"Decubal Enriching eye cream - Decubal\" \/>\n<meta property=\"og:description\" content=\"Decubal Enriching Eye Cream-silm\u00e4nymp\u00e4rysvoide on kevyt, mutta tehokkaasti ravitseva ja se hoitaa sek\u00e4 kiinteytt\u00e4\u00e4 my\u00f6s kuivaa ja herkk\u00e4\u00e4 ihoa.\" \/>\n<meta property=\"og:url\" content=\"https:\/\/decubal.com\/fi\/tuote\/decubal-enriching-eye-cream\/\" \/>\n<meta property=\"og:site_name\" content=\"Decubal\" \/>\n<meta property=\"article:modified_time\" content=\"2025-10-27T09:45:11+00:00\" \/>\n<meta property=\"og:image\" content=\"https:\/\/decubal.com\/app\/uploads\/sites\/5\/2025\/08\/Decubal-eye-cream.png\" \/>\n\t<meta property=\"og:image:width\" content=\"600\" \/>\n\t<meta property=\"og:image:height\" content=\"600\" \/>\n\t<meta property=\"og:image:type\" content=\"image\/png\" \/>\n<meta name=\"twitter:card\" content=\"summary_large_image\" \/>\n<meta name=\"twitter:label1\" content=\"Est. reading time\" \/>\n\t<meta name=\"twitter:data1\" content=\"2 minutes\" \/>\n<script type=\"application\/ld+json\" class=\"yoast-schema-graph\">{\"@context\":\"https:\/\/schema.org\",\"@graph\":[{\"@type\":\"WebPage\",\"@id\":\"https:\/\/decubal.com\/fi\/tuote\/decubal-enriching-eye-cream\/\",\"url\":\"https:\/\/decubal.com\/fi\/tuote\/decubal-enriching-eye-cream\/\",\"name\":\"Decubal Enriching eye cream - Decubal\",\"isPartOf\":{\"@id\":\"https:\/\/multisite.decubal.com\/fi\/#website\"},\"primaryImageOfPage\":{\"@id\":\"https:\/\/decubal.com\/fi\/tuote\/decubal-enriching-eye-cream\/#primaryimage\"},\"image\":{\"@id\":\"https:\/\/decubal.com\/fi\/tuote\/decubal-enriching-eye-cream\/#primaryimage\"},\"thumbnailUrl\":\"https:\/\/decubal.com\/app\/uploads\/sites\/5\/2025\/08\/Decubal-eye-cream.png\",\"datePublished\":\"2025-08-08T12:45:28+00:00\",\"dateModified\":\"2025-10-27T09:45:11+00:00\",\"description\":\"Decubal Enriching Eye Cream-silm\u00e4nymp\u00e4rysvoide on kevyt, mutta tehokkaasti ravitseva ja se hoitaa sek\u00e4 kiinteytt\u00e4\u00e4 my\u00f6s kuivaa ja herkk\u00e4\u00e4 ihoa.\",\"breadcrumb\":{\"@id\":\"https:\/\/decubal.com\/fi\/tuote\/decubal-enriching-eye-cream\/#breadcrumb\"},\"inLanguage\":\"fi-FI\",\"potentialAction\":[{\"@type\":\"ReadAction\",\"target\":[\"https:\/\/decubal.com\/fi\/tuote\/decubal-enriching-eye-cream\/\"]}]},{\"@type\":\"ImageObject\",\"inLanguage\":\"fi-FI\",\"@id\":\"https:\/\/decubal.com\/fi\/tuote\/decubal-enriching-eye-cream\/#primaryimage\",\"url\":\"https:\/\/decubal.com\/app\/uploads\/sites\/5\/2025\/08\/Decubal-eye-cream.png\",\"contentUrl\":\"https:\/\/decubal.com\/app\/uploads\/sites\/5\/2025\/08\/Decubal-eye-cream.png\",\"width\":600,\"height\":600,\"caption\":\"Decubal-eye-cream\"},{\"@type\":\"BreadcrumbList\",\"@id\":\"https:\/\/decubal.com\/fi\/tuote\/decubal-enriching-eye-cream\/#breadcrumb\",\"itemListElement\":[{\"@type\":\"ListItem\",\"position\":1,\"name\":\"Home\",\"item\":\"https:\/\/decubal.com\/fi\/\"},{\"@type\":\"ListItem\",\"position\":2,\"name\":\"Tuotteet\",\"item\":\"https:\/\/decubal.com\/fi\/tuotteet\/\"},{\"@type\":\"ListItem\",\"position\":3,\"name\":\"Decubal Enriching eye cream\"}]},{\"@type\":\"WebSite\",\"@id\":\"https:\/\/multisite.decubal.com\/fi\/#website\",\"url\":\"https:\/\/multisite.decubal.com\/fi\/\",\"name\":\"Decubal\",\"description\":\"\",\"publisher\":{\"@id\":\"https:\/\/multisite.decubal.com\/fi\/#organization\"},\"potentialAction\":[{\"@type\":\"SearchAction\",\"target\":{\"@type\":\"EntryPoint\",\"urlTemplate\":\"https:\/\/multisite.decubal.com\/fi\/?s={search_term_string}\"},\"query-input\":{\"@type\":\"PropertyValueSpecification\",\"valueRequired\":true,\"valueName\":\"search_term_string\"}}],\"inLanguage\":\"fi-FI\"},{\"@type\":\"Organization\",\"@id\":\"https:\/\/multisite.decubal.com\/fi\/#organization\",\"name\":\"Decubal\",\"url\":\"https:\/\/multisite.decubal.com\/fi\/\",\"logo\":{\"@type\":\"ImageObject\",\"inLanguage\":\"fi-FI\",\"@id\":\"https:\/\/multisite.decubal.com\/fi\/#\/schema\/logo\/image\/\",\"url\":\"https:\/\/decubal.com\/app\/uploads\/sites\/5\/2022\/05\/Decubal-logo.png\",\"contentUrl\":\"https:\/\/decubal.com\/app\/uploads\/sites\/5\/2022\/05\/Decubal-logo.png\",\"width\":138,\"height\":40,\"caption\":\"Decubal\"},\"image\":{\"@id\":\"https:\/\/multisite.decubal.com\/fi\/#\/schema\/logo\/image\/\"}}]}<\/script>\n<!-- \/ Yoast SEO plugin. -->","yoast_head_json":{"title":"Decubal Enriching eye cream - Decubal","description":"Decubal Enriching Eye Cream-silm\u00e4nymp\u00e4rysvoide on kevyt, mutta tehokkaasti ravitseva ja se hoitaa sek\u00e4 kiinteytt\u00e4\u00e4 my\u00f6s kuivaa ja herkk\u00e4\u00e4 ihoa.","robots":{"index":"index","follow":"follow","max-snippet":"max-snippet:-1","max-image-preview":"max-image-preview:large","max-video-preview":"max-video-preview:-1"},"canonical":"https:\/\/decubal.com\/fi\/tuote\/decubal-enriching-eye-cream\/","og_locale":"fi_FI","og_type":"article","og_title":"Decubal Enriching eye cream - Decubal","og_description":"Decubal Enriching Eye Cream-silm\u00e4nymp\u00e4rysvoide on kevyt, mutta tehokkaasti ravitseva ja se hoitaa sek\u00e4 kiinteytt\u00e4\u00e4 my\u00f6s kuivaa ja herkk\u00e4\u00e4 ihoa.","og_url":"https:\/\/decubal.com\/fi\/tuote\/decubal-enriching-eye-cream\/","og_site_name":"Decubal","article_modified_time":"2025-10-27T09:45:11+00:00","og_image":[{"width":600,"height":600,"url":"https:\/\/decubal.com\/app\/uploads\/sites\/5\/2025\/08\/Decubal-eye-cream.png","type":"image\/png"}],"twitter_card":"summary_large_image","twitter_misc":{"Est. reading time":"2 minutes"},"schema":{"@context":"https:\/\/schema.org","@graph":[{"@type":"WebPage","@id":"https:\/\/decubal.com\/fi\/tuote\/decubal-enriching-eye-cream\/","url":"https:\/\/decubal.com\/fi\/tuote\/decubal-enriching-eye-cream\/","name":"Decubal Enriching eye cream - Decubal","isPartOf":{"@id":"https:\/\/multisite.decubal.com\/fi\/#website"},"primaryImageOfPage":{"@id":"https:\/\/decubal.com\/fi\/tuote\/decubal-enriching-eye-cream\/#primaryimage"},"image":{"@id":"https:\/\/decubal.com\/fi\/tuote\/decubal-enriching-eye-cream\/#primaryimage"},"thumbnailUrl":"https:\/\/decubal.com\/app\/uploads\/sites\/5\/2025\/08\/Decubal-eye-cream.png","datePublished":"2025-08-08T12:45:28+00:00","dateModified":"2025-10-27T09:45:11+00:00","description":"Decubal Enriching Eye Cream-silm\u00e4nymp\u00e4rysvoide on kevyt, mutta tehokkaasti ravitseva ja se hoitaa sek\u00e4 kiinteytt\u00e4\u00e4 my\u00f6s kuivaa ja herkk\u00e4\u00e4 ihoa.","breadcrumb":{"@id":"https:\/\/decubal.com\/fi\/tuote\/decubal-enriching-eye-cream\/#breadcrumb"},"inLanguage":"fi-FI","potentialAction":[{"@type":"ReadAction","target":["https:\/\/decubal.com\/fi\/tuote\/decubal-enriching-eye-cream\/"]}]},{"@type":"ImageObject","inLanguage":"fi-FI","@id":"https:\/\/decubal.com\/fi\/tuote\/decubal-enriching-eye-cream\/#primaryimage","url":"https:\/\/decubal.com\/app\/uploads\/sites\/5\/2025\/08\/Decubal-eye-cream.png","contentUrl":"https:\/\/decubal.com\/app\/uploads\/sites\/5\/2025\/08\/Decubal-eye-cream.png","width":600,"height":600,"caption":"Decubal-eye-cream"},{"@type":"BreadcrumbList","@id":"https:\/\/decubal.com\/fi\/tuote\/decubal-enriching-eye-cream\/#breadcrumb","itemListElement":[{"@type":"ListItem","position":1,"name":"Home","item":"https:\/\/decubal.com\/fi\/"},{"@type":"ListItem","position":2,"name":"Tuotteet","item":"https:\/\/decubal.com\/fi\/tuotteet\/"},{"@type":"ListItem","position":3,"name":"Decubal Enriching eye cream"}]},{"@type":"WebSite","@id":"https:\/\/multisite.decubal.com\/fi\/#website","url":"https:\/\/multisite.decubal.com\/fi\/","name":"Decubal","description":"","publisher":{"@id":"https:\/\/multisite.decubal.com\/fi\/#organization"},"potentialAction":[{"@type":"SearchAction","target":{"@type":"EntryPoint","urlTemplate":"https:\/\/multisite.decubal.com\/fi\/?s={search_term_string}"},"query-input":{"@type":"PropertyValueSpecification","valueRequired":true,"valueName":"search_term_string"}}],"inLanguage":"fi-FI"},{"@type":"Organization","@id":"https:\/\/multisite.decubal.com\/fi\/#organization","name":"Decubal","url":"https:\/\/multisite.decubal.com\/fi\/","logo":{"@type":"ImageObject","inLanguage":"fi-FI","@id":"https:\/\/multisite.decubal.com\/fi\/#\/schema\/logo\/image\/","url":"https:\/\/decubal.com\/app\/uploads\/sites\/5\/2022\/05\/Decubal-logo.png","contentUrl":"https:\/\/decubal.com\/app\/uploads\/sites\/5\/2022\/05\/Decubal-logo.png","width":138,"height":40,"caption":"Decubal"},"image":{"@id":"https:\/\/multisite.decubal.com\/fi\/#\/schema\/logo\/image\/"}}]}},"_links":{"self":[{"href":"https:\/\/decubal.com\/fi\/wp-json\/wp\/v2\/product\/808","targetHints":{"allow":["GET"]}}],"collection":[{"href":"https:\/\/decubal.com\/fi\/wp-json\/wp\/v2\/product"}],"about":[{"href":"https:\/\/decubal.com\/fi\/wp-json\/wp\/v2\/types\/product"}],"replies":[{"embeddable":true,"href":"https:\/\/decubal.com\/fi\/wp-json\/wp\/v2\/comments?post=808"}],"version-history":[{"count":6,"href":"https:\/\/decubal.com\/fi\/wp-json\/wp\/v2\/product\/808\/revisions"}],"predecessor-version":[{"id":863,"href":"https:\/\/decubal.com\/fi\/wp-json\/wp\/v2\/product\/808\/revisions\/863"}],"wp:featuredmedia":[{"embeddable":true,"href":"https:\/\/decubal.com\/fi\/wp-json\/wp\/v2\/media\/809"}],"wp:attachment":[{"href":"https:\/\/decubal.com\/fi\/wp-json\/wp\/v2\/media?parent=808"}],"wp:term":[{"taxonomy":"product_brand","embeddable":true,"href":"https:\/\/decubal.com\/fi\/wp-json\/wp\/v2\/product_brand?post=808"},{"taxonomy":"product_cat","embeddable":true,"href":"https:\/\/decubal.com\/fi\/wp-json\/wp\/v2\/product_cat?post=808"},{"taxonomy":"product_tag","embeddable":true,"href":"https:\/\/decubal.com\/fi\/wp-json\/wp\/v2\/product_tag?post=808"}],"curies":[{"name":"wp","href":"https:\/\/api.w.org\/{rel}","templated":true}]}}