{"id":579,"date":"2024-10-28T13:04:13","date_gmt":"2024-10-28T11:04:13","guid":{"rendered":"https:\/\/decubal.com\/fi\/?post_type=product&#038;p=579"},"modified":"2025-03-10T10:44:55","modified_gmt":"2025-03-10T08:44:55","slug":"decubal-hydrating-body-spray","status":"publish","type":"product","link":"https:\/\/decubal.com\/fi\/tuote\/decubal-hydrating-body-spray\/","title":{"rendered":"Decubal Hydrating body spray"},"content":{"rendered":"\n<div class=\"wp-block-karopharma-free-text pt-large pb-large bg-center bg-cover bg-no-repeat  redblock\" style=\"background-image:url()\"><div class=\"free-text-wrapper container max-w-medium text-left\">\n<p>Decubal Hydrating Body Spray kosteuttaa 24 tunnin ajan ja auttaa suojaamaan ihon luonnollista suojakerrosta. Nopeasti imeytyv\u00e4 suihkutettava vartalovoide on k\u00e4tev\u00e4 ja k\u00e4yt\u00e4nn\u00f6llinen kosteuttaja esimerkiksi treenin j\u00e4lkeen tai matkalla mukana, se on my\u00f6s helppo levitt\u00e4\u00e4 vaikeammin saavutettaville ihoalueille. Decubal Hydrating Body Spray sis\u00e4lt\u00e4\u00e4 luonnollista alkuper\u00e4\u00e4 olevan kosteuttavan koostumuksen lis\u00e4ksi glyserolia, joka pehment\u00e4\u00e4 ja suojaa ihoa. Voide sopii herk\u00e4lle iholle, se on hajusteeton ja allergiasertifioitu.<\/p>\n<\/div><\/div>\n\n\n\n<div class=\"wp-block-karopharma-product-promotion text-align-right pt-large pb-large bg-center bg-cover bg-no-repeat\" style=\"background-image:url()\"><div class=\"container max-w-large\">\n<div class=\"wp-block-group is-layout-flow wp-block-group-is-layout-flow\">\n<div class=\"wp-block-group hexagon is-layout-constrained wp-block-group-is-layout-constrained\">\n<h3 class=\"wp-block-heading has-text-align-center has-primary-color has-text-color has-link-color wp-elements-21faf9fa24e80ae2d169445fbfb32dcf\">K\u00e4ytt\u00f6<\/h3>\n\n\n\n<p>Pid\u00e4 pulloa noin 10 cm et\u00e4isyydell\u00e4 ihosta ja ruiskuta haluamallesi ihoalueelle. Levit\u00e4 voide kevyesti iholle saavuttaaksesi pitk\u00e4kestoista pehmeytt\u00e4.<\/p>\n<\/div>\n<\/div>\n\n\n\n<div class=\"wp-block-group is-layout-flow wp-block-group-is-layout-flow\">\n<div class=\"wp-block-group hexagon is-layout-constrained wp-block-group-is-layout-constrained\">\n<h3 class=\"wp-block-heading has-text-align-center has-primary-color has-text-color has-link-color wp-elements-22a4a6e8551e5235a0ecd6e3b61001ed\">Ainesosat<\/h3>\n\n\n\n<p>Aqua, Glycerin, Caprylic\/Capric Triglyceride, Glyceryl Stearate, Phenoxyethanol, Xanthan Gum, Sodium Cetearyl Sulphate, Ethylhexylglycerin, Ammonium Acryloyldimethyltaurate\/VP Copolymer, Citric Acid, Sodium Hydroxide<\/p>\n<\/div>\n<\/div>\n<\/div><\/div>\n\n\n\n<div class=\"wp-block-karopharma-free-text pt-large pb-large bg-center bg-cover bg-no-repeat  beigeblock\" style=\"background-image:url()\"><div class=\"free-text-wrapper container max-w-small text-center\">\n<figure class=\"wp-block-image aligncenter size-full\"><img decoding=\"async\" src=\"https:\/\/decubal.com\/app\/uploads\/sites\/3\/2024\/05\/allergy-certified.png\" alt=\"Allergy Certified\" class=\"wp-image-666\"\/><\/figure>\n\n\n\n<h2 class=\"wp-block-heading is-style-heading-h2\">Decubal Hydrating body spray on hajusteeton ja dermatologisesti testattu kuivalla ja herk\u00e4ll\u00e4 iholla.<\/h2>\n\n\n\n<p>Tuote on Allergy Certified -hyv\u00e4ksytty, mik\u00e4 tarkoittaa, ett\u00e4 jokainen ainesosa voiteen koostumuksessa on arvioitu yksityiskohtaisesti toksikologin tai farmaseutin toimesta varmistukseksi siit\u00e4, ett\u00e4 allergisen reaktion riski on minimaalinen.<\/p>\n<\/div><\/div>\n","protected":false},"excerpt":{"rendered":"<p>Nopeavaikutteinen ja kosteuttava suihkutettava vartalovoide kuivan ja herk\u00e4n ihon v\u00e4litt\u00f6m\u00e4\u00e4n ja intensiiviseen kosteuttamiseen.<\/p>\n","protected":false},"featured_media":580,"comment_status":"open","ping_status":"closed","template":"","meta":{"_acf_changed":false,"footnotes":""},"product_brand":[],"product_cat":[22],"product_tag":[],"class_list":{"0":"post-579","1":"product","2":"type-product","3":"status-publish","4":"has-post-thumbnail","6":"product_cat-hydrating","8":"first","9":"instock","10":"shipping-taxable","11":"product-type-simple"},"acf":[],"yoast_head":"<!-- This site is optimized with the Yoast SEO plugin v26.6 - https:\/\/yoast.com\/wordpress\/plugins\/seo\/ -->\n<title>Decubal Hydrating body spray - Decubal<\/title>\n<meta name=\"description\" content=\"Decubal Hydrating Body Spray kosteuttaa 24 tunnin ajan ja auttaa suojaamaan ihon luonnollista suojakerrosta.\" \/>\n<meta name=\"robots\" content=\"index, follow, max-snippet:-1, max-image-preview:large, max-video-preview:-1\" \/>\n<link rel=\"canonical\" href=\"https:\/\/decubal.com\/fi\/tuote\/decubal-hydrating-body-spray\/\" \/>\n<meta property=\"og:locale\" content=\"fi_FI\" \/>\n<meta property=\"og:type\" content=\"article\" \/>\n<meta property=\"og:title\" content=\"Decubal Hydrating body spray - Decubal\" \/>\n<meta property=\"og:description\" content=\"Decubal Hydrating Body Spray kosteuttaa 24 tunnin ajan ja auttaa suojaamaan ihon luonnollista suojakerrosta.\" \/>\n<meta property=\"og:url\" content=\"https:\/\/decubal.com\/fi\/tuote\/decubal-hydrating-body-spray\/\" \/>\n<meta property=\"og:site_name\" content=\"Decubal\" \/>\n<meta property=\"article:modified_time\" content=\"2025-03-10T08:44:55+00:00\" \/>\n<meta property=\"og:image\" content=\"https:\/\/decubal.com\/app\/uploads\/sites\/5\/2024\/10\/Decubal-Hydrating-Body-Spray.png\" \/>\n\t<meta property=\"og:image:width\" content=\"600\" \/>\n\t<meta property=\"og:image:height\" content=\"600\" \/>\n\t<meta property=\"og:image:type\" content=\"image\/png\" \/>\n<meta name=\"twitter:card\" content=\"summary_large_image\" \/>\n<meta name=\"twitter:label1\" content=\"Est. reading time\" \/>\n\t<meta name=\"twitter:data1\" content=\"2 minutes\" \/>\n<script type=\"application\/ld+json\" class=\"yoast-schema-graph\">{\"@context\":\"https:\/\/schema.org\",\"@graph\":[{\"@type\":\"WebPage\",\"@id\":\"https:\/\/decubal.com\/fi\/tuote\/decubal-hydrating-body-spray\/\",\"url\":\"https:\/\/decubal.com\/fi\/tuote\/decubal-hydrating-body-spray\/\",\"name\":\"Decubal Hydrating body spray - Decubal\",\"isPartOf\":{\"@id\":\"https:\/\/multisite.decubal.com\/fi\/#website\"},\"primaryImageOfPage\":{\"@id\":\"https:\/\/decubal.com\/fi\/tuote\/decubal-hydrating-body-spray\/#primaryimage\"},\"image\":{\"@id\":\"https:\/\/decubal.com\/fi\/tuote\/decubal-hydrating-body-spray\/#primaryimage\"},\"thumbnailUrl\":\"https:\/\/decubal.com\/app\/uploads\/sites\/5\/2024\/10\/Decubal-Hydrating-Body-Spray.png\",\"datePublished\":\"2024-10-28T11:04:13+00:00\",\"dateModified\":\"2025-03-10T08:44:55+00:00\",\"description\":\"Decubal Hydrating Body Spray kosteuttaa 24 tunnin ajan ja auttaa suojaamaan ihon luonnollista suojakerrosta.\",\"breadcrumb\":{\"@id\":\"https:\/\/decubal.com\/fi\/tuote\/decubal-hydrating-body-spray\/#breadcrumb\"},\"inLanguage\":\"fi-FI\",\"potentialAction\":[{\"@type\":\"ReadAction\",\"target\":[\"https:\/\/decubal.com\/fi\/tuote\/decubal-hydrating-body-spray\/\"]}]},{\"@type\":\"ImageObject\",\"inLanguage\":\"fi-FI\",\"@id\":\"https:\/\/decubal.com\/fi\/tuote\/decubal-hydrating-body-spray\/#primaryimage\",\"url\":\"https:\/\/decubal.com\/app\/uploads\/sites\/5\/2024\/10\/Decubal-Hydrating-Body-Spray.png\",\"contentUrl\":\"https:\/\/decubal.com\/app\/uploads\/sites\/5\/2024\/10\/Decubal-Hydrating-Body-Spray.png\",\"width\":600,\"height\":600,\"caption\":\"Decubal-Hydrating-Body-Spray\"},{\"@type\":\"BreadcrumbList\",\"@id\":\"https:\/\/decubal.com\/fi\/tuote\/decubal-hydrating-body-spray\/#breadcrumb\",\"itemListElement\":[{\"@type\":\"ListItem\",\"position\":1,\"name\":\"Home\",\"item\":\"https:\/\/decubal.com\/fi\/\"},{\"@type\":\"ListItem\",\"position\":2,\"name\":\"Tuotteet\",\"item\":\"https:\/\/decubal.com\/fi\/tuotteet\/\"},{\"@type\":\"ListItem\",\"position\":3,\"name\":\"Decubal Hydrating body spray\"}]},{\"@type\":\"WebSite\",\"@id\":\"https:\/\/multisite.decubal.com\/fi\/#website\",\"url\":\"https:\/\/multisite.decubal.com\/fi\/\",\"name\":\"Decubal\",\"description\":\"\",\"publisher\":{\"@id\":\"https:\/\/multisite.decubal.com\/fi\/#organization\"},\"potentialAction\":[{\"@type\":\"SearchAction\",\"target\":{\"@type\":\"EntryPoint\",\"urlTemplate\":\"https:\/\/multisite.decubal.com\/fi\/?s={search_term_string}\"},\"query-input\":{\"@type\":\"PropertyValueSpecification\",\"valueRequired\":true,\"valueName\":\"search_term_string\"}}],\"inLanguage\":\"fi-FI\"},{\"@type\":\"Organization\",\"@id\":\"https:\/\/multisite.decubal.com\/fi\/#organization\",\"name\":\"Decubal\",\"url\":\"https:\/\/multisite.decubal.com\/fi\/\",\"logo\":{\"@type\":\"ImageObject\",\"inLanguage\":\"fi-FI\",\"@id\":\"https:\/\/multisite.decubal.com\/fi\/#\/schema\/logo\/image\/\",\"url\":\"https:\/\/decubal.com\/app\/uploads\/sites\/5\/2022\/05\/Decubal-logo.png\",\"contentUrl\":\"https:\/\/decubal.com\/app\/uploads\/sites\/5\/2022\/05\/Decubal-logo.png\",\"width\":138,\"height\":40,\"caption\":\"Decubal\"},\"image\":{\"@id\":\"https:\/\/multisite.decubal.com\/fi\/#\/schema\/logo\/image\/\"}}]}<\/script>\n<!-- \/ Yoast SEO plugin. -->","yoast_head_json":{"title":"Decubal Hydrating body spray - Decubal","description":"Decubal Hydrating Body Spray kosteuttaa 24 tunnin ajan ja auttaa suojaamaan ihon luonnollista suojakerrosta.","robots":{"index":"index","follow":"follow","max-snippet":"max-snippet:-1","max-image-preview":"max-image-preview:large","max-video-preview":"max-video-preview:-1"},"canonical":"https:\/\/decubal.com\/fi\/tuote\/decubal-hydrating-body-spray\/","og_locale":"fi_FI","og_type":"article","og_title":"Decubal Hydrating body spray - Decubal","og_description":"Decubal Hydrating Body Spray kosteuttaa 24 tunnin ajan ja auttaa suojaamaan ihon luonnollista suojakerrosta.","og_url":"https:\/\/decubal.com\/fi\/tuote\/decubal-hydrating-body-spray\/","og_site_name":"Decubal","article_modified_time":"2025-03-10T08:44:55+00:00","og_image":[{"width":600,"height":600,"url":"https:\/\/decubal.com\/app\/uploads\/sites\/5\/2024\/10\/Decubal-Hydrating-Body-Spray.png","type":"image\/png"}],"twitter_card":"summary_large_image","twitter_misc":{"Est. reading time":"2 minutes"},"schema":{"@context":"https:\/\/schema.org","@graph":[{"@type":"WebPage","@id":"https:\/\/decubal.com\/fi\/tuote\/decubal-hydrating-body-spray\/","url":"https:\/\/decubal.com\/fi\/tuote\/decubal-hydrating-body-spray\/","name":"Decubal Hydrating body spray - Decubal","isPartOf":{"@id":"https:\/\/multisite.decubal.com\/fi\/#website"},"primaryImageOfPage":{"@id":"https:\/\/decubal.com\/fi\/tuote\/decubal-hydrating-body-spray\/#primaryimage"},"image":{"@id":"https:\/\/decubal.com\/fi\/tuote\/decubal-hydrating-body-spray\/#primaryimage"},"thumbnailUrl":"https:\/\/decubal.com\/app\/uploads\/sites\/5\/2024\/10\/Decubal-Hydrating-Body-Spray.png","datePublished":"2024-10-28T11:04:13+00:00","dateModified":"2025-03-10T08:44:55+00:00","description":"Decubal Hydrating Body Spray kosteuttaa 24 tunnin ajan ja auttaa suojaamaan ihon luonnollista suojakerrosta.","breadcrumb":{"@id":"https:\/\/decubal.com\/fi\/tuote\/decubal-hydrating-body-spray\/#breadcrumb"},"inLanguage":"fi-FI","potentialAction":[{"@type":"ReadAction","target":["https:\/\/decubal.com\/fi\/tuote\/decubal-hydrating-body-spray\/"]}]},{"@type":"ImageObject","inLanguage":"fi-FI","@id":"https:\/\/decubal.com\/fi\/tuote\/decubal-hydrating-body-spray\/#primaryimage","url":"https:\/\/decubal.com\/app\/uploads\/sites\/5\/2024\/10\/Decubal-Hydrating-Body-Spray.png","contentUrl":"https:\/\/decubal.com\/app\/uploads\/sites\/5\/2024\/10\/Decubal-Hydrating-Body-Spray.png","width":600,"height":600,"caption":"Decubal-Hydrating-Body-Spray"},{"@type":"BreadcrumbList","@id":"https:\/\/decubal.com\/fi\/tuote\/decubal-hydrating-body-spray\/#breadcrumb","itemListElement":[{"@type":"ListItem","position":1,"name":"Home","item":"https:\/\/decubal.com\/fi\/"},{"@type":"ListItem","position":2,"name":"Tuotteet","item":"https:\/\/decubal.com\/fi\/tuotteet\/"},{"@type":"ListItem","position":3,"name":"Decubal Hydrating body spray"}]},{"@type":"WebSite","@id":"https:\/\/multisite.decubal.com\/fi\/#website","url":"https:\/\/multisite.decubal.com\/fi\/","name":"Decubal","description":"","publisher":{"@id":"https:\/\/multisite.decubal.com\/fi\/#organization"},"potentialAction":[{"@type":"SearchAction","target":{"@type":"EntryPoint","urlTemplate":"https:\/\/multisite.decubal.com\/fi\/?s={search_term_string}"},"query-input":{"@type":"PropertyValueSpecification","valueRequired":true,"valueName":"search_term_string"}}],"inLanguage":"fi-FI"},{"@type":"Organization","@id":"https:\/\/multisite.decubal.com\/fi\/#organization","name":"Decubal","url":"https:\/\/multisite.decubal.com\/fi\/","logo":{"@type":"ImageObject","inLanguage":"fi-FI","@id":"https:\/\/multisite.decubal.com\/fi\/#\/schema\/logo\/image\/","url":"https:\/\/decubal.com\/app\/uploads\/sites\/5\/2022\/05\/Decubal-logo.png","contentUrl":"https:\/\/decubal.com\/app\/uploads\/sites\/5\/2022\/05\/Decubal-logo.png","width":138,"height":40,"caption":"Decubal"},"image":{"@id":"https:\/\/multisite.decubal.com\/fi\/#\/schema\/logo\/image\/"}}]}},"_links":{"self":[{"href":"https:\/\/decubal.com\/fi\/wp-json\/wp\/v2\/product\/579","targetHints":{"allow":["GET"]}}],"collection":[{"href":"https:\/\/decubal.com\/fi\/wp-json\/wp\/v2\/product"}],"about":[{"href":"https:\/\/decubal.com\/fi\/wp-json\/wp\/v2\/types\/product"}],"replies":[{"embeddable":true,"href":"https:\/\/decubal.com\/fi\/wp-json\/wp\/v2\/comments?post=579"}],"version-history":[{"count":6,"href":"https:\/\/decubal.com\/fi\/wp-json\/wp\/v2\/product\/579\/revisions"}],"predecessor-version":[{"id":792,"href":"https:\/\/decubal.com\/fi\/wp-json\/wp\/v2\/product\/579\/revisions\/792"}],"wp:featuredmedia":[{"embeddable":true,"href":"https:\/\/decubal.com\/fi\/wp-json\/wp\/v2\/media\/580"}],"wp:attachment":[{"href":"https:\/\/decubal.com\/fi\/wp-json\/wp\/v2\/media?parent=579"}],"wp:term":[{"taxonomy":"product_brand","embeddable":true,"href":"https:\/\/decubal.com\/fi\/wp-json\/wp\/v2\/product_brand?post=579"},{"taxonomy":"product_cat","embeddable":true,"href":"https:\/\/decubal.com\/fi\/wp-json\/wp\/v2\/product_cat?post=579"},{"taxonomy":"product_tag","embeddable":true,"href":"https:\/\/decubal.com\/fi\/wp-json\/wp\/v2\/product_tag?post=579"}],"curies":[{"name":"wp","href":"https:\/\/api.w.org\/{rel}","templated":true}]}}