{"id":57,"date":"2022-05-19T20:31:30","date_gmt":"2022-05-19T17:31:30","guid":{"rendered":"https:\/\/decubal.com\/fi\/?post_type=product&#038;p=57"},"modified":"2026-02-20T13:02:25","modified_gmt":"2026-02-20T11:02:25","slug":"decubal-face-vital-cream","status":"publish","type":"product","link":"https:\/\/decubal.com\/fi\/tuote\/decubal-face-vital-cream\/","title":{"rendered":"Decubal Enriching face vital cream"},"content":{"rendered":"\n<div class=\"wp-block-karopharma-free-text pt-large pb-large bg-center bg-cover bg-no-repeat  redblock\" style=\"background-image:url()\"><div class=\"free-text-wrapper container max-w-medium text-left\">\n<p>Decubal Enriching face vital cream on syv\u00e4kosteuttava voide eritt\u00e4in kuivalle ja herk\u00e4lle kasvojen iholle. Voiteen kevyen tuntuinen ja helposti levittyv\u00e4 koostumus sis\u00e4lt\u00e4\u00e4 keramidia, kollageenia ja hyaluronihappoa ravitsemaan ja kiinteytt\u00e4m\u00e4\u00e4n ihoa. Decubal Enriching face vital cream -voiteella on kliinisesti todistettu pitk\u00e4kestoinen, jopa 72 tunnin, kosteuttava vaikutus. Voide imeytyy nopeasti ja antaa mattapintaisen lopputuloksen. Auttaa palauttamaan ihon luonnollisen pehmeyden, joustavuuden ja kosteustasapainon.<\/p>\n<\/div><\/div>\n\n\n\n<div class=\"wp-block-karopharma-product-promotion text-align-right pt-large pb-large bg-center bg-cover bg-no-repeat\" style=\"background-image:url()\"><div class=\"container max-w-large\">\n<div class=\"wp-block-group is-layout-flow wp-block-group-is-layout-flow\">\n<div class=\"wp-block-group hexagon is-layout-constrained wp-block-group-is-layout-constrained\">\n<h3 class=\"wp-block-heading has-text-align-center has-primary-color has-text-color has-link-color wp-elements-21faf9fa24e80ae2d169445fbfb32dcf\">K\u00e4ytt\u00f6<\/h3>\n\n\n\n<p class=\"has-text-align-center\">Levit\u00e4 1-2 kertaa p\u00e4iv\u00e4ss\u00e4. Sopii sek\u00e4 p\u00e4iv\u00e4- ett\u00e4 y\u00f6voiteeksi.<\/p>\n<\/div>\n<\/div>\n\n\n\n<div class=\"wp-block-group is-layout-flow wp-block-group-is-layout-flow\">\n<div class=\"wp-block-group hexagon is-layout-constrained wp-block-group-is-layout-constrained\">\n<h3 class=\"wp-block-heading has-text-align-center has-primary-color has-text-color has-link-color wp-elements-22a4a6e8551e5235a0ecd6e3b61001ed\">Ainesosat<\/h3>\n\n\n\n<p class=\"has-text-align-center mindretext2\">Water, Pentylene glycol, Cetearyl Isononanoate, Glycerin, Niacinamide, Simmondsia Chinensis Seed Oil, Glyceryl stearate, Dicaprylyl carbonate, Polyglyceryl-3-methylglucose distearate, Butyrospermum Parkii Butter (Shea Butter), Cetearyl alcohol, Glyceryl stearate citrate, Magnesium aluminum silicate, Phytosphingosine, Cholesterol, Ceramide 6 II, Ceramide 3, Sorbitol, Caprylic\/capric triglyceride, Stearic acid, Palmitic acid, Tocopherol, Tocopheryl acetate, Galactoarabin, Xanthan gum, Polyglyceryl-2 Dipolyhydroxystearate, Sodium stearoyl lactylate, Sodium gluconate, Citric acid, Sodium hydroxide.<\/p>\n<\/div>\n<\/div>\n<\/div><\/div>\n\n\n\n<div class=\"wp-block-karopharma-free-text pt-large pb-large bg-center bg-cover bg-no-repeat  beigeblock\" style=\"background-image:url()\"><div class=\"free-text-wrapper container max-w-small text-center\">\n<figure class=\"wp-block-image aligncenter size-full\"><img loading=\"lazy\" decoding=\"async\" width=\"200\" height=\"204\" src=\"https:\/\/decubal.com\/app\/uploads\/sites\/5\/2022\/05\/allergy-certified.png\" alt=\"allergy-certified\" class=\"wp-image-567\"\/><\/figure>\n\n\n\n<h2 class=\"wp-block-heading is-style-heading-h2\">Decubal Enriching face vital cream on hajusteeton ja dermatologisesti testattu kuivalla ja herk\u00e4ll\u00e4 iholla.<\/h2>\n\n\n\n<p>Tuote on Allergy Certified -hyv\u00e4ksytty, mik\u00e4 tarkoittaa, ett\u00e4 toksikologi tai farmaseutti on tehnyt riskinarvioinnin jokaisesta koostumuksen ainesosasta allergisen reaktion riskin minimoimiseksi.<\/p>\n<\/div><\/div>\n","protected":false},"excerpt":{"rendered":"<p>Ravitseva kasvovoide, joka elvytt\u00e4\u00e4 kuivaa tai eritt\u00e4in kuivaa ja herkk\u00e4\u00e4 ihoa.<\/p>\n","protected":false},"featured_media":563,"comment_status":"open","ping_status":"closed","template":"","meta":{"_acf_changed":false,"footnotes":""},"product_brand":[],"product_cat":[24],"product_tag":[],"class_list":{"0":"post-57","1":"product","2":"type-product","3":"status-publish","4":"has-post-thumbnail","6":"product_cat-enriching","8":"first","9":"instock","10":"shipping-taxable","11":"product-type-simple"},"acf":[],"yoast_head":"<!-- This site is optimized with the Yoast SEO plugin v26.6 - https:\/\/yoast.com\/wordpress\/plugins\/seo\/ -->\n<title>Decubal Enriching face vital cream - Decubal<\/title>\n<meta name=\"description\" content=\"Decubal Enriching face vital cream on syv\u00e4kosteuttava voide eritt\u00e4in kuivalle ja herk\u00e4lle kasvojen iholle. Voiteen kevyt koostumus sis\u00e4lt\u00e4\u00e4 keramidia, kollageenia ja hyaluronihappoa ravitsemaan ja kiinteytt\u00e4m\u00e4\u00e4n ihoa\" \/>\n<meta name=\"robots\" content=\"index, follow, max-snippet:-1, max-image-preview:large, max-video-preview:-1\" \/>\n<link rel=\"canonical\" href=\"https:\/\/decubal.com\/fi\/tuote\/decubal-face-vital-cream\/\" \/>\n<meta property=\"og:locale\" content=\"fi_FI\" \/>\n<meta property=\"og:type\" content=\"article\" \/>\n<meta property=\"og:title\" content=\"Decubal Enriching face vital cream - Decubal\" \/>\n<meta property=\"og:description\" content=\"Decubal Enriching face vital cream on syv\u00e4kosteuttava voide eritt\u00e4in kuivalle ja herk\u00e4lle kasvojen iholle. Voiteen kevyt koostumus sis\u00e4lt\u00e4\u00e4 keramidia, kollageenia ja hyaluronihappoa ravitsemaan ja kiinteytt\u00e4m\u00e4\u00e4n ihoa\" \/>\n<meta property=\"og:url\" content=\"https:\/\/decubal.com\/fi\/tuote\/decubal-face-vital-cream\/\" \/>\n<meta property=\"og:site_name\" content=\"Decubal\" \/>\n<meta property=\"article:modified_time\" content=\"2026-02-20T11:02:25+00:00\" \/>\n<meta property=\"og:image\" content=\"https:\/\/decubal.com\/app\/uploads\/sites\/5\/2022\/05\/Decubal-Face-Vital-Cream.png\" \/>\n\t<meta property=\"og:image:width\" content=\"600\" \/>\n\t<meta property=\"og:image:height\" content=\"600\" \/>\n\t<meta property=\"og:image:type\" content=\"image\/png\" \/>\n<meta name=\"twitter:card\" content=\"summary_large_image\" \/>\n<meta name=\"twitter:label1\" content=\"Est. reading time\" \/>\n\t<meta name=\"twitter:data1\" content=\"2 minutes\" \/>\n<script type=\"application\/ld+json\" class=\"yoast-schema-graph\">{\"@context\":\"https:\/\/schema.org\",\"@graph\":[{\"@type\":\"WebPage\",\"@id\":\"https:\/\/decubal.com\/fi\/tuote\/decubal-face-vital-cream\/\",\"url\":\"https:\/\/decubal.com\/fi\/tuote\/decubal-face-vital-cream\/\",\"name\":\"Decubal Enriching face vital cream - Decubal\",\"isPartOf\":{\"@id\":\"https:\/\/multisite.decubal.com\/fi\/#website\"},\"primaryImageOfPage\":{\"@id\":\"https:\/\/decubal.com\/fi\/tuote\/decubal-face-vital-cream\/#primaryimage\"},\"image\":{\"@id\":\"https:\/\/decubal.com\/fi\/tuote\/decubal-face-vital-cream\/#primaryimage\"},\"thumbnailUrl\":\"https:\/\/decubal.com\/app\/uploads\/sites\/5\/2022\/05\/Decubal-Face-Vital-Cream.png\",\"datePublished\":\"2022-05-19T17:31:30+00:00\",\"dateModified\":\"2026-02-20T11:02:25+00:00\",\"description\":\"Decubal Enriching face vital cream on syv\u00e4kosteuttava voide eritt\u00e4in kuivalle ja herk\u00e4lle kasvojen iholle. Voiteen kevyt koostumus sis\u00e4lt\u00e4\u00e4 keramidia, kollageenia ja hyaluronihappoa ravitsemaan ja kiinteytt\u00e4m\u00e4\u00e4n ihoa\",\"breadcrumb\":{\"@id\":\"https:\/\/decubal.com\/fi\/tuote\/decubal-face-vital-cream\/#breadcrumb\"},\"inLanguage\":\"fi-FI\",\"potentialAction\":[{\"@type\":\"ReadAction\",\"target\":[\"https:\/\/decubal.com\/fi\/tuote\/decubal-face-vital-cream\/\"]}]},{\"@type\":\"ImageObject\",\"inLanguage\":\"fi-FI\",\"@id\":\"https:\/\/decubal.com\/fi\/tuote\/decubal-face-vital-cream\/#primaryimage\",\"url\":\"https:\/\/decubal.com\/app\/uploads\/sites\/5\/2022\/05\/Decubal-Face-Vital-Cream.png\",\"contentUrl\":\"https:\/\/decubal.com\/app\/uploads\/sites\/5\/2022\/05\/Decubal-Face-Vital-Cream.png\",\"width\":600,\"height\":600,\"caption\":\"Decubal-Face-Vital-Cream\"},{\"@type\":\"BreadcrumbList\",\"@id\":\"https:\/\/decubal.com\/fi\/tuote\/decubal-face-vital-cream\/#breadcrumb\",\"itemListElement\":[{\"@type\":\"ListItem\",\"position\":1,\"name\":\"Home\",\"item\":\"https:\/\/decubal.com\/fi\/\"},{\"@type\":\"ListItem\",\"position\":2,\"name\":\"Tuotteet\",\"item\":\"https:\/\/decubal.com\/fi\/tuotteet\/\"},{\"@type\":\"ListItem\",\"position\":3,\"name\":\"Decubal Enriching face vital cream\"}]},{\"@type\":\"WebSite\",\"@id\":\"https:\/\/multisite.decubal.com\/fi\/#website\",\"url\":\"https:\/\/multisite.decubal.com\/fi\/\",\"name\":\"Decubal\",\"description\":\"\",\"publisher\":{\"@id\":\"https:\/\/multisite.decubal.com\/fi\/#organization\"},\"potentialAction\":[{\"@type\":\"SearchAction\",\"target\":{\"@type\":\"EntryPoint\",\"urlTemplate\":\"https:\/\/multisite.decubal.com\/fi\/?s={search_term_string}\"},\"query-input\":{\"@type\":\"PropertyValueSpecification\",\"valueRequired\":true,\"valueName\":\"search_term_string\"}}],\"inLanguage\":\"fi-FI\"},{\"@type\":\"Organization\",\"@id\":\"https:\/\/multisite.decubal.com\/fi\/#organization\",\"name\":\"Decubal\",\"url\":\"https:\/\/multisite.decubal.com\/fi\/\",\"logo\":{\"@type\":\"ImageObject\",\"inLanguage\":\"fi-FI\",\"@id\":\"https:\/\/multisite.decubal.com\/fi\/#\/schema\/logo\/image\/\",\"url\":\"https:\/\/decubal.com\/app\/uploads\/sites\/5\/2022\/05\/Decubal-logo.png\",\"contentUrl\":\"https:\/\/decubal.com\/app\/uploads\/sites\/5\/2022\/05\/Decubal-logo.png\",\"width\":138,\"height\":40,\"caption\":\"Decubal\"},\"image\":{\"@id\":\"https:\/\/multisite.decubal.com\/fi\/#\/schema\/logo\/image\/\"}}]}<\/script>\n<!-- \/ Yoast SEO plugin. -->","yoast_head_json":{"title":"Decubal Enriching face vital cream - Decubal","description":"Decubal Enriching face vital cream on syv\u00e4kosteuttava voide eritt\u00e4in kuivalle ja herk\u00e4lle kasvojen iholle. Voiteen kevyt koostumus sis\u00e4lt\u00e4\u00e4 keramidia, kollageenia ja hyaluronihappoa ravitsemaan ja kiinteytt\u00e4m\u00e4\u00e4n ihoa","robots":{"index":"index","follow":"follow","max-snippet":"max-snippet:-1","max-image-preview":"max-image-preview:large","max-video-preview":"max-video-preview:-1"},"canonical":"https:\/\/decubal.com\/fi\/tuote\/decubal-face-vital-cream\/","og_locale":"fi_FI","og_type":"article","og_title":"Decubal Enriching face vital cream - Decubal","og_description":"Decubal Enriching face vital cream on syv\u00e4kosteuttava voide eritt\u00e4in kuivalle ja herk\u00e4lle kasvojen iholle. Voiteen kevyt koostumus sis\u00e4lt\u00e4\u00e4 keramidia, kollageenia ja hyaluronihappoa ravitsemaan ja kiinteytt\u00e4m\u00e4\u00e4n ihoa","og_url":"https:\/\/decubal.com\/fi\/tuote\/decubal-face-vital-cream\/","og_site_name":"Decubal","article_modified_time":"2026-02-20T11:02:25+00:00","og_image":[{"width":600,"height":600,"url":"https:\/\/decubal.com\/app\/uploads\/sites\/5\/2022\/05\/Decubal-Face-Vital-Cream.png","type":"image\/png"}],"twitter_card":"summary_large_image","twitter_misc":{"Est. reading time":"2 minutes"},"schema":{"@context":"https:\/\/schema.org","@graph":[{"@type":"WebPage","@id":"https:\/\/decubal.com\/fi\/tuote\/decubal-face-vital-cream\/","url":"https:\/\/decubal.com\/fi\/tuote\/decubal-face-vital-cream\/","name":"Decubal Enriching face vital cream - Decubal","isPartOf":{"@id":"https:\/\/multisite.decubal.com\/fi\/#website"},"primaryImageOfPage":{"@id":"https:\/\/decubal.com\/fi\/tuote\/decubal-face-vital-cream\/#primaryimage"},"image":{"@id":"https:\/\/decubal.com\/fi\/tuote\/decubal-face-vital-cream\/#primaryimage"},"thumbnailUrl":"https:\/\/decubal.com\/app\/uploads\/sites\/5\/2022\/05\/Decubal-Face-Vital-Cream.png","datePublished":"2022-05-19T17:31:30+00:00","dateModified":"2026-02-20T11:02:25+00:00","description":"Decubal Enriching face vital cream on syv\u00e4kosteuttava voide eritt\u00e4in kuivalle ja herk\u00e4lle kasvojen iholle. Voiteen kevyt koostumus sis\u00e4lt\u00e4\u00e4 keramidia, kollageenia ja hyaluronihappoa ravitsemaan ja kiinteytt\u00e4m\u00e4\u00e4n ihoa","breadcrumb":{"@id":"https:\/\/decubal.com\/fi\/tuote\/decubal-face-vital-cream\/#breadcrumb"},"inLanguage":"fi-FI","potentialAction":[{"@type":"ReadAction","target":["https:\/\/decubal.com\/fi\/tuote\/decubal-face-vital-cream\/"]}]},{"@type":"ImageObject","inLanguage":"fi-FI","@id":"https:\/\/decubal.com\/fi\/tuote\/decubal-face-vital-cream\/#primaryimage","url":"https:\/\/decubal.com\/app\/uploads\/sites\/5\/2022\/05\/Decubal-Face-Vital-Cream.png","contentUrl":"https:\/\/decubal.com\/app\/uploads\/sites\/5\/2022\/05\/Decubal-Face-Vital-Cream.png","width":600,"height":600,"caption":"Decubal-Face-Vital-Cream"},{"@type":"BreadcrumbList","@id":"https:\/\/decubal.com\/fi\/tuote\/decubal-face-vital-cream\/#breadcrumb","itemListElement":[{"@type":"ListItem","position":1,"name":"Home","item":"https:\/\/decubal.com\/fi\/"},{"@type":"ListItem","position":2,"name":"Tuotteet","item":"https:\/\/decubal.com\/fi\/tuotteet\/"},{"@type":"ListItem","position":3,"name":"Decubal Enriching face vital cream"}]},{"@type":"WebSite","@id":"https:\/\/multisite.decubal.com\/fi\/#website","url":"https:\/\/multisite.decubal.com\/fi\/","name":"Decubal","description":"","publisher":{"@id":"https:\/\/multisite.decubal.com\/fi\/#organization"},"potentialAction":[{"@type":"SearchAction","target":{"@type":"EntryPoint","urlTemplate":"https:\/\/multisite.decubal.com\/fi\/?s={search_term_string}"},"query-input":{"@type":"PropertyValueSpecification","valueRequired":true,"valueName":"search_term_string"}}],"inLanguage":"fi-FI"},{"@type":"Organization","@id":"https:\/\/multisite.decubal.com\/fi\/#organization","name":"Decubal","url":"https:\/\/multisite.decubal.com\/fi\/","logo":{"@type":"ImageObject","inLanguage":"fi-FI","@id":"https:\/\/multisite.decubal.com\/fi\/#\/schema\/logo\/image\/","url":"https:\/\/decubal.com\/app\/uploads\/sites\/5\/2022\/05\/Decubal-logo.png","contentUrl":"https:\/\/decubal.com\/app\/uploads\/sites\/5\/2022\/05\/Decubal-logo.png","width":138,"height":40,"caption":"Decubal"},"image":{"@id":"https:\/\/multisite.decubal.com\/fi\/#\/schema\/logo\/image\/"}}]}},"_links":{"self":[{"href":"https:\/\/decubal.com\/fi\/wp-json\/wp\/v2\/product\/57","targetHints":{"allow":["GET"]}}],"collection":[{"href":"https:\/\/decubal.com\/fi\/wp-json\/wp\/v2\/product"}],"about":[{"href":"https:\/\/decubal.com\/fi\/wp-json\/wp\/v2\/types\/product"}],"replies":[{"embeddable":true,"href":"https:\/\/decubal.com\/fi\/wp-json\/wp\/v2\/comments?post=57"}],"version-history":[{"count":10,"href":"https:\/\/decubal.com\/fi\/wp-json\/wp\/v2\/product\/57\/revisions"}],"predecessor-version":[{"id":914,"href":"https:\/\/decubal.com\/fi\/wp-json\/wp\/v2\/product\/57\/revisions\/914"}],"wp:featuredmedia":[{"embeddable":true,"href":"https:\/\/decubal.com\/fi\/wp-json\/wp\/v2\/media\/563"}],"wp:attachment":[{"href":"https:\/\/decubal.com\/fi\/wp-json\/wp\/v2\/media?parent=57"}],"wp:term":[{"taxonomy":"product_brand","embeddable":true,"href":"https:\/\/decubal.com\/fi\/wp-json\/wp\/v2\/product_brand?post=57"},{"taxonomy":"product_cat","embeddable":true,"href":"https:\/\/decubal.com\/fi\/wp-json\/wp\/v2\/product_cat?post=57"},{"taxonomy":"product_tag","embeddable":true,"href":"https:\/\/decubal.com\/fi\/wp-json\/wp\/v2\/product_tag?post=57"}],"curies":[{"name":"wp","href":"https:\/\/api.w.org\/{rel}","templated":true}]}}