{"id":524,"date":"2024-03-01T13:09:27","date_gmt":"2024-03-01T11:09:27","guid":{"rendered":"https:\/\/decubal.com\/fi\/?post_type=product&#038;p=524"},"modified":"2025-08-14T12:15:31","modified_gmt":"2025-08-14T09:15:31","slug":"decubal-sun-spray-spf-30","status":"publish","type":"product","link":"https:\/\/decubal.com\/fi\/tuote\/decubal-sun-spray-spf-30\/","title":{"rendered":"Decubal Sun spray SPF30"},"content":{"rendered":"\n<div class=\"wp-block-karopharma-free-text pt-large pb-large bg-center bg-cover bg-no-repeat  redblock\" style=\"background-image:url()\"><div class=\"free-text-wrapper container max-w-medium text-left\">\n<p>Korkealla, laajakirjoisella UVA- ja UVB-suojalla varustettu aurinkosuojasuihke, joka kosteuttaa ihoa v\u00e4litt\u00f6m\u00e4sti ja pitk\u00e4kestoisesti 24 tunnin ajan. Helposti levittyv\u00e4, nopeasti imeytyv\u00e4 ja ei j\u00e4t\u00e4 ihoa rasvaiseksi. Sis\u00e4lt\u00e4\u00e4 E-vitamiinia (antioksidantti), rauhoittavaa rypsi\u00f6ljy\u00e4 ja kosteuttavaa inositolia, jotka auttavat yll\u00e4pit\u00e4m\u00e4\u00e4n ja vahvistamaan ihon suojakerrosta. Dermatologisesti testattu ja allergiasertifioitu. Kehitetty suojaamaan my\u00f6s eritt\u00e4in kuivaa ja herkk\u00e4\u00e4 ihoa.<\/p>\n<\/div><\/div>\n\n\n\n<div class=\"wp-block-karopharma-product-promotion text-align-right pt-large pb-large bg-center bg-cover bg-no-repeat\" style=\"background-image:url()\"><div class=\"container max-w-large\">\n<div class=\"wp-block-group is-layout-flow wp-block-group-is-layout-flow\">\n<div class=\"wp-block-group hexagon is-layout-constrained wp-block-group-is-layout-constrained\">\n<h3 class=\"wp-block-heading has-text-align-center has-primary-color has-text-color has-link-color wp-elements-21faf9fa24e80ae2d169445fbfb32dcf\">K\u00e4ytt\u00f6<\/h3>\n\n\n\n<p class=\"has-text-align-center\">Levit\u00e4 ennen auringolle altistumista. Lis\u00e4\u00e4 usein ja runsaasti s\u00e4ilytt\u00e4\u00e4ksesi riitt\u00e4v\u00e4n suojaustason, erityisesti hikoilun, uimisen ja pyyhekuivauksen j\u00e4lkeen. Liian v\u00e4h\u00e4inen m\u00e4\u00e4r\u00e4 aurinkosuojavoidetta alentaa suojaustasoa. Pid\u00e4 vauvat ja pienet lapset poissa suorasta auringonpaisteesta.<\/p>\n<\/div>\n<\/div>\n\n\n\n<div class=\"wp-block-group is-layout-flow wp-block-group-is-layout-flow\">\n<div class=\"wp-block-group hexagon is-layout-constrained wp-block-group-is-layout-constrained\">\n<h3 class=\"wp-block-heading has-text-align-center has-primary-color has-text-color has-link-color wp-elements-22a4a6e8551e5235a0ecd6e3b61001ed\">Ainesosat<\/h3>\n\n\n\n<p class=\"has-text-align-center mindretext2\">Aqua, Dibutyl Adipate, Diethylamino Hydroxybenzoyl Hexyl Benzoate, Phenoxyethyl Caprylate, Bis-Ethylhexyloxyphenol Methoxyphenyl Triazine, Diethylhexyl Butamido Triazone, Ethylhexyl Triazone, Propanediol, C12-13 Alkyl Lactate, Butylene Glycol, Cetearyl Alcohol, Glycerin, Phenylbenzimidazole Sulfonic Acid, VP\/Eicosene Copolymer, Canola Oil, Tocopheryl Acetate, Inositol, Propylheptyl Caprylate, Tocopherol, Potassium Cetyl Phosphate, Glyceryl Stearate, Ethylhexylglycerin, Xanthan Gum, PEG-100 Stearate, Coco-Glucoside, Ammonium Acryloyl Dimethyltaurate\/VP Copolymer, Arginine, Acrylates\/C12-22 Alkyl Methacrylate Copolymer, Disodium Lauryl Sulfosuccinate, Caprylyl Glycol, Sodium Hydroxide, Phenoxyethanol<\/p>\n<\/div>\n<\/div>\n<\/div><\/div>\n\n\n\n<div class=\"wp-block-karopharma-free-text pt-large pb-large bg-center bg-cover bg-no-repeat  beigeblock\" style=\"background-image:url()\"><div class=\"free-text-wrapper container max-w-small text-center\">\n<figure class=\"wp-block-image aligncenter size-full\"><img loading=\"lazy\" decoding=\"async\" width=\"200\" height=\"204\" src=\"https:\/\/decubal.com\/app\/uploads\/sites\/5\/2022\/05\/allergy-certified.png\" alt=\"allergy-certified\" class=\"wp-image-567\"\/><\/figure>\n\n\n\n<h2 class=\"wp-block-heading is-style-heading-h2\">Decubal SPF30 Sun spray on hajusteeton, ja dermatologisesti testattu kuivalla ja herk\u00e4ll\u00e4 iholla.<\/h2>\n\n\n\n<p>Tuote on Allergy Certified -hyv\u00e4ksytty, mik\u00e4 tarkoittaa, ett\u00e4 toksikologi tai farmaseutti on tehnyt riskinarvioinnin jokaisesta koostumuksen ainesosasta allergisen reaktion riskin minimoimiseksi.<\/p>\n<\/div><\/div>\n","protected":false},"excerpt":{"rendered":"<p>Kevyt ja ravitseva aurinkosuojavoidespray korkealla suojakertoimella SPF 30 (UVA\/UVB) normaalille, kuivalle ja herk\u00e4lle iholle.<\/p>\n","protected":false},"featured_media":525,"comment_status":"open","ping_status":"closed","template":"","meta":{"_acf_changed":false,"footnotes":""},"product_brand":[],"product_cat":[21],"product_tag":[],"class_list":{"0":"post-524","1":"product","2":"type-product","3":"status-publish","4":"has-post-thumbnail","6":"product_cat-sun","8":"first","9":"instock","10":"shipping-taxable","11":"product-type-simple"},"acf":[],"yoast_head":"<!-- This site is optimized with the Yoast SEO plugin v26.6 - https:\/\/yoast.com\/wordpress\/plugins\/seo\/ -->\n<title>Decubal Sun spray SPF30 - Decubal<\/title>\n<meta name=\"description\" content=\"Decubal Sun spray SPF30 -aurinkosuojavoide korkealla, laajakirjoisella UVA- ja UVB -suojalla k\u00e4tev\u00e4ss\u00e4 suihkemuodossa.\" \/>\n<meta name=\"robots\" content=\"index, follow, max-snippet:-1, max-image-preview:large, max-video-preview:-1\" \/>\n<link rel=\"canonical\" href=\"https:\/\/decubal.com\/fi\/tuote\/decubal-sun-spray-spf-30\/\" \/>\n<meta property=\"og:locale\" content=\"fi_FI\" \/>\n<meta property=\"og:type\" content=\"article\" \/>\n<meta property=\"og:title\" content=\"Decubal Sun spray SPF30 - Decubal\" \/>\n<meta property=\"og:description\" content=\"Decubal Sun spray SPF30 -aurinkosuojavoide korkealla, laajakirjoisella UVA- ja UVB -suojalla k\u00e4tev\u00e4ss\u00e4 suihkemuodossa.\" \/>\n<meta property=\"og:url\" content=\"https:\/\/decubal.com\/fi\/tuote\/decubal-sun-spray-spf-30\/\" \/>\n<meta property=\"og:site_name\" content=\"Decubal\" \/>\n<meta property=\"article:modified_time\" content=\"2025-08-14T09:15:31+00:00\" \/>\n<meta property=\"og:image\" content=\"https:\/\/decubal.com\/app\/uploads\/sites\/5\/2024\/03\/Decubal-Sun-Spray-30.png\" \/>\n\t<meta property=\"og:image:width\" content=\"600\" \/>\n\t<meta property=\"og:image:height\" content=\"600\" \/>\n\t<meta property=\"og:image:type\" content=\"image\/png\" \/>\n<meta name=\"twitter:card\" content=\"summary_large_image\" \/>\n<meta name=\"twitter:label1\" content=\"Est. reading time\" \/>\n\t<meta name=\"twitter:data1\" content=\"2 minutes\" \/>\n<script type=\"application\/ld+json\" class=\"yoast-schema-graph\">{\"@context\":\"https:\/\/schema.org\",\"@graph\":[{\"@type\":\"WebPage\",\"@id\":\"https:\/\/decubal.com\/fi\/tuote\/decubal-sun-spray-spf-30\/\",\"url\":\"https:\/\/decubal.com\/fi\/tuote\/decubal-sun-spray-spf-30\/\",\"name\":\"Decubal Sun spray SPF30 - Decubal\",\"isPartOf\":{\"@id\":\"https:\/\/multisite.decubal.com\/fi\/#website\"},\"primaryImageOfPage\":{\"@id\":\"https:\/\/decubal.com\/fi\/tuote\/decubal-sun-spray-spf-30\/#primaryimage\"},\"image\":{\"@id\":\"https:\/\/decubal.com\/fi\/tuote\/decubal-sun-spray-spf-30\/#primaryimage\"},\"thumbnailUrl\":\"https:\/\/decubal.com\/app\/uploads\/sites\/5\/2024\/03\/Decubal-Sun-Spray-30.png\",\"datePublished\":\"2024-03-01T11:09:27+00:00\",\"dateModified\":\"2025-08-14T09:15:31+00:00\",\"description\":\"Decubal Sun spray SPF30 -aurinkosuojavoide korkealla, laajakirjoisella UVA- ja UVB -suojalla k\u00e4tev\u00e4ss\u00e4 suihkemuodossa.\",\"breadcrumb\":{\"@id\":\"https:\/\/decubal.com\/fi\/tuote\/decubal-sun-spray-spf-30\/#breadcrumb\"},\"inLanguage\":\"fi-FI\",\"potentialAction\":[{\"@type\":\"ReadAction\",\"target\":[\"https:\/\/decubal.com\/fi\/tuote\/decubal-sun-spray-spf-30\/\"]}]},{\"@type\":\"ImageObject\",\"inLanguage\":\"fi-FI\",\"@id\":\"https:\/\/decubal.com\/fi\/tuote\/decubal-sun-spray-spf-30\/#primaryimage\",\"url\":\"https:\/\/decubal.com\/app\/uploads\/sites\/5\/2024\/03\/Decubal-Sun-Spray-30.png\",\"contentUrl\":\"https:\/\/decubal.com\/app\/uploads\/sites\/5\/2024\/03\/Decubal-Sun-Spray-30.png\",\"width\":600,\"height\":600,\"caption\":\"Decubal sun spray SPF 30\"},{\"@type\":\"BreadcrumbList\",\"@id\":\"https:\/\/decubal.com\/fi\/tuote\/decubal-sun-spray-spf-30\/#breadcrumb\",\"itemListElement\":[{\"@type\":\"ListItem\",\"position\":1,\"name\":\"Home\",\"item\":\"https:\/\/decubal.com\/fi\/\"},{\"@type\":\"ListItem\",\"position\":2,\"name\":\"Tuotteet\",\"item\":\"https:\/\/decubal.com\/fi\/tuotteet\/\"},{\"@type\":\"ListItem\",\"position\":3,\"name\":\"Decubal Sun spray SPF30\"}]},{\"@type\":\"WebSite\",\"@id\":\"https:\/\/multisite.decubal.com\/fi\/#website\",\"url\":\"https:\/\/multisite.decubal.com\/fi\/\",\"name\":\"Decubal\",\"description\":\"\",\"publisher\":{\"@id\":\"https:\/\/multisite.decubal.com\/fi\/#organization\"},\"potentialAction\":[{\"@type\":\"SearchAction\",\"target\":{\"@type\":\"EntryPoint\",\"urlTemplate\":\"https:\/\/multisite.decubal.com\/fi\/?s={search_term_string}\"},\"query-input\":{\"@type\":\"PropertyValueSpecification\",\"valueRequired\":true,\"valueName\":\"search_term_string\"}}],\"inLanguage\":\"fi-FI\"},{\"@type\":\"Organization\",\"@id\":\"https:\/\/multisite.decubal.com\/fi\/#organization\",\"name\":\"Decubal\",\"url\":\"https:\/\/multisite.decubal.com\/fi\/\",\"logo\":{\"@type\":\"ImageObject\",\"inLanguage\":\"fi-FI\",\"@id\":\"https:\/\/multisite.decubal.com\/fi\/#\/schema\/logo\/image\/\",\"url\":\"https:\/\/decubal.com\/app\/uploads\/sites\/5\/2022\/05\/Decubal-logo.png\",\"contentUrl\":\"https:\/\/decubal.com\/app\/uploads\/sites\/5\/2022\/05\/Decubal-logo.png\",\"width\":138,\"height\":40,\"caption\":\"Decubal\"},\"image\":{\"@id\":\"https:\/\/multisite.decubal.com\/fi\/#\/schema\/logo\/image\/\"}}]}<\/script>\n<!-- \/ Yoast SEO plugin. -->","yoast_head_json":{"title":"Decubal Sun spray SPF30 - Decubal","description":"Decubal Sun spray SPF30 -aurinkosuojavoide korkealla, laajakirjoisella UVA- ja UVB -suojalla k\u00e4tev\u00e4ss\u00e4 suihkemuodossa.","robots":{"index":"index","follow":"follow","max-snippet":"max-snippet:-1","max-image-preview":"max-image-preview:large","max-video-preview":"max-video-preview:-1"},"canonical":"https:\/\/decubal.com\/fi\/tuote\/decubal-sun-spray-spf-30\/","og_locale":"fi_FI","og_type":"article","og_title":"Decubal Sun spray SPF30 - Decubal","og_description":"Decubal Sun spray SPF30 -aurinkosuojavoide korkealla, laajakirjoisella UVA- ja UVB -suojalla k\u00e4tev\u00e4ss\u00e4 suihkemuodossa.","og_url":"https:\/\/decubal.com\/fi\/tuote\/decubal-sun-spray-spf-30\/","og_site_name":"Decubal","article_modified_time":"2025-08-14T09:15:31+00:00","og_image":[{"width":600,"height":600,"url":"https:\/\/decubal.com\/app\/uploads\/sites\/5\/2024\/03\/Decubal-Sun-Spray-30.png","type":"image\/png"}],"twitter_card":"summary_large_image","twitter_misc":{"Est. reading time":"2 minutes"},"schema":{"@context":"https:\/\/schema.org","@graph":[{"@type":"WebPage","@id":"https:\/\/decubal.com\/fi\/tuote\/decubal-sun-spray-spf-30\/","url":"https:\/\/decubal.com\/fi\/tuote\/decubal-sun-spray-spf-30\/","name":"Decubal Sun spray SPF30 - Decubal","isPartOf":{"@id":"https:\/\/multisite.decubal.com\/fi\/#website"},"primaryImageOfPage":{"@id":"https:\/\/decubal.com\/fi\/tuote\/decubal-sun-spray-spf-30\/#primaryimage"},"image":{"@id":"https:\/\/decubal.com\/fi\/tuote\/decubal-sun-spray-spf-30\/#primaryimage"},"thumbnailUrl":"https:\/\/decubal.com\/app\/uploads\/sites\/5\/2024\/03\/Decubal-Sun-Spray-30.png","datePublished":"2024-03-01T11:09:27+00:00","dateModified":"2025-08-14T09:15:31+00:00","description":"Decubal Sun spray SPF30 -aurinkosuojavoide korkealla, laajakirjoisella UVA- ja UVB -suojalla k\u00e4tev\u00e4ss\u00e4 suihkemuodossa.","breadcrumb":{"@id":"https:\/\/decubal.com\/fi\/tuote\/decubal-sun-spray-spf-30\/#breadcrumb"},"inLanguage":"fi-FI","potentialAction":[{"@type":"ReadAction","target":["https:\/\/decubal.com\/fi\/tuote\/decubal-sun-spray-spf-30\/"]}]},{"@type":"ImageObject","inLanguage":"fi-FI","@id":"https:\/\/decubal.com\/fi\/tuote\/decubal-sun-spray-spf-30\/#primaryimage","url":"https:\/\/decubal.com\/app\/uploads\/sites\/5\/2024\/03\/Decubal-Sun-Spray-30.png","contentUrl":"https:\/\/decubal.com\/app\/uploads\/sites\/5\/2024\/03\/Decubal-Sun-Spray-30.png","width":600,"height":600,"caption":"Decubal sun spray SPF 30"},{"@type":"BreadcrumbList","@id":"https:\/\/decubal.com\/fi\/tuote\/decubal-sun-spray-spf-30\/#breadcrumb","itemListElement":[{"@type":"ListItem","position":1,"name":"Home","item":"https:\/\/decubal.com\/fi\/"},{"@type":"ListItem","position":2,"name":"Tuotteet","item":"https:\/\/decubal.com\/fi\/tuotteet\/"},{"@type":"ListItem","position":3,"name":"Decubal Sun spray SPF30"}]},{"@type":"WebSite","@id":"https:\/\/multisite.decubal.com\/fi\/#website","url":"https:\/\/multisite.decubal.com\/fi\/","name":"Decubal","description":"","publisher":{"@id":"https:\/\/multisite.decubal.com\/fi\/#organization"},"potentialAction":[{"@type":"SearchAction","target":{"@type":"EntryPoint","urlTemplate":"https:\/\/multisite.decubal.com\/fi\/?s={search_term_string}"},"query-input":{"@type":"PropertyValueSpecification","valueRequired":true,"valueName":"search_term_string"}}],"inLanguage":"fi-FI"},{"@type":"Organization","@id":"https:\/\/multisite.decubal.com\/fi\/#organization","name":"Decubal","url":"https:\/\/multisite.decubal.com\/fi\/","logo":{"@type":"ImageObject","inLanguage":"fi-FI","@id":"https:\/\/multisite.decubal.com\/fi\/#\/schema\/logo\/image\/","url":"https:\/\/decubal.com\/app\/uploads\/sites\/5\/2022\/05\/Decubal-logo.png","contentUrl":"https:\/\/decubal.com\/app\/uploads\/sites\/5\/2022\/05\/Decubal-logo.png","width":138,"height":40,"caption":"Decubal"},"image":{"@id":"https:\/\/multisite.decubal.com\/fi\/#\/schema\/logo\/image\/"}}]}},"_links":{"self":[{"href":"https:\/\/decubal.com\/fi\/wp-json\/wp\/v2\/product\/524","targetHints":{"allow":["GET"]}}],"collection":[{"href":"https:\/\/decubal.com\/fi\/wp-json\/wp\/v2\/product"}],"about":[{"href":"https:\/\/decubal.com\/fi\/wp-json\/wp\/v2\/types\/product"}],"replies":[{"embeddable":true,"href":"https:\/\/decubal.com\/fi\/wp-json\/wp\/v2\/comments?post=524"}],"version-history":[{"count":10,"href":"https:\/\/decubal.com\/fi\/wp-json\/wp\/v2\/product\/524\/revisions"}],"predecessor-version":[{"id":820,"href":"https:\/\/decubal.com\/fi\/wp-json\/wp\/v2\/product\/524\/revisions\/820"}],"wp:featuredmedia":[{"embeddable":true,"href":"https:\/\/decubal.com\/fi\/wp-json\/wp\/v2\/media\/525"}],"wp:attachment":[{"href":"https:\/\/decubal.com\/fi\/wp-json\/wp\/v2\/media?parent=524"}],"wp:term":[{"taxonomy":"product_brand","embeddable":true,"href":"https:\/\/decubal.com\/fi\/wp-json\/wp\/v2\/product_brand?post=524"},{"taxonomy":"product_cat","embeddable":true,"href":"https:\/\/decubal.com\/fi\/wp-json\/wp\/v2\/product_cat?post=524"},{"taxonomy":"product_tag","embeddable":true,"href":"https:\/\/decubal.com\/fi\/wp-json\/wp\/v2\/product_tag?post=524"}],"curies":[{"name":"wp","href":"https:\/\/api.w.org\/{rel}","templated":true}]}}