{"id":49,"date":"2022-05-19T20:27:29","date_gmt":"2022-05-19T17:27:29","guid":{"rendered":"https:\/\/decubal.com\/fi\/?post_type=product&#038;p=49"},"modified":"2026-02-20T13:00:16","modified_gmt":"2026-02-20T11:00:16","slug":"decubal-lips-dry-spots-balm","status":"publish","type":"product","link":"https:\/\/decubal.com\/fi\/tuote\/decubal-lips-dry-spots-balm\/","title":{"rendered":"Decubal Restoring lips &#038; dry spots balm"},"content":{"rendered":"\n<div class=\"wp-block-karopharma-free-text pt-large pb-large bg-center bg-cover bg-no-repeat  redblock\" style=\"background-image:url()\"><div class=\"free-text-wrapper container max-w-medium text-left\">\n<p>Decubal Restoring lips &amp; dry spots -voiteen runsas ja ravitseva koostumus auttaa palauttamaan, pehment\u00e4m\u00e4\u00e4n ja hoitamaan eritt\u00e4in kuivaa ja rohtunutta ihoa huulilla ja muilla pienill\u00e4 ihoalueilla kasvoissa ja kehossa. Tuote sis\u00e4lt\u00e4\u00e4 99 % lipidej\u00e4, E-vitamiinia ja mehil\u00e4isvahaa, jotka tarjoavat nopean ja pitk\u00e4kestoisen kosteutuksen. Voiteen sis\u00e4lt\u00e4m\u00e4t ainesosat toimivat yhdess\u00e4 luoden suojaavan esteen huulille ja iholle, lukitsevat kosteuden ja edist\u00e4v\u00e4t ihon luonnollista kosteudens\u00e4ilytyskyky\u00e4. Decubal Restoring lips &amp; dry spots on t\u00e4ysin vedet\u00f6n ja hajusteeton, ja se sopii eritt\u00e4in kuivalle ja herk\u00e4lle iholle.<\/p>\n<\/div><\/div>\n\n\n\n<div class=\"wp-block-karopharma-product-promotion text-align-right pt-large pb-large bg-center bg-cover bg-no-repeat\" style=\"background-image:url()\"><div class=\"container max-w-large\">\n<div class=\"wp-block-group is-layout-flow wp-block-group-is-layout-flow\">\n<div class=\"wp-block-group hexagon is-layout-constrained wp-block-group-is-layout-constrained\">\n<h3 class=\"wp-block-heading has-text-align-center has-primary-color has-text-color has-link-color wp-elements-21faf9fa24e80ae2d169445fbfb32dcf\">K\u00e4ytt\u00f6<\/h3>\n\n\n\n<p class=\"has-text-align-center\">Levit\u00e4 niin usein kuin on tarpeen rohtuneille huulille ja muille kuiville ihoalueille, kuten kynsinauhoille, rystysille, kyyn\u00e4rp\u00e4ille ja polville.<\/p>\n<\/div>\n<\/div>\n\n\n\n<div class=\"wp-block-group is-layout-flow wp-block-group-is-layout-flow\">\n<div class=\"wp-block-group hexagon is-layout-constrained wp-block-group-is-layout-constrained\">\n<h3 class=\"wp-block-heading has-text-align-center has-primary-color has-text-color has-link-color wp-elements-22a4a6e8551e5235a0ecd6e3b61001ed\">Ainesosat<\/h3>\n\n\n\n<p class=\"has-text-align-center\">Petrolatum, Lanolin, Paraffinum Liquidum, Cera Alba, Ricinus Communis Seed Oil, Tocopherol.<\/p>\n<\/div>\n<\/div>\n<\/div><\/div>\n","protected":false},"excerpt":{"rendered":"<p>Ravitseva ja pehment\u00e4v\u00e4 voide, joka kosteuttaa ja palauttaa kuivan ja halkeilevan ihon huulilla ja muilla ihoalueilla.<\/p>\n","protected":false},"featured_media":611,"comment_status":"open","ping_status":"closed","template":"","meta":{"_acf_changed":false,"footnotes":""},"product_brand":[],"product_cat":[23],"product_tag":[],"class_list":{"0":"post-49","1":"product","2":"type-product","3":"status-publish","4":"has-post-thumbnail","6":"product_cat-restoring","8":"first","9":"instock","10":"shipping-taxable","11":"product-type-simple"},"acf":[],"yoast_head":"<!-- This site is optimized with the Yoast SEO plugin v26.6 - https:\/\/yoast.com\/wordpress\/plugins\/seo\/ -->\n<title>Decubal Restoring lips &amp; dry spots balm - Decubal<\/title>\n<meta name=\"description\" content=\"Decubal Restoring lips &amp; dry spots -voiteen runsas ja ravitseva koostumus auttaa palauttamaan, pehment\u00e4m\u00e4\u00e4n ja hoitamaan eritt\u00e4in kuivaa ja rohtunutta ihoa huulilla ja muilla pienill\u00e4 ihoalueilla kasvoissa ja kehossa.\" \/>\n<meta name=\"robots\" content=\"index, follow, max-snippet:-1, max-image-preview:large, max-video-preview:-1\" \/>\n<link rel=\"canonical\" href=\"https:\/\/decubal.com\/fi\/tuote\/decubal-lips-dry-spots-balm\/\" \/>\n<meta property=\"og:locale\" content=\"fi_FI\" \/>\n<meta property=\"og:type\" content=\"article\" \/>\n<meta property=\"og:title\" content=\"Decubal Restoring lips &amp; dry spots balm - Decubal\" \/>\n<meta property=\"og:description\" content=\"Decubal Restoring lips &amp; dry spots -voiteen runsas ja ravitseva koostumus auttaa palauttamaan, pehment\u00e4m\u00e4\u00e4n ja hoitamaan eritt\u00e4in kuivaa ja rohtunutta ihoa huulilla ja muilla pienill\u00e4 ihoalueilla kasvoissa ja kehossa.\" \/>\n<meta property=\"og:url\" content=\"https:\/\/decubal.com\/fi\/tuote\/decubal-lips-dry-spots-balm\/\" \/>\n<meta property=\"og:site_name\" content=\"Decubal\" \/>\n<meta property=\"article:modified_time\" content=\"2026-02-20T11:00:16+00:00\" \/>\n<meta property=\"og:image\" content=\"https:\/\/decubal.com\/app\/uploads\/sites\/5\/2022\/05\/Decubal-lips-and-dry.png\" \/>\n\t<meta property=\"og:image:width\" content=\"600\" \/>\n\t<meta property=\"og:image:height\" content=\"600\" \/>\n\t<meta property=\"og:image:type\" content=\"image\/png\" \/>\n<meta name=\"twitter:card\" content=\"summary_large_image\" \/>\n<meta name=\"twitter:label1\" content=\"Est. reading time\" \/>\n\t<meta name=\"twitter:data1\" content=\"1 minute\" \/>\n<script type=\"application\/ld+json\" class=\"yoast-schema-graph\">{\"@context\":\"https:\/\/schema.org\",\"@graph\":[{\"@type\":\"WebPage\",\"@id\":\"https:\/\/decubal.com\/fi\/tuote\/decubal-lips-dry-spots-balm\/\",\"url\":\"https:\/\/decubal.com\/fi\/tuote\/decubal-lips-dry-spots-balm\/\",\"name\":\"Decubal Restoring lips & dry spots balm - Decubal\",\"isPartOf\":{\"@id\":\"https:\/\/multisite.decubal.com\/fi\/#website\"},\"primaryImageOfPage\":{\"@id\":\"https:\/\/decubal.com\/fi\/tuote\/decubal-lips-dry-spots-balm\/#primaryimage\"},\"image\":{\"@id\":\"https:\/\/decubal.com\/fi\/tuote\/decubal-lips-dry-spots-balm\/#primaryimage\"},\"thumbnailUrl\":\"https:\/\/decubal.com\/app\/uploads\/sites\/5\/2022\/05\/Decubal-lips-and-dry.png\",\"datePublished\":\"2022-05-19T17:27:29+00:00\",\"dateModified\":\"2026-02-20T11:00:16+00:00\",\"description\":\"Decubal Restoring lips & dry spots -voiteen runsas ja ravitseva koostumus auttaa palauttamaan, pehment\u00e4m\u00e4\u00e4n ja hoitamaan eritt\u00e4in kuivaa ja rohtunutta ihoa huulilla ja muilla pienill\u00e4 ihoalueilla kasvoissa ja kehossa.\",\"breadcrumb\":{\"@id\":\"https:\/\/decubal.com\/fi\/tuote\/decubal-lips-dry-spots-balm\/#breadcrumb\"},\"inLanguage\":\"fi-FI\",\"potentialAction\":[{\"@type\":\"ReadAction\",\"target\":[\"https:\/\/decubal.com\/fi\/tuote\/decubal-lips-dry-spots-balm\/\"]}]},{\"@type\":\"ImageObject\",\"inLanguage\":\"fi-FI\",\"@id\":\"https:\/\/decubal.com\/fi\/tuote\/decubal-lips-dry-spots-balm\/#primaryimage\",\"url\":\"https:\/\/decubal.com\/app\/uploads\/sites\/5\/2022\/05\/Decubal-lips-and-dry.png\",\"contentUrl\":\"https:\/\/decubal.com\/app\/uploads\/sites\/5\/2022\/05\/Decubal-lips-and-dry.png\",\"width\":600,\"height\":600,\"caption\":\"Decubal-lips-and-dry\"},{\"@type\":\"BreadcrumbList\",\"@id\":\"https:\/\/decubal.com\/fi\/tuote\/decubal-lips-dry-spots-balm\/#breadcrumb\",\"itemListElement\":[{\"@type\":\"ListItem\",\"position\":1,\"name\":\"Home\",\"item\":\"https:\/\/decubal.com\/fi\/\"},{\"@type\":\"ListItem\",\"position\":2,\"name\":\"Tuotteet\",\"item\":\"https:\/\/decubal.com\/fi\/tuotteet\/\"},{\"@type\":\"ListItem\",\"position\":3,\"name\":\"Decubal Restoring lips &#038; dry spots balm\"}]},{\"@type\":\"WebSite\",\"@id\":\"https:\/\/multisite.decubal.com\/fi\/#website\",\"url\":\"https:\/\/multisite.decubal.com\/fi\/\",\"name\":\"Decubal\",\"description\":\"\",\"publisher\":{\"@id\":\"https:\/\/multisite.decubal.com\/fi\/#organization\"},\"potentialAction\":[{\"@type\":\"SearchAction\",\"target\":{\"@type\":\"EntryPoint\",\"urlTemplate\":\"https:\/\/multisite.decubal.com\/fi\/?s={search_term_string}\"},\"query-input\":{\"@type\":\"PropertyValueSpecification\",\"valueRequired\":true,\"valueName\":\"search_term_string\"}}],\"inLanguage\":\"fi-FI\"},{\"@type\":\"Organization\",\"@id\":\"https:\/\/multisite.decubal.com\/fi\/#organization\",\"name\":\"Decubal\",\"url\":\"https:\/\/multisite.decubal.com\/fi\/\",\"logo\":{\"@type\":\"ImageObject\",\"inLanguage\":\"fi-FI\",\"@id\":\"https:\/\/multisite.decubal.com\/fi\/#\/schema\/logo\/image\/\",\"url\":\"https:\/\/decubal.com\/app\/uploads\/sites\/5\/2022\/05\/Decubal-logo.png\",\"contentUrl\":\"https:\/\/decubal.com\/app\/uploads\/sites\/5\/2022\/05\/Decubal-logo.png\",\"width\":138,\"height\":40,\"caption\":\"Decubal\"},\"image\":{\"@id\":\"https:\/\/multisite.decubal.com\/fi\/#\/schema\/logo\/image\/\"}}]}<\/script>\n<!-- \/ Yoast SEO plugin. -->","yoast_head_json":{"title":"Decubal Restoring lips & dry spots balm - Decubal","description":"Decubal Restoring lips & dry spots -voiteen runsas ja ravitseva koostumus auttaa palauttamaan, pehment\u00e4m\u00e4\u00e4n ja hoitamaan eritt\u00e4in kuivaa ja rohtunutta ihoa huulilla ja muilla pienill\u00e4 ihoalueilla kasvoissa ja kehossa.","robots":{"index":"index","follow":"follow","max-snippet":"max-snippet:-1","max-image-preview":"max-image-preview:large","max-video-preview":"max-video-preview:-1"},"canonical":"https:\/\/decubal.com\/fi\/tuote\/decubal-lips-dry-spots-balm\/","og_locale":"fi_FI","og_type":"article","og_title":"Decubal Restoring lips & dry spots balm - Decubal","og_description":"Decubal Restoring lips & dry spots -voiteen runsas ja ravitseva koostumus auttaa palauttamaan, pehment\u00e4m\u00e4\u00e4n ja hoitamaan eritt\u00e4in kuivaa ja rohtunutta ihoa huulilla ja muilla pienill\u00e4 ihoalueilla kasvoissa ja kehossa.","og_url":"https:\/\/decubal.com\/fi\/tuote\/decubal-lips-dry-spots-balm\/","og_site_name":"Decubal","article_modified_time":"2026-02-20T11:00:16+00:00","og_image":[{"width":600,"height":600,"url":"https:\/\/decubal.com\/app\/uploads\/sites\/5\/2022\/05\/Decubal-lips-and-dry.png","type":"image\/png"}],"twitter_card":"summary_large_image","twitter_misc":{"Est. reading time":"1 minute"},"schema":{"@context":"https:\/\/schema.org","@graph":[{"@type":"WebPage","@id":"https:\/\/decubal.com\/fi\/tuote\/decubal-lips-dry-spots-balm\/","url":"https:\/\/decubal.com\/fi\/tuote\/decubal-lips-dry-spots-balm\/","name":"Decubal Restoring lips & dry spots balm - Decubal","isPartOf":{"@id":"https:\/\/multisite.decubal.com\/fi\/#website"},"primaryImageOfPage":{"@id":"https:\/\/decubal.com\/fi\/tuote\/decubal-lips-dry-spots-balm\/#primaryimage"},"image":{"@id":"https:\/\/decubal.com\/fi\/tuote\/decubal-lips-dry-spots-balm\/#primaryimage"},"thumbnailUrl":"https:\/\/decubal.com\/app\/uploads\/sites\/5\/2022\/05\/Decubal-lips-and-dry.png","datePublished":"2022-05-19T17:27:29+00:00","dateModified":"2026-02-20T11:00:16+00:00","description":"Decubal Restoring lips & dry spots -voiteen runsas ja ravitseva koostumus auttaa palauttamaan, pehment\u00e4m\u00e4\u00e4n ja hoitamaan eritt\u00e4in kuivaa ja rohtunutta ihoa huulilla ja muilla pienill\u00e4 ihoalueilla kasvoissa ja kehossa.","breadcrumb":{"@id":"https:\/\/decubal.com\/fi\/tuote\/decubal-lips-dry-spots-balm\/#breadcrumb"},"inLanguage":"fi-FI","potentialAction":[{"@type":"ReadAction","target":["https:\/\/decubal.com\/fi\/tuote\/decubal-lips-dry-spots-balm\/"]}]},{"@type":"ImageObject","inLanguage":"fi-FI","@id":"https:\/\/decubal.com\/fi\/tuote\/decubal-lips-dry-spots-balm\/#primaryimage","url":"https:\/\/decubal.com\/app\/uploads\/sites\/5\/2022\/05\/Decubal-lips-and-dry.png","contentUrl":"https:\/\/decubal.com\/app\/uploads\/sites\/5\/2022\/05\/Decubal-lips-and-dry.png","width":600,"height":600,"caption":"Decubal-lips-and-dry"},{"@type":"BreadcrumbList","@id":"https:\/\/decubal.com\/fi\/tuote\/decubal-lips-dry-spots-balm\/#breadcrumb","itemListElement":[{"@type":"ListItem","position":1,"name":"Home","item":"https:\/\/decubal.com\/fi\/"},{"@type":"ListItem","position":2,"name":"Tuotteet","item":"https:\/\/decubal.com\/fi\/tuotteet\/"},{"@type":"ListItem","position":3,"name":"Decubal Restoring lips &#038; dry spots balm"}]},{"@type":"WebSite","@id":"https:\/\/multisite.decubal.com\/fi\/#website","url":"https:\/\/multisite.decubal.com\/fi\/","name":"Decubal","description":"","publisher":{"@id":"https:\/\/multisite.decubal.com\/fi\/#organization"},"potentialAction":[{"@type":"SearchAction","target":{"@type":"EntryPoint","urlTemplate":"https:\/\/multisite.decubal.com\/fi\/?s={search_term_string}"},"query-input":{"@type":"PropertyValueSpecification","valueRequired":true,"valueName":"search_term_string"}}],"inLanguage":"fi-FI"},{"@type":"Organization","@id":"https:\/\/multisite.decubal.com\/fi\/#organization","name":"Decubal","url":"https:\/\/multisite.decubal.com\/fi\/","logo":{"@type":"ImageObject","inLanguage":"fi-FI","@id":"https:\/\/multisite.decubal.com\/fi\/#\/schema\/logo\/image\/","url":"https:\/\/decubal.com\/app\/uploads\/sites\/5\/2022\/05\/Decubal-logo.png","contentUrl":"https:\/\/decubal.com\/app\/uploads\/sites\/5\/2022\/05\/Decubal-logo.png","width":138,"height":40,"caption":"Decubal"},"image":{"@id":"https:\/\/multisite.decubal.com\/fi\/#\/schema\/logo\/image\/"}}]}},"_links":{"self":[{"href":"https:\/\/decubal.com\/fi\/wp-json\/wp\/v2\/product\/49","targetHints":{"allow":["GET"]}}],"collection":[{"href":"https:\/\/decubal.com\/fi\/wp-json\/wp\/v2\/product"}],"about":[{"href":"https:\/\/decubal.com\/fi\/wp-json\/wp\/v2\/types\/product"}],"replies":[{"embeddable":true,"href":"https:\/\/decubal.com\/fi\/wp-json\/wp\/v2\/comments?post=49"}],"version-history":[{"count":9,"href":"https:\/\/decubal.com\/fi\/wp-json\/wp\/v2\/product\/49\/revisions"}],"predecessor-version":[{"id":911,"href":"https:\/\/decubal.com\/fi\/wp-json\/wp\/v2\/product\/49\/revisions\/911"}],"wp:featuredmedia":[{"embeddable":true,"href":"https:\/\/decubal.com\/fi\/wp-json\/wp\/v2\/media\/611"}],"wp:attachment":[{"href":"https:\/\/decubal.com\/fi\/wp-json\/wp\/v2\/media?parent=49"}],"wp:term":[{"taxonomy":"product_brand","embeddable":true,"href":"https:\/\/decubal.com\/fi\/wp-json\/wp\/v2\/product_brand?post=49"},{"taxonomy":"product_cat","embeddable":true,"href":"https:\/\/decubal.com\/fi\/wp-json\/wp\/v2\/product_cat?post=49"},{"taxonomy":"product_tag","embeddable":true,"href":"https:\/\/decubal.com\/fi\/wp-json\/wp\/v2\/product_tag?post=49"}],"curies":[{"name":"wp","href":"https:\/\/api.w.org\/{rel}","templated":true}]}}