{"id":476,"date":"2023-10-25T13:02:30","date_gmt":"2023-10-25T10:02:30","guid":{"rendered":"https:\/\/decubal.com\/fi\/?post_type=product&#038;p=476"},"modified":"2026-02-20T13:06:25","modified_gmt":"2026-02-20T11:06:25","slug":"decucal-hydrating-face-serum-kosteuttava-seerumi","status":"publish","type":"product","link":"https:\/\/decubal.com\/fi\/tuote\/decucal-hydrating-face-serum-kosteuttava-seerumi\/","title":{"rendered":"Decubal Hydrating serum"},"content":{"rendered":"\n<div class=\"wp-block-karopharma-free-text pt-large pb-large bg-center bg-cover bg-no-repeat  redblock\" style=\"background-image:url()\"><div class=\"free-text-wrapper container max-w-medium text-left\">\n<p>Decubal Hydrating serum antaa v\u00e4litt\u00f6m\u00e4n kosteutuksen iholle ja kosteuttaa intensiivisesti 48 tunnin ajan. 90 % kliiniseen tutkimukseen osallistuneista henkil\u00f6ist\u00e4 koki, ett\u00e4 heid\u00e4n ihonsa tuntui kosteutetulta heti seerumin k\u00e4yt\u00f6n j\u00e4lkeen, ja 87 % koki pitk\u00e4kestoista kosteutusta. Seerumin sis\u00e4lt\u00e4m\u00e4, kolmella tavalla kosteuttava, Triple Moisture Complex -yhdistelm\u00e4 koostuu hyaluronihaposta, merivedest\u00e4 ja mikrolevist\u00e4, jotka kosteuttavat, rauhoittavat ja ravitsevat ihoa syv\u00e4lt\u00e4. Kosteuttava kasvoseerumi on hajusteeton, allergiasertifioitu ja dermatologisesti testattu herk\u00e4ll\u00e4 iholla.<\/p>\n<\/div><\/div>\n\n\n\n<div class=\"wp-block-karopharma-product-promotion text-align-right pt-large pb-large bg-center bg-cover bg-no-repeat\" style=\"background-image:url()\"><div class=\"container max-w-large\">\n<div class=\"wp-block-group is-layout-flow wp-block-group-is-layout-flow\">\n<div class=\"wp-block-group hexagon is-layout-constrained wp-block-group-is-layout-constrained\">\n<h3 class=\"wp-block-heading has-text-align-center has-primary-color has-text-color has-link-color wp-elements-21faf9fa24e80ae2d169445fbfb32dcf\">K\u00e4ytt\u00f6<\/h3>\n\n\n\n<p class=\"has-text-align-center\">Levit\u00e4 kasvoille ja kaulalle aamuisin ja iltaisin puhdistuksen j\u00e4lkeen. Levit\u00e4 2-4 tippaa kasvoille ja kaulalle ja hiero hell\u00e4varaisesti ihoon. Anna seerumin t\u00e4ysin imeyty\u00e4 ja levit\u00e4 sitten p\u00e4iv\u00e4- tai y\u00f6voide.<\/p>\n<\/div>\n<\/div>\n\n\n\n<div class=\"wp-block-group is-layout-flow wp-block-group-is-layout-flow\">\n<div class=\"wp-block-group hexagon is-layout-constrained wp-block-group-is-layout-constrained\">\n<h3 class=\"wp-block-heading has-text-align-center has-primary-color has-text-color has-link-color wp-elements-22a4a6e8551e5235a0ecd6e3b61001ed\">Ainesosat<\/h3>\n\n\n\n<p class=\"has-text-align-center\">Aqua, Propanediol, Butylene Glycol, Sodium Hyaluronate, Glycerin, Hydrolyzed Algin, Sea Water, Chlorella Vulgaris Extract, Phenoxyethanol, Carbomer, Acrylic Acid, Hydroxyacetophenone, Tetrasodium Glutamate Diacetate, Sodium Hydroxide, Sodium Hyaluronate<\/p>\n<\/div>\n<\/div>\n<\/div><\/div>\n\n\n\n<div class=\"wp-block-karopharma-free-text pt-large pb-large bg-center bg-cover bg-no-repeat  beigeblock\" style=\"background-image:url()\"><div class=\"free-text-wrapper container max-w-small text-center\">\n<figure class=\"wp-block-image aligncenter size-full\"><img loading=\"lazy\" decoding=\"async\" width=\"200\" height=\"204\" src=\"https:\/\/decubal.com\/app\/uploads\/sites\/5\/2022\/05\/allergy-certified.png\" alt=\"allergy-certified\" class=\"wp-image-567\"\/><\/figure>\n\n\n\n<h2 class=\"wp-block-heading is-style-heading-h2\">Decubal Hydrating serum on hajusteeton ja dermatologisesti testattu kuivalla ja herk\u00e4ll\u00e4 iholla.<\/h2>\n\n\n\n<p>Tuote on Allergy Certified -hyv\u00e4ksytty, mik\u00e4 tarkoittaa, ett\u00e4 jokainen ainesosa voiteen koostumuksessa on arvioitu yksityiskohtaisesti toksikologin tai farmaseutin toimesta varmistukseksi siit\u00e4, ett\u00e4 allergisen reaktion riski on minimaalinen.<\/p>\n<\/div><\/div>\n","protected":false},"excerpt":{"rendered":"<p>Kevyt ja riittoisa, intensiivisesti kosteuttava seerumi normaalille, kuivalle ja herk\u00e4lle iholle.<\/p>\n","protected":false},"featured_media":582,"comment_status":"open","ping_status":"closed","template":"","meta":{"_acf_changed":false,"footnotes":""},"product_brand":[],"product_cat":[22],"product_tag":[],"class_list":{"0":"post-476","1":"product","2":"type-product","3":"status-publish","4":"has-post-thumbnail","6":"product_cat-hydrating","8":"first","9":"instock","10":"shipping-taxable","11":"product-type-simple"},"acf":[],"yoast_head":"<!-- This site is optimized with the Yoast SEO plugin v26.6 - https:\/\/yoast.com\/wordpress\/plugins\/seo\/ -->\n<title>Decubal Hydrating serum - Decubal<\/title>\n<meta name=\"description\" content=\"Decubal Hydrating serum antaa v\u00e4litt\u00f6m\u00e4n kosteutuksen iholle ja kosteuttaa intensiivisesti 48 tunnin ajan.\" \/>\n<meta name=\"robots\" content=\"index, follow, max-snippet:-1, max-image-preview:large, max-video-preview:-1\" \/>\n<link rel=\"canonical\" href=\"https:\/\/decubal.com\/fi\/tuote\/decucal-hydrating-face-serum-kosteuttava-seerumi\/\" \/>\n<meta property=\"og:locale\" content=\"fi_FI\" \/>\n<meta property=\"og:type\" content=\"article\" \/>\n<meta property=\"og:title\" content=\"Decubal Hydrating serum - Decubal\" \/>\n<meta property=\"og:description\" content=\"Decubal Hydrating serum antaa v\u00e4litt\u00f6m\u00e4n kosteutuksen iholle ja kosteuttaa intensiivisesti 48 tunnin ajan.\" \/>\n<meta property=\"og:url\" content=\"https:\/\/decubal.com\/fi\/tuote\/decucal-hydrating-face-serum-kosteuttava-seerumi\/\" \/>\n<meta property=\"og:site_name\" content=\"Decubal\" \/>\n<meta property=\"article:modified_time\" content=\"2026-02-20T11:06:25+00:00\" \/>\n<meta property=\"og:image\" content=\"https:\/\/decubal.com\/app\/uploads\/sites\/5\/2023\/10\/Decubal-Face-Serum.png\" \/>\n\t<meta property=\"og:image:width\" content=\"600\" \/>\n\t<meta property=\"og:image:height\" content=\"600\" \/>\n\t<meta property=\"og:image:type\" content=\"image\/png\" \/>\n<meta name=\"twitter:card\" content=\"summary_large_image\" \/>\n<meta name=\"twitter:label1\" content=\"Est. reading time\" \/>\n\t<meta name=\"twitter:data1\" content=\"2 minutes\" \/>\n<script type=\"application\/ld+json\" class=\"yoast-schema-graph\">{\"@context\":\"https:\/\/schema.org\",\"@graph\":[{\"@type\":\"WebPage\",\"@id\":\"https:\/\/decubal.com\/fi\/tuote\/decucal-hydrating-face-serum-kosteuttava-seerumi\/\",\"url\":\"https:\/\/decubal.com\/fi\/tuote\/decucal-hydrating-face-serum-kosteuttava-seerumi\/\",\"name\":\"Decubal Hydrating serum - Decubal\",\"isPartOf\":{\"@id\":\"https:\/\/multisite.decubal.com\/fi\/#website\"},\"primaryImageOfPage\":{\"@id\":\"https:\/\/decubal.com\/fi\/tuote\/decucal-hydrating-face-serum-kosteuttava-seerumi\/#primaryimage\"},\"image\":{\"@id\":\"https:\/\/decubal.com\/fi\/tuote\/decucal-hydrating-face-serum-kosteuttava-seerumi\/#primaryimage\"},\"thumbnailUrl\":\"https:\/\/decubal.com\/app\/uploads\/sites\/5\/2023\/10\/Decubal-Face-Serum.png\",\"datePublished\":\"2023-10-25T10:02:30+00:00\",\"dateModified\":\"2026-02-20T11:06:25+00:00\",\"description\":\"Decubal Hydrating serum antaa v\u00e4litt\u00f6m\u00e4n kosteutuksen iholle ja kosteuttaa intensiivisesti 48 tunnin ajan.\",\"breadcrumb\":{\"@id\":\"https:\/\/decubal.com\/fi\/tuote\/decucal-hydrating-face-serum-kosteuttava-seerumi\/#breadcrumb\"},\"inLanguage\":\"fi-FI\",\"potentialAction\":[{\"@type\":\"ReadAction\",\"target\":[\"https:\/\/decubal.com\/fi\/tuote\/decucal-hydrating-face-serum-kosteuttava-seerumi\/\"]}]},{\"@type\":\"ImageObject\",\"inLanguage\":\"fi-FI\",\"@id\":\"https:\/\/decubal.com\/fi\/tuote\/decucal-hydrating-face-serum-kosteuttava-seerumi\/#primaryimage\",\"url\":\"https:\/\/decubal.com\/app\/uploads\/sites\/5\/2023\/10\/Decubal-Face-Serum.png\",\"contentUrl\":\"https:\/\/decubal.com\/app\/uploads\/sites\/5\/2023\/10\/Decubal-Face-Serum.png\",\"width\":600,\"height\":600,\"caption\":\"Decubal-Hydrating-Face-Serum\"},{\"@type\":\"BreadcrumbList\",\"@id\":\"https:\/\/decubal.com\/fi\/tuote\/decucal-hydrating-face-serum-kosteuttava-seerumi\/#breadcrumb\",\"itemListElement\":[{\"@type\":\"ListItem\",\"position\":1,\"name\":\"Home\",\"item\":\"https:\/\/decubal.com\/fi\/\"},{\"@type\":\"ListItem\",\"position\":2,\"name\":\"Tuotteet\",\"item\":\"https:\/\/decubal.com\/fi\/tuotteet\/\"},{\"@type\":\"ListItem\",\"position\":3,\"name\":\"Decubal Hydrating serum\"}]},{\"@type\":\"WebSite\",\"@id\":\"https:\/\/multisite.decubal.com\/fi\/#website\",\"url\":\"https:\/\/multisite.decubal.com\/fi\/\",\"name\":\"Decubal\",\"description\":\"\",\"publisher\":{\"@id\":\"https:\/\/multisite.decubal.com\/fi\/#organization\"},\"potentialAction\":[{\"@type\":\"SearchAction\",\"target\":{\"@type\":\"EntryPoint\",\"urlTemplate\":\"https:\/\/multisite.decubal.com\/fi\/?s={search_term_string}\"},\"query-input\":{\"@type\":\"PropertyValueSpecification\",\"valueRequired\":true,\"valueName\":\"search_term_string\"}}],\"inLanguage\":\"fi-FI\"},{\"@type\":\"Organization\",\"@id\":\"https:\/\/multisite.decubal.com\/fi\/#organization\",\"name\":\"Decubal\",\"url\":\"https:\/\/multisite.decubal.com\/fi\/\",\"logo\":{\"@type\":\"ImageObject\",\"inLanguage\":\"fi-FI\",\"@id\":\"https:\/\/multisite.decubal.com\/fi\/#\/schema\/logo\/image\/\",\"url\":\"https:\/\/decubal.com\/app\/uploads\/sites\/5\/2022\/05\/Decubal-logo.png\",\"contentUrl\":\"https:\/\/decubal.com\/app\/uploads\/sites\/5\/2022\/05\/Decubal-logo.png\",\"width\":138,\"height\":40,\"caption\":\"Decubal\"},\"image\":{\"@id\":\"https:\/\/multisite.decubal.com\/fi\/#\/schema\/logo\/image\/\"}}]}<\/script>\n<!-- \/ Yoast SEO plugin. -->","yoast_head_json":{"title":"Decubal Hydrating serum - Decubal","description":"Decubal Hydrating serum antaa v\u00e4litt\u00f6m\u00e4n kosteutuksen iholle ja kosteuttaa intensiivisesti 48 tunnin ajan.","robots":{"index":"index","follow":"follow","max-snippet":"max-snippet:-1","max-image-preview":"max-image-preview:large","max-video-preview":"max-video-preview:-1"},"canonical":"https:\/\/decubal.com\/fi\/tuote\/decucal-hydrating-face-serum-kosteuttava-seerumi\/","og_locale":"fi_FI","og_type":"article","og_title":"Decubal Hydrating serum - Decubal","og_description":"Decubal Hydrating serum antaa v\u00e4litt\u00f6m\u00e4n kosteutuksen iholle ja kosteuttaa intensiivisesti 48 tunnin ajan.","og_url":"https:\/\/decubal.com\/fi\/tuote\/decucal-hydrating-face-serum-kosteuttava-seerumi\/","og_site_name":"Decubal","article_modified_time":"2026-02-20T11:06:25+00:00","og_image":[{"width":600,"height":600,"url":"https:\/\/decubal.com\/app\/uploads\/sites\/5\/2023\/10\/Decubal-Face-Serum.png","type":"image\/png"}],"twitter_card":"summary_large_image","twitter_misc":{"Est. reading time":"2 minutes"},"schema":{"@context":"https:\/\/schema.org","@graph":[{"@type":"WebPage","@id":"https:\/\/decubal.com\/fi\/tuote\/decucal-hydrating-face-serum-kosteuttava-seerumi\/","url":"https:\/\/decubal.com\/fi\/tuote\/decucal-hydrating-face-serum-kosteuttava-seerumi\/","name":"Decubal Hydrating serum - Decubal","isPartOf":{"@id":"https:\/\/multisite.decubal.com\/fi\/#website"},"primaryImageOfPage":{"@id":"https:\/\/decubal.com\/fi\/tuote\/decucal-hydrating-face-serum-kosteuttava-seerumi\/#primaryimage"},"image":{"@id":"https:\/\/decubal.com\/fi\/tuote\/decucal-hydrating-face-serum-kosteuttava-seerumi\/#primaryimage"},"thumbnailUrl":"https:\/\/decubal.com\/app\/uploads\/sites\/5\/2023\/10\/Decubal-Face-Serum.png","datePublished":"2023-10-25T10:02:30+00:00","dateModified":"2026-02-20T11:06:25+00:00","description":"Decubal Hydrating serum antaa v\u00e4litt\u00f6m\u00e4n kosteutuksen iholle ja kosteuttaa intensiivisesti 48 tunnin ajan.","breadcrumb":{"@id":"https:\/\/decubal.com\/fi\/tuote\/decucal-hydrating-face-serum-kosteuttava-seerumi\/#breadcrumb"},"inLanguage":"fi-FI","potentialAction":[{"@type":"ReadAction","target":["https:\/\/decubal.com\/fi\/tuote\/decucal-hydrating-face-serum-kosteuttava-seerumi\/"]}]},{"@type":"ImageObject","inLanguage":"fi-FI","@id":"https:\/\/decubal.com\/fi\/tuote\/decucal-hydrating-face-serum-kosteuttava-seerumi\/#primaryimage","url":"https:\/\/decubal.com\/app\/uploads\/sites\/5\/2023\/10\/Decubal-Face-Serum.png","contentUrl":"https:\/\/decubal.com\/app\/uploads\/sites\/5\/2023\/10\/Decubal-Face-Serum.png","width":600,"height":600,"caption":"Decubal-Hydrating-Face-Serum"},{"@type":"BreadcrumbList","@id":"https:\/\/decubal.com\/fi\/tuote\/decucal-hydrating-face-serum-kosteuttava-seerumi\/#breadcrumb","itemListElement":[{"@type":"ListItem","position":1,"name":"Home","item":"https:\/\/decubal.com\/fi\/"},{"@type":"ListItem","position":2,"name":"Tuotteet","item":"https:\/\/decubal.com\/fi\/tuotteet\/"},{"@type":"ListItem","position":3,"name":"Decubal Hydrating serum"}]},{"@type":"WebSite","@id":"https:\/\/multisite.decubal.com\/fi\/#website","url":"https:\/\/multisite.decubal.com\/fi\/","name":"Decubal","description":"","publisher":{"@id":"https:\/\/multisite.decubal.com\/fi\/#organization"},"potentialAction":[{"@type":"SearchAction","target":{"@type":"EntryPoint","urlTemplate":"https:\/\/multisite.decubal.com\/fi\/?s={search_term_string}"},"query-input":{"@type":"PropertyValueSpecification","valueRequired":true,"valueName":"search_term_string"}}],"inLanguage":"fi-FI"},{"@type":"Organization","@id":"https:\/\/multisite.decubal.com\/fi\/#organization","name":"Decubal","url":"https:\/\/multisite.decubal.com\/fi\/","logo":{"@type":"ImageObject","inLanguage":"fi-FI","@id":"https:\/\/multisite.decubal.com\/fi\/#\/schema\/logo\/image\/","url":"https:\/\/decubal.com\/app\/uploads\/sites\/5\/2022\/05\/Decubal-logo.png","contentUrl":"https:\/\/decubal.com\/app\/uploads\/sites\/5\/2022\/05\/Decubal-logo.png","width":138,"height":40,"caption":"Decubal"},"image":{"@id":"https:\/\/multisite.decubal.com\/fi\/#\/schema\/logo\/image\/"}}]}},"_links":{"self":[{"href":"https:\/\/decubal.com\/fi\/wp-json\/wp\/v2\/product\/476","targetHints":{"allow":["GET"]}}],"collection":[{"href":"https:\/\/decubal.com\/fi\/wp-json\/wp\/v2\/product"}],"about":[{"href":"https:\/\/decubal.com\/fi\/wp-json\/wp\/v2\/types\/product"}],"replies":[{"embeddable":true,"href":"https:\/\/decubal.com\/fi\/wp-json\/wp\/v2\/comments?post=476"}],"version-history":[{"count":9,"href":"https:\/\/decubal.com\/fi\/wp-json\/wp\/v2\/product\/476\/revisions"}],"predecessor-version":[{"id":922,"href":"https:\/\/decubal.com\/fi\/wp-json\/wp\/v2\/product\/476\/revisions\/922"}],"wp:featuredmedia":[{"embeddable":true,"href":"https:\/\/decubal.com\/fi\/wp-json\/wp\/v2\/media\/582"}],"wp:attachment":[{"href":"https:\/\/decubal.com\/fi\/wp-json\/wp\/v2\/media?parent=476"}],"wp:term":[{"taxonomy":"product_brand","embeddable":true,"href":"https:\/\/decubal.com\/fi\/wp-json\/wp\/v2\/product_brand?post=476"},{"taxonomy":"product_cat","embeddable":true,"href":"https:\/\/decubal.com\/fi\/wp-json\/wp\/v2\/product_cat?post=476"},{"taxonomy":"product_tag","embeddable":true,"href":"https:\/\/decubal.com\/fi\/wp-json\/wp\/v2\/product_tag?post=476"}],"curies":[{"name":"wp","href":"https:\/\/api.w.org\/{rel}","templated":true}]}}