{"id":475,"date":"2023-10-25T12:53:54","date_gmt":"2023-10-25T09:53:54","guid":{"rendered":"https:\/\/decubal.com\/fi\/?post_type=product&#038;p=475"},"modified":"2026-02-20T13:06:30","modified_gmt":"2026-02-20T11:06:30","slug":"decubal-hydrating-day-cream","status":"publish","type":"product","link":"https:\/\/decubal.com\/fi\/tuote\/decubal-hydrating-day-cream\/","title":{"rendered":"Decubal Hydrating day cream SPF30"},"content":{"rendered":"\n<div class=\"wp-block-karopharma-free-text pt-large pb-large bg-center bg-cover bg-no-repeat  redblock\" style=\"background-image:url()\"><div class=\"free-text-wrapper container max-w-medium text-left\">\n<p>Decubal Hydrating day cream SPF30 -p\u00e4iv\u00e4voide suojaa ihoa haitallisilta UV-s\u00e4teilt\u00e4 ja antaa v\u00e4lit\u00f6nt\u00e4 kosteutusta 24 tunnin ajan. Kevyt koostumus imeytyy nopeasti ja sis\u00e4lt\u00e4\u00e4 E-vitamiinia ja kosteuttavia ainesosia, jotka auttavat pehment\u00e4m\u00e4\u00e4n ihoa ja vahvistamaan sen luonnollista suojakerrosta. Kliinisesti todistettu, pitk\u00e4kestoinen kosteuttava vaikutus, joka tekee ihosta silkkisen, kosteutetun ja pehme\u00e4n. Decubal Hydrating day cream SPF30 -p\u00e4iv\u00e4voide on hajusteeton, allergiasertifioitu ja dermatologisesti testattu herk\u00e4ll\u00e4 iholla.<\/p>\n<\/div><\/div>\n\n\n\n<div class=\"wp-block-karopharma-product-promotion text-align-right pt-large pb-large bg-center bg-cover bg-no-repeat\" style=\"background-image:url()\"><div class=\"container max-w-large\">\n<div class=\"wp-block-group is-layout-flow wp-block-group-is-layout-flow\">\n<div class=\"wp-block-group hexagon is-layout-constrained wp-block-group-is-layout-constrained\">\n<h3 class=\"wp-block-heading has-text-align-center has-primary-color has-text-color has-link-color wp-elements-21faf9fa24e80ae2d169445fbfb32dcf\">K\u00e4ytt\u00f6<\/h3>\n\n\n\n<p class=\"has-text-align-center\">Levit\u00e4 kasvoille aamuisin seerumin j\u00e4lkeen tai heti kasvojen puhdistamisen j\u00e4lkeen. Jos k\u00e4yt\u00e4t yhdess\u00e4 seerumin kanssa, anna seerumin ensin imeyty\u00e4 kunnolla.<\/p>\n<\/div>\n<\/div>\n\n\n\n<div class=\"wp-block-group is-layout-flow wp-block-group-is-layout-flow\">\n<div class=\"wp-block-group hexagon is-layout-constrained wp-block-group-is-layout-constrained\">\n<h3 class=\"wp-block-heading has-text-align-center has-primary-color has-text-color has-link-color wp-elements-22a4a6e8551e5235a0ecd6e3b61001ed\">Ainesosat<\/h3>\n\n\n\n<p class=\"has-text-align-center mindretext2\">Aqua, C12-15 Alkyl Benzoate, Ethylhexyl Salicylate, Ethylhexyl Triazone, Glycerin, Butyl Methoxydibenzoylmethane, Stearyl Alcohol, Bis-Ethylhexyloxyphenol Methoxyphenyl Triazine, Glyceryl Stearate, Pentaerythrityl Distearate, Cetyl Phosphate, Phenoxyethanol, Polyglyceryl-10 Eico-sanedioate \/ Tetradecanedioate, Arginine, Betaine, Xanthan Gum, Tocopheryl Acetate, Ethylhexylglycerin, Propanediol, Lecithin, Trisodium Ethylenediamine Disuccinate, Tocopherol, Ascorbyl Palmitate, Polyglutamic Acid, 1,2-Hexanediol, Caprylyl Glycol, Citric Acid.<\/p>\n<\/div>\n<\/div>\n<\/div><\/div>\n\n\n\n<div class=\"wp-block-karopharma-free-text pt-large pb-large bg-center bg-cover bg-no-repeat  beigeblock\" style=\"background-image:url()\"><div class=\"free-text-wrapper container max-w-small text-center\">\n<figure class=\"wp-block-image aligncenter size-full\"><img decoding=\"async\" src=\"https:\/\/decubal.com\/app\/uploads\/sites\/3\/2024\/05\/allergy-certified.png\" alt=\"Allergy Certified\" class=\"wp-image-666\"\/><\/figure>\n\n\n\n<h2 class=\"wp-block-heading is-style-heading-h2\">Decubal Hydrating day cream SPF30 on hajusteeton ja dermatologisesti testattu kuivalla ja herk\u00e4ll\u00e4 iholla.<\/h2>\n\n\n\n<p>Tuote on Allergy Certified -hyv\u00e4ksytty, mik\u00e4 tarkoittaa, ett\u00e4 jokainen ainesosa voiteen koostumuksessa on arvioitu yksityiskohtaisesti toksikologin tai farmaseutin toimesta varmistukseksi siit\u00e4, ett\u00e4 allergisen reaktion riski on minimaalinen.<\/p>\n<\/div><\/div>\n","protected":false},"excerpt":{"rendered":"<p>Kevyt ja intensiivisesti kostetuttava kasvovoide kuivalle ja herk\u00e4lle iholle. Aurinkosuojakerroin SPF 30 suojaa UVA- ja UVB-s\u00e4teilt\u00e4.<\/p>\n","protected":false},"featured_media":587,"comment_status":"open","ping_status":"closed","template":"","meta":{"_acf_changed":false,"footnotes":""},"product_brand":[],"product_cat":[22],"product_tag":[],"class_list":{"0":"post-475","1":"product","2":"type-product","3":"status-publish","4":"has-post-thumbnail","6":"product_cat-hydrating","8":"first","9":"instock","10":"shipping-taxable","11":"product-type-simple"},"acf":[],"yoast_head":"<!-- This site is optimized with the Yoast SEO plugin v26.6 - https:\/\/yoast.com\/wordpress\/plugins\/seo\/ -->\n<title>Decubal Hydrating day cream SPF30 - Decubal<\/title>\n<meta name=\"description\" content=\"Decubal Hydrating suojaa ihoa haitallisilta UV-s\u00e4teilt\u00e4 ja antaa v\u00e4lit\u00f6nt\u00e4 kosteutusta 24 tunnin ajan. Kevyt koostumus imeytyy nopeasti ja sis\u00e4lt\u00e4\u00e4 E-vitamiinia ja kosteuttavia ainesosia\" \/>\n<meta name=\"robots\" content=\"index, follow, max-snippet:-1, max-image-preview:large, max-video-preview:-1\" \/>\n<link rel=\"canonical\" href=\"https:\/\/decubal.com\/fi\/tuote\/decubal-hydrating-day-cream\/\" \/>\n<meta property=\"og:locale\" content=\"fi_FI\" \/>\n<meta property=\"og:type\" content=\"article\" \/>\n<meta property=\"og:title\" content=\"Decubal Hydrating day cream SPF30 - Decubal\" \/>\n<meta property=\"og:description\" content=\"Decubal Hydrating suojaa ihoa haitallisilta UV-s\u00e4teilt\u00e4 ja antaa v\u00e4lit\u00f6nt\u00e4 kosteutusta 24 tunnin ajan. Kevyt koostumus imeytyy nopeasti ja sis\u00e4lt\u00e4\u00e4 E-vitamiinia ja kosteuttavia ainesosia\" \/>\n<meta property=\"og:url\" content=\"https:\/\/decubal.com\/fi\/tuote\/decubal-hydrating-day-cream\/\" \/>\n<meta property=\"og:site_name\" content=\"Decubal\" \/>\n<meta property=\"article:modified_time\" content=\"2026-02-20T11:06:30+00:00\" \/>\n<meta property=\"og:image\" content=\"https:\/\/decubal.com\/app\/uploads\/sites\/5\/2023\/10\/Decubal-Face-Day-Cream.png\" \/>\n\t<meta property=\"og:image:width\" content=\"600\" \/>\n\t<meta property=\"og:image:height\" content=\"600\" \/>\n\t<meta property=\"og:image:type\" content=\"image\/png\" \/>\n<meta name=\"twitter:card\" content=\"summary_large_image\" \/>\n<meta name=\"twitter:label1\" content=\"Est. reading time\" \/>\n\t<meta name=\"twitter:data1\" content=\"2 minutes\" \/>\n<script type=\"application\/ld+json\" class=\"yoast-schema-graph\">{\"@context\":\"https:\/\/schema.org\",\"@graph\":[{\"@type\":\"WebPage\",\"@id\":\"https:\/\/decubal.com\/fi\/tuote\/decubal-hydrating-day-cream\/\",\"url\":\"https:\/\/decubal.com\/fi\/tuote\/decubal-hydrating-day-cream\/\",\"name\":\"Decubal Hydrating day cream SPF30 - Decubal\",\"isPartOf\":{\"@id\":\"https:\/\/multisite.decubal.com\/fi\/#website\"},\"primaryImageOfPage\":{\"@id\":\"https:\/\/decubal.com\/fi\/tuote\/decubal-hydrating-day-cream\/#primaryimage\"},\"image\":{\"@id\":\"https:\/\/decubal.com\/fi\/tuote\/decubal-hydrating-day-cream\/#primaryimage\"},\"thumbnailUrl\":\"https:\/\/decubal.com\/app\/uploads\/sites\/5\/2023\/10\/Decubal-Face-Day-Cream.png\",\"datePublished\":\"2023-10-25T09:53:54+00:00\",\"dateModified\":\"2026-02-20T11:06:30+00:00\",\"description\":\"Decubal Hydrating suojaa ihoa haitallisilta UV-s\u00e4teilt\u00e4 ja antaa v\u00e4lit\u00f6nt\u00e4 kosteutusta 24 tunnin ajan. Kevyt koostumus imeytyy nopeasti ja sis\u00e4lt\u00e4\u00e4 E-vitamiinia ja kosteuttavia ainesosia\",\"breadcrumb\":{\"@id\":\"https:\/\/decubal.com\/fi\/tuote\/decubal-hydrating-day-cream\/#breadcrumb\"},\"inLanguage\":\"fi-FI\",\"potentialAction\":[{\"@type\":\"ReadAction\",\"target\":[\"https:\/\/decubal.com\/fi\/tuote\/decubal-hydrating-day-cream\/\"]}]},{\"@type\":\"ImageObject\",\"inLanguage\":\"fi-FI\",\"@id\":\"https:\/\/decubal.com\/fi\/tuote\/decubal-hydrating-day-cream\/#primaryimage\",\"url\":\"https:\/\/decubal.com\/app\/uploads\/sites\/5\/2023\/10\/Decubal-Face-Day-Cream.png\",\"contentUrl\":\"https:\/\/decubal.com\/app\/uploads\/sites\/5\/2023\/10\/Decubal-Face-Day-Cream.png\",\"width\":600,\"height\":600,\"caption\":\"Decubal-Face-Day-Cream\"},{\"@type\":\"BreadcrumbList\",\"@id\":\"https:\/\/decubal.com\/fi\/tuote\/decubal-hydrating-day-cream\/#breadcrumb\",\"itemListElement\":[{\"@type\":\"ListItem\",\"position\":1,\"name\":\"Home\",\"item\":\"https:\/\/decubal.com\/fi\/\"},{\"@type\":\"ListItem\",\"position\":2,\"name\":\"Tuotteet\",\"item\":\"https:\/\/decubal.com\/fi\/tuotteet\/\"},{\"@type\":\"ListItem\",\"position\":3,\"name\":\"Decubal Hydrating day cream SPF30\"}]},{\"@type\":\"WebSite\",\"@id\":\"https:\/\/multisite.decubal.com\/fi\/#website\",\"url\":\"https:\/\/multisite.decubal.com\/fi\/\",\"name\":\"Decubal\",\"description\":\"\",\"publisher\":{\"@id\":\"https:\/\/multisite.decubal.com\/fi\/#organization\"},\"potentialAction\":[{\"@type\":\"SearchAction\",\"target\":{\"@type\":\"EntryPoint\",\"urlTemplate\":\"https:\/\/multisite.decubal.com\/fi\/?s={search_term_string}\"},\"query-input\":{\"@type\":\"PropertyValueSpecification\",\"valueRequired\":true,\"valueName\":\"search_term_string\"}}],\"inLanguage\":\"fi-FI\"},{\"@type\":\"Organization\",\"@id\":\"https:\/\/multisite.decubal.com\/fi\/#organization\",\"name\":\"Decubal\",\"url\":\"https:\/\/multisite.decubal.com\/fi\/\",\"logo\":{\"@type\":\"ImageObject\",\"inLanguage\":\"fi-FI\",\"@id\":\"https:\/\/multisite.decubal.com\/fi\/#\/schema\/logo\/image\/\",\"url\":\"https:\/\/decubal.com\/app\/uploads\/sites\/5\/2022\/05\/Decubal-logo.png\",\"contentUrl\":\"https:\/\/decubal.com\/app\/uploads\/sites\/5\/2022\/05\/Decubal-logo.png\",\"width\":138,\"height\":40,\"caption\":\"Decubal\"},\"image\":{\"@id\":\"https:\/\/multisite.decubal.com\/fi\/#\/schema\/logo\/image\/\"}}]}<\/script>\n<!-- \/ Yoast SEO plugin. -->","yoast_head_json":{"title":"Decubal Hydrating day cream SPF30 - Decubal","description":"Decubal Hydrating suojaa ihoa haitallisilta UV-s\u00e4teilt\u00e4 ja antaa v\u00e4lit\u00f6nt\u00e4 kosteutusta 24 tunnin ajan. Kevyt koostumus imeytyy nopeasti ja sis\u00e4lt\u00e4\u00e4 E-vitamiinia ja kosteuttavia ainesosia","robots":{"index":"index","follow":"follow","max-snippet":"max-snippet:-1","max-image-preview":"max-image-preview:large","max-video-preview":"max-video-preview:-1"},"canonical":"https:\/\/decubal.com\/fi\/tuote\/decubal-hydrating-day-cream\/","og_locale":"fi_FI","og_type":"article","og_title":"Decubal Hydrating day cream SPF30 - Decubal","og_description":"Decubal Hydrating suojaa ihoa haitallisilta UV-s\u00e4teilt\u00e4 ja antaa v\u00e4lit\u00f6nt\u00e4 kosteutusta 24 tunnin ajan. Kevyt koostumus imeytyy nopeasti ja sis\u00e4lt\u00e4\u00e4 E-vitamiinia ja kosteuttavia ainesosia","og_url":"https:\/\/decubal.com\/fi\/tuote\/decubal-hydrating-day-cream\/","og_site_name":"Decubal","article_modified_time":"2026-02-20T11:06:30+00:00","og_image":[{"width":600,"height":600,"url":"https:\/\/decubal.com\/app\/uploads\/sites\/5\/2023\/10\/Decubal-Face-Day-Cream.png","type":"image\/png"}],"twitter_card":"summary_large_image","twitter_misc":{"Est. reading time":"2 minutes"},"schema":{"@context":"https:\/\/schema.org","@graph":[{"@type":"WebPage","@id":"https:\/\/decubal.com\/fi\/tuote\/decubal-hydrating-day-cream\/","url":"https:\/\/decubal.com\/fi\/tuote\/decubal-hydrating-day-cream\/","name":"Decubal Hydrating day cream SPF30 - Decubal","isPartOf":{"@id":"https:\/\/multisite.decubal.com\/fi\/#website"},"primaryImageOfPage":{"@id":"https:\/\/decubal.com\/fi\/tuote\/decubal-hydrating-day-cream\/#primaryimage"},"image":{"@id":"https:\/\/decubal.com\/fi\/tuote\/decubal-hydrating-day-cream\/#primaryimage"},"thumbnailUrl":"https:\/\/decubal.com\/app\/uploads\/sites\/5\/2023\/10\/Decubal-Face-Day-Cream.png","datePublished":"2023-10-25T09:53:54+00:00","dateModified":"2026-02-20T11:06:30+00:00","description":"Decubal Hydrating suojaa ihoa haitallisilta UV-s\u00e4teilt\u00e4 ja antaa v\u00e4lit\u00f6nt\u00e4 kosteutusta 24 tunnin ajan. Kevyt koostumus imeytyy nopeasti ja sis\u00e4lt\u00e4\u00e4 E-vitamiinia ja kosteuttavia ainesosia","breadcrumb":{"@id":"https:\/\/decubal.com\/fi\/tuote\/decubal-hydrating-day-cream\/#breadcrumb"},"inLanguage":"fi-FI","potentialAction":[{"@type":"ReadAction","target":["https:\/\/decubal.com\/fi\/tuote\/decubal-hydrating-day-cream\/"]}]},{"@type":"ImageObject","inLanguage":"fi-FI","@id":"https:\/\/decubal.com\/fi\/tuote\/decubal-hydrating-day-cream\/#primaryimage","url":"https:\/\/decubal.com\/app\/uploads\/sites\/5\/2023\/10\/Decubal-Face-Day-Cream.png","contentUrl":"https:\/\/decubal.com\/app\/uploads\/sites\/5\/2023\/10\/Decubal-Face-Day-Cream.png","width":600,"height":600,"caption":"Decubal-Face-Day-Cream"},{"@type":"BreadcrumbList","@id":"https:\/\/decubal.com\/fi\/tuote\/decubal-hydrating-day-cream\/#breadcrumb","itemListElement":[{"@type":"ListItem","position":1,"name":"Home","item":"https:\/\/decubal.com\/fi\/"},{"@type":"ListItem","position":2,"name":"Tuotteet","item":"https:\/\/decubal.com\/fi\/tuotteet\/"},{"@type":"ListItem","position":3,"name":"Decubal Hydrating day cream SPF30"}]},{"@type":"WebSite","@id":"https:\/\/multisite.decubal.com\/fi\/#website","url":"https:\/\/multisite.decubal.com\/fi\/","name":"Decubal","description":"","publisher":{"@id":"https:\/\/multisite.decubal.com\/fi\/#organization"},"potentialAction":[{"@type":"SearchAction","target":{"@type":"EntryPoint","urlTemplate":"https:\/\/multisite.decubal.com\/fi\/?s={search_term_string}"},"query-input":{"@type":"PropertyValueSpecification","valueRequired":true,"valueName":"search_term_string"}}],"inLanguage":"fi-FI"},{"@type":"Organization","@id":"https:\/\/multisite.decubal.com\/fi\/#organization","name":"Decubal","url":"https:\/\/multisite.decubal.com\/fi\/","logo":{"@type":"ImageObject","inLanguage":"fi-FI","@id":"https:\/\/multisite.decubal.com\/fi\/#\/schema\/logo\/image\/","url":"https:\/\/decubal.com\/app\/uploads\/sites\/5\/2022\/05\/Decubal-logo.png","contentUrl":"https:\/\/decubal.com\/app\/uploads\/sites\/5\/2022\/05\/Decubal-logo.png","width":138,"height":40,"caption":"Decubal"},"image":{"@id":"https:\/\/multisite.decubal.com\/fi\/#\/schema\/logo\/image\/"}}]}},"_links":{"self":[{"href":"https:\/\/decubal.com\/fi\/wp-json\/wp\/v2\/product\/475","targetHints":{"allow":["GET"]}}],"collection":[{"href":"https:\/\/decubal.com\/fi\/wp-json\/wp\/v2\/product"}],"about":[{"href":"https:\/\/decubal.com\/fi\/wp-json\/wp\/v2\/types\/product"}],"replies":[{"embeddable":true,"href":"https:\/\/decubal.com\/fi\/wp-json\/wp\/v2\/comments?post=475"}],"version-history":[{"count":9,"href":"https:\/\/decubal.com\/fi\/wp-json\/wp\/v2\/product\/475\/revisions"}],"predecessor-version":[{"id":924,"href":"https:\/\/decubal.com\/fi\/wp-json\/wp\/v2\/product\/475\/revisions\/924"}],"wp:featuredmedia":[{"embeddable":true,"href":"https:\/\/decubal.com\/fi\/wp-json\/wp\/v2\/media\/587"}],"wp:attachment":[{"href":"https:\/\/decubal.com\/fi\/wp-json\/wp\/v2\/media?parent=475"}],"wp:term":[{"taxonomy":"product_brand","embeddable":true,"href":"https:\/\/decubal.com\/fi\/wp-json\/wp\/v2\/product_brand?post=475"},{"taxonomy":"product_cat","embeddable":true,"href":"https:\/\/decubal.com\/fi\/wp-json\/wp\/v2\/product_cat?post=475"},{"taxonomy":"product_tag","embeddable":true,"href":"https:\/\/decubal.com\/fi\/wp-json\/wp\/v2\/product_tag?post=475"}],"curies":[{"name":"wp","href":"https:\/\/api.w.org\/{rel}","templated":true}]}}