{"id":474,"date":"2023-10-25T12:20:32","date_gmt":"2023-10-25T09:20:32","guid":{"rendered":"https:\/\/decubal.com\/fi\/?post_type=product&#038;p=474"},"modified":"2026-02-20T13:06:27","modified_gmt":"2026-02-20T11:06:27","slug":"decubal-hydrating-night-cream","status":"publish","type":"product","link":"https:\/\/decubal.com\/fi\/tuote\/decubal-hydrating-night-cream\/","title":{"rendered":"Decubal Hydrating night cream"},"content":{"rendered":"\n<div class=\"wp-block-karopharma-free-text pt-large pb-large bg-center bg-cover bg-no-repeat  redblock\" style=\"background-image:url()\"><div class=\"free-text-wrapper container max-w-medium text-left\">\n<p>Decubal Hydrating night cream hoitaa ihoa ja y\u00f6n aikana ja syv\u00e4kosteuttaa 24 tunnin ajan. Kevyt koostumus imeytyy nopeast ja sis\u00e4lt\u00e4\u00e4 E-vitamiinia, macadamia\u00f6ljy\u00e4 ja sheavoita, jotka kosteuttavat ihoa ja auttavat palauttamaan ihon luonnollisen suojakerroksen nukkuessasi. Kliinisesti todistettu, pitk\u00e4kestoinen kosteuttava vaikutus, joka tekee ihosta silkkisen, kosteutetun ja pehme\u00e4n. Decubal Hydrating night cream on hajusteeton, allergiasertifioitu ja dermatologisesti testattu herk\u00e4ll\u00e4 iholla.<\/p>\n<\/div><\/div>\n\n\n\n<div class=\"wp-block-karopharma-product-promotion text-align-right pt-large pb-large bg-center bg-cover bg-no-repeat\" style=\"background-image:url()\"><div class=\"container max-w-large\">\n<div class=\"wp-block-group is-layout-flow wp-block-group-is-layout-flow\">\n<div class=\"wp-block-group hexagon is-layout-constrained wp-block-group-is-layout-constrained\">\n<h3 class=\"wp-block-heading has-text-align-center has-primary-color has-text-color has-link-color wp-elements-21faf9fa24e80ae2d169445fbfb32dcf\">K\u00e4ytt\u00f6<\/h3>\n\n\n\n<p class=\"has-text-align-center\">Levit\u00e4 kasvoille ja kaulalle iltaisin seerumin j\u00e4lkeen tai heti kasvojen puhdistamisen j\u00e4lkeen. Jos k\u00e4yt\u00e4t yhdess\u00e4 seerumin kanssa, anna seerumin ensin imeyty\u00e4 kunnolla.<\/p>\n<\/div>\n<\/div>\n\n\n\n<div class=\"wp-block-group is-layout-flow wp-block-group-is-layout-flow\">\n<div class=\"wp-block-group hexagon is-layout-constrained wp-block-group-is-layout-constrained\">\n<h3 class=\"wp-block-heading has-text-align-center has-primary-color has-text-color has-link-color wp-elements-22a4a6e8551e5235a0ecd6e3b61001ed\">Ainesosat<\/h3>\n\n\n\n<p class=\"has-text-align-center mindretext2\">Aqua, Macadamia integrifolia seed oil, Prunus amygdalus dulcis oil, Pentylene glycol, Glycerin, Simmondsia chinensis seed oil, Stearyl alcohol, Polyglyceryl-2 stearate, Behenyl alcohol, Theobroma cacao seed butter, Butyrospermum parkii butter, Glyceryl stearate, Hydrogenated rapeseed alcohol, Polyglyceryl -10 eicosanedioate\/tetradecanedioate, Betaine, Xanthan gum, Tocopheryl acetate, Levulinic acid, Sodium anisate, Sodium levulinate, Polyglyceryl-4 oleate, Tocopherol, Sodium hydroxide, Helianthus annuus seed oil, Glyceryl olivate<\/p>\n<\/div>\n<\/div>\n<\/div><\/div>\n\n\n\n<div class=\"wp-block-karopharma-free-text pt-large pb-large bg-center bg-cover bg-no-repeat  beigeblock\" style=\"background-image:url()\"><div class=\"free-text-wrapper container max-w-small text-center\">\n<figure class=\"wp-block-image aligncenter size-full\"><img loading=\"lazy\" decoding=\"async\" width=\"200\" height=\"204\" src=\"https:\/\/decubal.com\/app\/uploads\/sites\/5\/2022\/05\/allergy-certified.png\" alt=\"allergy-certified\" class=\"wp-image-567\"\/><\/figure>\n\n\n\n<h2 class=\"wp-block-heading is-style-heading-h2\">Decubal Hydrating night cream on hajusteeton ja dermatologisesti testattu kuivalla ja herk\u00e4ll\u00e4 iholla.<\/h2>\n\n\n\n<p>Tuote on Allergy Certified -hyv\u00e4ksytty, mik\u00e4 tarkoittaa, ett\u00e4 jokainen ainesosa voiteen koostumuksessa on arvioitu yksityiskohtaisesti toksikologin tai farmaseutin toimesta varmistukseksi siit\u00e4, ett\u00e4 allergisen reaktion riski on minimaalinen.<\/p>\n<\/div><\/div>\n","protected":false},"excerpt":{"rendered":"<p>Kevyt ja intensiivisesti kosteuttava y\u00f6voide kuivalle ja herk\u00e4lle kasvojen iholle.<\/p>\n","protected":false},"featured_media":589,"comment_status":"open","ping_status":"closed","template":"","meta":{"_acf_changed":false,"footnotes":""},"product_brand":[],"product_cat":[22],"product_tag":[],"class_list":{"0":"post-474","1":"product","2":"type-product","3":"status-publish","4":"has-post-thumbnail","6":"product_cat-hydrating","8":"first","9":"instock","10":"shipping-taxable","11":"product-type-simple"},"acf":[],"yoast_head":"<!-- This site is optimized with the Yoast SEO plugin v26.6 - https:\/\/yoast.com\/wordpress\/plugins\/seo\/ -->\n<title>Decubal Hydrating night cream - Decubal<\/title>\n<meta name=\"description\" content=\"Decubal Hydrating night cream hoitaa ihoa ja y\u00f6n aikana ja syv\u00e4kosteuttaa 24 tunnin ajan.\" \/>\n<meta name=\"robots\" content=\"index, follow, max-snippet:-1, max-image-preview:large, max-video-preview:-1\" \/>\n<link rel=\"canonical\" href=\"https:\/\/decubal.com\/fi\/tuote\/decubal-hydrating-night-cream\/\" \/>\n<meta property=\"og:locale\" content=\"fi_FI\" \/>\n<meta property=\"og:type\" content=\"article\" \/>\n<meta property=\"og:title\" content=\"Decubal Hydrating night cream - Decubal\" \/>\n<meta property=\"og:description\" content=\"Decubal Hydrating night cream hoitaa ihoa ja y\u00f6n aikana ja syv\u00e4kosteuttaa 24 tunnin ajan.\" \/>\n<meta property=\"og:url\" content=\"https:\/\/decubal.com\/fi\/tuote\/decubal-hydrating-night-cream\/\" \/>\n<meta property=\"og:site_name\" content=\"Decubal\" \/>\n<meta property=\"article:modified_time\" content=\"2026-02-20T11:06:27+00:00\" \/>\n<meta property=\"og:image\" content=\"https:\/\/decubal.com\/app\/uploads\/sites\/5\/2023\/10\/Decubal-Face-Night-Cream.png\" \/>\n\t<meta property=\"og:image:width\" content=\"600\" \/>\n\t<meta property=\"og:image:height\" content=\"600\" \/>\n\t<meta property=\"og:image:type\" content=\"image\/png\" \/>\n<meta name=\"twitter:card\" content=\"summary_large_image\" \/>\n<meta name=\"twitter:label1\" content=\"Est. reading time\" \/>\n\t<meta name=\"twitter:data1\" content=\"2 minutes\" \/>\n<script type=\"application\/ld+json\" class=\"yoast-schema-graph\">{\"@context\":\"https:\/\/schema.org\",\"@graph\":[{\"@type\":\"WebPage\",\"@id\":\"https:\/\/decubal.com\/fi\/tuote\/decubal-hydrating-night-cream\/\",\"url\":\"https:\/\/decubal.com\/fi\/tuote\/decubal-hydrating-night-cream\/\",\"name\":\"Decubal Hydrating night cream - Decubal\",\"isPartOf\":{\"@id\":\"https:\/\/multisite.decubal.com\/fi\/#website\"},\"primaryImageOfPage\":{\"@id\":\"https:\/\/decubal.com\/fi\/tuote\/decubal-hydrating-night-cream\/#primaryimage\"},\"image\":{\"@id\":\"https:\/\/decubal.com\/fi\/tuote\/decubal-hydrating-night-cream\/#primaryimage\"},\"thumbnailUrl\":\"https:\/\/decubal.com\/app\/uploads\/sites\/5\/2023\/10\/Decubal-Face-Night-Cream.png\",\"datePublished\":\"2023-10-25T09:20:32+00:00\",\"dateModified\":\"2026-02-20T11:06:27+00:00\",\"description\":\"Decubal Hydrating night cream hoitaa ihoa ja y\u00f6n aikana ja syv\u00e4kosteuttaa 24 tunnin ajan.\",\"breadcrumb\":{\"@id\":\"https:\/\/decubal.com\/fi\/tuote\/decubal-hydrating-night-cream\/#breadcrumb\"},\"inLanguage\":\"fi-FI\",\"potentialAction\":[{\"@type\":\"ReadAction\",\"target\":[\"https:\/\/decubal.com\/fi\/tuote\/decubal-hydrating-night-cream\/\"]}]},{\"@type\":\"ImageObject\",\"inLanguage\":\"fi-FI\",\"@id\":\"https:\/\/decubal.com\/fi\/tuote\/decubal-hydrating-night-cream\/#primaryimage\",\"url\":\"https:\/\/decubal.com\/app\/uploads\/sites\/5\/2023\/10\/Decubal-Face-Night-Cream.png\",\"contentUrl\":\"https:\/\/decubal.com\/app\/uploads\/sites\/5\/2023\/10\/Decubal-Face-Night-Cream.png\",\"width\":600,\"height\":600,\"caption\":\"Decubal-Face-Night-Cream\"},{\"@type\":\"BreadcrumbList\",\"@id\":\"https:\/\/decubal.com\/fi\/tuote\/decubal-hydrating-night-cream\/#breadcrumb\",\"itemListElement\":[{\"@type\":\"ListItem\",\"position\":1,\"name\":\"Home\",\"item\":\"https:\/\/decubal.com\/fi\/\"},{\"@type\":\"ListItem\",\"position\":2,\"name\":\"Tuotteet\",\"item\":\"https:\/\/decubal.com\/fi\/tuotteet\/\"},{\"@type\":\"ListItem\",\"position\":3,\"name\":\"Decubal Hydrating night cream\"}]},{\"@type\":\"WebSite\",\"@id\":\"https:\/\/multisite.decubal.com\/fi\/#website\",\"url\":\"https:\/\/multisite.decubal.com\/fi\/\",\"name\":\"Decubal\",\"description\":\"\",\"publisher\":{\"@id\":\"https:\/\/multisite.decubal.com\/fi\/#organization\"},\"potentialAction\":[{\"@type\":\"SearchAction\",\"target\":{\"@type\":\"EntryPoint\",\"urlTemplate\":\"https:\/\/multisite.decubal.com\/fi\/?s={search_term_string}\"},\"query-input\":{\"@type\":\"PropertyValueSpecification\",\"valueRequired\":true,\"valueName\":\"search_term_string\"}}],\"inLanguage\":\"fi-FI\"},{\"@type\":\"Organization\",\"@id\":\"https:\/\/multisite.decubal.com\/fi\/#organization\",\"name\":\"Decubal\",\"url\":\"https:\/\/multisite.decubal.com\/fi\/\",\"logo\":{\"@type\":\"ImageObject\",\"inLanguage\":\"fi-FI\",\"@id\":\"https:\/\/multisite.decubal.com\/fi\/#\/schema\/logo\/image\/\",\"url\":\"https:\/\/decubal.com\/app\/uploads\/sites\/5\/2022\/05\/Decubal-logo.png\",\"contentUrl\":\"https:\/\/decubal.com\/app\/uploads\/sites\/5\/2022\/05\/Decubal-logo.png\",\"width\":138,\"height\":40,\"caption\":\"Decubal\"},\"image\":{\"@id\":\"https:\/\/multisite.decubal.com\/fi\/#\/schema\/logo\/image\/\"}}]}<\/script>\n<!-- \/ Yoast SEO plugin. -->","yoast_head_json":{"title":"Decubal Hydrating night cream - Decubal","description":"Decubal Hydrating night cream hoitaa ihoa ja y\u00f6n aikana ja syv\u00e4kosteuttaa 24 tunnin ajan.","robots":{"index":"index","follow":"follow","max-snippet":"max-snippet:-1","max-image-preview":"max-image-preview:large","max-video-preview":"max-video-preview:-1"},"canonical":"https:\/\/decubal.com\/fi\/tuote\/decubal-hydrating-night-cream\/","og_locale":"fi_FI","og_type":"article","og_title":"Decubal Hydrating night cream - Decubal","og_description":"Decubal Hydrating night cream hoitaa ihoa ja y\u00f6n aikana ja syv\u00e4kosteuttaa 24 tunnin ajan.","og_url":"https:\/\/decubal.com\/fi\/tuote\/decubal-hydrating-night-cream\/","og_site_name":"Decubal","article_modified_time":"2026-02-20T11:06:27+00:00","og_image":[{"width":600,"height":600,"url":"https:\/\/decubal.com\/app\/uploads\/sites\/5\/2023\/10\/Decubal-Face-Night-Cream.png","type":"image\/png"}],"twitter_card":"summary_large_image","twitter_misc":{"Est. reading time":"2 minutes"},"schema":{"@context":"https:\/\/schema.org","@graph":[{"@type":"WebPage","@id":"https:\/\/decubal.com\/fi\/tuote\/decubal-hydrating-night-cream\/","url":"https:\/\/decubal.com\/fi\/tuote\/decubal-hydrating-night-cream\/","name":"Decubal Hydrating night cream - Decubal","isPartOf":{"@id":"https:\/\/multisite.decubal.com\/fi\/#website"},"primaryImageOfPage":{"@id":"https:\/\/decubal.com\/fi\/tuote\/decubal-hydrating-night-cream\/#primaryimage"},"image":{"@id":"https:\/\/decubal.com\/fi\/tuote\/decubal-hydrating-night-cream\/#primaryimage"},"thumbnailUrl":"https:\/\/decubal.com\/app\/uploads\/sites\/5\/2023\/10\/Decubal-Face-Night-Cream.png","datePublished":"2023-10-25T09:20:32+00:00","dateModified":"2026-02-20T11:06:27+00:00","description":"Decubal Hydrating night cream hoitaa ihoa ja y\u00f6n aikana ja syv\u00e4kosteuttaa 24 tunnin ajan.","breadcrumb":{"@id":"https:\/\/decubal.com\/fi\/tuote\/decubal-hydrating-night-cream\/#breadcrumb"},"inLanguage":"fi-FI","potentialAction":[{"@type":"ReadAction","target":["https:\/\/decubal.com\/fi\/tuote\/decubal-hydrating-night-cream\/"]}]},{"@type":"ImageObject","inLanguage":"fi-FI","@id":"https:\/\/decubal.com\/fi\/tuote\/decubal-hydrating-night-cream\/#primaryimage","url":"https:\/\/decubal.com\/app\/uploads\/sites\/5\/2023\/10\/Decubal-Face-Night-Cream.png","contentUrl":"https:\/\/decubal.com\/app\/uploads\/sites\/5\/2023\/10\/Decubal-Face-Night-Cream.png","width":600,"height":600,"caption":"Decubal-Face-Night-Cream"},{"@type":"BreadcrumbList","@id":"https:\/\/decubal.com\/fi\/tuote\/decubal-hydrating-night-cream\/#breadcrumb","itemListElement":[{"@type":"ListItem","position":1,"name":"Home","item":"https:\/\/decubal.com\/fi\/"},{"@type":"ListItem","position":2,"name":"Tuotteet","item":"https:\/\/decubal.com\/fi\/tuotteet\/"},{"@type":"ListItem","position":3,"name":"Decubal Hydrating night cream"}]},{"@type":"WebSite","@id":"https:\/\/multisite.decubal.com\/fi\/#website","url":"https:\/\/multisite.decubal.com\/fi\/","name":"Decubal","description":"","publisher":{"@id":"https:\/\/multisite.decubal.com\/fi\/#organization"},"potentialAction":[{"@type":"SearchAction","target":{"@type":"EntryPoint","urlTemplate":"https:\/\/multisite.decubal.com\/fi\/?s={search_term_string}"},"query-input":{"@type":"PropertyValueSpecification","valueRequired":true,"valueName":"search_term_string"}}],"inLanguage":"fi-FI"},{"@type":"Organization","@id":"https:\/\/multisite.decubal.com\/fi\/#organization","name":"Decubal","url":"https:\/\/multisite.decubal.com\/fi\/","logo":{"@type":"ImageObject","inLanguage":"fi-FI","@id":"https:\/\/multisite.decubal.com\/fi\/#\/schema\/logo\/image\/","url":"https:\/\/decubal.com\/app\/uploads\/sites\/5\/2022\/05\/Decubal-logo.png","contentUrl":"https:\/\/decubal.com\/app\/uploads\/sites\/5\/2022\/05\/Decubal-logo.png","width":138,"height":40,"caption":"Decubal"},"image":{"@id":"https:\/\/multisite.decubal.com\/fi\/#\/schema\/logo\/image\/"}}]}},"_links":{"self":[{"href":"https:\/\/decubal.com\/fi\/wp-json\/wp\/v2\/product\/474","targetHints":{"allow":["GET"]}}],"collection":[{"href":"https:\/\/decubal.com\/fi\/wp-json\/wp\/v2\/product"}],"about":[{"href":"https:\/\/decubal.com\/fi\/wp-json\/wp\/v2\/types\/product"}],"replies":[{"embeddable":true,"href":"https:\/\/decubal.com\/fi\/wp-json\/wp\/v2\/comments?post=474"}],"version-history":[{"count":9,"href":"https:\/\/decubal.com\/fi\/wp-json\/wp\/v2\/product\/474\/revisions"}],"predecessor-version":[{"id":923,"href":"https:\/\/decubal.com\/fi\/wp-json\/wp\/v2\/product\/474\/revisions\/923"}],"wp:featuredmedia":[{"embeddable":true,"href":"https:\/\/decubal.com\/fi\/wp-json\/wp\/v2\/media\/589"}],"wp:attachment":[{"href":"https:\/\/decubal.com\/fi\/wp-json\/wp\/v2\/media?parent=474"}],"wp:term":[{"taxonomy":"product_brand","embeddable":true,"href":"https:\/\/decubal.com\/fi\/wp-json\/wp\/v2\/product_brand?post=474"},{"taxonomy":"product_cat","embeddable":true,"href":"https:\/\/decubal.com\/fi\/wp-json\/wp\/v2\/product_cat?post=474"},{"taxonomy":"product_tag","embeddable":true,"href":"https:\/\/decubal.com\/fi\/wp-json\/wp\/v2\/product_tag?post=474"}],"curies":[{"name":"wp","href":"https:\/\/api.w.org\/{rel}","templated":true}]}}