{"id":396,"date":"2023-01-26T16:39:48","date_gmt":"2023-01-26T14:39:48","guid":{"rendered":"https:\/\/decubal.com\/fi\/?post_type=product&#038;p=396"},"modified":"2026-02-20T13:08:59","modified_gmt":"2026-02-20T11:08:59","slug":"decubal-lipid-cream","status":"publish","type":"product","link":"https:\/\/decubal.com\/fi\/tuote\/decubal-lipid-cream\/","title":{"rendered":"Decubal Restoring lipid cream"},"content":{"rendered":"\n<div class=\"wp-block-karopharma-free-text pt-large pb-large bg-center bg-cover bg-no-repeat  redblock\" style=\"background-image:url()\"><div class=\"free-text-wrapper container max-w-medium text-left\">\n<p>Decubal Restoring lipid cream sis\u00e4lt\u00e4\u00e4 70 % lipidej\u00e4, jotka auttavat vahvistamaan ihon luonnollista lipidikerrosta ja siten suojaamaan ihoa kosteuden haihtumiselta ja palauttamaan ihon kosteustasapainon. Kun iho on eritt\u00e4in kuiva, on suositeltavaa k\u00e4ytt\u00e4\u00e4 pehment\u00e4v\u00e4\u00e4 korkean rasvapitoisuuden voidetta, koska se muodostaa suojaavan kerroksen ihon pinnalle, joka sitoo alla olevan kosteuden auttaen palauttamaan ihon suojamekanismin. Decubal Restoring lipid cream -voiteen runsas koostumus kosteuttaa ihoa kliinisesti todistetusti jopa 24 tunnin ajan ensimm\u00e4isen levityskerran j\u00e4lkeen ja kosteuttaa pitk\u00e4kestoisesti, jopa 72 tuntia, kun sit\u00e4 levitet\u00e4\u00e4n p\u00e4ivitt\u00e4in 14 p\u00e4iv\u00e4n ajan. Lis\u00e4ksi voide auttaa parantamaan ihon elastisuutta ja palauttamaan sen luonnollisen pehmeyden.<\/p>\n<\/div><\/div>\n\n\n\n<div class=\"wp-block-karopharma-product-promotion text-align-right pt-large pb-large bg-center bg-cover bg-no-repeat\" style=\"background-image:url()\"><div class=\"container max-w-large\">\n<div class=\"wp-block-group is-layout-flow wp-block-group-is-layout-flow\">\n<div class=\"wp-block-group hexagon is-layout-constrained wp-block-group-is-layout-constrained\">\n<h3 class=\"wp-block-heading has-text-align-center has-primary-color has-text-color has-link-color wp-elements-21faf9fa24e80ae2d169445fbfb32dcf\">K\u00e4ytt\u00f6<\/h3>\n\n\n\n<p class=\"has-text-align-center\">Levit\u00e4 p\u00e4ivitt\u00e4in kasvoille ja vartalolle hoitaaksesi ja palauttaaksesi eritt\u00e4in kuivan ja ongelmallisen ihon.<\/p>\n<\/div>\n<\/div>\n\n\n\n<div class=\"wp-block-group is-layout-flow wp-block-group-is-layout-flow\">\n<div class=\"wp-block-group hexagon is-layout-constrained wp-block-group-is-layout-constrained\">\n<h3 class=\"wp-block-heading has-text-align-center has-primary-color has-text-color has-link-color wp-elements-22a4a6e8551e5235a0ecd6e3b61001ed\">Ainesosat<\/h3>\n\n\n\n<p class=\"has-text-align-center\">Vaseline, Water, Paraffin, Cetearyl alcohol, Ceteareth\u201325, Ceteareth\u201320, Caprylyl glycol, Citric acid, Sodium citrate, Sodium gluconate, Phenoxyethanol.<\/p>\n<\/div>\n<\/div>\n<\/div><\/div>\n\n\n\n<div class=\"wp-block-karopharma-free-text pt-large pb-large bg-center bg-cover bg-no-repeat  beigeblock\" style=\"background-image:url()\"><div class=\"free-text-wrapper container max-w-small text-center\">\n<figure class=\"wp-block-image aligncenter size-full\"><img loading=\"lazy\" decoding=\"async\" width=\"200\" height=\"204\" src=\"https:\/\/decubal.com\/app\/uploads\/sites\/5\/2022\/05\/allergy-certified.png\" alt=\"allergy-certified\" class=\"wp-image-567\"\/><\/figure>\n\n\n\n<h2 class=\"wp-block-heading is-style-heading-h2\">Decubal Restoring lipid cream on hajusteeton, ja dermatologisesti testattu kuivalla ja herk\u00e4ll\u00e4 iholla.<\/h2>\n\n\n\n<p>Tuote on Allergy Certified -hyv\u00e4ksytty, mik\u00e4 tarkoittaa, ett\u00e4 toksikologi tai farmaseutti on tehnyt riskinarvioinnin jokaisesta koostumuksen ainesosasta allergisen reaktion riskin minimoimiseksi.<\/p>\n<\/div><\/div>\n","protected":false},"excerpt":{"rendered":"<p>Hoitava voide, joka palauttaa eritt\u00e4in kuivan ja ongelmallisen ihon tasapainon.<\/p>\n","protected":false},"featured_media":619,"comment_status":"open","ping_status":"closed","template":"","meta":{"_acf_changed":false,"footnotes":""},"product_brand":[],"product_cat":[23],"product_tag":[],"class_list":{"0":"post-396","1":"product","2":"type-product","3":"status-publish","4":"has-post-thumbnail","6":"product_cat-restoring","8":"first","9":"instock","10":"shipping-taxable","11":"product-type-simple"},"acf":[],"yoast_head":"<!-- This site is optimized with the Yoast SEO plugin v26.6 - https:\/\/yoast.com\/wordpress\/plugins\/seo\/ -->\n<title>Decubal Restoring lipid cream - Decubal<\/title>\n<meta name=\"description\" content=\"Decubal Restoring lipid cream sis\u00e4lt\u00e4\u00e4 70 % lipidej\u00e4, jotka auttavat vahvistamaan ihon luonnollista lipidikerrosta ja siten suojaamaan ihoa kosteuden haihtumiselta ja palauttamaan ihon kosteustasapainon.\" \/>\n<meta name=\"robots\" content=\"index, follow, max-snippet:-1, max-image-preview:large, max-video-preview:-1\" \/>\n<link rel=\"canonical\" href=\"https:\/\/decubal.com\/fi\/tuote\/decubal-lipid-cream\/\" \/>\n<meta property=\"og:locale\" content=\"fi_FI\" \/>\n<meta property=\"og:type\" content=\"article\" \/>\n<meta property=\"og:title\" content=\"Decubal Restoring lipid cream - Decubal\" \/>\n<meta property=\"og:description\" content=\"Decubal Restoring lipid cream sis\u00e4lt\u00e4\u00e4 70 % lipidej\u00e4, jotka auttavat vahvistamaan ihon luonnollista lipidikerrosta ja siten suojaamaan ihoa kosteuden haihtumiselta ja palauttamaan ihon kosteustasapainon.\" \/>\n<meta property=\"og:url\" content=\"https:\/\/decubal.com\/fi\/tuote\/decubal-lipid-cream\/\" \/>\n<meta property=\"og:site_name\" content=\"Decubal\" \/>\n<meta property=\"article:modified_time\" content=\"2026-02-20T11:08:59+00:00\" \/>\n<meta property=\"og:image\" content=\"https:\/\/decubal.com\/app\/uploads\/sites\/5\/2023\/01\/Decubal-Lipid-Cream-Restoring.png\" \/>\n\t<meta property=\"og:image:width\" content=\"600\" \/>\n\t<meta property=\"og:image:height\" content=\"600\" \/>\n\t<meta property=\"og:image:type\" content=\"image\/png\" \/>\n<meta name=\"twitter:card\" content=\"summary_large_image\" \/>\n<meta name=\"twitter:label1\" content=\"Est. reading time\" \/>\n\t<meta name=\"twitter:data1\" content=\"2 minutes\" \/>\n<script type=\"application\/ld+json\" class=\"yoast-schema-graph\">{\"@context\":\"https:\/\/schema.org\",\"@graph\":[{\"@type\":\"WebPage\",\"@id\":\"https:\/\/decubal.com\/fi\/tuote\/decubal-lipid-cream\/\",\"url\":\"https:\/\/decubal.com\/fi\/tuote\/decubal-lipid-cream\/\",\"name\":\"Decubal Restoring lipid cream - Decubal\",\"isPartOf\":{\"@id\":\"https:\/\/multisite.decubal.com\/fi\/#website\"},\"primaryImageOfPage\":{\"@id\":\"https:\/\/decubal.com\/fi\/tuote\/decubal-lipid-cream\/#primaryimage\"},\"image\":{\"@id\":\"https:\/\/decubal.com\/fi\/tuote\/decubal-lipid-cream\/#primaryimage\"},\"thumbnailUrl\":\"https:\/\/decubal.com\/app\/uploads\/sites\/5\/2023\/01\/Decubal-Lipid-Cream-Restoring.png\",\"datePublished\":\"2023-01-26T14:39:48+00:00\",\"dateModified\":\"2026-02-20T11:08:59+00:00\",\"description\":\"Decubal Restoring lipid cream sis\u00e4lt\u00e4\u00e4 70 % lipidej\u00e4, jotka auttavat vahvistamaan ihon luonnollista lipidikerrosta ja siten suojaamaan ihoa kosteuden haihtumiselta ja palauttamaan ihon kosteustasapainon.\",\"breadcrumb\":{\"@id\":\"https:\/\/decubal.com\/fi\/tuote\/decubal-lipid-cream\/#breadcrumb\"},\"inLanguage\":\"fi-FI\",\"potentialAction\":[{\"@type\":\"ReadAction\",\"target\":[\"https:\/\/decubal.com\/fi\/tuote\/decubal-lipid-cream\/\"]}]},{\"@type\":\"ImageObject\",\"inLanguage\":\"fi-FI\",\"@id\":\"https:\/\/decubal.com\/fi\/tuote\/decubal-lipid-cream\/#primaryimage\",\"url\":\"https:\/\/decubal.com\/app\/uploads\/sites\/5\/2023\/01\/Decubal-Lipid-Cream-Restoring.png\",\"contentUrl\":\"https:\/\/decubal.com\/app\/uploads\/sites\/5\/2023\/01\/Decubal-Lipid-Cream-Restoring.png\",\"width\":600,\"height\":600,\"caption\":\"Decubal-Lipid-Cream-Restoring\"},{\"@type\":\"BreadcrumbList\",\"@id\":\"https:\/\/decubal.com\/fi\/tuote\/decubal-lipid-cream\/#breadcrumb\",\"itemListElement\":[{\"@type\":\"ListItem\",\"position\":1,\"name\":\"Home\",\"item\":\"https:\/\/decubal.com\/fi\/\"},{\"@type\":\"ListItem\",\"position\":2,\"name\":\"Tuotteet\",\"item\":\"https:\/\/decubal.com\/fi\/tuotteet\/\"},{\"@type\":\"ListItem\",\"position\":3,\"name\":\"Decubal Restoring lipid cream\"}]},{\"@type\":\"WebSite\",\"@id\":\"https:\/\/multisite.decubal.com\/fi\/#website\",\"url\":\"https:\/\/multisite.decubal.com\/fi\/\",\"name\":\"Decubal\",\"description\":\"\",\"publisher\":{\"@id\":\"https:\/\/multisite.decubal.com\/fi\/#organization\"},\"potentialAction\":[{\"@type\":\"SearchAction\",\"target\":{\"@type\":\"EntryPoint\",\"urlTemplate\":\"https:\/\/multisite.decubal.com\/fi\/?s={search_term_string}\"},\"query-input\":{\"@type\":\"PropertyValueSpecification\",\"valueRequired\":true,\"valueName\":\"search_term_string\"}}],\"inLanguage\":\"fi-FI\"},{\"@type\":\"Organization\",\"@id\":\"https:\/\/multisite.decubal.com\/fi\/#organization\",\"name\":\"Decubal\",\"url\":\"https:\/\/multisite.decubal.com\/fi\/\",\"logo\":{\"@type\":\"ImageObject\",\"inLanguage\":\"fi-FI\",\"@id\":\"https:\/\/multisite.decubal.com\/fi\/#\/schema\/logo\/image\/\",\"url\":\"https:\/\/decubal.com\/app\/uploads\/sites\/5\/2022\/05\/Decubal-logo.png\",\"contentUrl\":\"https:\/\/decubal.com\/app\/uploads\/sites\/5\/2022\/05\/Decubal-logo.png\",\"width\":138,\"height\":40,\"caption\":\"Decubal\"},\"image\":{\"@id\":\"https:\/\/multisite.decubal.com\/fi\/#\/schema\/logo\/image\/\"}}]}<\/script>\n<!-- \/ Yoast SEO plugin. -->","yoast_head_json":{"title":"Decubal Restoring lipid cream - Decubal","description":"Decubal Restoring lipid cream sis\u00e4lt\u00e4\u00e4 70 % lipidej\u00e4, jotka auttavat vahvistamaan ihon luonnollista lipidikerrosta ja siten suojaamaan ihoa kosteuden haihtumiselta ja palauttamaan ihon kosteustasapainon.","robots":{"index":"index","follow":"follow","max-snippet":"max-snippet:-1","max-image-preview":"max-image-preview:large","max-video-preview":"max-video-preview:-1"},"canonical":"https:\/\/decubal.com\/fi\/tuote\/decubal-lipid-cream\/","og_locale":"fi_FI","og_type":"article","og_title":"Decubal Restoring lipid cream - Decubal","og_description":"Decubal Restoring lipid cream sis\u00e4lt\u00e4\u00e4 70 % lipidej\u00e4, jotka auttavat vahvistamaan ihon luonnollista lipidikerrosta ja siten suojaamaan ihoa kosteuden haihtumiselta ja palauttamaan ihon kosteustasapainon.","og_url":"https:\/\/decubal.com\/fi\/tuote\/decubal-lipid-cream\/","og_site_name":"Decubal","article_modified_time":"2026-02-20T11:08:59+00:00","og_image":[{"width":600,"height":600,"url":"https:\/\/decubal.com\/app\/uploads\/sites\/5\/2023\/01\/Decubal-Lipid-Cream-Restoring.png","type":"image\/png"}],"twitter_card":"summary_large_image","twitter_misc":{"Est. reading time":"2 minutes"},"schema":{"@context":"https:\/\/schema.org","@graph":[{"@type":"WebPage","@id":"https:\/\/decubal.com\/fi\/tuote\/decubal-lipid-cream\/","url":"https:\/\/decubal.com\/fi\/tuote\/decubal-lipid-cream\/","name":"Decubal Restoring lipid cream - Decubal","isPartOf":{"@id":"https:\/\/multisite.decubal.com\/fi\/#website"},"primaryImageOfPage":{"@id":"https:\/\/decubal.com\/fi\/tuote\/decubal-lipid-cream\/#primaryimage"},"image":{"@id":"https:\/\/decubal.com\/fi\/tuote\/decubal-lipid-cream\/#primaryimage"},"thumbnailUrl":"https:\/\/decubal.com\/app\/uploads\/sites\/5\/2023\/01\/Decubal-Lipid-Cream-Restoring.png","datePublished":"2023-01-26T14:39:48+00:00","dateModified":"2026-02-20T11:08:59+00:00","description":"Decubal Restoring lipid cream sis\u00e4lt\u00e4\u00e4 70 % lipidej\u00e4, jotka auttavat vahvistamaan ihon luonnollista lipidikerrosta ja siten suojaamaan ihoa kosteuden haihtumiselta ja palauttamaan ihon kosteustasapainon.","breadcrumb":{"@id":"https:\/\/decubal.com\/fi\/tuote\/decubal-lipid-cream\/#breadcrumb"},"inLanguage":"fi-FI","potentialAction":[{"@type":"ReadAction","target":["https:\/\/decubal.com\/fi\/tuote\/decubal-lipid-cream\/"]}]},{"@type":"ImageObject","inLanguage":"fi-FI","@id":"https:\/\/decubal.com\/fi\/tuote\/decubal-lipid-cream\/#primaryimage","url":"https:\/\/decubal.com\/app\/uploads\/sites\/5\/2023\/01\/Decubal-Lipid-Cream-Restoring.png","contentUrl":"https:\/\/decubal.com\/app\/uploads\/sites\/5\/2023\/01\/Decubal-Lipid-Cream-Restoring.png","width":600,"height":600,"caption":"Decubal-Lipid-Cream-Restoring"},{"@type":"BreadcrumbList","@id":"https:\/\/decubal.com\/fi\/tuote\/decubal-lipid-cream\/#breadcrumb","itemListElement":[{"@type":"ListItem","position":1,"name":"Home","item":"https:\/\/decubal.com\/fi\/"},{"@type":"ListItem","position":2,"name":"Tuotteet","item":"https:\/\/decubal.com\/fi\/tuotteet\/"},{"@type":"ListItem","position":3,"name":"Decubal Restoring lipid cream"}]},{"@type":"WebSite","@id":"https:\/\/multisite.decubal.com\/fi\/#website","url":"https:\/\/multisite.decubal.com\/fi\/","name":"Decubal","description":"","publisher":{"@id":"https:\/\/multisite.decubal.com\/fi\/#organization"},"potentialAction":[{"@type":"SearchAction","target":{"@type":"EntryPoint","urlTemplate":"https:\/\/multisite.decubal.com\/fi\/?s={search_term_string}"},"query-input":{"@type":"PropertyValueSpecification","valueRequired":true,"valueName":"search_term_string"}}],"inLanguage":"fi-FI"},{"@type":"Organization","@id":"https:\/\/multisite.decubal.com\/fi\/#organization","name":"Decubal","url":"https:\/\/multisite.decubal.com\/fi\/","logo":{"@type":"ImageObject","inLanguage":"fi-FI","@id":"https:\/\/multisite.decubal.com\/fi\/#\/schema\/logo\/image\/","url":"https:\/\/decubal.com\/app\/uploads\/sites\/5\/2022\/05\/Decubal-logo.png","contentUrl":"https:\/\/decubal.com\/app\/uploads\/sites\/5\/2022\/05\/Decubal-logo.png","width":138,"height":40,"caption":"Decubal"},"image":{"@id":"https:\/\/multisite.decubal.com\/fi\/#\/schema\/logo\/image\/"}}]}},"_links":{"self":[{"href":"https:\/\/decubal.com\/fi\/wp-json\/wp\/v2\/product\/396","targetHints":{"allow":["GET"]}}],"collection":[{"href":"https:\/\/decubal.com\/fi\/wp-json\/wp\/v2\/product"}],"about":[{"href":"https:\/\/decubal.com\/fi\/wp-json\/wp\/v2\/types\/product"}],"replies":[{"embeddable":true,"href":"https:\/\/decubal.com\/fi\/wp-json\/wp\/v2\/comments?post=396"}],"version-history":[{"count":9,"href":"https:\/\/decubal.com\/fi\/wp-json\/wp\/v2\/product\/396\/revisions"}],"predecessor-version":[{"id":929,"href":"https:\/\/decubal.com\/fi\/wp-json\/wp\/v2\/product\/396\/revisions\/929"}],"wp:featuredmedia":[{"embeddable":true,"href":"https:\/\/decubal.com\/fi\/wp-json\/wp\/v2\/media\/619"}],"wp:attachment":[{"href":"https:\/\/decubal.com\/fi\/wp-json\/wp\/v2\/media?parent=396"}],"wp:term":[{"taxonomy":"product_brand","embeddable":true,"href":"https:\/\/decubal.com\/fi\/wp-json\/wp\/v2\/product_brand?post=396"},{"taxonomy":"product_cat","embeddable":true,"href":"https:\/\/decubal.com\/fi\/wp-json\/wp\/v2\/product_cat?post=396"},{"taxonomy":"product_tag","embeddable":true,"href":"https:\/\/decubal.com\/fi\/wp-json\/wp\/v2\/product_tag?post=396"}],"curies":[{"name":"wp","href":"https:\/\/api.w.org\/{rel}","templated":true}]}}