{"id":86,"date":"2022-05-19T16:27:13","date_gmt":"2022-05-19T13:27:13","guid":{"rendered":"https:\/\/decubal.com\/fi\/?page_id=86"},"modified":"2025-12-01T15:14:56","modified_gmt":"2025-12-01T13:14:56","slug":"tietoja-decubalista","status":"publish","type":"page","link":"https:\/\/decubal.com\/fi\/tietoja-decubalista\/","title":{"rendered":"Tietoja Decubalista"},"content":{"rendered":"\n<div class=\"wp-block-karopharma-product-promotion text-align-left pt-medium pb-medium bg-center bg-cover bg-no-repeat\" style=\"background-image:url()\"><div class=\"container max-w-large\">\n<div class=\"wp-block-group is-layout-flow wp-block-group-is-layout-flow\">\n<figure class=\"wp-block-karopharma-product-promotion-image product-promotion-image\"><img fetchpriority=\"high\" decoding=\"async\" datatest=\"image\" src=\"https:\/\/decubal.com\/cdn-cgi\/image\/format=auto\/app\/uploads\/sites\/5\/2024\/10\/Decubal-produktmontage.jpg\" loading=\"eager\" alt=\"Decubal\" width=\"649\" height=\"493\" srcset=\"https:\/\/decubal.com\/cdn-cgi\/image\/format=auto,width=584\/app\/uploads\/sites\/5\/2024\/10\/Decubal-produktmontage.jpg 584w, https:\/\/decubal.com\/cdn-cgi\/image\/format=auto,width=272\/app\/uploads\/sites\/5\/2024\/10\/Decubal-produktmontage.jpg 272w\" sizes=\"(max-width: 584px) 100vw, 584px\"\/><\/figure>\n<\/div>\n\n\n\n<div class=\"wp-block-group is-layout-flow wp-block-group-is-layout-flow\">\n<h1 class=\"wp-block-heading title is-style-heading-huge has-primary-color has-text-color has-link-color wp-elements-12fb5770bf84188d4028a0e0b74e1015\">Tietoa Decubalista<\/h1>\n\n\n\n<p class=\"paragraph is-style-paragraph-body-text\">Decubalin ravitsevat ihonhoitotuotteet sopivat erityisesti sinulle, jolla on kuiva ja herkk\u00e4 iho. Decubal on kehitetty suojaamaan ihoa pohjoismaisessa ilmastossa ja yli 40 vuoden kokemuksella ymm\u00e4rr\u00e4mme mit\u00e4 tarkoittaa ihon luonnollisen kosteuden ja kimmoisuuden s\u00e4ilytt\u00e4minen. Valikoimamme on laaja, joten l\u00f6yd\u00e4t niin teho- ja t\u00e4sm\u00e4hoitotuotteet kuin ennaltaehk\u00e4isev\u00e4t ja kosteuttavat hoidot arkeen. Siksi ihotautil\u00e4\u00e4k\u00e4rit Pohjoismaissa suosittelevat Decubalia nuorille ja vanhoille, p\u00e4\u00e4st\u00e4 varpaisiin ymp\u00e4ri vuoden.<\/p>\n<\/div>\n<\/div><\/div>\n\n\n\n\n\n\n\n\n\n\n\n\n","protected":false},"excerpt":{"rendered":"","protected":false},"author":2,"featured_media":0,"parent":0,"menu_order":0,"comment_status":"closed","ping_status":"closed","template":"","meta":{"_acf_changed":false,"footnotes":""},"from-article-database":[],"class_list":["post-86","page","type-page","status-publish","hentry"],"acf":[],"yoast_head":"<!-- This site is optimized with the Yoast SEO plugin v26.6 - https:\/\/yoast.com\/wordpress\/plugins\/seo\/ -->\n<title>Tietoja Decubalista - Decubal<\/title>\n<meta name=\"description\" content=\"Decubalin ravitsevat ihonhoitotuotteet sopivat erityisesti sinulle, jolla on kuiva ja herkk\u00e4 iho.\" \/>\n<meta name=\"robots\" content=\"index, follow, max-snippet:-1, max-image-preview:large, max-video-preview:-1\" \/>\n<link rel=\"canonical\" href=\"https:\/\/decubal.com\/fi\/tietoja-decubalista\/\" \/>\n<meta property=\"og:locale\" content=\"fi_FI\" \/>\n<meta property=\"og:type\" content=\"article\" \/>\n<meta property=\"og:title\" content=\"Tietoja Decubalista - Decubal\" \/>\n<meta property=\"og:description\" content=\"Decubalin ravitsevat ihonhoitotuotteet sopivat erityisesti sinulle, jolla on kuiva ja herkk\u00e4 iho.\" \/>\n<meta property=\"og:url\" content=\"https:\/\/decubal.com\/fi\/tietoja-decubalista\/\" \/>\n<meta property=\"og:site_name\" content=\"Decubal\" \/>\n<meta property=\"article:modified_time\" content=\"2025-12-01T13:14:56+00:00\" \/>\n<meta property=\"og:image\" content=\"https:\/\/decubal.com\/cdn-cgi\/image\/format=auto\/app\/uploads\/sites\/5\/2024\/10\/Decubal-produktmontage.jpg\" \/>\n<meta name=\"twitter:card\" content=\"summary_large_image\" \/>\n<meta name=\"twitter:label1\" content=\"Est. reading time\" \/>\n\t<meta name=\"twitter:data1\" content=\"1 minute\" \/>\n<script type=\"application\/ld+json\" class=\"yoast-schema-graph\">{\"@context\":\"https:\/\/schema.org\",\"@graph\":[{\"@type\":\"WebPage\",\"@id\":\"https:\/\/decubal.com\/fi\/tietoja-decubalista\/\",\"url\":\"https:\/\/decubal.com\/fi\/tietoja-decubalista\/\",\"name\":\"Tietoja Decubalista - Decubal\",\"isPartOf\":{\"@id\":\"https:\/\/multisite.decubal.com\/fi\/#website\"},\"primaryImageOfPage\":{\"@id\":\"https:\/\/decubal.com\/fi\/tietoja-decubalista\/#primaryimage\"},\"image\":{\"@id\":\"https:\/\/decubal.com\/fi\/tietoja-decubalista\/#primaryimage\"},\"thumbnailUrl\":\"https:\/\/decubal.com\/cdn-cgi\/image\/format=auto\/app\/uploads\/sites\/5\/2024\/10\/Decubal-produktmontage.jpg\",\"datePublished\":\"2022-05-19T13:27:13+00:00\",\"dateModified\":\"2025-12-01T13:14:56+00:00\",\"description\":\"Decubalin ravitsevat ihonhoitotuotteet sopivat erityisesti sinulle, jolla on kuiva ja herkk\u00e4 iho.\",\"breadcrumb\":{\"@id\":\"https:\/\/decubal.com\/fi\/tietoja-decubalista\/#breadcrumb\"},\"inLanguage\":\"fi-FI\",\"potentialAction\":[{\"@type\":\"ReadAction\",\"target\":[\"https:\/\/decubal.com\/fi\/tietoja-decubalista\/\"]}]},{\"@type\":\"ImageObject\",\"inLanguage\":\"fi-FI\",\"@id\":\"https:\/\/decubal.com\/fi\/tietoja-decubalista\/#primaryimage\",\"url\":\"https:\/\/decubal.com\/cdn-cgi\/image\/format=auto\/app\/uploads\/sites\/5\/2024\/10\/Decubal-produktmontage.jpg\",\"contentUrl\":\"https:\/\/decubal.com\/cdn-cgi\/image\/format=auto\/app\/uploads\/sites\/5\/2024\/10\/Decubal-produktmontage.jpg\"},{\"@type\":\"BreadcrumbList\",\"@id\":\"https:\/\/decubal.com\/fi\/tietoja-decubalista\/#breadcrumb\",\"itemListElement\":[{\"@type\":\"ListItem\",\"position\":1,\"name\":\"Home\",\"item\":\"https:\/\/decubal.com\/fi\/\"},{\"@type\":\"ListItem\",\"position\":2,\"name\":\"Tietoja Decubalista\"}]},{\"@type\":\"WebSite\",\"@id\":\"https:\/\/multisite.decubal.com\/fi\/#website\",\"url\":\"https:\/\/multisite.decubal.com\/fi\/\",\"name\":\"Decubal\",\"description\":\"\",\"publisher\":{\"@id\":\"https:\/\/multisite.decubal.com\/fi\/#organization\"},\"potentialAction\":[{\"@type\":\"SearchAction\",\"target\":{\"@type\":\"EntryPoint\",\"urlTemplate\":\"https:\/\/multisite.decubal.com\/fi\/?s={search_term_string}\"},\"query-input\":{\"@type\":\"PropertyValueSpecification\",\"valueRequired\":true,\"valueName\":\"search_term_string\"}}],\"inLanguage\":\"fi-FI\"},{\"@type\":\"Organization\",\"@id\":\"https:\/\/multisite.decubal.com\/fi\/#organization\",\"name\":\"Decubal\",\"url\":\"https:\/\/multisite.decubal.com\/fi\/\",\"logo\":{\"@type\":\"ImageObject\",\"inLanguage\":\"fi-FI\",\"@id\":\"https:\/\/multisite.decubal.com\/fi\/#\/schema\/logo\/image\/\",\"url\":\"https:\/\/decubal.com\/app\/uploads\/sites\/5\/2022\/05\/Decubal-logo.png\",\"contentUrl\":\"https:\/\/decubal.com\/app\/uploads\/sites\/5\/2022\/05\/Decubal-logo.png\",\"width\":138,\"height\":40,\"caption\":\"Decubal\"},\"image\":{\"@id\":\"https:\/\/multisite.decubal.com\/fi\/#\/schema\/logo\/image\/\"}}]}<\/script>\n<!-- \/ Yoast SEO plugin. -->","yoast_head_json":{"title":"Tietoja Decubalista - Decubal","description":"Decubalin ravitsevat ihonhoitotuotteet sopivat erityisesti sinulle, jolla on kuiva ja herkk\u00e4 iho.","robots":{"index":"index","follow":"follow","max-snippet":"max-snippet:-1","max-image-preview":"max-image-preview:large","max-video-preview":"max-video-preview:-1"},"canonical":"https:\/\/decubal.com\/fi\/tietoja-decubalista\/","og_locale":"fi_FI","og_type":"article","og_title":"Tietoja Decubalista - Decubal","og_description":"Decubalin ravitsevat ihonhoitotuotteet sopivat erityisesti sinulle, jolla on kuiva ja herkk\u00e4 iho.","og_url":"https:\/\/decubal.com\/fi\/tietoja-decubalista\/","og_site_name":"Decubal","article_modified_time":"2025-12-01T13:14:56+00:00","og_image":[{"url":"https:\/\/decubal.com\/cdn-cgi\/image\/format=auto\/app\/uploads\/sites\/5\/2024\/10\/Decubal-produktmontage.jpg","type":"","width":"","height":""}],"twitter_card":"summary_large_image","twitter_misc":{"Est. reading time":"1 minute"},"schema":{"@context":"https:\/\/schema.org","@graph":[{"@type":"WebPage","@id":"https:\/\/decubal.com\/fi\/tietoja-decubalista\/","url":"https:\/\/decubal.com\/fi\/tietoja-decubalista\/","name":"Tietoja Decubalista - Decubal","isPartOf":{"@id":"https:\/\/multisite.decubal.com\/fi\/#website"},"primaryImageOfPage":{"@id":"https:\/\/decubal.com\/fi\/tietoja-decubalista\/#primaryimage"},"image":{"@id":"https:\/\/decubal.com\/fi\/tietoja-decubalista\/#primaryimage"},"thumbnailUrl":"https:\/\/decubal.com\/cdn-cgi\/image\/format=auto\/app\/uploads\/sites\/5\/2024\/10\/Decubal-produktmontage.jpg","datePublished":"2022-05-19T13:27:13+00:00","dateModified":"2025-12-01T13:14:56+00:00","description":"Decubalin ravitsevat ihonhoitotuotteet sopivat erityisesti sinulle, jolla on kuiva ja herkk\u00e4 iho.","breadcrumb":{"@id":"https:\/\/decubal.com\/fi\/tietoja-decubalista\/#breadcrumb"},"inLanguage":"fi-FI","potentialAction":[{"@type":"ReadAction","target":["https:\/\/decubal.com\/fi\/tietoja-decubalista\/"]}]},{"@type":"ImageObject","inLanguage":"fi-FI","@id":"https:\/\/decubal.com\/fi\/tietoja-decubalista\/#primaryimage","url":"https:\/\/decubal.com\/cdn-cgi\/image\/format=auto\/app\/uploads\/sites\/5\/2024\/10\/Decubal-produktmontage.jpg","contentUrl":"https:\/\/decubal.com\/cdn-cgi\/image\/format=auto\/app\/uploads\/sites\/5\/2024\/10\/Decubal-produktmontage.jpg"},{"@type":"BreadcrumbList","@id":"https:\/\/decubal.com\/fi\/tietoja-decubalista\/#breadcrumb","itemListElement":[{"@type":"ListItem","position":1,"name":"Home","item":"https:\/\/decubal.com\/fi\/"},{"@type":"ListItem","position":2,"name":"Tietoja Decubalista"}]},{"@type":"WebSite","@id":"https:\/\/multisite.decubal.com\/fi\/#website","url":"https:\/\/multisite.decubal.com\/fi\/","name":"Decubal","description":"","publisher":{"@id":"https:\/\/multisite.decubal.com\/fi\/#organization"},"potentialAction":[{"@type":"SearchAction","target":{"@type":"EntryPoint","urlTemplate":"https:\/\/multisite.decubal.com\/fi\/?s={search_term_string}"},"query-input":{"@type":"PropertyValueSpecification","valueRequired":true,"valueName":"search_term_string"}}],"inLanguage":"fi-FI"},{"@type":"Organization","@id":"https:\/\/multisite.decubal.com\/fi\/#organization","name":"Decubal","url":"https:\/\/multisite.decubal.com\/fi\/","logo":{"@type":"ImageObject","inLanguage":"fi-FI","@id":"https:\/\/multisite.decubal.com\/fi\/#\/schema\/logo\/image\/","url":"https:\/\/decubal.com\/app\/uploads\/sites\/5\/2022\/05\/Decubal-logo.png","contentUrl":"https:\/\/decubal.com\/app\/uploads\/sites\/5\/2022\/05\/Decubal-logo.png","width":138,"height":40,"caption":"Decubal"},"image":{"@id":"https:\/\/multisite.decubal.com\/fi\/#\/schema\/logo\/image\/"}}]}},"_links":{"self":[{"href":"https:\/\/decubal.com\/fi\/wp-json\/wp\/v2\/pages\/86","targetHints":{"allow":["GET"]}}],"collection":[{"href":"https:\/\/decubal.com\/fi\/wp-json\/wp\/v2\/pages"}],"about":[{"href":"https:\/\/decubal.com\/fi\/wp-json\/wp\/v2\/types\/page"}],"author":[{"embeddable":true,"href":"https:\/\/decubal.com\/fi\/wp-json\/wp\/v2\/users\/2"}],"replies":[{"embeddable":true,"href":"https:\/\/decubal.com\/fi\/wp-json\/wp\/v2\/comments?post=86"}],"version-history":[{"count":10,"href":"https:\/\/decubal.com\/fi\/wp-json\/wp\/v2\/pages\/86\/revisions"}],"predecessor-version":[{"id":663,"href":"https:\/\/decubal.com\/fi\/wp-json\/wp\/v2\/pages\/86\/revisions\/663"}],"wp:attachment":[{"href":"https:\/\/decubal.com\/fi\/wp-json\/wp\/v2\/media?parent=86"}],"wp:term":[{"taxonomy":"from-article-database","embeddable":true,"href":"https:\/\/decubal.com\/fi\/wp-json\/wp\/v2\/from-article-database?post=86"}],"curies":[{"name":"wp","href":"https:\/\/api.w.org\/{rel}","templated":true}]}}