{"id":78,"date":"2022-05-19T16:21:11","date_gmt":"2022-05-19T13:21:11","guid":{"rendered":"https:\/\/decubal.com\/fi\/?page_id=78"},"modified":"2025-12-01T15:16:19","modified_gmt":"2025-12-01T13:16:19","slug":"faq","status":"publish","type":"page","link":"https:\/\/decubal.com\/fi\/faq\/","title":{"rendered":"Usein kysytty\u00e4"},"content":{"rendered":"\n\n\n\n\n<div class=\"wp-block-karopharma-free-text pt-large pb-none bg-center bg-contain bg-no-repeat\" style=\"background-image:url()\"><div class=\"free-text-wrapper container max-w-medium text-center\">\n<h2 class=\"wp-block-heading is-style-heading-h2\">Useimmin kysytys kysymykset ja vastaukset<\/h2>\n<\/div><\/div>\n\n\n\n<div class=\"wp-block-karopharma-accordions\"><div class=\"container\">\n<details class=\"wp-block-karopharma-accordion\"><summary><h2 class=\"accordion-title\">Ihottuma<\/h2><\/summary><div class=\"accordion-content\">\n<p>Ekseema eli ihottuma on yleinen termi useille ihosairauksille. Ihottuman oireita voivat olla esimerkiksi punoitus, turvotus, kuivuus, kutina, hilseily ja rakkulat. Ekseema tarkoittaa, ett\u00e4 iho on tulehtunut. Ekseemasta k\u00e4rsiv\u00e4 iho on usein my\u00f6s kuiva ja hauras, ja siksi sen kyky suojautua ulkoisilta vaikutuksilta, kuten infektioilta, on heikentynyt. Ekseema aiheuttaa usein ihon kutinaa, mutta ihoa ei kannata raapia, sill\u00e4 tulehdus saattaa levit\u00e4 ja ihottuma voi pahentua.<\/p>\n\n\n\n<p><strong>P\u00e4ivitt\u00e4inen ihonhoito lievitt\u00e4\u00e4.<\/strong><\/p>\n\n\n\n<p>P\u00e4ivitt\u00e4inen ihonhoito auttaa ihoa suojautumaan ulkoisilta vaikutuksilta. K\u00e4yt\u00e4 voiteita, joissa on korkea rasvapitoisuus ja jotka ovat hajusteettomia. Joskus ihottuman hoitoon tarvitaan l\u00e4\u00e4kevoiteita, joita voi ostaa apteekista l\u00e4\u00e4k\u00e4rin m\u00e4\u00e4r\u00e4\u00e4m\u00e4ll\u00e4 reseptill\u00e4.<\/p>\n<\/div><\/details>\n\n\n\n<details class=\"wp-block-karopharma-accordion\"><summary><h2 class=\"accordion-title\">\u00c4rsytysihottuma<\/h2><\/summary><div class=\"accordion-content\">\n<p>Jos iho joutuu usein kosketuksiin \u00e4rsytt\u00e4vien aineiden, kuten voimakkaiden puhdistusaineiden kanssa tai jos peset ihoa liian usein saippualla ja vedell\u00e4, iho voi reagoida kuivumalla ja halkeilemalla. Ihon luonnollinen suoja h\u00e4vi\u00e4\u00e4 ja iholla voi esiinty\u00e4 ei-allergista kosketusihottumaa \u2013 jota kutsutaan my\u00f6s \u00e4rsytysihottumaksi. Urheilevilla lapsilla ja nuorilla kosketusihottumaa voi esiinty\u00e4 esimerkiksi suojavarusteiden alla, kuten j\u00e4\u00e4kiekossa ja jalkapallossa jalkasuojien alla.<\/p>\n<\/div><\/details>\n\n\n\n<details class=\"wp-block-karopharma-accordion\"><summary><h2 class=\"accordion-title\">Allerginen kosketusihottuma<\/h2><\/summary><div class=\"accordion-content\">\n<p>Jos iho altistuu allergiaa aiheuttavalle aineelle, kuten hajuvedelle tai nikkelille, kehon immuunij\u00e4rjestelm\u00e4 voi aiheuttaa allergisen reaktion. Allergia vaikuttaa usein koko ihoon &#8211; ei vain alueelle, jossa ihottuma ilmestyi ensimm\u00e4isen kerran. Jos olet kerran reagoinut johonkin aineeseen, koskestusallergiasta tulee pysyv\u00e4 ja ihosi reagoi kyseiseen aineeseen, vaikka olisit sen kanssa kosketuksissa vain lyhyen aikaa.<\/p>\n\n\n\n<p>Kosketusihottuma ilmenee punoituksena, kutinana, kyhmyin\u00e4 ja pienin\u00e4 rakkuloina ja voi kehitty\u00e4 haavaumiksi.<\/p>\n<\/div><\/details>\n\n\n\n<details class=\"wp-block-karopharma-accordion\"><summary><h2 class=\"accordion-title\">Ihon rakenne ja toiminnot<\/h2><\/summary><div class=\"accordion-content\">\n<p>Iho on el\u00e4v\u00e4, aktiivinen elin. Itse asiassa iho on elimist\u00f6mme suurin elin, joka painaa aikuisella noin 3 kg, ja sen pinta-ala on noin 2 neli\u00f6metri\u00e4.<\/p>\n\n\n\n<p>Iholla on monia t\u00e4rkeit\u00e4 teht\u00e4vi\u00e4. Iho suojaa kehoamme mikro-organismien, kemikaalien, paineen ja aivan yksinkertaistenkin asioiden kuten veden ja saippuan vaikutuksilta.<\/p>\n\n\n\n<p>Iho koostuu useista kerroksista:<\/p>\n\n\n\n<p>1.  Orvakesi (epidermis)<br>2.  Verinahka (dermis)<br>3.  Ihonalaiskerros (subcutis)<\/p>\n<\/div><\/details>\n\n\n\n<details class=\"wp-block-karopharma-accordion\"><summary><h2 class=\"accordion-title\">Normaali iho \/ Kuiva iho<\/h2><\/summary><div class=\"accordion-content\">\n<p><strong>Normaali iho<\/strong><\/p>\n\n\n\n<p>Ihon ylempi kerros (stratum corneum) koostuu keratinoituneista, kuolleista ihosoluista. Tali sitoo ihosolut yhteen. N\u00e4in sarveiskerros s\u00e4ilytt\u00e4\u00e4 kosteuden ihossa ja antaa iholle suojan, joka suojaa kulumiselta ja ulkoisilta vaikutuksilta, kuten. mikro-organismeilta, vedelt\u00e4 ja saippualta.<\/p>\n\n\n\n<p><strong>Kuiva iho<\/strong><\/p>\n\n\n\n<p>Jos tali h\u00e4vi\u00e4\u00e4 iholta, esim. kulumisen yhteydess\u00e4 tai altistuessaan saippualle tai pesuaineelle, vesi voi haihtua vapaasti iholta ja ihon suojakerros vaurioituu \u2013 seurauksena on ihon kuivuminen.<\/p>\n\n\n\n<p>Jos ihon suojakerros on vaurioitunut, ulkoiset aineet p\u00e4\u00e4sev\u00e4t helpommin suoraan ihoon, mik\u00e4 voi johtaa tulehdukseen tai allergioihin.<\/p>\n\n\n\n<p>Kutina, kireyden tunne ja mahdolliset halkeamat ja haavaumat voivat olla ep\u00e4miellytt\u00e4vi\u00e4 seurauksia ihon kuivuudesta.<\/p>\n\n\n\n<p>Useimmat ihmiset kokevat, ett\u00e4 iho kuivuu talvella, etenkin kasvoilla ja k\u00e4siss\u00e4, miss\u00e4 kylmyys ja tuuli p\u00e4\u00e4sev\u00e4t suoraan vaikuttamaan ihoon.<\/p>\n<\/div><\/details>\n\n\n\n<details class=\"wp-block-karopharma-accordion\"><summary><h2 class=\"accordion-title\">Tietoja kuivasta ihosta<\/h2><\/summary><div class=\"accordion-content\">\n<p>Kuiva iho on hyvin yleinen vaiva pohjoismaisessa ilmastossamme. Kuiva iho voi johtua eri asioista ja sen voi kokea eri tavoin &#8211; toisilla on vain kuivuuden tunne ja hieman kire\u00e4 iho, kun taas toisilla iho on niin kuiva, ett\u00e4 se halkeilee.<\/p>\n\n\n\n<p><strong>Kuivalta iholta puuttuu vett\u00e4<\/strong><\/p>\n\n\n\n<p>Aivan kuten talossa, joka on rakennettu tiilist\u00e4 joiden v\u00e4liss\u00e4 on laastia, ihon pinta koostuu sarveissoluista, joiden v\u00e4liss\u00e4 on rasvoja eli niin sanottuja lipidej\u00e4. Terveess\u00e4 ihossa lipidit sitovat kosteutta ihoon ja muodostavat suojaavan esteen, joka est\u00e4\u00e4 veden haihtumisen.<\/p>\n\n\n\n<p>Kuivassa ihossa t\u00e4t\u00e4 &#8220;laastia&#8221; on liian v\u00e4h\u00e4n, mik\u00e4 tarkoittaa, ett\u00e4 se ei pysty sitomaan kosteutta ja vett\u00e4. Vesi haihtuu ja iho kuivuu. Mit\u00e4 vanhemmaksi tulet, sit\u00e4 yleisemm\u00e4ksi ongelma tulee. Ihon kyky sitoa kosteutta heikkenee i\u00e4n my\u00f6t\u00e4.<\/p>\n\n\n\n<figure class=\"wp-block-image size-full is-resized\"><img decoding=\"async\" src=\"https:\/\/decubal.com\/app\/uploads\/sites\/2\/2022\/05\/hud-dk-300x117-1.png\" alt=\"Om t\u00f8r hud\" class=\"wp-image-109\" style=\"width:300px;height:117px\"\/><\/figure>\n\n\n\n<p><strong>El\u00e4m\u00e4ntavat ja ilmastovaikutus<\/strong><\/p>\n\n\n\n<p>Ulkoiset tekij\u00e4t, kuten stressi, saasteet, voimakas aurinko, tupakointi ja ruokavalio ovat geenien ja el\u00e4m\u00e4ntapojen lis\u00e4ksi ihon kannalta t\u00e4rkeimpi\u00e4 tekij\u00f6it\u00e4. Vuodenajoilla on my\u00f6s merkityksens\u00e4. Syksyll\u00e4 ja talvella kylmyys ja kuiva sis\u00e4ilma kuivattavat ihoa.<\/p>\n\n\n\n<p><strong>My\u00f6s ihosairaudet vaikuttavat<\/strong><\/p>\n\n\n\n<p>Kuiva iho voi johtua my\u00f6s ihosairaudesta, kuten psoriaasista tai ekseemasta.<\/p>\n\n\n\n<p><strong>Halkeileva iho voi aiheuttaa infektioita<\/strong><\/p>\n\n\n\n<p>Kuiva iho ei ainoastaan tunnu ep\u00e4mukavalta \u2013 se voi my\u00f6s johtaa moniin ongelmiin. Se tekee ihon pinnasta ep\u00e4tasaisen, mik\u00e4 tekee ihosta \u201davoimen\u201d ja herk\u00e4n bakteereille. Ihon halkeamat ovat ihanteellinen ymp\u00e4rist\u00f6 infektioiden muodostumiselle.<\/p>\n\n\n\n<figure class=\"wp-block-image size-full\"><img decoding=\"async\" src=\"https:\/\/decubal.com\/app\/uploads\/sites\/2\/2022\/05\/hud-dk-300x156-1.png\" alt=\"Om t\u00f8r hud\" class=\"wp-image-111\"\/><\/figure>\n<\/div><\/details>\n<\/div><\/div>\n","protected":false},"excerpt":{"rendered":"","protected":false},"author":2,"featured_media":0,"parent":0,"menu_order":0,"comment_status":"closed","ping_status":"closed","template":"","meta":{"_acf_changed":false,"footnotes":""},"from-article-database":[],"class_list":["post-78","page","type-page","status-publish","hentry"],"acf":[],"yoast_head":"<!-- This site is optimized with the Yoast SEO plugin v26.6 - https:\/\/yoast.com\/wordpress\/plugins\/seo\/ -->\n<title>Usein kysytty\u00e4 - Decubal<\/title>\n<meta name=\"description\" content=\"Useimmin kysytys kysymykset ja vastaukset: ihottuma, \u00e4rsytysihottuma, allerginen kosketusihottuma, ihon rakenne ja toiminnot\" \/>\n<meta name=\"robots\" content=\"index, follow, max-snippet:-1, max-image-preview:large, max-video-preview:-1\" \/>\n<link rel=\"canonical\" href=\"https:\/\/decubal.com\/fi\/faq\/\" \/>\n<meta property=\"og:locale\" content=\"fi_FI\" \/>\n<meta property=\"og:type\" content=\"article\" \/>\n<meta property=\"og:title\" content=\"Usein kysytty\u00e4 - Decubal\" \/>\n<meta property=\"og:description\" content=\"Useimmin kysytys kysymykset ja vastaukset: ihottuma, \u00e4rsytysihottuma, allerginen kosketusihottuma, ihon rakenne ja toiminnot\" \/>\n<meta property=\"og:url\" content=\"https:\/\/decubal.com\/fi\/faq\/\" \/>\n<meta property=\"og:site_name\" content=\"Decubal\" \/>\n<meta property=\"article:modified_time\" content=\"2025-12-01T13:16:19+00:00\" \/>\n<meta property=\"og:image\" content=\"https:\/\/decubal.com\/app\/uploads\/sites\/2\/2022\/05\/hud-dk-300x117-1.png\" \/>\n<meta name=\"twitter:card\" content=\"summary_large_image\" \/>\n<meta name=\"twitter:label1\" content=\"Est. reading time\" \/>\n\t<meta name=\"twitter:data1\" content=\"5 minutes\" \/>\n<script type=\"application\/ld+json\" class=\"yoast-schema-graph\">{\"@context\":\"https:\/\/schema.org\",\"@graph\":[{\"@type\":\"WebPage\",\"@id\":\"https:\/\/decubal.com\/fi\/faq\/\",\"url\":\"https:\/\/decubal.com\/fi\/faq\/\",\"name\":\"Usein kysytty\u00e4 - Decubal\",\"isPartOf\":{\"@id\":\"https:\/\/multisite.decubal.com\/fi\/#website\"},\"primaryImageOfPage\":{\"@id\":\"https:\/\/decubal.com\/fi\/faq\/#primaryimage\"},\"image\":{\"@id\":\"https:\/\/decubal.com\/fi\/faq\/#primaryimage\"},\"thumbnailUrl\":\"https:\/\/decubal.com\/app\/uploads\/sites\/2\/2022\/05\/hud-dk-300x117-1.png\",\"datePublished\":\"2022-05-19T13:21:11+00:00\",\"dateModified\":\"2025-12-01T13:16:19+00:00\",\"description\":\"Useimmin kysytys kysymykset ja vastaukset: ihottuma, \u00e4rsytysihottuma, allerginen kosketusihottuma, ihon rakenne ja toiminnot\",\"breadcrumb\":{\"@id\":\"https:\/\/decubal.com\/fi\/faq\/#breadcrumb\"},\"inLanguage\":\"fi-FI\",\"potentialAction\":[{\"@type\":\"ReadAction\",\"target\":[\"https:\/\/decubal.com\/fi\/faq\/\"]}]},{\"@type\":\"ImageObject\",\"inLanguage\":\"fi-FI\",\"@id\":\"https:\/\/decubal.com\/fi\/faq\/#primaryimage\",\"url\":\"https:\/\/decubal.com\/app\/uploads\/sites\/2\/2022\/05\/hud-dk-300x117-1.png\",\"contentUrl\":\"https:\/\/decubal.com\/app\/uploads\/sites\/2\/2022\/05\/hud-dk-300x117-1.png\"},{\"@type\":\"BreadcrumbList\",\"@id\":\"https:\/\/decubal.com\/fi\/faq\/#breadcrumb\",\"itemListElement\":[{\"@type\":\"ListItem\",\"position\":1,\"name\":\"Home\",\"item\":\"https:\/\/decubal.com\/fi\/\"},{\"@type\":\"ListItem\",\"position\":2,\"name\":\"Usein kysytty\u00e4\"}]},{\"@type\":\"WebSite\",\"@id\":\"https:\/\/multisite.decubal.com\/fi\/#website\",\"url\":\"https:\/\/multisite.decubal.com\/fi\/\",\"name\":\"Decubal\",\"description\":\"\",\"publisher\":{\"@id\":\"https:\/\/multisite.decubal.com\/fi\/#organization\"},\"potentialAction\":[{\"@type\":\"SearchAction\",\"target\":{\"@type\":\"EntryPoint\",\"urlTemplate\":\"https:\/\/multisite.decubal.com\/fi\/?s={search_term_string}\"},\"query-input\":{\"@type\":\"PropertyValueSpecification\",\"valueRequired\":true,\"valueName\":\"search_term_string\"}}],\"inLanguage\":\"fi-FI\"},{\"@type\":\"Organization\",\"@id\":\"https:\/\/multisite.decubal.com\/fi\/#organization\",\"name\":\"Decubal\",\"url\":\"https:\/\/multisite.decubal.com\/fi\/\",\"logo\":{\"@type\":\"ImageObject\",\"inLanguage\":\"fi-FI\",\"@id\":\"https:\/\/multisite.decubal.com\/fi\/#\/schema\/logo\/image\/\",\"url\":\"https:\/\/decubal.com\/app\/uploads\/sites\/5\/2022\/05\/Decubal-logo.png\",\"contentUrl\":\"https:\/\/decubal.com\/app\/uploads\/sites\/5\/2022\/05\/Decubal-logo.png\",\"width\":138,\"height\":40,\"caption\":\"Decubal\"},\"image\":{\"@id\":\"https:\/\/multisite.decubal.com\/fi\/#\/schema\/logo\/image\/\"}}]}<\/script>\n<!-- \/ Yoast SEO plugin. -->","yoast_head_json":{"title":"Usein kysytty\u00e4 - Decubal","description":"Useimmin kysytys kysymykset ja vastaukset: ihottuma, \u00e4rsytysihottuma, allerginen kosketusihottuma, ihon rakenne ja toiminnot","robots":{"index":"index","follow":"follow","max-snippet":"max-snippet:-1","max-image-preview":"max-image-preview:large","max-video-preview":"max-video-preview:-1"},"canonical":"https:\/\/decubal.com\/fi\/faq\/","og_locale":"fi_FI","og_type":"article","og_title":"Usein kysytty\u00e4 - Decubal","og_description":"Useimmin kysytys kysymykset ja vastaukset: ihottuma, \u00e4rsytysihottuma, allerginen kosketusihottuma, ihon rakenne ja toiminnot","og_url":"https:\/\/decubal.com\/fi\/faq\/","og_site_name":"Decubal","article_modified_time":"2025-12-01T13:16:19+00:00","og_image":[{"url":"https:\/\/decubal.com\/app\/uploads\/sites\/2\/2022\/05\/hud-dk-300x117-1.png","type":"","width":"","height":""}],"twitter_card":"summary_large_image","twitter_misc":{"Est. reading time":"5 minutes"},"schema":{"@context":"https:\/\/schema.org","@graph":[{"@type":"WebPage","@id":"https:\/\/decubal.com\/fi\/faq\/","url":"https:\/\/decubal.com\/fi\/faq\/","name":"Usein kysytty\u00e4 - Decubal","isPartOf":{"@id":"https:\/\/multisite.decubal.com\/fi\/#website"},"primaryImageOfPage":{"@id":"https:\/\/decubal.com\/fi\/faq\/#primaryimage"},"image":{"@id":"https:\/\/decubal.com\/fi\/faq\/#primaryimage"},"thumbnailUrl":"https:\/\/decubal.com\/app\/uploads\/sites\/2\/2022\/05\/hud-dk-300x117-1.png","datePublished":"2022-05-19T13:21:11+00:00","dateModified":"2025-12-01T13:16:19+00:00","description":"Useimmin kysytys kysymykset ja vastaukset: ihottuma, \u00e4rsytysihottuma, allerginen kosketusihottuma, ihon rakenne ja toiminnot","breadcrumb":{"@id":"https:\/\/decubal.com\/fi\/faq\/#breadcrumb"},"inLanguage":"fi-FI","potentialAction":[{"@type":"ReadAction","target":["https:\/\/decubal.com\/fi\/faq\/"]}]},{"@type":"ImageObject","inLanguage":"fi-FI","@id":"https:\/\/decubal.com\/fi\/faq\/#primaryimage","url":"https:\/\/decubal.com\/app\/uploads\/sites\/2\/2022\/05\/hud-dk-300x117-1.png","contentUrl":"https:\/\/decubal.com\/app\/uploads\/sites\/2\/2022\/05\/hud-dk-300x117-1.png"},{"@type":"BreadcrumbList","@id":"https:\/\/decubal.com\/fi\/faq\/#breadcrumb","itemListElement":[{"@type":"ListItem","position":1,"name":"Home","item":"https:\/\/decubal.com\/fi\/"},{"@type":"ListItem","position":2,"name":"Usein kysytty\u00e4"}]},{"@type":"WebSite","@id":"https:\/\/multisite.decubal.com\/fi\/#website","url":"https:\/\/multisite.decubal.com\/fi\/","name":"Decubal","description":"","publisher":{"@id":"https:\/\/multisite.decubal.com\/fi\/#organization"},"potentialAction":[{"@type":"SearchAction","target":{"@type":"EntryPoint","urlTemplate":"https:\/\/multisite.decubal.com\/fi\/?s={search_term_string}"},"query-input":{"@type":"PropertyValueSpecification","valueRequired":true,"valueName":"search_term_string"}}],"inLanguage":"fi-FI"},{"@type":"Organization","@id":"https:\/\/multisite.decubal.com\/fi\/#organization","name":"Decubal","url":"https:\/\/multisite.decubal.com\/fi\/","logo":{"@type":"ImageObject","inLanguage":"fi-FI","@id":"https:\/\/multisite.decubal.com\/fi\/#\/schema\/logo\/image\/","url":"https:\/\/decubal.com\/app\/uploads\/sites\/5\/2022\/05\/Decubal-logo.png","contentUrl":"https:\/\/decubal.com\/app\/uploads\/sites\/5\/2022\/05\/Decubal-logo.png","width":138,"height":40,"caption":"Decubal"},"image":{"@id":"https:\/\/multisite.decubal.com\/fi\/#\/schema\/logo\/image\/"}}]}},"_links":{"self":[{"href":"https:\/\/decubal.com\/fi\/wp-json\/wp\/v2\/pages\/78","targetHints":{"allow":["GET"]}}],"collection":[{"href":"https:\/\/decubal.com\/fi\/wp-json\/wp\/v2\/pages"}],"about":[{"href":"https:\/\/decubal.com\/fi\/wp-json\/wp\/v2\/types\/page"}],"author":[{"embeddable":true,"href":"https:\/\/decubal.com\/fi\/wp-json\/wp\/v2\/users\/2"}],"replies":[{"embeddable":true,"href":"https:\/\/decubal.com\/fi\/wp-json\/wp\/v2\/comments?post=78"}],"version-history":[{"count":10,"href":"https:\/\/decubal.com\/fi\/wp-json\/wp\/v2\/pages\/78\/revisions"}],"predecessor-version":[{"id":723,"href":"https:\/\/decubal.com\/fi\/wp-json\/wp\/v2\/pages\/78\/revisions\/723"}],"wp:attachment":[{"href":"https:\/\/decubal.com\/fi\/wp-json\/wp\/v2\/media?parent=78"}],"wp:term":[{"taxonomy":"from-article-database","embeddable":true,"href":"https:\/\/decubal.com\/fi\/wp-json\/wp\/v2\/from-article-database?post=78"}],"curies":[{"name":"wp","href":"https:\/\/api.w.org\/{rel}","templated":true}]}}