{"id":772,"date":"2024-10-14T13:38:45","date_gmt":"2024-10-14T11:38:45","guid":{"rendered":"https:\/\/decubal.com\/dk\/?post_type=product&#038;p=772"},"modified":"2026-01-30T15:25:30","modified_gmt":"2026-01-30T14:25:30","slug":"decubal-hydrating-body-cream","status":"publish","type":"product","link":"https:\/\/decubal.com\/dk\/produkt\/decubal-hydrating-body-cream\/","title":{"rendered":"Decubal Hydrating body cream"},"content":{"rendered":"\n<div class=\"wp-block-karopharma-free-text pt-large pb-large bg-center bg-cover bg-no-repeat  redblock\" style=\"background-image:url()\"><div class=\"free-text-wrapper container max-w-medium text-left\">\n<p>Decubals fugtgivende bodycreme giver intens fugt i 48 timer og hj\u00e6lper med at beskytte hudens naturlige barriere. Den lette, ikke-fedtende formulering indeholder Aquaxyl\u2122, naturlige fugtgivende sukkermolekyler, som hj\u00e6lper med at styrke hudens barriere, og hyaluronsyre og glycerin, der bl\u00f8dg\u00f8rer huden og bevarer fugten. Decubal Hydrating body cream giver ogs\u00e5 beskyttelse mod udefrakommende p\u00e5virkninger, hvilket g\u00f8r den til en ideel creme til kroppen, is\u00e6r i de koldere vinterm\u00e5neder. Vores bodycreme er formuleret uden parfume, er velegnet til sensitiv hud og er allergicertificeret.<\/p>\n<\/div><\/div>\n\n\n\n<div class=\"wp-block-karopharma-product-promotion text-align-right pt-large pb-large bg-center bg-cover bg-no-repeat\" style=\"background-image:url()\"><div class=\"container max-w-large\">\n<div class=\"wp-block-group is-layout-flow wp-block-group-is-layout-flow\">\n<div class=\"wp-block-group hexagon is-layout-constrained wp-block-group-is-layout-constrained\">\n<h3 class=\"wp-block-heading has-text-align-center has-primary-color has-text-color has-link-color wp-elements-e0e6677afb7c212e80deda4077ede924\">Anvendelse<\/h3>\n\n\n\n<p class=\"has-text-align-center\">P\u00e5f\u00f8res dagligt p\u00e5 hele kroppen for at holde t\u00f8r og sensitiv hud bl\u00f8d, smidig og fugtet.<\/p>\n<\/div>\n<\/div>\n\n\n\n<div class=\"wp-block-group is-layout-flow wp-block-group-is-layout-flow\">\n<div class=\"wp-block-group hexagon is-layout-constrained wp-block-group-is-layout-constrained\">\n<h3 class=\"wp-block-heading has-text-align-center has-primary-color has-text-color has-link-color wp-elements-4a0bf1a110c499428bc704dd2eb1cc5c\">Ingredienser<\/h3>\n\n\n\n<p class=\"has-text-align-center mindretext1\">Aqua, Canola Oil, Glycerin, Cetearyl Alcohol, Polyglyceryl-3 Dicitrate\/Stearate, Caprylic\/Capric Triglyceride, Glyceryl Stearate, Xylitylglucoside, Butyrospermum Parkii Butter, Anhydroxylitol, Xylitol, Sodium Benzoate, Potassium Sorbate, Xanthan Gum, Glucose, Lactic Acid, Sodium Hyaluronate<\/p>\n<\/div>\n<\/div>\n<\/div><\/div>\n\n\n\n<div class=\"wp-block-karopharma-free-text pt-large pb-large bg-center bg-cover bg-no-repeat  beigeblock\" style=\"background-image:url()\"><div class=\"free-text-wrapper container max-w-small text-center\">\n<figure class=\"wp-block-image aligncenter size-full\"><img loading=\"lazy\" decoding=\"async\" width=\"200\" height=\"204\" src=\"https:\/\/decubal.com\/app\/uploads\/sites\/2\/2022\/05\/allergy-certified.png\" alt=\"allergy-certified\" class=\"wp-image-929\"\/><\/figure>\n\n\n\n<h2 class=\"wp-block-heading is-style-heading-h2\">Decubal Hydrating body cream er formuleret uden parfume og er dermatologisk testet p\u00e5 t\u00f8r, sensitiv hud.<\/h2>\n\n\n\n<p>Produktet anbefales af Allergy Certified, hvilket betyder, at en toksikolog eller farmaceut har foretaget en risikovurdering af hver enkelt ingrediens i formlen for at sikre, at risikoen for en allergisk reaktion er minimal.<\/p>\n<\/div><\/div>\n","protected":false},"excerpt":{"rendered":"<p>Intensivt fugtgivende bodycreme til normal til t\u00f8r og sensitiv hud.  <\/p>\n","protected":false},"featured_media":773,"comment_status":"closed","ping_status":"closed","template":"","meta":{"_acf_changed":false,"footnotes":""},"product_brand":[],"product_cat":[23],"product_tag":[],"class_list":{"0":"post-772","1":"product","2":"type-product","3":"status-publish","4":"has-post-thumbnail","6":"product_cat-hydrating","8":"first","9":"instock","10":"shipping-taxable","11":"product-type-simple"},"acf":[],"yoast_head":"<!-- This site is optimized with the Yoast SEO plugin v26.6 - https:\/\/yoast.com\/wordpress\/plugins\/seo\/ -->\n<title>Decubal Hydrating body cream - Decubal<\/title>\n<meta name=\"description\" content=\"Intensivt fugtgivende body creme til normal til t\u00f8r og sensitiv hud.\" \/>\n<meta name=\"robots\" content=\"index, follow, max-snippet:-1, max-image-preview:large, max-video-preview:-1\" \/>\n<link rel=\"canonical\" href=\"https:\/\/decubal.com\/dk\/produkt\/decubal-hydrating-body-cream\/\" \/>\n<meta property=\"og:locale\" content=\"da_DK\" \/>\n<meta property=\"og:type\" content=\"article\" \/>\n<meta property=\"og:title\" content=\"Decubal Hydrating body cream - Decubal\" \/>\n<meta property=\"og:description\" content=\"Intensivt fugtgivende body creme til normal til t\u00f8r og sensitiv hud.\" \/>\n<meta property=\"og:url\" content=\"https:\/\/decubal.com\/dk\/produkt\/decubal-hydrating-body-cream\/\" \/>\n<meta property=\"og:site_name\" content=\"Decubal\" \/>\n<meta property=\"article:modified_time\" content=\"2026-01-30T14:25:30+00:00\" \/>\n<meta property=\"og:image\" content=\"https:\/\/decubal.com\/app\/uploads\/sites\/2\/2024\/10\/Decubal-hydrating-body-cream.png\" \/>\n\t<meta property=\"og:image:width\" content=\"600\" \/>\n\t<meta property=\"og:image:height\" content=\"600\" \/>\n\t<meta property=\"og:image:type\" content=\"image\/png\" \/>\n<meta name=\"twitter:card\" content=\"summary_large_image\" \/>\n<meta name=\"twitter:label1\" content=\"Estimeret l\u00e6setid\" \/>\n\t<meta name=\"twitter:data1\" content=\"2 minutter\" \/>\n<script type=\"application\/ld+json\" class=\"yoast-schema-graph\">{\"@context\":\"https:\/\/schema.org\",\"@graph\":[{\"@type\":\"WebPage\",\"@id\":\"https:\/\/decubal.com\/dk\/produkt\/decubal-hydrating-body-cream\/\",\"url\":\"https:\/\/decubal.com\/dk\/produkt\/decubal-hydrating-body-cream\/\",\"name\":\"Decubal Hydrating body cream - Decubal\",\"isPartOf\":{\"@id\":\"https:\/\/multisite.decubal.com\/dk\/#website\"},\"primaryImageOfPage\":{\"@id\":\"https:\/\/decubal.com\/dk\/produkt\/decubal-hydrating-body-cream\/#primaryimage\"},\"image\":{\"@id\":\"https:\/\/decubal.com\/dk\/produkt\/decubal-hydrating-body-cream\/#primaryimage\"},\"thumbnailUrl\":\"https:\/\/decubal.com\/app\/uploads\/sites\/2\/2024\/10\/Decubal-hydrating-body-cream.png\",\"datePublished\":\"2024-10-14T11:38:45+00:00\",\"dateModified\":\"2026-01-30T14:25:30+00:00\",\"description\":\"Intensivt fugtgivende body creme til normal til t\u00f8r og sensitiv hud.\",\"breadcrumb\":{\"@id\":\"https:\/\/decubal.com\/dk\/produkt\/decubal-hydrating-body-cream\/#breadcrumb\"},\"inLanguage\":\"da-DK\",\"potentialAction\":[{\"@type\":\"ReadAction\",\"target\":[\"https:\/\/decubal.com\/dk\/produkt\/decubal-hydrating-body-cream\/\"]}]},{\"@type\":\"ImageObject\",\"inLanguage\":\"da-DK\",\"@id\":\"https:\/\/decubal.com\/dk\/produkt\/decubal-hydrating-body-cream\/#primaryimage\",\"url\":\"https:\/\/decubal.com\/app\/uploads\/sites\/2\/2024\/10\/Decubal-hydrating-body-cream.png\",\"contentUrl\":\"https:\/\/decubal.com\/app\/uploads\/sites\/2\/2024\/10\/Decubal-hydrating-body-cream.png\",\"width\":600,\"height\":600},{\"@type\":\"BreadcrumbList\",\"@id\":\"https:\/\/decubal.com\/dk\/produkt\/decubal-hydrating-body-cream\/#breadcrumb\",\"itemListElement\":[{\"@type\":\"ListItem\",\"position\":1,\"name\":\"Home\",\"item\":\"https:\/\/decubal.com\/dk\/\"},{\"@type\":\"ListItem\",\"position\":2,\"name\":\"Produkter\",\"item\":\"https:\/\/decubal.com\/dk\/produkter\/\"},{\"@type\":\"ListItem\",\"position\":3,\"name\":\"Decubal Hydrating body cream\"}]},{\"@type\":\"WebSite\",\"@id\":\"https:\/\/multisite.decubal.com\/dk\/#website\",\"url\":\"https:\/\/multisite.decubal.com\/dk\/\",\"name\":\"Decubal\",\"description\":\"\",\"publisher\":{\"@id\":\"https:\/\/multisite.decubal.com\/dk\/#organization\"},\"potentialAction\":[{\"@type\":\"SearchAction\",\"target\":{\"@type\":\"EntryPoint\",\"urlTemplate\":\"https:\/\/multisite.decubal.com\/dk\/?s={search_term_string}\"},\"query-input\":{\"@type\":\"PropertyValueSpecification\",\"valueRequired\":true,\"valueName\":\"search_term_string\"}}],\"inLanguage\":\"da-DK\"},{\"@type\":\"Organization\",\"@id\":\"https:\/\/multisite.decubal.com\/dk\/#organization\",\"name\":\"Decubal\",\"url\":\"https:\/\/multisite.decubal.com\/dk\/\",\"logo\":{\"@type\":\"ImageObject\",\"inLanguage\":\"da-DK\",\"@id\":\"https:\/\/multisite.decubal.com\/dk\/#\/schema\/logo\/image\/\",\"url\":\"https:\/\/decubal.com\/app\/uploads\/sites\/2\/2022\/05\/Decubal-logo.png\",\"contentUrl\":\"https:\/\/decubal.com\/app\/uploads\/sites\/2\/2022\/05\/Decubal-logo.png\",\"width\":138,\"height\":40,\"caption\":\"Decubal\"},\"image\":{\"@id\":\"https:\/\/multisite.decubal.com\/dk\/#\/schema\/logo\/image\/\"}}]}<\/script>\n<!-- \/ Yoast SEO plugin. -->","yoast_head_json":{"title":"Decubal Hydrating body cream - Decubal","description":"Intensivt fugtgivende body creme til normal til t\u00f8r og sensitiv hud.","robots":{"index":"index","follow":"follow","max-snippet":"max-snippet:-1","max-image-preview":"max-image-preview:large","max-video-preview":"max-video-preview:-1"},"canonical":"https:\/\/decubal.com\/dk\/produkt\/decubal-hydrating-body-cream\/","og_locale":"da_DK","og_type":"article","og_title":"Decubal Hydrating body cream - Decubal","og_description":"Intensivt fugtgivende body creme til normal til t\u00f8r og sensitiv hud.","og_url":"https:\/\/decubal.com\/dk\/produkt\/decubal-hydrating-body-cream\/","og_site_name":"Decubal","article_modified_time":"2026-01-30T14:25:30+00:00","og_image":[{"width":600,"height":600,"url":"https:\/\/decubal.com\/app\/uploads\/sites\/2\/2024\/10\/Decubal-hydrating-body-cream.png","type":"image\/png"}],"twitter_card":"summary_large_image","twitter_misc":{"Estimeret l\u00e6setid":"2 minutter"},"schema":{"@context":"https:\/\/schema.org","@graph":[{"@type":"WebPage","@id":"https:\/\/decubal.com\/dk\/produkt\/decubal-hydrating-body-cream\/","url":"https:\/\/decubal.com\/dk\/produkt\/decubal-hydrating-body-cream\/","name":"Decubal Hydrating body cream - Decubal","isPartOf":{"@id":"https:\/\/multisite.decubal.com\/dk\/#website"},"primaryImageOfPage":{"@id":"https:\/\/decubal.com\/dk\/produkt\/decubal-hydrating-body-cream\/#primaryimage"},"image":{"@id":"https:\/\/decubal.com\/dk\/produkt\/decubal-hydrating-body-cream\/#primaryimage"},"thumbnailUrl":"https:\/\/decubal.com\/app\/uploads\/sites\/2\/2024\/10\/Decubal-hydrating-body-cream.png","datePublished":"2024-10-14T11:38:45+00:00","dateModified":"2026-01-30T14:25:30+00:00","description":"Intensivt fugtgivende body creme til normal til t\u00f8r og sensitiv hud.","breadcrumb":{"@id":"https:\/\/decubal.com\/dk\/produkt\/decubal-hydrating-body-cream\/#breadcrumb"},"inLanguage":"da-DK","potentialAction":[{"@type":"ReadAction","target":["https:\/\/decubal.com\/dk\/produkt\/decubal-hydrating-body-cream\/"]}]},{"@type":"ImageObject","inLanguage":"da-DK","@id":"https:\/\/decubal.com\/dk\/produkt\/decubal-hydrating-body-cream\/#primaryimage","url":"https:\/\/decubal.com\/app\/uploads\/sites\/2\/2024\/10\/Decubal-hydrating-body-cream.png","contentUrl":"https:\/\/decubal.com\/app\/uploads\/sites\/2\/2024\/10\/Decubal-hydrating-body-cream.png","width":600,"height":600},{"@type":"BreadcrumbList","@id":"https:\/\/decubal.com\/dk\/produkt\/decubal-hydrating-body-cream\/#breadcrumb","itemListElement":[{"@type":"ListItem","position":1,"name":"Home","item":"https:\/\/decubal.com\/dk\/"},{"@type":"ListItem","position":2,"name":"Produkter","item":"https:\/\/decubal.com\/dk\/produkter\/"},{"@type":"ListItem","position":3,"name":"Decubal Hydrating body cream"}]},{"@type":"WebSite","@id":"https:\/\/multisite.decubal.com\/dk\/#website","url":"https:\/\/multisite.decubal.com\/dk\/","name":"Decubal","description":"","publisher":{"@id":"https:\/\/multisite.decubal.com\/dk\/#organization"},"potentialAction":[{"@type":"SearchAction","target":{"@type":"EntryPoint","urlTemplate":"https:\/\/multisite.decubal.com\/dk\/?s={search_term_string}"},"query-input":{"@type":"PropertyValueSpecification","valueRequired":true,"valueName":"search_term_string"}}],"inLanguage":"da-DK"},{"@type":"Organization","@id":"https:\/\/multisite.decubal.com\/dk\/#organization","name":"Decubal","url":"https:\/\/multisite.decubal.com\/dk\/","logo":{"@type":"ImageObject","inLanguage":"da-DK","@id":"https:\/\/multisite.decubal.com\/dk\/#\/schema\/logo\/image\/","url":"https:\/\/decubal.com\/app\/uploads\/sites\/2\/2022\/05\/Decubal-logo.png","contentUrl":"https:\/\/decubal.com\/app\/uploads\/sites\/2\/2022\/05\/Decubal-logo.png","width":138,"height":40,"caption":"Decubal"},"image":{"@id":"https:\/\/multisite.decubal.com\/dk\/#\/schema\/logo\/image\/"}}]}},"_links":{"self":[{"href":"https:\/\/decubal.com\/dk\/wp-json\/wp\/v2\/product\/772","targetHints":{"allow":["GET"]}}],"collection":[{"href":"https:\/\/decubal.com\/dk\/wp-json\/wp\/v2\/product"}],"about":[{"href":"https:\/\/decubal.com\/dk\/wp-json\/wp\/v2\/types\/product"}],"replies":[{"embeddable":true,"href":"https:\/\/decubal.com\/dk\/wp-json\/wp\/v2\/comments?post=772"}],"version-history":[{"count":10,"href":"https:\/\/decubal.com\/dk\/wp-json\/wp\/v2\/product\/772\/revisions"}],"predecessor-version":[{"id":1138,"href":"https:\/\/decubal.com\/dk\/wp-json\/wp\/v2\/product\/772\/revisions\/1138"}],"wp:featuredmedia":[{"embeddable":true,"href":"https:\/\/decubal.com\/dk\/wp-json\/wp\/v2\/media\/773"}],"wp:attachment":[{"href":"https:\/\/decubal.com\/dk\/wp-json\/wp\/v2\/media?parent=772"}],"wp:term":[{"taxonomy":"product_brand","embeddable":true,"href":"https:\/\/decubal.com\/dk\/wp-json\/wp\/v2\/product_brand?post=772"},{"taxonomy":"product_cat","embeddable":true,"href":"https:\/\/decubal.com\/dk\/wp-json\/wp\/v2\/product_cat?post=772"},{"taxonomy":"product_tag","embeddable":true,"href":"https:\/\/decubal.com\/dk\/wp-json\/wp\/v2\/product_tag?post=772"}],"curies":[{"name":"wp","href":"https:\/\/api.w.org\/{rel}","templated":true}]}}