{"id":651,"date":"2024-02-02T11:13:54","date_gmt":"2024-02-02T10:13:54","guid":{"rendered":"https:\/\/decubal.com\/dk\/?post_type=product&#038;p=651"},"modified":"2026-01-30T15:38:46","modified_gmt":"2026-01-30T14:38:46","slug":"decubal-sun-spray-spf-50","status":"publish","type":"product","link":"https:\/\/decubal.com\/dk\/produkt\/decubal-sun-spray-spf-50\/","title":{"rendered":"Decubal sun spray SPF 50 +"},"content":{"rendered":"\n<div class=\"wp-block-karopharma-free-text pt-large pb-large bg-center bg-cover bg-no-repeat  redblock\" style=\"background-image:url()\"><div class=\"free-text-wrapper container max-w-medium text-left\">\n<p>Decubal Sun Spray SPF 50+ tilbyder en h\u00f8j, bredspektret beskyttelse mod solens skadelige str\u00e5ler og en \u00f8jeblikkelig- og langvarig fugtgivende effekt i 24 timer. En solspray, der er nem at p\u00e5f\u00f8re, som tr\u00e6nger hurtigt ind uden at fedte. Indeholder E- vitamin og antioxidanter, der hj\u00e6lper med at genopbygge hudens barriere og beroligende rapsolie og fugtgivende inositol. Decubal sun spray SPF 30 er dermatologisk testet, Allergy Certified og udviklet til at beskytte selv den mest t\u00f8rre og sensitive hud.<\/p>\n<\/div><\/div>\n\n\n\n<div class=\"wp-block-karopharma-product-promotion text-align-right pt-large pb-large bg-center bg-cover bg-no-repeat\" style=\"background-image:url()\"><div class=\"container max-w-large\">\n<div class=\"wp-block-group is-layout-flow wp-block-group-is-layout-flow\">\n<div class=\"wp-block-group hexagon is-layout-constrained wp-block-group-is-layout-constrained\">\n<h3 class=\"wp-block-heading has-text-align-center has-primary-color has-text-color has-link-color wp-elements-e0e6677afb7c212e80deda4077ede924\">Anvendelse<\/h3>\n\n\n\n<p class=\"has-text-align-center\">P\u00e5f\u00f8r rigeligt i ansigtet og p\u00e5 kroppen ca. 20 min. inden du g\u00e5r ud i solen. Gentag ofte og brug rigeligt for at opretholde beskyttelsen, is\u00e6r efter du har svedt, sv\u00f8mmet eller t\u00f8rret dig med et h\u00e5ndkl\u00e6de. Bliv ikke for l\u00e6nge i solen, da solcreme ikke beskytter 100%. Overeksponering for sol kan v\u00e6re farligt. Hold sp\u00e6db\u00f8rn og sm\u00e5 b\u00f8rn v\u00e6k fra direkte sollys.<\/p>\n<\/div>\n<\/div>\n\n\n\n<div class=\"wp-block-group is-layout-flow wp-block-group-is-layout-flow\">\n<div class=\"wp-block-group hexagon is-layout-constrained wp-block-group-is-layout-constrained\">\n<h3 class=\"wp-block-heading has-text-align-center has-primary-color has-text-color has-link-color wp-elements-4a0bf1a110c499428bc704dd2eb1cc5c\">Ingredienser<\/h3>\n\n\n\n<p class=\"has-text-align-center mindretext2\">Aqua, Dibutyl Adipate, Diethylamino Hydroxybenzoyl Hexyl Benzoate, PhenoxyethylCaprylate, C12-15 Alkyl Benzoate, Ethylhexyl Triazone, Bis-Ethylhexyloxyphenol Methoxyphenyl Triazine, Diethylhexyl Butamido Triazone, Propanediol, Acrylates\/C12-22 Alkyl Methacrylate Copolymer, Glycerin, Persea Gratissima Oil, Tocopheryl Acetate, XanthanGum, VP\/Eicosene Copolymer, Potassium Cetyl Phosphate, PEG-100 Stearate, Arginine, Cetearyl Alcohol, Coco-Glucoside, Sodium Citrate, Citric Acid, Disodium Lauryl Sulfosuccinate, Ethylhexylglycerin, Caprylyl Glycol, Phenoxyethanol<\/p>\n<\/div>\n<\/div>\n<\/div><\/div>\n\n\n\n<div class=\"wp-block-karopharma-free-text pt-large pb-large bg-center bg-cover bg-no-repeat  beigeblock\" style=\"background-image:url()\"><div class=\"free-text-wrapper container max-w-small text-center\">\n<figure class=\"wp-block-image aligncenter size-full\"><img loading=\"lazy\" decoding=\"async\" width=\"200\" height=\"204\" src=\"https:\/\/decubal.com\/app\/uploads\/sites\/2\/2022\/05\/allergy-certified.png\" alt=\"allergy-certified\" class=\"wp-image-929\"\/><\/figure>\n\n\n\n<h2 class=\"wp-block-heading is-style-heading-h2\">Decubal SPF 50+ Sun spray er formulert uden parfume og dermatologisk testet p\u00e5 t\u00f8r og sensitiv hud.<\/h2>\n\n\n\n<p>Anbefalet af Allergy Certified, hvilket betyder, at en toksikolog eller farmaceut har foretaget en risikovurdering af hver enkelt ingrediens i formlen for at sikre, at risikoen for en allergisk reaktion er minimal. Formuleret uden parfume og velegnet til t\u00f8r, sensitiv hud.<\/p>\n<\/div><\/div>\n","protected":false},"excerpt":{"rendered":"<p>Let fugtgivende solspray med meget h\u00f8j SPF 50+ beskyttelse mod b\u00e5de UVA- og UVB str\u00e5ler. Til normal til t\u00f8r og sensitiv hud.<\/p>\n","protected":false},"featured_media":652,"comment_status":"closed","ping_status":"closed","template":"","meta":{"_acf_changed":false,"footnotes":""},"product_brand":[],"product_cat":[21],"product_tag":[],"class_list":{"0":"post-651","1":"product","2":"type-product","3":"status-publish","4":"has-post-thumbnail","6":"product_cat-sun","8":"first","9":"instock","10":"shipping-taxable","11":"product-type-simple"},"acf":[],"yoast_head":"<!-- This site is optimized with the Yoast SEO plugin v26.6 - https:\/\/yoast.com\/wordpress\/plugins\/seo\/ -->\n<title>Decubal sun spray SPF 50 + - Decubal<\/title>\n<meta name=\"description\" content=\"Let fugtgivende solspray med meget h\u00f8j SPF 50+ beskyttelse mod b\u00e5de UVA- og UVB str\u00e5ler. Til normal til t\u00f8r og sensitiv hud.\" \/>\n<meta name=\"robots\" content=\"index, follow, max-snippet:-1, max-image-preview:large, max-video-preview:-1\" \/>\n<link rel=\"canonical\" href=\"https:\/\/decubal.com\/dk\/produkt\/decubal-sun-spray-spf-50\/\" \/>\n<meta property=\"og:locale\" content=\"da_DK\" \/>\n<meta property=\"og:type\" content=\"article\" \/>\n<meta property=\"og:title\" content=\"Decubal sun spray SPF 50 + - Decubal\" \/>\n<meta property=\"og:description\" content=\"Let fugtgivende solspray med meget h\u00f8j SPF 50+ beskyttelse mod b\u00e5de UVA- og UVB str\u00e5ler. Til normal til t\u00f8r og sensitiv hud.\" \/>\n<meta property=\"og:url\" content=\"https:\/\/decubal.com\/dk\/produkt\/decubal-sun-spray-spf-50\/\" \/>\n<meta property=\"og:site_name\" content=\"Decubal\" \/>\n<meta property=\"article:modified_time\" content=\"2026-01-30T14:38:46+00:00\" \/>\n<meta property=\"og:image\" content=\"https:\/\/decubal.com\/app\/uploads\/sites\/2\/2024\/02\/Sun-spray-SPF-50-nyhed.png\" \/>\n\t<meta property=\"og:image:width\" content=\"600\" \/>\n\t<meta property=\"og:image:height\" content=\"600\" \/>\n\t<meta property=\"og:image:type\" content=\"image\/png\" \/>\n<meta name=\"twitter:card\" content=\"summary_large_image\" \/>\n<meta name=\"twitter:label1\" content=\"Estimeret l\u00e6setid\" \/>\n\t<meta name=\"twitter:data1\" content=\"2 minutter\" \/>\n<script type=\"application\/ld+json\" class=\"yoast-schema-graph\">{\"@context\":\"https:\/\/schema.org\",\"@graph\":[{\"@type\":\"WebPage\",\"@id\":\"https:\/\/decubal.com\/dk\/produkt\/decubal-sun-spray-spf-50\/\",\"url\":\"https:\/\/decubal.com\/dk\/produkt\/decubal-sun-spray-spf-50\/\",\"name\":\"Decubal sun spray SPF 50 + - Decubal\",\"isPartOf\":{\"@id\":\"https:\/\/multisite.decubal.com\/dk\/#website\"},\"primaryImageOfPage\":{\"@id\":\"https:\/\/decubal.com\/dk\/produkt\/decubal-sun-spray-spf-50\/#primaryimage\"},\"image\":{\"@id\":\"https:\/\/decubal.com\/dk\/produkt\/decubal-sun-spray-spf-50\/#primaryimage\"},\"thumbnailUrl\":\"https:\/\/decubal.com\/app\/uploads\/sites\/2\/2024\/02\/Sun-spray-SPF-50-nyhed.png\",\"datePublished\":\"2024-02-02T10:13:54+00:00\",\"dateModified\":\"2026-01-30T14:38:46+00:00\",\"description\":\"Let fugtgivende solspray med meget h\u00f8j SPF 50+ beskyttelse mod b\u00e5de UVA- og UVB str\u00e5ler. Til normal til t\u00f8r og sensitiv hud.\",\"breadcrumb\":{\"@id\":\"https:\/\/decubal.com\/dk\/produkt\/decubal-sun-spray-spf-50\/#breadcrumb\"},\"inLanguage\":\"da-DK\",\"potentialAction\":[{\"@type\":\"ReadAction\",\"target\":[\"https:\/\/decubal.com\/dk\/produkt\/decubal-sun-spray-spf-50\/\"]}]},{\"@type\":\"ImageObject\",\"inLanguage\":\"da-DK\",\"@id\":\"https:\/\/decubal.com\/dk\/produkt\/decubal-sun-spray-spf-50\/#primaryimage\",\"url\":\"https:\/\/decubal.com\/app\/uploads\/sites\/2\/2024\/02\/Sun-spray-SPF-50-nyhed.png\",\"contentUrl\":\"https:\/\/decubal.com\/app\/uploads\/sites\/2\/2024\/02\/Sun-spray-SPF-50-nyhed.png\",\"width\":600,\"height\":600,\"caption\":\"Decubal Sun spray SPF-50 nyhed\"},{\"@type\":\"BreadcrumbList\",\"@id\":\"https:\/\/decubal.com\/dk\/produkt\/decubal-sun-spray-spf-50\/#breadcrumb\",\"itemListElement\":[{\"@type\":\"ListItem\",\"position\":1,\"name\":\"Home\",\"item\":\"https:\/\/decubal.com\/dk\/\"},{\"@type\":\"ListItem\",\"position\":2,\"name\":\"Produkter\",\"item\":\"https:\/\/decubal.com\/dk\/produkter\/\"},{\"@type\":\"ListItem\",\"position\":3,\"name\":\"Decubal sun spray SPF 50 +\"}]},{\"@type\":\"WebSite\",\"@id\":\"https:\/\/multisite.decubal.com\/dk\/#website\",\"url\":\"https:\/\/multisite.decubal.com\/dk\/\",\"name\":\"Decubal\",\"description\":\"\",\"publisher\":{\"@id\":\"https:\/\/multisite.decubal.com\/dk\/#organization\"},\"potentialAction\":[{\"@type\":\"SearchAction\",\"target\":{\"@type\":\"EntryPoint\",\"urlTemplate\":\"https:\/\/multisite.decubal.com\/dk\/?s={search_term_string}\"},\"query-input\":{\"@type\":\"PropertyValueSpecification\",\"valueRequired\":true,\"valueName\":\"search_term_string\"}}],\"inLanguage\":\"da-DK\"},{\"@type\":\"Organization\",\"@id\":\"https:\/\/multisite.decubal.com\/dk\/#organization\",\"name\":\"Decubal\",\"url\":\"https:\/\/multisite.decubal.com\/dk\/\",\"logo\":{\"@type\":\"ImageObject\",\"inLanguage\":\"da-DK\",\"@id\":\"https:\/\/multisite.decubal.com\/dk\/#\/schema\/logo\/image\/\",\"url\":\"https:\/\/decubal.com\/app\/uploads\/sites\/2\/2022\/05\/Decubal-logo.png\",\"contentUrl\":\"https:\/\/decubal.com\/app\/uploads\/sites\/2\/2022\/05\/Decubal-logo.png\",\"width\":138,\"height\":40,\"caption\":\"Decubal\"},\"image\":{\"@id\":\"https:\/\/multisite.decubal.com\/dk\/#\/schema\/logo\/image\/\"}}]}<\/script>\n<!-- \/ Yoast SEO plugin. -->","yoast_head_json":{"title":"Decubal sun spray SPF 50 + - Decubal","description":"Let fugtgivende solspray med meget h\u00f8j SPF 50+ beskyttelse mod b\u00e5de UVA- og UVB str\u00e5ler. Til normal til t\u00f8r og sensitiv hud.","robots":{"index":"index","follow":"follow","max-snippet":"max-snippet:-1","max-image-preview":"max-image-preview:large","max-video-preview":"max-video-preview:-1"},"canonical":"https:\/\/decubal.com\/dk\/produkt\/decubal-sun-spray-spf-50\/","og_locale":"da_DK","og_type":"article","og_title":"Decubal sun spray SPF 50 + - Decubal","og_description":"Let fugtgivende solspray med meget h\u00f8j SPF 50+ beskyttelse mod b\u00e5de UVA- og UVB str\u00e5ler. Til normal til t\u00f8r og sensitiv hud.","og_url":"https:\/\/decubal.com\/dk\/produkt\/decubal-sun-spray-spf-50\/","og_site_name":"Decubal","article_modified_time":"2026-01-30T14:38:46+00:00","og_image":[{"width":600,"height":600,"url":"https:\/\/decubal.com\/app\/uploads\/sites\/2\/2024\/02\/Sun-spray-SPF-50-nyhed.png","type":"image\/png"}],"twitter_card":"summary_large_image","twitter_misc":{"Estimeret l\u00e6setid":"2 minutter"},"schema":{"@context":"https:\/\/schema.org","@graph":[{"@type":"WebPage","@id":"https:\/\/decubal.com\/dk\/produkt\/decubal-sun-spray-spf-50\/","url":"https:\/\/decubal.com\/dk\/produkt\/decubal-sun-spray-spf-50\/","name":"Decubal sun spray SPF 50 + - Decubal","isPartOf":{"@id":"https:\/\/multisite.decubal.com\/dk\/#website"},"primaryImageOfPage":{"@id":"https:\/\/decubal.com\/dk\/produkt\/decubal-sun-spray-spf-50\/#primaryimage"},"image":{"@id":"https:\/\/decubal.com\/dk\/produkt\/decubal-sun-spray-spf-50\/#primaryimage"},"thumbnailUrl":"https:\/\/decubal.com\/app\/uploads\/sites\/2\/2024\/02\/Sun-spray-SPF-50-nyhed.png","datePublished":"2024-02-02T10:13:54+00:00","dateModified":"2026-01-30T14:38:46+00:00","description":"Let fugtgivende solspray med meget h\u00f8j SPF 50+ beskyttelse mod b\u00e5de UVA- og UVB str\u00e5ler. Til normal til t\u00f8r og sensitiv hud.","breadcrumb":{"@id":"https:\/\/decubal.com\/dk\/produkt\/decubal-sun-spray-spf-50\/#breadcrumb"},"inLanguage":"da-DK","potentialAction":[{"@type":"ReadAction","target":["https:\/\/decubal.com\/dk\/produkt\/decubal-sun-spray-spf-50\/"]}]},{"@type":"ImageObject","inLanguage":"da-DK","@id":"https:\/\/decubal.com\/dk\/produkt\/decubal-sun-spray-spf-50\/#primaryimage","url":"https:\/\/decubal.com\/app\/uploads\/sites\/2\/2024\/02\/Sun-spray-SPF-50-nyhed.png","contentUrl":"https:\/\/decubal.com\/app\/uploads\/sites\/2\/2024\/02\/Sun-spray-SPF-50-nyhed.png","width":600,"height":600,"caption":"Decubal Sun spray SPF-50 nyhed"},{"@type":"BreadcrumbList","@id":"https:\/\/decubal.com\/dk\/produkt\/decubal-sun-spray-spf-50\/#breadcrumb","itemListElement":[{"@type":"ListItem","position":1,"name":"Home","item":"https:\/\/decubal.com\/dk\/"},{"@type":"ListItem","position":2,"name":"Produkter","item":"https:\/\/decubal.com\/dk\/produkter\/"},{"@type":"ListItem","position":3,"name":"Decubal sun spray SPF 50 +"}]},{"@type":"WebSite","@id":"https:\/\/multisite.decubal.com\/dk\/#website","url":"https:\/\/multisite.decubal.com\/dk\/","name":"Decubal","description":"","publisher":{"@id":"https:\/\/multisite.decubal.com\/dk\/#organization"},"potentialAction":[{"@type":"SearchAction","target":{"@type":"EntryPoint","urlTemplate":"https:\/\/multisite.decubal.com\/dk\/?s={search_term_string}"},"query-input":{"@type":"PropertyValueSpecification","valueRequired":true,"valueName":"search_term_string"}}],"inLanguage":"da-DK"},{"@type":"Organization","@id":"https:\/\/multisite.decubal.com\/dk\/#organization","name":"Decubal","url":"https:\/\/multisite.decubal.com\/dk\/","logo":{"@type":"ImageObject","inLanguage":"da-DK","@id":"https:\/\/multisite.decubal.com\/dk\/#\/schema\/logo\/image\/","url":"https:\/\/decubal.com\/app\/uploads\/sites\/2\/2022\/05\/Decubal-logo.png","contentUrl":"https:\/\/decubal.com\/app\/uploads\/sites\/2\/2022\/05\/Decubal-logo.png","width":138,"height":40,"caption":"Decubal"},"image":{"@id":"https:\/\/multisite.decubal.com\/dk\/#\/schema\/logo\/image\/"}}]}},"_links":{"self":[{"href":"https:\/\/decubal.com\/dk\/wp-json\/wp\/v2\/product\/651","targetHints":{"allow":["GET"]}}],"collection":[{"href":"https:\/\/decubal.com\/dk\/wp-json\/wp\/v2\/product"}],"about":[{"href":"https:\/\/decubal.com\/dk\/wp-json\/wp\/v2\/types\/product"}],"replies":[{"embeddable":true,"href":"https:\/\/decubal.com\/dk\/wp-json\/wp\/v2\/comments?post=651"}],"version-history":[{"count":10,"href":"https:\/\/decubal.com\/dk\/wp-json\/wp\/v2\/product\/651\/revisions"}],"predecessor-version":[{"id":1165,"href":"https:\/\/decubal.com\/dk\/wp-json\/wp\/v2\/product\/651\/revisions\/1165"}],"wp:featuredmedia":[{"embeddable":true,"href":"https:\/\/decubal.com\/dk\/wp-json\/wp\/v2\/media\/652"}],"wp:attachment":[{"href":"https:\/\/decubal.com\/dk\/wp-json\/wp\/v2\/media?parent=651"}],"wp:term":[{"taxonomy":"product_brand","embeddable":true,"href":"https:\/\/decubal.com\/dk\/wp-json\/wp\/v2\/product_brand?post=651"},{"taxonomy":"product_cat","embeddable":true,"href":"https:\/\/decubal.com\/dk\/wp-json\/wp\/v2\/product_cat?post=651"},{"taxonomy":"product_tag","embeddable":true,"href":"https:\/\/decubal.com\/dk\/wp-json\/wp\/v2\/product_tag?post=651"}],"curies":[{"name":"wp","href":"https:\/\/api.w.org\/{rel}","templated":true}]}}