{"id":273,"date":"2022-05-06T14:30:29","date_gmt":"2022-05-06T14:30:29","guid":{"rendered":"https:\/\/decubal.com\/?post_type=product&#038;p=273"},"modified":"2026-02-04T09:02:01","modified_gmt":"2026-02-04T08:02:01","slug":"decubal-junior-cold-cream","status":"publish","type":"product","link":"https:\/\/decubal.com\/dk\/produkt\/decubal-junior-cold-cream\/","title":{"rendered":"Decubal Junior cold cream"},"content":{"rendered":"\n<div class=\"wp-block-karopharma-free-text pt-large pb-large bg-center bg-cover bg-no-repeat  redblock\" style=\"background-image:url()\"><div class=\"free-text-wrapper container max-w-medium text-left\">\n<p>Decubal Junior cold cream er en rig og n\u00e6rende creme, der er udviklet til at beskytte b\u00f8rns hud, n\u00e5r de er ude i kulden. Denne formulering indeholder 70 % lipider, som hj\u00e6lper med at holde p\u00e5 fugten i huden og opbygger et beskyttende lag, der forhindrer t\u00f8rre, r\u00f8de kinder for\u00e5rsaget af koldt vejr. Decubal Junior cold cream er sk\u00e5nsom mod t\u00f8r og sensitiv hud og er velegnet til b\u00f8rn i alle aldre. Cremen er formuleret uden parfume og er allergicertificeret. For at opn\u00e5 maksimal beskyttelse skal den sm\u00f8res p\u00e5 20 minutter f\u00f8r barnet uds\u00e6ttes for kulde.<\/p>\n<\/div><\/div>\n\n\n\n<div class=\"wp-block-karopharma-product-promotion text-align-right pt-large pb-large bg-center bg-cover bg-no-repeat\" style=\"background-image:url()\"><div class=\"container max-w-large\">\n<div class=\"wp-block-group is-layout-flow wp-block-group-is-layout-flow\">\n<div class=\"wp-block-group hexagon is-layout-constrained wp-block-group-is-layout-constrained\">\n<h3 class=\"wp-block-heading has-text-align-center has-primary-color has-text-color has-link-color wp-elements-e0e6677afb7c212e80deda4077ede924\">Anvendelse<\/h3>\n\n\n\n<p class=\"has-text-align-center\">Sm\u00f8res p\u00e5 udsatte omr\u00e5der ca. 20 minutter f\u00f8r barnet uds\u00e6ttes for kulde, s\u00e5 cremen har tid til at tr\u00e6nge ind i huden og give optimal beskyttelse.<\/p>\n<\/div>\n<\/div>\n\n\n\n<div class=\"wp-block-group is-layout-flow wp-block-group-is-layout-flow\">\n<div class=\"wp-block-group hexagon is-layout-constrained wp-block-group-is-layout-constrained\">\n<h3 class=\"wp-block-heading has-text-align-center has-primary-color has-text-color has-link-color wp-elements-4a0bf1a110c499428bc704dd2eb1cc5c\">Ingredienser<\/h3>\n\n\n\n<p class=\"has-text-align-center\">Vaseline, Water, Paraffin, Cetearyl alcohol, Ceteareth-25, Ceteareth-20, Caprylyl glycol, Citric acid, Sodium citrate, Sodium gluconate, Phenoxyethanol<\/p>\n<\/div>\n<\/div>\n<\/div><\/div>\n\n\n\n<div class=\"wp-block-karopharma-free-text pt-large pb-large bg-center bg-cover bg-no-repeat  beigeblock\" style=\"background-image:url()\"><div class=\"free-text-wrapper container max-w-small text-center\">\n<figure class=\"wp-block-image aligncenter size-full\"><img loading=\"lazy\" decoding=\"async\" width=\"200\" height=\"204\" src=\"https:\/\/decubal.com\/app\/uploads\/sites\/2\/2022\/05\/allergy-certified.png\" alt=\"allergy-certified\" class=\"wp-image-929\"\/><\/figure>\n\n\n\n<h2 class=\"wp-block-heading is-style-heading-h2\">Decubal Junior cold cream er uden parfume og dermatologisk testet p\u00e5 t\u00f8r og sensitiv hud.<\/h2>\n\n\n\n<p>Produktet anbefales af Allergy Certified, hvilket betyder, at en toksikolog eller farmaceut har foretaget en risikovurdering af hver enkelt ingrediens i formlen for at sikre, at risikoen for en allergisk reaktion er minimal. Formuleret uden parfume og velegnet til t\u00f8r, sensitiv hud.<\/p>\n<\/div><\/div>\n","protected":false},"excerpt":{"rendered":"<p>Ekstra beskyttende og intenst fugtgivende creme til b\u00f8rn i alle aldre, som forebygger t\u00f8rre, r\u00f8de kinder i kulden.<\/p>\n","protected":false},"featured_media":823,"comment_status":"closed","ping_status":"closed","template":"","meta":{"_acf_changed":false,"footnotes":""},"product_brand":[],"product_cat":[20],"product_tag":[],"class_list":{"0":"post-273","1":"product","2":"type-product","3":"status-publish","4":"has-post-thumbnail","6":"product_cat-junior","8":"first","9":"instock","10":"shipping-taxable","11":"product-type-simple"},"acf":[],"yoast_head":"<!-- This site is optimized with the Yoast SEO plugin v26.6 - https:\/\/yoast.com\/wordpress\/plugins\/seo\/ -->\n<title>Decubal Junior cold cream - Decubal<\/title>\n<meta name=\"description\" content=\"Ekstra beskyttende og intenst fugtgivende creme til b\u00f8rn i alle aldre, som forebygger t\u00f8rre, r\u00f8de kinder i kulden.\" \/>\n<meta name=\"robots\" content=\"index, follow, max-snippet:-1, max-image-preview:large, max-video-preview:-1\" \/>\n<link rel=\"canonical\" href=\"https:\/\/decubal.com\/dk\/produkt\/decubal-junior-cold-cream\/\" \/>\n<meta property=\"og:locale\" content=\"da_DK\" \/>\n<meta property=\"og:type\" content=\"article\" \/>\n<meta property=\"og:title\" content=\"Decubal Junior cold cream - Decubal\" \/>\n<meta property=\"og:description\" content=\"Ekstra beskyttende og intenst fugtgivende creme til b\u00f8rn i alle aldre, som forebygger t\u00f8rre, r\u00f8de kinder i kulden.\" \/>\n<meta property=\"og:url\" content=\"https:\/\/decubal.com\/dk\/produkt\/decubal-junior-cold-cream\/\" \/>\n<meta property=\"og:site_name\" content=\"Decubal\" \/>\n<meta property=\"article:modified_time\" content=\"2026-02-04T08:02:01+00:00\" \/>\n<meta property=\"og:image\" content=\"https:\/\/decubal.com\/app\/uploads\/sites\/2\/2022\/05\/decubal-junior-cold-cream-1.png\" \/>\n\t<meta property=\"og:image:width\" content=\"600\" \/>\n\t<meta property=\"og:image:height\" content=\"600\" \/>\n\t<meta property=\"og:image:type\" content=\"image\/png\" \/>\n<meta name=\"twitter:card\" content=\"summary_large_image\" \/>\n<meta name=\"twitter:label1\" content=\"Estimeret l\u00e6setid\" \/>\n\t<meta name=\"twitter:data1\" content=\"2 minutter\" \/>\n<script type=\"application\/ld+json\" class=\"yoast-schema-graph\">{\"@context\":\"https:\/\/schema.org\",\"@graph\":[{\"@type\":\"WebPage\",\"@id\":\"https:\/\/decubal.com\/dk\/produkt\/decubal-junior-cold-cream\/\",\"url\":\"https:\/\/decubal.com\/dk\/produkt\/decubal-junior-cold-cream\/\",\"name\":\"Decubal Junior cold cream - Decubal\",\"isPartOf\":{\"@id\":\"https:\/\/multisite.decubal.com\/dk\/#website\"},\"primaryImageOfPage\":{\"@id\":\"https:\/\/decubal.com\/dk\/produkt\/decubal-junior-cold-cream\/#primaryimage\"},\"image\":{\"@id\":\"https:\/\/decubal.com\/dk\/produkt\/decubal-junior-cold-cream\/#primaryimage\"},\"thumbnailUrl\":\"https:\/\/decubal.com\/app\/uploads\/sites\/2\/2022\/05\/decubal-junior-cold-cream-1.png\",\"datePublished\":\"2022-05-06T14:30:29+00:00\",\"dateModified\":\"2026-02-04T08:02:01+00:00\",\"description\":\"Ekstra beskyttende og intenst fugtgivende creme til b\u00f8rn i alle aldre, som forebygger t\u00f8rre, r\u00f8de kinder i kulden.\",\"breadcrumb\":{\"@id\":\"https:\/\/decubal.com\/dk\/produkt\/decubal-junior-cold-cream\/#breadcrumb\"},\"inLanguage\":\"da-DK\",\"potentialAction\":[{\"@type\":\"ReadAction\",\"target\":[\"https:\/\/decubal.com\/dk\/produkt\/decubal-junior-cold-cream\/\"]}]},{\"@type\":\"ImageObject\",\"inLanguage\":\"da-DK\",\"@id\":\"https:\/\/decubal.com\/dk\/produkt\/decubal-junior-cold-cream\/#primaryimage\",\"url\":\"https:\/\/decubal.com\/app\/uploads\/sites\/2\/2022\/05\/decubal-junior-cold-cream-1.png\",\"contentUrl\":\"https:\/\/decubal.com\/app\/uploads\/sites\/2\/2022\/05\/decubal-junior-cold-cream-1.png\",\"width\":600,\"height\":600,\"caption\":\"Decubal junior cold cream\"},{\"@type\":\"BreadcrumbList\",\"@id\":\"https:\/\/decubal.com\/dk\/produkt\/decubal-junior-cold-cream\/#breadcrumb\",\"itemListElement\":[{\"@type\":\"ListItem\",\"position\":1,\"name\":\"Home\",\"item\":\"https:\/\/decubal.com\/dk\/\"},{\"@type\":\"ListItem\",\"position\":2,\"name\":\"Produkter\",\"item\":\"https:\/\/decubal.com\/dk\/produkter\/\"},{\"@type\":\"ListItem\",\"position\":3,\"name\":\"Decubal Junior cold cream\"}]},{\"@type\":\"WebSite\",\"@id\":\"https:\/\/multisite.decubal.com\/dk\/#website\",\"url\":\"https:\/\/multisite.decubal.com\/dk\/\",\"name\":\"Decubal\",\"description\":\"\",\"publisher\":{\"@id\":\"https:\/\/multisite.decubal.com\/dk\/#organization\"},\"potentialAction\":[{\"@type\":\"SearchAction\",\"target\":{\"@type\":\"EntryPoint\",\"urlTemplate\":\"https:\/\/multisite.decubal.com\/dk\/?s={search_term_string}\"},\"query-input\":{\"@type\":\"PropertyValueSpecification\",\"valueRequired\":true,\"valueName\":\"search_term_string\"}}],\"inLanguage\":\"da-DK\"},{\"@type\":\"Organization\",\"@id\":\"https:\/\/multisite.decubal.com\/dk\/#organization\",\"name\":\"Decubal\",\"url\":\"https:\/\/multisite.decubal.com\/dk\/\",\"logo\":{\"@type\":\"ImageObject\",\"inLanguage\":\"da-DK\",\"@id\":\"https:\/\/multisite.decubal.com\/dk\/#\/schema\/logo\/image\/\",\"url\":\"https:\/\/decubal.com\/app\/uploads\/sites\/2\/2022\/05\/Decubal-logo.png\",\"contentUrl\":\"https:\/\/decubal.com\/app\/uploads\/sites\/2\/2022\/05\/Decubal-logo.png\",\"width\":138,\"height\":40,\"caption\":\"Decubal\"},\"image\":{\"@id\":\"https:\/\/multisite.decubal.com\/dk\/#\/schema\/logo\/image\/\"}}]}<\/script>\n<!-- \/ Yoast SEO plugin. -->","yoast_head_json":{"title":"Decubal Junior cold cream - Decubal","description":"Ekstra beskyttende og intenst fugtgivende creme til b\u00f8rn i alle aldre, som forebygger t\u00f8rre, r\u00f8de kinder i kulden.","robots":{"index":"index","follow":"follow","max-snippet":"max-snippet:-1","max-image-preview":"max-image-preview:large","max-video-preview":"max-video-preview:-1"},"canonical":"https:\/\/decubal.com\/dk\/produkt\/decubal-junior-cold-cream\/","og_locale":"da_DK","og_type":"article","og_title":"Decubal Junior cold cream - Decubal","og_description":"Ekstra beskyttende og intenst fugtgivende creme til b\u00f8rn i alle aldre, som forebygger t\u00f8rre, r\u00f8de kinder i kulden.","og_url":"https:\/\/decubal.com\/dk\/produkt\/decubal-junior-cold-cream\/","og_site_name":"Decubal","article_modified_time":"2026-02-04T08:02:01+00:00","og_image":[{"width":600,"height":600,"url":"https:\/\/decubal.com\/app\/uploads\/sites\/2\/2022\/05\/decubal-junior-cold-cream-1.png","type":"image\/png"}],"twitter_card":"summary_large_image","twitter_misc":{"Estimeret l\u00e6setid":"2 minutter"},"schema":{"@context":"https:\/\/schema.org","@graph":[{"@type":"WebPage","@id":"https:\/\/decubal.com\/dk\/produkt\/decubal-junior-cold-cream\/","url":"https:\/\/decubal.com\/dk\/produkt\/decubal-junior-cold-cream\/","name":"Decubal Junior cold cream - Decubal","isPartOf":{"@id":"https:\/\/multisite.decubal.com\/dk\/#website"},"primaryImageOfPage":{"@id":"https:\/\/decubal.com\/dk\/produkt\/decubal-junior-cold-cream\/#primaryimage"},"image":{"@id":"https:\/\/decubal.com\/dk\/produkt\/decubal-junior-cold-cream\/#primaryimage"},"thumbnailUrl":"https:\/\/decubal.com\/app\/uploads\/sites\/2\/2022\/05\/decubal-junior-cold-cream-1.png","datePublished":"2022-05-06T14:30:29+00:00","dateModified":"2026-02-04T08:02:01+00:00","description":"Ekstra beskyttende og intenst fugtgivende creme til b\u00f8rn i alle aldre, som forebygger t\u00f8rre, r\u00f8de kinder i kulden.","breadcrumb":{"@id":"https:\/\/decubal.com\/dk\/produkt\/decubal-junior-cold-cream\/#breadcrumb"},"inLanguage":"da-DK","potentialAction":[{"@type":"ReadAction","target":["https:\/\/decubal.com\/dk\/produkt\/decubal-junior-cold-cream\/"]}]},{"@type":"ImageObject","inLanguage":"da-DK","@id":"https:\/\/decubal.com\/dk\/produkt\/decubal-junior-cold-cream\/#primaryimage","url":"https:\/\/decubal.com\/app\/uploads\/sites\/2\/2022\/05\/decubal-junior-cold-cream-1.png","contentUrl":"https:\/\/decubal.com\/app\/uploads\/sites\/2\/2022\/05\/decubal-junior-cold-cream-1.png","width":600,"height":600,"caption":"Decubal junior cold cream"},{"@type":"BreadcrumbList","@id":"https:\/\/decubal.com\/dk\/produkt\/decubal-junior-cold-cream\/#breadcrumb","itemListElement":[{"@type":"ListItem","position":1,"name":"Home","item":"https:\/\/decubal.com\/dk\/"},{"@type":"ListItem","position":2,"name":"Produkter","item":"https:\/\/decubal.com\/dk\/produkter\/"},{"@type":"ListItem","position":3,"name":"Decubal Junior cold cream"}]},{"@type":"WebSite","@id":"https:\/\/multisite.decubal.com\/dk\/#website","url":"https:\/\/multisite.decubal.com\/dk\/","name":"Decubal","description":"","publisher":{"@id":"https:\/\/multisite.decubal.com\/dk\/#organization"},"potentialAction":[{"@type":"SearchAction","target":{"@type":"EntryPoint","urlTemplate":"https:\/\/multisite.decubal.com\/dk\/?s={search_term_string}"},"query-input":{"@type":"PropertyValueSpecification","valueRequired":true,"valueName":"search_term_string"}}],"inLanguage":"da-DK"},{"@type":"Organization","@id":"https:\/\/multisite.decubal.com\/dk\/#organization","name":"Decubal","url":"https:\/\/multisite.decubal.com\/dk\/","logo":{"@type":"ImageObject","inLanguage":"da-DK","@id":"https:\/\/multisite.decubal.com\/dk\/#\/schema\/logo\/image\/","url":"https:\/\/decubal.com\/app\/uploads\/sites\/2\/2022\/05\/Decubal-logo.png","contentUrl":"https:\/\/decubal.com\/app\/uploads\/sites\/2\/2022\/05\/Decubal-logo.png","width":138,"height":40,"caption":"Decubal"},"image":{"@id":"https:\/\/multisite.decubal.com\/dk\/#\/schema\/logo\/image\/"}}]}},"_links":{"self":[{"href":"https:\/\/decubal.com\/dk\/wp-json\/wp\/v2\/product\/273","targetHints":{"allow":["GET"]}}],"collection":[{"href":"https:\/\/decubal.com\/dk\/wp-json\/wp\/v2\/product"}],"about":[{"href":"https:\/\/decubal.com\/dk\/wp-json\/wp\/v2\/types\/product"}],"replies":[{"embeddable":true,"href":"https:\/\/decubal.com\/dk\/wp-json\/wp\/v2\/comments?post=273"}],"version-history":[{"count":10,"href":"https:\/\/decubal.com\/dk\/wp-json\/wp\/v2\/product\/273\/revisions"}],"predecessor-version":[{"id":1175,"href":"https:\/\/decubal.com\/dk\/wp-json\/wp\/v2\/product\/273\/revisions\/1175"}],"wp:featuredmedia":[{"embeddable":true,"href":"https:\/\/decubal.com\/dk\/wp-json\/wp\/v2\/media\/823"}],"wp:attachment":[{"href":"https:\/\/decubal.com\/dk\/wp-json\/wp\/v2\/media?parent=273"}],"wp:term":[{"taxonomy":"product_brand","embeddable":true,"href":"https:\/\/decubal.com\/dk\/wp-json\/wp\/v2\/product_brand?post=273"},{"taxonomy":"product_cat","embeddable":true,"href":"https:\/\/decubal.com\/dk\/wp-json\/wp\/v2\/product_cat?post=273"},{"taxonomy":"product_tag","embeddable":true,"href":"https:\/\/decubal.com\/dk\/wp-json\/wp\/v2\/product_tag?post=273"}],"curies":[{"name":"wp","href":"https:\/\/api.w.org\/{rel}","templated":true}]}}