{"id":266,"date":"2022-05-06T14:18:08","date_gmt":"2022-05-06T14:18:08","guid":{"rendered":"https:\/\/decubal.com\/?post_type=product&#038;p=266"},"modified":"2026-02-04T09:14:18","modified_gmt":"2026-02-04T08:14:18","slug":"decubal-restoring-lipid-cream","status":"publish","type":"product","link":"https:\/\/decubal.com\/dk\/produkt\/decubal-restoring-lipid-cream\/","title":{"rendered":"Decubal Restoring lipid cream"},"content":{"rendered":"\n<div class=\"wp-block-karopharma-free-text pt-large pb-large bg-center bg-cover bg-no-repeat  redblock\" style=\"background-image:url()\"><div class=\"free-text-wrapper container max-w-medium text-left\">\n<p>Decubal Restoring lipid cream indeholder 70% lipidider, som hj\u00e6lper med hurtigt at styrke hudens barriere, genoprette fugt, og beskytte mod fugttab. N\u00e5r huden bliver meget t\u00f8r, anbefales en bl\u00f8dg\u00f8rende creme med h\u00f8jt fedtindhold, da det danner et beskyttende lag p\u00e5 hudens overflade, som holder p\u00e5 fugten og hj\u00e6lper med at genoprette hudens barriere. Decubal Restoring lipid cream har en rig og n\u00e6rende konsistens og er klinisk bevist til at fugte huden i op til 24 timer efter \u00e9n p\u00e5f\u00f8ring, og en langvarig effekt p\u00e5 op til 72 timer ved daglig p\u00e5f\u00f8ring i 14 dage. Hudens elasticitet forbedres, og hudens naturlige bl\u00f8dhed genoprettes.<\/p>\n<\/div><\/div>\n\n\n\n<div class=\"wp-block-karopharma-product-promotion text-align-right pt-large pb-large bg-center bg-cover bg-no-repeat\" style=\"background-image:url()\"><div class=\"container max-w-large\">\n<div class=\"wp-block-group is-layout-flow wp-block-group-is-layout-flow\">\n<div class=\"wp-block-group hexagon is-layout-constrained wp-block-group-is-layout-constrained\">\n<h3 class=\"wp-block-heading has-text-align-center has-primary-color has-text-color has-link-color wp-elements-e0e6677afb7c212e80deda4077ede924\">Anvendelse<\/h3>\n\n\n\n<p class=\"has-text-align-center\">P\u00e5f\u00f8res dagligt i ansigtet og p\u00e5 kroppen for at n\u00e6re og genoprette meget t\u00f8r og problematisk, sensitiv hud.<\/p>\n<\/div>\n<\/div>\n\n\n\n<div class=\"wp-block-group is-layout-flow wp-block-group-is-layout-flow\">\n<div class=\"wp-block-group hexagon is-layout-constrained wp-block-group-is-layout-constrained\">\n<h3 class=\"wp-block-heading has-text-align-center has-primary-color has-text-color has-link-color wp-elements-4a0bf1a110c499428bc704dd2eb1cc5c\">Ingredienser<\/h3>\n\n\n\n<p class=\"has-text-align-center\">Vaseline, Water, Paraffin, Cetearyl alcohol, Ceteareth\u201325, Ceteareth\u201320, Caprylyl glycol, Citric acid, Sodium citrate, Sodium gluconate, Phenoxyethanol.<\/p>\n<\/div>\n<\/div>\n<\/div><\/div>\n\n\n\n<div class=\"wp-block-karopharma-free-text pt-large pb-large bg-center bg-cover bg-no-repeat  beigeblock\" style=\"background-image:url()\"><div class=\"free-text-wrapper container max-w-small text-center\">\n<figure class=\"wp-block-image aligncenter size-full\"><img loading=\"lazy\" decoding=\"async\" width=\"200\" height=\"204\" src=\"https:\/\/decubal.com\/app\/uploads\/sites\/2\/2022\/05\/allergy-certified.png\" alt=\"allergy-certified\" class=\"wp-image-929\"\/><\/figure>\n\n\n\n<h2 class=\"wp-block-heading is-style-heading-h2\">Decubal Restoring lipid cream er formuleret uden parfume og er dermatologisk testet p\u00e5 t\u00f8r, sensitiv hud.<\/h2>\n\n\n\n<p>Produktet anbefales af Allergy Certified, hvilket betyder, at en toksikolog eller farmaceut har foretaget en risikovurdering af hver enkelt ingrediens i formlen for at sikre, at risikoen for en allergisk reaktion er minimal.<\/p>\n<\/div><\/div>\n","protected":false},"excerpt":{"rendered":"<p>Intensivt plejende creme, med en rig konsistens, der hj\u00e6lper med at genoprette og styrke hudbarrieren. Til daglig behandling af meget t\u00f8r og problematisk hud. <\/p>\n","protected":false},"featured_media":803,"comment_status":"closed","ping_status":"closed","template":"","meta":{"_acf_changed":false,"footnotes":""},"product_brand":[],"product_cat":[24],"product_tag":[],"class_list":{"0":"post-266","1":"product","2":"type-product","3":"status-publish","4":"has-post-thumbnail","6":"product_cat-restoring","8":"first","9":"instock","10":"shipping-taxable","11":"product-type-simple"},"acf":[],"yoast_head":"<!-- This site is optimized with the Yoast SEO plugin v26.6 - https:\/\/yoast.com\/wordpress\/plugins\/seo\/ -->\n<title>Decubal Restoring lipid cream - Decubal<\/title>\n<meta name=\"description\" content=\"Intensivt plejende creme, med en rig konsistens, der hj\u00e6lper med at genoprette og styrke hudbarrieren. Til daglig behandling af meget t\u00f8r og problematisk hud.\" \/>\n<meta name=\"robots\" content=\"index, follow, max-snippet:-1, max-image-preview:large, max-video-preview:-1\" \/>\n<link rel=\"canonical\" href=\"https:\/\/decubal.com\/dk\/produkt\/decubal-restoring-lipid-cream\/\" \/>\n<meta property=\"og:locale\" content=\"da_DK\" \/>\n<meta property=\"og:type\" content=\"article\" \/>\n<meta property=\"og:title\" content=\"Decubal Restoring lipid cream - Decubal\" \/>\n<meta property=\"og:description\" content=\"Intensivt plejende creme, med en rig konsistens, der hj\u00e6lper med at genoprette og styrke hudbarrieren. Til daglig behandling af meget t\u00f8r og problematisk hud.\" \/>\n<meta property=\"og:url\" content=\"https:\/\/decubal.com\/dk\/produkt\/decubal-restoring-lipid-cream\/\" \/>\n<meta property=\"og:site_name\" content=\"Decubal\" \/>\n<meta property=\"article:modified_time\" content=\"2026-02-04T08:14:18+00:00\" \/>\n<meta property=\"og:image\" content=\"https:\/\/decubal.com\/app\/uploads\/sites\/2\/2022\/05\/Decubal-Lipid-Cream-Restoring.png\" \/>\n\t<meta property=\"og:image:width\" content=\"600\" \/>\n\t<meta property=\"og:image:height\" content=\"600\" \/>\n\t<meta property=\"og:image:type\" content=\"image\/png\" \/>\n<meta name=\"twitter:card\" content=\"summary_large_image\" \/>\n<meta name=\"twitter:label1\" content=\"Estimeret l\u00e6setid\" \/>\n\t<meta name=\"twitter:data1\" content=\"2 minutter\" \/>\n<script type=\"application\/ld+json\" class=\"yoast-schema-graph\">{\"@context\":\"https:\/\/schema.org\",\"@graph\":[{\"@type\":\"WebPage\",\"@id\":\"https:\/\/decubal.com\/dk\/produkt\/decubal-restoring-lipid-cream\/\",\"url\":\"https:\/\/decubal.com\/dk\/produkt\/decubal-restoring-lipid-cream\/\",\"name\":\"Decubal Restoring lipid cream - Decubal\",\"isPartOf\":{\"@id\":\"https:\/\/multisite.decubal.com\/dk\/#website\"},\"primaryImageOfPage\":{\"@id\":\"https:\/\/decubal.com\/dk\/produkt\/decubal-restoring-lipid-cream\/#primaryimage\"},\"image\":{\"@id\":\"https:\/\/decubal.com\/dk\/produkt\/decubal-restoring-lipid-cream\/#primaryimage\"},\"thumbnailUrl\":\"https:\/\/decubal.com\/app\/uploads\/sites\/2\/2022\/05\/Decubal-Lipid-Cream-Restoring.png\",\"datePublished\":\"2022-05-06T14:18:08+00:00\",\"dateModified\":\"2026-02-04T08:14:18+00:00\",\"description\":\"Intensivt plejende creme, med en rig konsistens, der hj\u00e6lper med at genoprette og styrke hudbarrieren. Til daglig behandling af meget t\u00f8r og problematisk hud.\",\"breadcrumb\":{\"@id\":\"https:\/\/decubal.com\/dk\/produkt\/decubal-restoring-lipid-cream\/#breadcrumb\"},\"inLanguage\":\"da-DK\",\"potentialAction\":[{\"@type\":\"ReadAction\",\"target\":[\"https:\/\/decubal.com\/dk\/produkt\/decubal-restoring-lipid-cream\/\"]}]},{\"@type\":\"ImageObject\",\"inLanguage\":\"da-DK\",\"@id\":\"https:\/\/decubal.com\/dk\/produkt\/decubal-restoring-lipid-cream\/#primaryimage\",\"url\":\"https:\/\/decubal.com\/app\/uploads\/sites\/2\/2022\/05\/Decubal-Lipid-Cream-Restoring.png\",\"contentUrl\":\"https:\/\/decubal.com\/app\/uploads\/sites\/2\/2022\/05\/Decubal-Lipid-Cream-Restoring.png\",\"width\":600,\"height\":600,\"caption\":\"Decubal-Lipid-Cream-Restoring\"},{\"@type\":\"BreadcrumbList\",\"@id\":\"https:\/\/decubal.com\/dk\/produkt\/decubal-restoring-lipid-cream\/#breadcrumb\",\"itemListElement\":[{\"@type\":\"ListItem\",\"position\":1,\"name\":\"Home\",\"item\":\"https:\/\/decubal.com\/dk\/\"},{\"@type\":\"ListItem\",\"position\":2,\"name\":\"Produkter\",\"item\":\"https:\/\/decubal.com\/dk\/produkter\/\"},{\"@type\":\"ListItem\",\"position\":3,\"name\":\"Decubal Restoring lipid cream\"}]},{\"@type\":\"WebSite\",\"@id\":\"https:\/\/multisite.decubal.com\/dk\/#website\",\"url\":\"https:\/\/multisite.decubal.com\/dk\/\",\"name\":\"Decubal\",\"description\":\"\",\"publisher\":{\"@id\":\"https:\/\/multisite.decubal.com\/dk\/#organization\"},\"potentialAction\":[{\"@type\":\"SearchAction\",\"target\":{\"@type\":\"EntryPoint\",\"urlTemplate\":\"https:\/\/multisite.decubal.com\/dk\/?s={search_term_string}\"},\"query-input\":{\"@type\":\"PropertyValueSpecification\",\"valueRequired\":true,\"valueName\":\"search_term_string\"}}],\"inLanguage\":\"da-DK\"},{\"@type\":\"Organization\",\"@id\":\"https:\/\/multisite.decubal.com\/dk\/#organization\",\"name\":\"Decubal\",\"url\":\"https:\/\/multisite.decubal.com\/dk\/\",\"logo\":{\"@type\":\"ImageObject\",\"inLanguage\":\"da-DK\",\"@id\":\"https:\/\/multisite.decubal.com\/dk\/#\/schema\/logo\/image\/\",\"url\":\"https:\/\/decubal.com\/app\/uploads\/sites\/2\/2022\/05\/Decubal-logo.png\",\"contentUrl\":\"https:\/\/decubal.com\/app\/uploads\/sites\/2\/2022\/05\/Decubal-logo.png\",\"width\":138,\"height\":40,\"caption\":\"Decubal\"},\"image\":{\"@id\":\"https:\/\/multisite.decubal.com\/dk\/#\/schema\/logo\/image\/\"}}]}<\/script>\n<!-- \/ Yoast SEO plugin. -->","yoast_head_json":{"title":"Decubal Restoring lipid cream - Decubal","description":"Intensivt plejende creme, med en rig konsistens, der hj\u00e6lper med at genoprette og styrke hudbarrieren. Til daglig behandling af meget t\u00f8r og problematisk hud.","robots":{"index":"index","follow":"follow","max-snippet":"max-snippet:-1","max-image-preview":"max-image-preview:large","max-video-preview":"max-video-preview:-1"},"canonical":"https:\/\/decubal.com\/dk\/produkt\/decubal-restoring-lipid-cream\/","og_locale":"da_DK","og_type":"article","og_title":"Decubal Restoring lipid cream - Decubal","og_description":"Intensivt plejende creme, med en rig konsistens, der hj\u00e6lper med at genoprette og styrke hudbarrieren. Til daglig behandling af meget t\u00f8r og problematisk hud.","og_url":"https:\/\/decubal.com\/dk\/produkt\/decubal-restoring-lipid-cream\/","og_site_name":"Decubal","article_modified_time":"2026-02-04T08:14:18+00:00","og_image":[{"width":600,"height":600,"url":"https:\/\/decubal.com\/app\/uploads\/sites\/2\/2022\/05\/Decubal-Lipid-Cream-Restoring.png","type":"image\/png"}],"twitter_card":"summary_large_image","twitter_misc":{"Estimeret l\u00e6setid":"2 minutter"},"schema":{"@context":"https:\/\/schema.org","@graph":[{"@type":"WebPage","@id":"https:\/\/decubal.com\/dk\/produkt\/decubal-restoring-lipid-cream\/","url":"https:\/\/decubal.com\/dk\/produkt\/decubal-restoring-lipid-cream\/","name":"Decubal Restoring lipid cream - Decubal","isPartOf":{"@id":"https:\/\/multisite.decubal.com\/dk\/#website"},"primaryImageOfPage":{"@id":"https:\/\/decubal.com\/dk\/produkt\/decubal-restoring-lipid-cream\/#primaryimage"},"image":{"@id":"https:\/\/decubal.com\/dk\/produkt\/decubal-restoring-lipid-cream\/#primaryimage"},"thumbnailUrl":"https:\/\/decubal.com\/app\/uploads\/sites\/2\/2022\/05\/Decubal-Lipid-Cream-Restoring.png","datePublished":"2022-05-06T14:18:08+00:00","dateModified":"2026-02-04T08:14:18+00:00","description":"Intensivt plejende creme, med en rig konsistens, der hj\u00e6lper med at genoprette og styrke hudbarrieren. Til daglig behandling af meget t\u00f8r og problematisk hud.","breadcrumb":{"@id":"https:\/\/decubal.com\/dk\/produkt\/decubal-restoring-lipid-cream\/#breadcrumb"},"inLanguage":"da-DK","potentialAction":[{"@type":"ReadAction","target":["https:\/\/decubal.com\/dk\/produkt\/decubal-restoring-lipid-cream\/"]}]},{"@type":"ImageObject","inLanguage":"da-DK","@id":"https:\/\/decubal.com\/dk\/produkt\/decubal-restoring-lipid-cream\/#primaryimage","url":"https:\/\/decubal.com\/app\/uploads\/sites\/2\/2022\/05\/Decubal-Lipid-Cream-Restoring.png","contentUrl":"https:\/\/decubal.com\/app\/uploads\/sites\/2\/2022\/05\/Decubal-Lipid-Cream-Restoring.png","width":600,"height":600,"caption":"Decubal-Lipid-Cream-Restoring"},{"@type":"BreadcrumbList","@id":"https:\/\/decubal.com\/dk\/produkt\/decubal-restoring-lipid-cream\/#breadcrumb","itemListElement":[{"@type":"ListItem","position":1,"name":"Home","item":"https:\/\/decubal.com\/dk\/"},{"@type":"ListItem","position":2,"name":"Produkter","item":"https:\/\/decubal.com\/dk\/produkter\/"},{"@type":"ListItem","position":3,"name":"Decubal Restoring lipid cream"}]},{"@type":"WebSite","@id":"https:\/\/multisite.decubal.com\/dk\/#website","url":"https:\/\/multisite.decubal.com\/dk\/","name":"Decubal","description":"","publisher":{"@id":"https:\/\/multisite.decubal.com\/dk\/#organization"},"potentialAction":[{"@type":"SearchAction","target":{"@type":"EntryPoint","urlTemplate":"https:\/\/multisite.decubal.com\/dk\/?s={search_term_string}"},"query-input":{"@type":"PropertyValueSpecification","valueRequired":true,"valueName":"search_term_string"}}],"inLanguage":"da-DK"},{"@type":"Organization","@id":"https:\/\/multisite.decubal.com\/dk\/#organization","name":"Decubal","url":"https:\/\/multisite.decubal.com\/dk\/","logo":{"@type":"ImageObject","inLanguage":"da-DK","@id":"https:\/\/multisite.decubal.com\/dk\/#\/schema\/logo\/image\/","url":"https:\/\/decubal.com\/app\/uploads\/sites\/2\/2022\/05\/Decubal-logo.png","contentUrl":"https:\/\/decubal.com\/app\/uploads\/sites\/2\/2022\/05\/Decubal-logo.png","width":138,"height":40,"caption":"Decubal"},"image":{"@id":"https:\/\/multisite.decubal.com\/dk\/#\/schema\/logo\/image\/"}}]}},"_links":{"self":[{"href":"https:\/\/decubal.com\/dk\/wp-json\/wp\/v2\/product\/266","targetHints":{"allow":["GET"]}}],"collection":[{"href":"https:\/\/decubal.com\/dk\/wp-json\/wp\/v2\/product"}],"about":[{"href":"https:\/\/decubal.com\/dk\/wp-json\/wp\/v2\/types\/product"}],"replies":[{"embeddable":true,"href":"https:\/\/decubal.com\/dk\/wp-json\/wp\/v2\/comments?post=266"}],"version-history":[{"count":10,"href":"https:\/\/decubal.com\/dk\/wp-json\/wp\/v2\/product\/266\/revisions"}],"predecessor-version":[{"id":1184,"href":"https:\/\/decubal.com\/dk\/wp-json\/wp\/v2\/product\/266\/revisions\/1184"}],"wp:featuredmedia":[{"embeddable":true,"href":"https:\/\/decubal.com\/dk\/wp-json\/wp\/v2\/media\/803"}],"wp:attachment":[{"href":"https:\/\/decubal.com\/dk\/wp-json\/wp\/v2\/media?parent=266"}],"wp:term":[{"taxonomy":"product_brand","embeddable":true,"href":"https:\/\/decubal.com\/dk\/wp-json\/wp\/v2\/product_brand?post=266"},{"taxonomy":"product_cat","embeddable":true,"href":"https:\/\/decubal.com\/dk\/wp-json\/wp\/v2\/product_cat?post=266"},{"taxonomy":"product_tag","embeddable":true,"href":"https:\/\/decubal.com\/dk\/wp-json\/wp\/v2\/product_tag?post=266"}],"curies":[{"name":"wp","href":"https:\/\/api.w.org\/{rel}","templated":true}]}}