{"id":197,"date":"2022-05-06T08:53:22","date_gmt":"2022-05-06T08:53:22","guid":{"rendered":"https:\/\/decubal.com\/?post_type=product&#038;p=197"},"modified":"2026-02-04T09:09:31","modified_gmt":"2026-02-04T08:09:31","slug":"decubal-restoring-lips-dry-spots-balm","status":"publish","type":"product","link":"https:\/\/decubal.com\/dk\/produkt\/decubal-restoring-lips-dry-spots-balm\/","title":{"rendered":"Decubal Restoring lips &amp; dry spots balm"},"content":{"rendered":"\n<div class=\"wp-block-karopharma-free-text pt-large pb-large bg-center bg-cover bg-no-repeat  redblock\" style=\"background-image:url()\"><div class=\"free-text-wrapper container max-w-medium text-left\">\n<p>Decubal Restoring lips &amp; dry spots balm har en rig og n\u00e6rende konsistens, der hj\u00e6lper med at genoprette, bl\u00f8dg\u00f8re og n\u00e6re meget t\u00f8r og sprukken hud p\u00e5 l\u00e6berne og andre mindre hudomr\u00e5der i ansigtet og p\u00e5 kroppen. Denne formulering indeholder 99% lipider, vitamin E og bivoks som giver en \u00f8jeblikkelig og langvarig fugtgivende effekt. Vores ingredienser arbejder sammen om at skabe en beskyttende barriere p\u00e5 l\u00e6berne og huden, der indkapsler fugt og fremmer hudens naturlige evne til at holde p\u00e5 fugten. Denne salve til l\u00e6ber og t\u00f8rre pletter er velegnet til t\u00f8r og sensitiv hud, er formuleret uden parfume og er allergicertificeret.<\/p>\n<\/div><\/div>\n\n\n\n<div class=\"wp-block-karopharma-product-promotion text-align-right pt-large pb-large bg-center bg-cover bg-no-repeat\" style=\"background-image:url()\"><div class=\"container max-w-large\">\n<div class=\"wp-block-group is-layout-flow wp-block-group-is-layout-flow\">\n<div class=\"wp-block-group hexagon is-layout-constrained wp-block-group-is-layout-constrained\">\n<h3 class=\"wp-block-heading has-text-align-center has-primary-color has-text-color has-link-color wp-elements-e0e6677afb7c212e80deda4077ede924\">Anvendelse<\/h3>\n\n\n\n<p class=\"has-text-align-center\">P\u00e5f\u00f8r s\u00e5 ofte som n\u00f8dvendigt p\u00e5 t\u00f8rre sprukne l\u00e6ber og andre sm\u00e5 t\u00f8rre hudomr\u00e5der som negleb\u00e5nd, knoer, albuer og kn\u00e6.<\/p>\n<\/div>\n<\/div>\n\n\n\n<div class=\"wp-block-group is-layout-flow wp-block-group-is-layout-flow\">\n<div class=\"wp-block-group hexagon is-layout-constrained wp-block-group-is-layout-constrained\">\n<h3 class=\"wp-block-heading has-text-align-center has-primary-color has-text-color has-link-color wp-elements-4a0bf1a110c499428bc704dd2eb1cc5c\">Ingredienser<\/h3>\n\n\n\n<p class=\"has-text-align-center mindretext2\">Petrolatum, Lanolin, Paraffinum Liquidum, Cera Alba, Ricinus Communis Seed Oil, Tocopherol.<\/p>\n<\/div>\n<\/div>\n<\/div><\/div>\n","protected":false},"excerpt":{"rendered":"<p>N\u00e6rende og bl\u00f8dg\u00f8rende balm, der fugter og genopbygger t\u00f8rre og sprukne l\u00e6ber og  mindre t\u00f8rre omr\u00e5der som flossede negleb\u00e5nd, h\u00e6lrevner og albuer.<\/p>\n","protected":false},"featured_media":939,"comment_status":"closed","ping_status":"closed","template":"","meta":{"_acf_changed":false,"footnotes":""},"product_brand":[],"product_cat":[24],"product_tag":[],"class_list":{"0":"post-197","1":"product","2":"type-product","3":"status-publish","4":"has-post-thumbnail","6":"product_cat-restoring","8":"first","9":"instock","10":"shipping-taxable","11":"product-type-simple"},"acf":[],"yoast_head":"<!-- This site is optimized with the Yoast SEO plugin v26.6 - https:\/\/yoast.com\/wordpress\/plugins\/seo\/ -->\n<title>Decubal Restoring lips &amp; dry spots balm - Decubal<\/title>\n<meta name=\"description\" content=\"N\u00e6rende og bl\u00f8dg\u00f8rende balm, der fugter og genopbygger t\u00f8rre og sprukne l\u00e6ber og mindre t\u00f8rre omr\u00e5der som flossede negleb\u00e5nd, h\u00e6lrevner og albuer.\" \/>\n<meta name=\"robots\" content=\"index, follow, max-snippet:-1, max-image-preview:large, max-video-preview:-1\" \/>\n<link rel=\"canonical\" href=\"https:\/\/decubal.com\/dk\/produkt\/decubal-restoring-lips-dry-spots-balm\/\" \/>\n<meta property=\"og:locale\" content=\"da_DK\" \/>\n<meta property=\"og:type\" content=\"article\" \/>\n<meta property=\"og:title\" content=\"Decubal Restoring lips &amp; dry spots balm - Decubal\" \/>\n<meta property=\"og:description\" content=\"N\u00e6rende og bl\u00f8dg\u00f8rende balm, der fugter og genopbygger t\u00f8rre og sprukne l\u00e6ber og mindre t\u00f8rre omr\u00e5der som flossede negleb\u00e5nd, h\u00e6lrevner og albuer.\" \/>\n<meta property=\"og:url\" content=\"https:\/\/decubal.com\/dk\/produkt\/decubal-restoring-lips-dry-spots-balm\/\" \/>\n<meta property=\"og:site_name\" content=\"Decubal\" \/>\n<meta property=\"article:modified_time\" content=\"2026-02-04T08:09:31+00:00\" \/>\n<meta property=\"og:image\" content=\"https:\/\/decubal.com\/app\/uploads\/sites\/2\/2022\/05\/Decubal-lips-and-dry.png\" \/>\n\t<meta property=\"og:image:width\" content=\"600\" \/>\n\t<meta property=\"og:image:height\" content=\"600\" \/>\n\t<meta property=\"og:image:type\" content=\"image\/png\" \/>\n<meta name=\"twitter:card\" content=\"summary_large_image\" \/>\n<meta name=\"twitter:label1\" content=\"Estimeret l\u00e6setid\" \/>\n\t<meta name=\"twitter:data1\" content=\"1 minut\" \/>\n<script type=\"application\/ld+json\" class=\"yoast-schema-graph\">{\"@context\":\"https:\/\/schema.org\",\"@graph\":[{\"@type\":\"WebPage\",\"@id\":\"https:\/\/decubal.com\/dk\/produkt\/decubal-restoring-lips-dry-spots-balm\/\",\"url\":\"https:\/\/decubal.com\/dk\/produkt\/decubal-restoring-lips-dry-spots-balm\/\",\"name\":\"Decubal Restoring lips &amp; dry spots balm - Decubal\",\"isPartOf\":{\"@id\":\"https:\/\/multisite.decubal.com\/dk\/#website\"},\"primaryImageOfPage\":{\"@id\":\"https:\/\/decubal.com\/dk\/produkt\/decubal-restoring-lips-dry-spots-balm\/#primaryimage\"},\"image\":{\"@id\":\"https:\/\/decubal.com\/dk\/produkt\/decubal-restoring-lips-dry-spots-balm\/#primaryimage\"},\"thumbnailUrl\":\"https:\/\/decubal.com\/app\/uploads\/sites\/2\/2022\/05\/Decubal-lips-and-dry.png\",\"datePublished\":\"2022-05-06T08:53:22+00:00\",\"dateModified\":\"2026-02-04T08:09:31+00:00\",\"description\":\"N\u00e6rende og bl\u00f8dg\u00f8rende balm, der fugter og genopbygger t\u00f8rre og sprukne l\u00e6ber og mindre t\u00f8rre omr\u00e5der som flossede negleb\u00e5nd, h\u00e6lrevner og albuer.\",\"breadcrumb\":{\"@id\":\"https:\/\/decubal.com\/dk\/produkt\/decubal-restoring-lips-dry-spots-balm\/#breadcrumb\"},\"inLanguage\":\"da-DK\",\"potentialAction\":[{\"@type\":\"ReadAction\",\"target\":[\"https:\/\/decubal.com\/dk\/produkt\/decubal-restoring-lips-dry-spots-balm\/\"]}]},{\"@type\":\"ImageObject\",\"inLanguage\":\"da-DK\",\"@id\":\"https:\/\/decubal.com\/dk\/produkt\/decubal-restoring-lips-dry-spots-balm\/#primaryimage\",\"url\":\"https:\/\/decubal.com\/app\/uploads\/sites\/2\/2022\/05\/Decubal-lips-and-dry.png\",\"contentUrl\":\"https:\/\/decubal.com\/app\/uploads\/sites\/2\/2022\/05\/Decubal-lips-and-dry.png\",\"width\":600,\"height\":600,\"caption\":\"Decubal-lips-and-dry\"},{\"@type\":\"BreadcrumbList\",\"@id\":\"https:\/\/decubal.com\/dk\/produkt\/decubal-restoring-lips-dry-spots-balm\/#breadcrumb\",\"itemListElement\":[{\"@type\":\"ListItem\",\"position\":1,\"name\":\"Home\",\"item\":\"https:\/\/decubal.com\/dk\/\"},{\"@type\":\"ListItem\",\"position\":2,\"name\":\"Produkter\",\"item\":\"https:\/\/decubal.com\/dk\/produkter\/\"},{\"@type\":\"ListItem\",\"position\":3,\"name\":\"Decubal Restoring lips &amp; dry spots balm\"}]},{\"@type\":\"WebSite\",\"@id\":\"https:\/\/multisite.decubal.com\/dk\/#website\",\"url\":\"https:\/\/multisite.decubal.com\/dk\/\",\"name\":\"Decubal\",\"description\":\"\",\"publisher\":{\"@id\":\"https:\/\/multisite.decubal.com\/dk\/#organization\"},\"potentialAction\":[{\"@type\":\"SearchAction\",\"target\":{\"@type\":\"EntryPoint\",\"urlTemplate\":\"https:\/\/multisite.decubal.com\/dk\/?s={search_term_string}\"},\"query-input\":{\"@type\":\"PropertyValueSpecification\",\"valueRequired\":true,\"valueName\":\"search_term_string\"}}],\"inLanguage\":\"da-DK\"},{\"@type\":\"Organization\",\"@id\":\"https:\/\/multisite.decubal.com\/dk\/#organization\",\"name\":\"Decubal\",\"url\":\"https:\/\/multisite.decubal.com\/dk\/\",\"logo\":{\"@type\":\"ImageObject\",\"inLanguage\":\"da-DK\",\"@id\":\"https:\/\/multisite.decubal.com\/dk\/#\/schema\/logo\/image\/\",\"url\":\"https:\/\/decubal.com\/app\/uploads\/sites\/2\/2022\/05\/Decubal-logo.png\",\"contentUrl\":\"https:\/\/decubal.com\/app\/uploads\/sites\/2\/2022\/05\/Decubal-logo.png\",\"width\":138,\"height\":40,\"caption\":\"Decubal\"},\"image\":{\"@id\":\"https:\/\/multisite.decubal.com\/dk\/#\/schema\/logo\/image\/\"}}]}<\/script>\n<!-- \/ Yoast SEO plugin. -->","yoast_head_json":{"title":"Decubal Restoring lips &amp; dry spots balm - Decubal","description":"N\u00e6rende og bl\u00f8dg\u00f8rende balm, der fugter og genopbygger t\u00f8rre og sprukne l\u00e6ber og mindre t\u00f8rre omr\u00e5der som flossede negleb\u00e5nd, h\u00e6lrevner og albuer.","robots":{"index":"index","follow":"follow","max-snippet":"max-snippet:-1","max-image-preview":"max-image-preview:large","max-video-preview":"max-video-preview:-1"},"canonical":"https:\/\/decubal.com\/dk\/produkt\/decubal-restoring-lips-dry-spots-balm\/","og_locale":"da_DK","og_type":"article","og_title":"Decubal Restoring lips &amp; dry spots balm - Decubal","og_description":"N\u00e6rende og bl\u00f8dg\u00f8rende balm, der fugter og genopbygger t\u00f8rre og sprukne l\u00e6ber og mindre t\u00f8rre omr\u00e5der som flossede negleb\u00e5nd, h\u00e6lrevner og albuer.","og_url":"https:\/\/decubal.com\/dk\/produkt\/decubal-restoring-lips-dry-spots-balm\/","og_site_name":"Decubal","article_modified_time":"2026-02-04T08:09:31+00:00","og_image":[{"width":600,"height":600,"url":"https:\/\/decubal.com\/app\/uploads\/sites\/2\/2022\/05\/Decubal-lips-and-dry.png","type":"image\/png"}],"twitter_card":"summary_large_image","twitter_misc":{"Estimeret l\u00e6setid":"1 minut"},"schema":{"@context":"https:\/\/schema.org","@graph":[{"@type":"WebPage","@id":"https:\/\/decubal.com\/dk\/produkt\/decubal-restoring-lips-dry-spots-balm\/","url":"https:\/\/decubal.com\/dk\/produkt\/decubal-restoring-lips-dry-spots-balm\/","name":"Decubal Restoring lips &amp; dry spots balm - Decubal","isPartOf":{"@id":"https:\/\/multisite.decubal.com\/dk\/#website"},"primaryImageOfPage":{"@id":"https:\/\/decubal.com\/dk\/produkt\/decubal-restoring-lips-dry-spots-balm\/#primaryimage"},"image":{"@id":"https:\/\/decubal.com\/dk\/produkt\/decubal-restoring-lips-dry-spots-balm\/#primaryimage"},"thumbnailUrl":"https:\/\/decubal.com\/app\/uploads\/sites\/2\/2022\/05\/Decubal-lips-and-dry.png","datePublished":"2022-05-06T08:53:22+00:00","dateModified":"2026-02-04T08:09:31+00:00","description":"N\u00e6rende og bl\u00f8dg\u00f8rende balm, der fugter og genopbygger t\u00f8rre og sprukne l\u00e6ber og mindre t\u00f8rre omr\u00e5der som flossede negleb\u00e5nd, h\u00e6lrevner og albuer.","breadcrumb":{"@id":"https:\/\/decubal.com\/dk\/produkt\/decubal-restoring-lips-dry-spots-balm\/#breadcrumb"},"inLanguage":"da-DK","potentialAction":[{"@type":"ReadAction","target":["https:\/\/decubal.com\/dk\/produkt\/decubal-restoring-lips-dry-spots-balm\/"]}]},{"@type":"ImageObject","inLanguage":"da-DK","@id":"https:\/\/decubal.com\/dk\/produkt\/decubal-restoring-lips-dry-spots-balm\/#primaryimage","url":"https:\/\/decubal.com\/app\/uploads\/sites\/2\/2022\/05\/Decubal-lips-and-dry.png","contentUrl":"https:\/\/decubal.com\/app\/uploads\/sites\/2\/2022\/05\/Decubal-lips-and-dry.png","width":600,"height":600,"caption":"Decubal-lips-and-dry"},{"@type":"BreadcrumbList","@id":"https:\/\/decubal.com\/dk\/produkt\/decubal-restoring-lips-dry-spots-balm\/#breadcrumb","itemListElement":[{"@type":"ListItem","position":1,"name":"Home","item":"https:\/\/decubal.com\/dk\/"},{"@type":"ListItem","position":2,"name":"Produkter","item":"https:\/\/decubal.com\/dk\/produkter\/"},{"@type":"ListItem","position":3,"name":"Decubal Restoring lips &amp; dry spots balm"}]},{"@type":"WebSite","@id":"https:\/\/multisite.decubal.com\/dk\/#website","url":"https:\/\/multisite.decubal.com\/dk\/","name":"Decubal","description":"","publisher":{"@id":"https:\/\/multisite.decubal.com\/dk\/#organization"},"potentialAction":[{"@type":"SearchAction","target":{"@type":"EntryPoint","urlTemplate":"https:\/\/multisite.decubal.com\/dk\/?s={search_term_string}"},"query-input":{"@type":"PropertyValueSpecification","valueRequired":true,"valueName":"search_term_string"}}],"inLanguage":"da-DK"},{"@type":"Organization","@id":"https:\/\/multisite.decubal.com\/dk\/#organization","name":"Decubal","url":"https:\/\/multisite.decubal.com\/dk\/","logo":{"@type":"ImageObject","inLanguage":"da-DK","@id":"https:\/\/multisite.decubal.com\/dk\/#\/schema\/logo\/image\/","url":"https:\/\/decubal.com\/app\/uploads\/sites\/2\/2022\/05\/Decubal-logo.png","contentUrl":"https:\/\/decubal.com\/app\/uploads\/sites\/2\/2022\/05\/Decubal-logo.png","width":138,"height":40,"caption":"Decubal"},"image":{"@id":"https:\/\/multisite.decubal.com\/dk\/#\/schema\/logo\/image\/"}}]}},"_links":{"self":[{"href":"https:\/\/decubal.com\/dk\/wp-json\/wp\/v2\/product\/197","targetHints":{"allow":["GET"]}}],"collection":[{"href":"https:\/\/decubal.com\/dk\/wp-json\/wp\/v2\/product"}],"about":[{"href":"https:\/\/decubal.com\/dk\/wp-json\/wp\/v2\/types\/product"}],"replies":[{"embeddable":true,"href":"https:\/\/decubal.com\/dk\/wp-json\/wp\/v2\/comments?post=197"}],"version-history":[{"count":10,"href":"https:\/\/decubal.com\/dk\/wp-json\/wp\/v2\/product\/197\/revisions"}],"predecessor-version":[{"id":1180,"href":"https:\/\/decubal.com\/dk\/wp-json\/wp\/v2\/product\/197\/revisions\/1180"}],"wp:featuredmedia":[{"embeddable":true,"href":"https:\/\/decubal.com\/dk\/wp-json\/wp\/v2\/media\/939"}],"wp:attachment":[{"href":"https:\/\/decubal.com\/dk\/wp-json\/wp\/v2\/media?parent=197"}],"wp:term":[{"taxonomy":"product_brand","embeddable":true,"href":"https:\/\/decubal.com\/dk\/wp-json\/wp\/v2\/product_brand?post=197"},{"taxonomy":"product_cat","embeddable":true,"href":"https:\/\/decubal.com\/dk\/wp-json\/wp\/v2\/product_cat?post=197"},{"taxonomy":"product_tag","embeddable":true,"href":"https:\/\/decubal.com\/dk\/wp-json\/wp\/v2\/product_tag?post=197"}],"curies":[{"name":"wp","href":"https:\/\/api.w.org\/{rel}","templated":true}]}}