{"id":245,"date":"2022-05-03T08:30:36","date_gmt":"2022-05-03T08:30:36","guid":{"rendered":"https:\/\/decubal.com\/?page_id=28"},"modified":"2025-03-03T10:56:58","modified_gmt":"2025-03-03T09:56:58","slug":"faq","status":"publish","type":"page","link":"https:\/\/decubal.com\/dk\/faq\/","title":{"rendered":"FAQ"},"content":{"rendered":"\n\n\n\n\n<div class=\"wp-block-karopharma-free-text md:pt-20 lg:pt-32 pb-none bg-center bg-contain bg-no-repeat\" style=\"background-image:url()\"><div class=\"free-text-wrapper container max-w-medium text-center\">\n<h2 class=\"wp-block-heading is-style-heading-h2\">Nyttig information om hudsygdomme<\/h2>\n<\/div><\/div>\n\n\n\n<div class=\"wp-block-karopharma-accordions\"><div class=\"container\">\n<details class=\"wp-block-karopharma-accordion\"><summary><h2 class=\"accordion-title\">Eksem<\/h2><\/summary><div class=\"accordion-content\">\n<p>Eksem er en f\u00e6llesbetegnelse for flere hudlidelser. Det kan for eksempel v\u00e6re r\u00f8dmen, h\u00e6velse, t\u00f8rhed, kl\u00f8e, afskalning og bl\u00e6redannelse. Eksem betyder, at huden er inflammeret (bet\u00e6ndt). Den er ofte ogs\u00e5 t\u00f8r og skr\u00f8belig og har derfor nedsat evne til at beskytte sig mod ydre p\u00e5virkninger s\u00e5som infektioner. Eksem kl\u00f8r ofte, men hvis man kl\u00f8r, spredes inflammationen, og udsl\u00e6ttet kan forv\u00e6rres.<\/p>\n\n\n\n<p><strong>Daglig hudpleje lindrer.<\/strong><\/p>\n\n\n\n<p>Den daglige hudpleje er vigtig for at give huden beskyttelse mod ydre p\u00e5virkninger. Brug cremer med et h\u00f8jt fedtindhold og uden parfume. I perioder kan det v\u00e6re n\u00f8dvendigt at behandle med medicinske cremer, som du f\u00e5r efter aftale med din l\u00e6ge eller hudl\u00e6ge.<\/p>\n\n\n\n<p>T\u00e6nk ogs\u00e5 over, hvor ofte du vasker dig \u2013 ogs\u00e5 s\u00e6be og vand udt\u00f8rrer huden. Erstat eventuelt din s\u00e6be med en vaskeolie, som for eksempel Decubal Shower &amp; Bath Oil.<\/p>\n<\/div><\/details>\n\n\n\n<details class=\"wp-block-karopharma-accordion\"><summary><h2 class=\"accordion-title\">Irritationseksem<\/h2><\/summary><div class=\"accordion-content\">\n<p>Hvis huden ofte kommer i kontakt med irriterende stoffer, for eksempel kraftige reng\u00f8ringsmidler, eller hvis man vasker sig for ofte med s\u00e6be og vand, kan den reagere ved at blive t\u00f8r og sprukken. Hudens naturlige beskyttelse nedbrydes, og der kan opst\u00e5 ikke-allergisk kontakteksem \u2013 ogs\u00e5 kaldet for irritationseksem. Hos b\u00f8rn og unge, der dyrker sport, er kontakteksem normalt under beskyttelsesudstyret, for eksempel benbeskyttere i ishockey og fodbold.<\/p>\n<\/div><\/details>\n\n\n\n<details class=\"wp-block-karopharma-accordion\"><summary><h2 class=\"accordion-title\">Allergisk kontakteksem<\/h2><\/summary><div class=\"accordion-content\">\n<p>Hvis huden uds\u00e6ttes for et allergifremkaldende stof, for eksempel parfume eller nikkel, kan der opst\u00e5 en allergisk reaktion fra kroppens immunforsvar. Ofte rammes hele huden af allergien \u2013 ikke kun det omr\u00e5de, hvor udsl\u00e6ttet f\u00f8rst har vist sig. Hvis man \u00e9n gang har reageret p\u00e5 et specielt stof, bliver man ofte allergisk over for det p\u00e5g\u00e6ldende stof, ogs\u00e5 selvom man kun er i kontakt med det i et kort \u00f8jeblik.<\/p>\n\n\n\n<p>Kontakteksem viser sig som r\u00f8dmen, kl\u00f8e, knopper og sm\u00e5 bl\u00e6rer og kan udvikle sig til s\u00e5r.<\/p>\n<\/div><\/details>\n\n\n\n<details class=\"wp-block-karopharma-accordion\"><summary><h2 class=\"accordion-title\">Hudens opbygning og funktioner<\/h2><\/summary><div class=\"accordion-content\">\n<p>Det er ikke noget, vi t\u00e6nker over i det daglige. Men huden er et levende, aktivt organ. Faktisk er huden det st\u00f8rste organ, som hos en voksen vejer ca. 3 kg., og har en overflade p\u00e5 ca. 2 m2.<\/p>\n\n\n\n<p>Huden har mange vigtige funktioner. Som et betr\u00e6k, beskytter huden vores krop mod p\u00e5virkninger fra mikroorganismer, kemikalier, tryk og bare noget s\u00e5 enkelt som vand og s\u00e6be.<\/p>\n\n\n\n<p>Huden best\u00e5r af flere lag:<\/p>\n\n\n\n<p>1. Overhuden (epidermis)<br>2. L\u00e6derhuden (dermis)<br>3. Underhuden (subcutis)<\/p>\n<\/div><\/details>\n\n\n\n<details class=\"wp-block-karopharma-accordion\"><summary><h2 class=\"accordion-title\">Normal hud \/ T\u00f8r hud<\/h2><\/summary><div class=\"accordion-content\">\n<p><strong>Normal hud<\/strong><\/p>\n\n\n\n<p>Det \u00f8verste lag i huden (hornlaget) best\u00e5r af forhornede, d\u00f8de hudceller. Hudcellerne er bundet sammen af hudfedt. P\u00e5 den m\u00e5de holder hornlaget p\u00e5 fugten i huden, samt giver huden en barriere, der beskytter mod slid og udefrakommende p\u00e5virkninger, som f.eks. mikroorganismer, vand og s\u00e6be.<\/p>\n\n\n\n<p><strong>T\u00f8r hud<\/strong><\/p>\n\n\n\n<p>Hvis hudfedtet forsvinder, f.eks. ved slid eller ved uds\u00e6ttelse for s\u00e6be eller reng\u00f8ringsmidler, kan vandet fordampe frit fra huden, hudbarrieren er \u00f8delagt \u2013 med t\u00f8r hud til f\u00f8lge.<\/p>\n\n\n\n<p>Er hudbarrieren \u00f8delagt, kan udefrakommende stoffer lettere tr\u00e6nge direkte ind i huden, hvorved der kan opst\u00e5 bet\u00e6ndelse eller allergi.<\/p>\n\n\n\n<p><strong>Hvordan ser t\u00f8r hud ud?<\/strong><\/p>\n\n\n\n<p>T\u00f8r hud kan se gr\u00e5 og sk\u00e6llende ud, og der f\u00f8lger ofte andre gener med: <br>Kl\u00f8e, stramhedsfornemmelse og evt. revner og s\u00e5r kan v\u00e6re ubehagelige f\u00f8lger af t\u00f8r hud.<\/p>\n\n\n\n<p>De fleste oplever, at huden bliver mere t\u00f8r om vinteren, specielt i ansigtet og p\u00e5 h\u00e6nderne, hvor kulde og bl\u00e6st slider og udt\u00f8rrer huden.<\/p>\n<\/div><\/details>\n\n\n\n<details class=\"wp-block-karopharma-accordion\"><summary><h2 class=\"accordion-title\">Om t\u00f8r hud<\/h2><\/summary><div class=\"accordion-content\">\n<p>T\u00f8r hud er meget almindeligt i vores nordiske klima. T\u00f8r hud kan skyldes forskellige ting og kan opleves p\u00e5 forskellige m\u00e5der \u2013 nogle har blot en f\u00f8lelse af t\u00f8rhed og lidt stram hud, mens andre har s\u00e5 t\u00f8r hud, at den spr\u00e6kker.<\/p>\n\n\n\n<p><strong>T\u00f8r hud mangler vand<\/strong><\/p>\n\n\n\n<p>N\u00f8jagtig som et hus, der er opbygget af mursten med m\u00f8rtel imellem, er hudens overflade opbygget af hornceller. Mellem disse celler er der fedtstoffer, de s\u00e5kaldte lipider. I sund hud s\u00f8rger lipiderne for at binde fugten i huden og skabe en beskyttende barriere, der forhindrer, at vandet fordamper.<\/p>\n\n\n\n<p>I t\u00f8r hud er der for lidt af denne \u201dm\u00f8rtel\u201d, hvilket betyder, at den ikke kan binde fugt og vand. Vandet fordamper, og huden bliver t\u00f8r. Jo \u00e6ldre man bliver, desto mere almindeligt bliver problemet. Hudens evne til at binde fugt neds\u00e6ttes nemlig med alderen.<\/p>\n\n\n\n<figure class=\"wp-block-image size-full\"><img loading=\"lazy\" decoding=\"async\" width=\"300\" height=\"117\" src=\"https:\/\/decubal.com\/app\/uploads\/sites\/2\/2022\/05\/hud-dk-300x117-1.png\" alt=\"Om t\u00f8r hud\" class=\"wp-image-109\"\/><\/figure>\n\n\n\n<p><strong>P\u00e5virkning fra livsstil og klima<\/strong><\/p>\n\n\n\n<p>Dine gener og din livsstil er de mest afg\u00f8rende faktorer, n\u00e5r det g\u00e6lder din hud. Ydre faktorer s\u00e5som stress, forurening, st\u00e6rk sol, rygning og forkert kost spiller en rolle. Ogs\u00e5 \u00e5rstiden har en betydning. Om efter\u00e5ret og vinteren g\u00f8r kulden og den t\u00f8rre luft indend\u00f8rs, at huden bliver t\u00f8r.<\/p>\n\n\n\n<p><strong>Hudlidelser kan ogs\u00e5 have en betydning<\/strong><\/p>\n\n\n\n<p>T\u00f8r hud kan ogs\u00e5 skyldes en eller anden form for hudlidelse, for eksempel psoriasis eller eksem.<\/p>\n\n\n\n<p><strong>Sprukken hud kan give infektioner<\/strong><\/p>\n\n\n\n<p>T\u00f8r hud kan ikke bare f\u00f8les ubehageligt \u2013 det kan ogs\u00e5 f\u00f8re til en del problemer. Det giver en uj\u00e6vn hudoverflade, der indeb\u00e6rer, at huden er \u201d\u00e5ben\u201d og modtagelig over for bakterier. Spr\u00e6kker i huden er nemlig det ideelle milj\u00f8 for dannelsen af infektioner.<\/p>\n\n\n\n<figure class=\"wp-block-image size-full\"><img loading=\"lazy\" decoding=\"async\" width=\"300\" height=\"156\" src=\"https:\/\/decubal.com\/app\/uploads\/sites\/2\/2022\/05\/hud-dk-300x156-1.png\" alt=\"Om t\u00f8r hud\" class=\"wp-image-111\"\/><\/figure>\n<\/div><\/details>\n<\/div><\/div>\n","protected":false},"excerpt":{"rendered":"","protected":false},"author":2,"featured_media":0,"parent":0,"menu_order":0,"comment_status":"closed","ping_status":"closed","template":"","meta":{"_acf_changed":false,"footnotes":""},"from-article-database":[],"class_list":["post-245","page","type-page","status-publish","hentry"],"acf":[],"yoast_head":"<!-- This site is optimized with the Yoast SEO plugin v26.6 - https:\/\/yoast.com\/wordpress\/plugins\/seo\/ -->\n<title>FAQ - Decubal<\/title>\n<meta name=\"description\" content=\"Vores mest almindelige sp\u00f8rgsm\u00e5l og svar \/ Eksem, Irritationseksem, Allergisk kontakteksem, Hudens opbygning og funktioner\" \/>\n<meta name=\"robots\" content=\"index, follow, max-snippet:-1, max-image-preview:large, max-video-preview:-1\" \/>\n<link rel=\"canonical\" href=\"https:\/\/decubal.com\/dk\/faq\/\" \/>\n<meta property=\"og:locale\" content=\"da_DK\" \/>\n<meta property=\"og:type\" content=\"article\" \/>\n<meta property=\"og:title\" content=\"FAQ - Decubal\" \/>\n<meta property=\"og:description\" content=\"Vores mest almindelige sp\u00f8rgsm\u00e5l og svar \/ Eksem, Irritationseksem, Allergisk kontakteksem, Hudens opbygning og funktioner\" \/>\n<meta property=\"og:url\" content=\"https:\/\/decubal.com\/dk\/faq\/\" \/>\n<meta property=\"og:site_name\" content=\"Decubal\" \/>\n<meta property=\"article:modified_time\" content=\"2025-03-03T09:56:58+00:00\" \/>\n<meta property=\"og:image\" content=\"https:\/\/decubal.com\/app\/uploads\/sites\/2\/2022\/05\/hud-dk-300x117-1.png\" \/>\n<meta name=\"twitter:card\" content=\"summary_large_image\" \/>\n<meta name=\"twitter:label1\" content=\"Estimeret l\u00e6setid\" \/>\n\t<meta name=\"twitter:data1\" content=\"5 minutter\" \/>\n<script type=\"application\/ld+json\" class=\"yoast-schema-graph\">{\"@context\":\"https:\/\/schema.org\",\"@graph\":[{\"@type\":\"WebPage\",\"@id\":\"https:\/\/decubal.com\/dk\/faq\/\",\"url\":\"https:\/\/decubal.com\/dk\/faq\/\",\"name\":\"FAQ - Decubal\",\"isPartOf\":{\"@id\":\"https:\/\/multisite.decubal.com\/dk\/#website\"},\"primaryImageOfPage\":{\"@id\":\"https:\/\/decubal.com\/dk\/faq\/#primaryimage\"},\"image\":{\"@id\":\"https:\/\/decubal.com\/dk\/faq\/#primaryimage\"},\"thumbnailUrl\":\"https:\/\/decubal.com\/app\/uploads\/sites\/2\/2022\/05\/hud-dk-300x117-1.png\",\"datePublished\":\"2022-05-03T08:30:36+00:00\",\"dateModified\":\"2025-03-03T09:56:58+00:00\",\"description\":\"Vores mest almindelige sp\u00f8rgsm\u00e5l og svar \/ Eksem, Irritationseksem, Allergisk kontakteksem, Hudens opbygning og funktioner\",\"breadcrumb\":{\"@id\":\"https:\/\/decubal.com\/dk\/faq\/#breadcrumb\"},\"inLanguage\":\"da-DK\",\"potentialAction\":[{\"@type\":\"ReadAction\",\"target\":[\"https:\/\/decubal.com\/dk\/faq\/\"]}]},{\"@type\":\"ImageObject\",\"inLanguage\":\"da-DK\",\"@id\":\"https:\/\/decubal.com\/dk\/faq\/#primaryimage\",\"url\":\"https:\/\/decubal.com\/app\/uploads\/sites\/2\/2022\/05\/hud-dk-300x117-1.png\",\"contentUrl\":\"https:\/\/decubal.com\/app\/uploads\/sites\/2\/2022\/05\/hud-dk-300x117-1.png\"},{\"@type\":\"BreadcrumbList\",\"@id\":\"https:\/\/decubal.com\/dk\/faq\/#breadcrumb\",\"itemListElement\":[{\"@type\":\"ListItem\",\"position\":1,\"name\":\"Home\",\"item\":\"https:\/\/decubal.com\/dk\/\"},{\"@type\":\"ListItem\",\"position\":2,\"name\":\"FAQ\"}]},{\"@type\":\"WebSite\",\"@id\":\"https:\/\/multisite.decubal.com\/dk\/#website\",\"url\":\"https:\/\/multisite.decubal.com\/dk\/\",\"name\":\"Decubal\",\"description\":\"\",\"publisher\":{\"@id\":\"https:\/\/multisite.decubal.com\/dk\/#organization\"},\"potentialAction\":[{\"@type\":\"SearchAction\",\"target\":{\"@type\":\"EntryPoint\",\"urlTemplate\":\"https:\/\/multisite.decubal.com\/dk\/?s={search_term_string}\"},\"query-input\":{\"@type\":\"PropertyValueSpecification\",\"valueRequired\":true,\"valueName\":\"search_term_string\"}}],\"inLanguage\":\"da-DK\"},{\"@type\":\"Organization\",\"@id\":\"https:\/\/multisite.decubal.com\/dk\/#organization\",\"name\":\"Decubal\",\"url\":\"https:\/\/multisite.decubal.com\/dk\/\",\"logo\":{\"@type\":\"ImageObject\",\"inLanguage\":\"da-DK\",\"@id\":\"https:\/\/multisite.decubal.com\/dk\/#\/schema\/logo\/image\/\",\"url\":\"https:\/\/decubal.com\/app\/uploads\/sites\/2\/2022\/05\/Decubal-logo.png\",\"contentUrl\":\"https:\/\/decubal.com\/app\/uploads\/sites\/2\/2022\/05\/Decubal-logo.png\",\"width\":138,\"height\":40,\"caption\":\"Decubal\"},\"image\":{\"@id\":\"https:\/\/multisite.decubal.com\/dk\/#\/schema\/logo\/image\/\"}}]}<\/script>\n<!-- \/ Yoast SEO plugin. -->","yoast_head_json":{"title":"FAQ - Decubal","description":"Vores mest almindelige sp\u00f8rgsm\u00e5l og svar \/ Eksem, Irritationseksem, Allergisk kontakteksem, Hudens opbygning og funktioner","robots":{"index":"index","follow":"follow","max-snippet":"max-snippet:-1","max-image-preview":"max-image-preview:large","max-video-preview":"max-video-preview:-1"},"canonical":"https:\/\/decubal.com\/dk\/faq\/","og_locale":"da_DK","og_type":"article","og_title":"FAQ - Decubal","og_description":"Vores mest almindelige sp\u00f8rgsm\u00e5l og svar \/ Eksem, Irritationseksem, Allergisk kontakteksem, Hudens opbygning og funktioner","og_url":"https:\/\/decubal.com\/dk\/faq\/","og_site_name":"Decubal","article_modified_time":"2025-03-03T09:56:58+00:00","og_image":[{"url":"https:\/\/decubal.com\/app\/uploads\/sites\/2\/2022\/05\/hud-dk-300x117-1.png","type":"","width":"","height":""}],"twitter_card":"summary_large_image","twitter_misc":{"Estimeret l\u00e6setid":"5 minutter"},"schema":{"@context":"https:\/\/schema.org","@graph":[{"@type":"WebPage","@id":"https:\/\/decubal.com\/dk\/faq\/","url":"https:\/\/decubal.com\/dk\/faq\/","name":"FAQ - Decubal","isPartOf":{"@id":"https:\/\/multisite.decubal.com\/dk\/#website"},"primaryImageOfPage":{"@id":"https:\/\/decubal.com\/dk\/faq\/#primaryimage"},"image":{"@id":"https:\/\/decubal.com\/dk\/faq\/#primaryimage"},"thumbnailUrl":"https:\/\/decubal.com\/app\/uploads\/sites\/2\/2022\/05\/hud-dk-300x117-1.png","datePublished":"2022-05-03T08:30:36+00:00","dateModified":"2025-03-03T09:56:58+00:00","description":"Vores mest almindelige sp\u00f8rgsm\u00e5l og svar \/ Eksem, Irritationseksem, Allergisk kontakteksem, Hudens opbygning og funktioner","breadcrumb":{"@id":"https:\/\/decubal.com\/dk\/faq\/#breadcrumb"},"inLanguage":"da-DK","potentialAction":[{"@type":"ReadAction","target":["https:\/\/decubal.com\/dk\/faq\/"]}]},{"@type":"ImageObject","inLanguage":"da-DK","@id":"https:\/\/decubal.com\/dk\/faq\/#primaryimage","url":"https:\/\/decubal.com\/app\/uploads\/sites\/2\/2022\/05\/hud-dk-300x117-1.png","contentUrl":"https:\/\/decubal.com\/app\/uploads\/sites\/2\/2022\/05\/hud-dk-300x117-1.png"},{"@type":"BreadcrumbList","@id":"https:\/\/decubal.com\/dk\/faq\/#breadcrumb","itemListElement":[{"@type":"ListItem","position":1,"name":"Home","item":"https:\/\/decubal.com\/dk\/"},{"@type":"ListItem","position":2,"name":"FAQ"}]},{"@type":"WebSite","@id":"https:\/\/multisite.decubal.com\/dk\/#website","url":"https:\/\/multisite.decubal.com\/dk\/","name":"Decubal","description":"","publisher":{"@id":"https:\/\/multisite.decubal.com\/dk\/#organization"},"potentialAction":[{"@type":"SearchAction","target":{"@type":"EntryPoint","urlTemplate":"https:\/\/multisite.decubal.com\/dk\/?s={search_term_string}"},"query-input":{"@type":"PropertyValueSpecification","valueRequired":true,"valueName":"search_term_string"}}],"inLanguage":"da-DK"},{"@type":"Organization","@id":"https:\/\/multisite.decubal.com\/dk\/#organization","name":"Decubal","url":"https:\/\/multisite.decubal.com\/dk\/","logo":{"@type":"ImageObject","inLanguage":"da-DK","@id":"https:\/\/multisite.decubal.com\/dk\/#\/schema\/logo\/image\/","url":"https:\/\/decubal.com\/app\/uploads\/sites\/2\/2022\/05\/Decubal-logo.png","contentUrl":"https:\/\/decubal.com\/app\/uploads\/sites\/2\/2022\/05\/Decubal-logo.png","width":138,"height":40,"caption":"Decubal"},"image":{"@id":"https:\/\/multisite.decubal.com\/dk\/#\/schema\/logo\/image\/"}}]}},"_links":{"self":[{"href":"https:\/\/decubal.com\/dk\/wp-json\/wp\/v2\/pages\/245","targetHints":{"allow":["GET"]}}],"collection":[{"href":"https:\/\/decubal.com\/dk\/wp-json\/wp\/v2\/pages"}],"about":[{"href":"https:\/\/decubal.com\/dk\/wp-json\/wp\/v2\/types\/page"}],"author":[{"embeddable":true,"href":"https:\/\/decubal.com\/dk\/wp-json\/wp\/v2\/users\/2"}],"replies":[{"embeddable":true,"href":"https:\/\/decubal.com\/dk\/wp-json\/wp\/v2\/comments?post=245"}],"version-history":[{"count":7,"href":"https:\/\/decubal.com\/dk\/wp-json\/wp\/v2\/pages\/245\/revisions"}],"predecessor-version":[{"id":1000,"href":"https:\/\/decubal.com\/dk\/wp-json\/wp\/v2\/pages\/245\/revisions\/1000"}],"wp:attachment":[{"href":"https:\/\/decubal.com\/dk\/wp-json\/wp\/v2\/media?parent=245"}],"wp:term":[{"taxonomy":"from-article-database","embeddable":true,"href":"https:\/\/decubal.com\/dk\/wp-json\/wp\/v2\/from-article-database?post=245"}],"curies":[{"name":"wp","href":"https:\/\/api.w.org\/{rel}","templated":true}]}}